{"id":993,"date":"2019-09-18T11:26:22","date_gmt":"2019-09-18T09:26:22","guid":{"rendered":"https:\/\/preventionsida.org\/?page_id=993"},"modified":"2021-09-22T14:07:55","modified_gmt":"2021-09-22T12:07:55","slug":"vivre-avec-le-vih","status":"publish","type":"page","link":"https:\/\/preventionsida.org\/fr\/traitement\/vih\/vivre-avec-le-vih\/","title":{"rendered":"Vivre avec le VIH"},"content":{"rendered":"","protected":false},"excerpt":{"rendered":"","protected":false},"author":1,"featured_media":0,"parent":3598,"menu_order":0,"comment_status":"closed","ping_status":"closed","template":"","meta":{"_acf_changed":false,"footnotes":""},"class_list":["post-993","page","type-page","status-publish","hentry"],"acf":{"sidebar":211,"contenu_flexible":[{"acf_fc_layout":"textfull","text":"<p>Vous avez appris, il y a peu de temps ou peut-\u00eatre plus, que vous \u00e9tiez s\u00e9ropositif\u00b7ve.<\/p>\n<p>Peut-\u00eatre vous attendiez-vous un peu \u00e0 ce r\u00e9sultat, peut-\u00eatre pas du tout. Vous avez peut-\u00eatre ressenti un choc \u00e0 cette annonce, et une foule de questions vous sont venues.<\/p>\n<p><strong>Les avanc\u00e9es m\u00e9dicales ont \u00e9t\u00e9 extr\u00eamement importantes ces derni\u00e8res ann\u00e9es<\/strong>, tant au niveau des <a href=\"\/fr\/traitement\/vih\/les-traitements-contre-le-vih\/\"><strong>traitements<\/strong><\/a> qu\u2019au niveau des <strong>strat\u00e9gies de pr\u00e9vention<\/strong>. Avec des r\u00e9sultats concrets. En Belgique , les personnes vivant avec le VIH sont consid\u00e9r\u00e9es comme des patient\u00b7es atteint\u00b7es d\u2019une maladie chronique, avec laquelle on peut vivre de tr\u00e8s nombreuses ann\u00e9es, pour autant que l\u2019on prenne correctement son traitement. Ensuite, m\u00eame si le <a href=\"https:\/\/preventionsida.org\/fr\/protection\/le-preservatif\/\"><strong>pr\u00e9servatif<\/strong><\/a> reste essentiel, il existe aujourd\u2019hui un consensus scientifique mondial affirmant qu\u2019<strong>une personne vivant avec le VIH dont la <a href=\"https:\/\/preventionsida.org\/fr\/vih\/la-charge-virale-cest-quoi\/\">charge virale<\/a> est ind\u00e9tectable gr\u00e2ce \u00e0 son traitement ne transmet plus le VIH<\/strong>.<\/p>\n<p>Il est donc essentiel d\u2019actualiser ses connaissances et de se tenir inform\u00e9\u00b7e r\u00e9guli\u00e8rement afin de b\u00e9n\u00e9ficier des progr\u00e8s de la science et de la m\u00e9decine.<\/p>\n<p>Via les liens ci-dessous, vous trouverez des informations sur de nombreux sujets :<\/p>\n","background_color":false},{"acf_fc_layout":"doubleblock","content_block_left":"<p><a href=\"https:\/\/preventionsida.org\/fr\/vivre-avec-le-vih\/les-droits-des-personnes-vivant-avec-le-vih\/\"><img loading=\"lazy\" decoding=\"async\" class=\"size-medium wp-image-3845 aligncenter\" src=\"https:\/\/preventionsida.org\/wp-content\/uploads\/2019\/10\/Faire-valoir-ses-droits_v6_RTP-1-small-287x300.jpg\" alt=\"\" width=\"287\" height=\"300\" srcset=\"https:\/\/preventionsida.org\/wp-content\/uploads\/2019\/10\/Faire-valoir-ses-droits_v6_RTP-1-small-287x300.jpg 287w, https:\/\/preventionsida.org\/wp-content\/uploads\/2019\/10\/Faire-valoir-ses-droits_v6_RTP-1-small-768x802.jpg 768w, https:\/\/preventionsida.org\/wp-content\/uploads\/2019\/10\/Faire-valoir-ses-droits_v6_RTP-1-small-981x1024.jpg 981w, https:\/\/preventionsida.org\/wp-content\/uploads\/2019\/10\/Faire-valoir-ses-droits_v6_RTP-1-small.jpg 992w\" sizes=\"auto, (max-width: 287px) 100vw, 287px\" \/><\/a><\/p>\n<p><a class=\"btn-center\" href=\"https:\/\/preventionsida.org\/fr\/vivre-avec-le-vih\/les-droits-des-personnes-vivant-avec-le-vih\/\">Les droits des personnes vivant avec le VIH<\/a><\/p>\n","background_color_left":false,"content_block_right":"<p><a href=\"https:\/\/preventionsida.org\/fr\/vivre-avec-le-vih\/activites-pour-les-personnes-vivant-avec-le-vih\/\"><img loading=\"lazy\" decoding=\"async\" class=\"size-medium wp-image-3848 aligncenter\" src=\"https:\/\/preventionsida.org\/wp-content\/uploads\/2019\/10\/group-287x300.jpg\" alt=\"\" width=\"287\" height=\"300\" srcset=\"https:\/\/preventionsida.org\/wp-content\/uploads\/2019\/10\/group-287x300.jpg 287w, https:\/\/preventionsida.org\/wp-content\/uploads\/2019\/10\/group-768x802.jpg 768w, https:\/\/preventionsida.org\/wp-content\/uploads\/2019\/10\/group-981x1024.jpg 981w, https:\/\/preventionsida.org\/wp-content\/uploads\/2019\/10\/group.jpg 992w\" sizes=\"auto, (max-width: 287px) 100vw, 287px\" \/><\/a><\/p>\n<p><a class=\"btn-center\" href=\"https:\/\/preventionsida.org\/fr\/ressources\/activites-pour-les-personnes-vivant-avec-le-vih\/\">Les activit\u00e9s \u00e0 destination des personnes vivant avec le VIH<\/a><\/p>\n","background_color_right":false},{"acf_fc_layout":"textfull","text":"<h2>Liens utiles<\/h2>\n<p>Vous n\u2019avez pas trouv\u00e9 ce que vous cherchiez\u00a0? Il existe d\u2019autres\u00a0<strong>ressources<\/strong>\u00a0sur internet qui peuvent r\u00e9pondre \u00e0 vos\u00a0<strong>besoins<\/strong>.<br \/>\nEn voici une liste :<\/p>\n<ul>\n<li><a href=\"http:\/\/www.catie.ca\/fr\/accueil\" target=\"_blank\" rel=\"noopener\"><strong>CATIE<\/strong> <\/a>: La source canadienne d\u2019informations sur le VIH<\/li>\n<li><a href=\"https:\/\/www.aides.org\/lesremaides\" target=\"_blank\" rel=\"noopener\"><strong>AIDES<\/strong> <\/a>: Magazine Remaides<\/li>\n<li><a href=\"https:\/\/www.sensoa.be\/\" target=\"_blank\" rel=\"noopener\"><strong>SENSOA<\/strong> <\/a>: Site internet<\/li>\n<li><a href=\"https:\/\/www.unia.be\/fr\" target=\"_blank\" rel=\"noopener\"><strong>UNIA<\/strong> <\/a><strong>:<\/strong> Pour l\u2019\u00e9galit\u00e9, contre la discrimination<\/li>\n<li><strong><a href=\"https:\/\/www.unaids.org\/fr\" target=\"_blank\" rel=\"noopener\">ONUSIDA<\/a> <\/strong>: Programme de lutte contre le VIH de l\u2019ONU<\/li>\n<li><strong><a href=\"https:\/\/seronet.info\/\" target=\"_blank\" rel=\"noopener\">SERONET<\/a> <\/strong>: Site communautaire de partage<\/li>\n<li><a href=\"https:\/\/www.actions-traitements.org\/\" target=\"_blank\" rel=\"noopener\"><strong>Action traitement<\/strong><\/a> : Association de patients VIH et co-infections<\/li>\n<li><strong><a href=\"https:\/\/www.aidsmap.com\/\" target=\"_blank\" rel=\"noopener\">AIDSMAP<\/a> <\/strong>: Actualit\u00e9 sur le VIH (site en anglais)<\/li>\n<li><strong>GILEAD<\/strong> :\n<ul>\n<li>Vid\u00e9o \u00ab Vieillir avec le VIH \u00bb : en <a href=\"https:\/\/youtu.be\/q4fKZ_aI1XA\" target=\"_blank\" rel=\"noopener\"><strong>fran\u00e7ais<\/strong><\/a>, en <a href=\"https:\/\/www.youtube.com\/watch?v=uz4kxeQN92E\" target=\"_blank\" rel=\"noopener\"><strong>anglais<\/strong><\/a>, en <a href=\"https:\/\/www.youtube.com\/watch?v=wl7zXQikx0o\" target=\"_blank\" rel=\"noopener\"><strong>n\u00e9erlandais<\/strong><\/a>.<\/li>\n<li><a href=\"http:\/\/www.hivisjustapartofme.eu\/\" target=\"_blank\" rel=\"noopener\"><strong>Going Beyond Undetectable<\/strong><\/a> (site en anglais)<\/li>\n<\/ul>\n<\/li>\n<li><strong>ViiV Healthcare<\/strong> <strong>:<\/strong> L\u2019outil \u00ab<strong><a href=\"https:\/\/www.unity-tool.com\/\" target=\"_blank\" rel=\"noopener\">Unity<\/a><\/strong>\u00bb, une aide lors des discussions dans la vie quotidienne des personnes vivant avec le VIH<\/li>\n<\/ul>\n","background_color":false}]},"_links":{"self":[{"href":"https:\/\/preventionsida.org\/fr\/wp-json\/wp\/v2\/pages\/993","targetHints":{"allow":["GET"]}}],"collection":[{"href":"https:\/\/preventionsida.org\/fr\/wp-json\/wp\/v2\/pages"}],"about":[{"href":"https:\/\/preventionsida.org\/fr\/wp-json\/wp\/v2\/types\/page"}],"author":[{"embeddable":true,"href":"https:\/\/preventionsida.org\/fr\/wp-json\/wp\/v2\/users\/1"}],"replies":[{"embeddable":true,"href":"https:\/\/preventionsida.org\/fr\/wp-json\/wp\/v2\/comments?post=993"}],"version-history":[{"count":24,"href":"https:\/\/preventionsida.org\/fr\/wp-json\/wp\/v2\/pages\/993\/revisions"}],"predecessor-version":[{"id":9425,"href":"https:\/\/preventionsida.org\/fr\/wp-json\/wp\/v2\/pages\/993\/revisions\/9425"}],"up":[{"embeddable":true,"href":"https:\/\/preventionsida.org\/fr\/wp-json\/wp\/v2\/pages\/3598"}],"wp:attachment":[{"href":"https:\/\/preventionsida.org\/fr\/wp-json\/wp\/v2\/media?parent=993"}],"curies":[{"name":"wp","href":"https:\/\/api.w.org\/{rel}","templated":true}]}}