{"id":9862,"date":"2021-11-29T07:50:12","date_gmt":"2021-11-29T06:50:12","guid":{"rendered":"https:\/\/preventionsida.org\/?page_id=9862"},"modified":"2023-11-28T09:23:29","modified_gmt":"2023-11-28T08:23:29","slug":"les-chiffres-du-vih-sida-en-belgique-situation-au-31-12-2020-sciensano","status":"publish","type":"page","link":"https:\/\/preventionsida.org\/fr\/les-chiffres-du-vih-sida-en-belgique-situation-au-31-12-2020-sciensano\/","title":{"rendered":"Les chiffres du VIH\/sida en Belgique \u2013 situation au 31\/12\/2022 \u00a9 Sciensano"},"content":{"rendered":"","protected":false},"excerpt":{"rendered":"","protected":false},"author":2,"featured_media":0,"parent":0,"menu_order":0,"comment_status":"closed","ping_status":"closed","template":"","meta":{"_acf_changed":false,"footnotes":""},"class_list":["post-9862","page","type-page","status-publish","hentry"],"acf":{"sidebar":false,"contenu_flexible":[{"acf_fc_layout":"textfull","text":"<h1 style=\"text-align: center;\"><strong>LE VIH EST TOUJOURS PR\u00c9SENT EN BELGIQUE<\/strong><\/h1>\n<h2 style=\"text-align: center;\"><span style=\"color: #66c6b7;\">\u00a0 EN 2022, 11 personnes par semaine ont \u00e9t\u00e9 diagnostiqu\u00e9es avec le vih<span class=\"EOP SCXW223563788 BCX0\" data-ccp-props=\"{&quot;134233279&quot;:true,&quot;201341983&quot;:0,&quot;335551550&quot;:2,&quot;335551620&quot;:2,&quot;335559685&quot;:357,&quot;335559738&quot;:200,&quot;335559739&quot;:100,&quot;335559740&quot;:276,&quot;335559991&quot;:357}\">\u00a0<\/span> <\/span><\/h2>\n<p>En 2022, <span style=\"color: #006f90;\"><strong>597 personnes ont re\u00e7u un nouveau diagnostic de VIH en Belgique<\/strong><\/span>. Cela repr\u00e9sente une augmentation de 14% par rapport \u00e0 2021. Toutefois, cette augmentation doit \u00eatre interpr\u00e9t\u00e9e avec prudence, car les tendances annuelles ont fluctu\u00e9 davantage depuis la pand\u00e9mie de COVID-19. Globalement la tendance des nouveaux diagnostics de VIH en Belgique au cours de la derni\u00e8re d\u00e9cennie reste \u00e0 la baisse.<\/p>\n<p><strong>Parmi les<\/strong>\u00a0<strong>hommes ayant des rapports sexuels avec des hommes, le nombre de nouveaux diagnostics de VIH a diminu\u00e9\u00a0<\/strong>par rapport \u00e0 2021, except\u00e9<strong>\u00a0chez les 20-29 ans<\/strong>, chez lesquels une\u00a0<strong>augmentation est observ\u00e9e<\/strong>\u00a0pour la deuxi\u00e8me ann\u00e9e cons\u00e9cutive.<\/p>\n<p>Notre pays a atteint les\u00a0<u><strong>objectifs\u00a0<\/strong><\/u><u><a href=\"https:\/\/aidstargets2025.unaids.org\/\"><strong>\u201c95-95-95\u201d de l\u2019ONUSIDA<\/strong><\/a><\/u>\u00a0concernant le continuum de soins pour le VIH.<strong>\u00a0Afin de progresser dans le contr\u00f4le de l\u2019\u00e9pid\u00e9mie du VIH en Belgique, il est n\u00e9cessaire d\u2019am\u00e9liorer encore l\u2019utilisation de la pr\u00e9vention combin\u00e9e pour les personnes expos\u00e9es au risque d&rsquo;infection par le VIH.<\/strong><\/p>\n","background_color":true},{"acf_fc_layout":"textfull","text":"<h2>Chiffres et tendances en 2022<\/h2>\n<p>Parmi\u00a0<strong>les hommes ayant des rapports sexuels avec des hommes<\/strong>\u00a0(HSH), en particulier ceux de nationalit\u00e9 belge,\u00a0<strong>le nombre de nouveaux diagnostics de VIH a diminu\u00e9<\/strong>\u00a0par rapport \u00e0 2021, renouant avec la tendance \u00e0 la baisse des ann\u00e9es pr\u00e9c\u00e9dentes. Cela semble indiquer\u00a0<strong>l&rsquo;efficacit\u00e9 des strat\u00e9gies de pr\u00e9vention en place<\/strong>, en particulier le traitement pr\u00e9ventif contre le VIH (la PrEP).<\/p>\n<p>Mais chez les\u00a0<strong>HSH de 20 \u00e0 29 ans<\/strong>, principalement belges et latino-am\u00e9ricains, on observe une\u00a0<strong>augmentation importante des diagnostics<\/strong>\u00a0pour la deuxi\u00e8me ann\u00e9e cons\u00e9cutive. Cela souligne la n\u00e9cessit\u00e9 d&rsquo;optimiser l&rsquo;acc\u00e8s et l&rsquo;utilisation de toutes les strat\u00e9gies de pr\u00e9vention dans cette population jeune et diversifi\u00e9e, y compris l&rsquo;utilisation de la PrEP.<\/p>\n<p>On observe une\u00a0<strong>augmentation des diagnostics chez les femmes h\u00e9t\u00e9rosexuelles de nationalit\u00e9 africaine subsaharienne<\/strong>\u00a0en 2022. Cette augmentation suit une forte diminution en 2020 et 2021. Divers facteurs li\u00e9s \u00e0 la migration et \u00e0 l\u2019accessibilit\u00e9 aux soins de sant\u00e9 peuvent expliquer cette \u00e9volution fluctuante. Il est possible qu\u2019\u00e0 la suite de l&rsquo;\u00e9pid\u00e9mie de covid-19, la dynamique migratoire et l&rsquo;acc\u00e8s au d\u00e9pistage aient \u00e9t\u00e9 perturb\u00e9s et qu&rsquo;un certain rattrapage ait eu lieu en 2022. Il est donc n\u00e9cessaire d\u2019accorder \u00e0 cette population une attention particuli\u00e8re dans les strat\u00e9gies de pr\u00e9vention, de d\u00e9pistage pr\u00e9coce du VIH et d\u2019acc\u00e8s rapide aux soins et traitement.<\/p>\n<p><span style=\"color: #006f90;\"><strong>Pour la premi\u00e8re fois cette ann\u00e9e, la surveillance VIH distingue\u00a0:<\/strong><\/span><\/p>\n<ul>\n<li>les personnes nouvellement diagnostiqu\u00e9es<\/li>\n<\/ul>\n<p>et<\/p>\n<ul>\n<li>les personnes, principalement \u00e9trang\u00e8res, diagnostiqu\u00e9es ou en soins pour le VIH dans un autre pays avant la premi\u00e8re confirmation de leur diagnostic en Belgique.<\/li>\n<\/ul>\n<p>Cette distinction a \u00e9t\u00e9 appliqu\u00e9e r\u00e9troactivement \u00e0 tous les diagnostics depuis le d\u00e9but de l&rsquo;\u00e9pid\u00e9mie de VIH en Belgique.<\/p>\n<p>En 2022, outre les 597 personnes ayant re\u00e7u un nouveau diagnostic de VIH, <strong>455 personnes ont re\u00e7u la confirmation d&rsquo;un diagnostic de VIH pr\u00e9existant<\/strong>. Un quart d&rsquo;entre elles \u00e9taient des personnes de nationalit\u00e9 ukrainienne, principalement des femmes, qui ont fui la guerre dans leur pays. La priorit\u00e9 pour ces personnes est l\u2019acc\u00e8s rapide aux soins pour le VIH en Belgique.<\/p>\n<h2>Plus concr\u00e8tement<\/h2>\n","background_color":false},{"acf_fc_layout":"text2cols","background_color":false,"title":"","col_left":"<p><img loading=\"lazy\" decoding=\"async\" class=\"wp-image-8038 size-thumbnail aligncenter\" src=\"https:\/\/preventionsida.org\/wp-content\/uploads\/2020\/11\/gay-01-150x150.png\" alt=\"\" width=\"150\" height=\"150\" \/><\/p>\n<ul>\n<li><span style=\"color: #006f90;\"><strong>Les hommes ayant des relations sexuelles avec des hommes<\/strong><\/span><\/li>\n<\/ul>\n<p>En 2022, <span style=\"color: #006f90;\"><strong>248 nouveaux diagnostics de VIH ont \u00e9t\u00e9 pos\u00e9s chez des HSH<\/strong><\/span> ; cela repr\u00e9sente une diminution de 5% par rapport \u00e0 2021, la tendance \u00e0 la baisse des ann\u00e9es pr\u00e9c\u00e9dentes est ainsi poursuivie.<\/p>\n<p>Une <span style=\"color: #006f90;\"><strong>diminution de 17% est observ\u00e9e chez les HSH de nationalit\u00e9 belge par rapport \u00e0 2021<\/strong><\/span> ; ils repr\u00e9sentaient 49% des diagnostics de VIH chez les HSH en 2022 ; 19% avaient une nationalit\u00e9 latino-am\u00e9ricaine et 17% une autre nationalit\u00e9 europ\u00e9enne.<\/p>\n","col_right":"<p><img loading=\"lazy\" decoding=\"async\" class=\"aligncenter wp-image-8040 size-thumbnail\" src=\"https:\/\/preventionsida.org\/wp-content\/uploads\/2020\/11\/hetero-01-150x150.png\" alt=\"\" width=\"150\" height=\"150\" \/><\/p>\n<ul>\n<li><span style=\"color: #006f90;\"><strong>Les hommes et les femmes h\u00e9t\u00e9rosexuels<\/strong><\/span><\/li>\n<\/ul>\n<p>En 2022, <span style=\"color: #006f90;\"><strong>302 nouveaux diagnostics de VIH ont \u00e9t\u00e9 pos\u00e9s chez des personnes h\u00e9t\u00e9rosexuelles<\/strong><\/span> ; il s&rsquo;agit d&rsquo;une augmentation de 26% par rapport \u00e0 2021.<\/p>\n<p>Cette augmentation est due <strong><span style=\"color: #006f90;\">au nombre nettement plus \u00e9lev\u00e9 de diagnostics chez les femmes d&rsquo;Afrique<\/span> <span style=\"color: #006f90;\">subsaharienne en 2022 (+101% par rapport \u00e0 2021)<\/span><\/strong>. Chez les hommes, le nombre de diagnostics est rest\u00e9 stable dans tous les groupes de nationalit\u00e9.<\/p>\n<p>En 2022, les femmes repr\u00e9sentaient 77% des diagnostics de VIH chez les h\u00e9t\u00e9rosexuels d\u2019Afrique subsaharienne et 45% chez les h\u00e9t\u00e9rosexuels de nationalit\u00e9 belge.<\/p>\n"},{"acf_fc_layout":"textfull","text":"<h2>Continuum des soins pour le VIH<\/h2>\n<p>La prise en charge optimale des patients s\u00e9ropositifs n\u00e9cessite une\u00a0<strong>continuit\u00e9 des services tout au long des stades\u00a0<\/strong>suivants: d\u00e9pistage, diagnostic, admission et maintien en soins, initiation du traitement antir\u00e9troviral et obtention d&rsquo;une charge virale ind\u00e9tectable. Les patients dont la charge virale est ind\u00e9tectable ont un pronostic plus favorable et ne peuvent plus transmettre le virus lors de contacts sexuels, ce qui contribue \u00e0 la pr\u00e9vention de nouvelles infections par le VIH.<\/p>\n<p>En 2022, on estimait \u00e0\u00a0<strong>19 230 le nombre de personnes vivant avec le VIH<\/strong>\u00a0en Belgique. Parmi ces personnes vivant avec le VIH, 97 % \u00e9taient diagnostiqu\u00e9es, parmi-celles-ci, 94 % \u00e9taient sous traitement antir\u00e9troviral et parmi celles-ci, 98 % avaient une charge virale supprim\u00e9e, cela signifie que 89% de l\u2019ensemble des personnes vivant avec le VIH avaient une charge virale supprim\u00e9e. La Belgique a donc\u00a0<span style=\"color: #66c6b7;\"><u><strong>atteint les objectifs de l\u2019ONUSIDA \u00ab\u00a095-95-95\u00a0\u00bb pour 2025<\/strong><\/u><\/span>.<\/p>\n","background_color":false},{"acf_fc_layout":"textfull","text":"<h2>Recommandation<\/h2>\n<p>Pour progresser davantage dans la lutte contre le VIH dans notre pays, la\u00a0<strong>priorit\u00e9<\/strong>\u00a0est de<\/p>\n<ul>\n<li>r\u00e9duire encore le nombre de nouvelles infections par le VIH,<\/li>\n<li>diagnostiquer rapidement les personnes vivant avec le VIH<\/li>\n<li>commencer rapidement leur traitement.<\/li>\n<\/ul>\n<p>Dans cette optique, il est important que Sciensano surveille de mani\u00e8re continue la situation \u00e9pid\u00e9miologique du VIH afin d&rsquo;informer le public et les professionnels de la sant\u00e9 et de fournir le soutien n\u00e9cessaire \u00e0 la pr\u00e9paration des interventions et \u00e0 l\u2019\u00e9laboration des strat\u00e9gies en politique de sant\u00e9.<\/p>\n<p>&nbsp;<\/p>\n<blockquote><p><strong>La chercheuse de Sciensano, Dominique Van Beckhoven :\u00a0<\/strong> \u00ab <em>Malgr\u00e9 les progr\u00e8s r\u00e9alis\u00e9s ces derni\u00e8res ann\u00e9es,\u00a0<\/em><em><strong>l&rsquo;\u00e9pid\u00e9mie du VIH en Belgique n&rsquo;est pas encore sous contr\u00f4le<\/strong><\/em><em>. Par exemple, l&rsquo;augmentation du nombre de diagnostics chez les jeunes HSH m\u00e9rite notre attention. Il est essentiel de progresser encore en ce qui concerne le\u00a0<\/em><em><strong>diagnostic pr\u00e9coce<\/strong><\/em><em>\u00a0et l\u2019utilisation effective de l\u2019\u00e9ventail des\u00a0<\/em><em><strong>strat\u00e9gies de pr\u00e9vention<\/strong><\/em><em>, notamment l&rsquo;utilisation de la PrEP, par les personnes expos\u00e9es au risque d&rsquo;infection par le VIH. Pour cela, il est n\u00e9cessaire de proc\u00e9der \u00e0 certaines adaptations, par exemple en intensifiant les activit\u00e9s de d\u00e9pistage dans les villes et les milieux o\u00f9 le VIH est plus pr\u00e9sent mais aussi en approchant de mani\u00e8re proactive les populations-cl\u00e9s, afin d&rsquo;optimiser l&rsquo;utilisation de la pr\u00e9vention combin\u00e9e. <\/em>\u00bb<\/p><\/blockquote>\n","background_color":true},{"acf_fc_layout":"textfull","text":"<blockquote><p><strong>La Plateforme Pr\u00e9vention Sida souligne l\u2019importance de poursuivre et de renforcer les efforts puisque le nombre de nouvelles infections au VIH reste encore \u00e0 un niveau trop \u00e9lev\u00e9.<\/strong><br \/>\n\u00ab Aujourd\u2019hui encore, les diff\u00e9rents outils (<strong>Pr\u00e9servatifs<\/strong>&#8211; <strong>D\u00e9pistages<\/strong> &#8211;<strong>Traitements<\/strong>) de la pr\u00e9vention combin\u00e9e restent les plus efficaces pour r\u00e9duire au maximum les nouvelles infections au VIH.<\/p>\n<p>Mais malheureusement, ces outils restent encore trop peu connus ou peu utilis\u00e9s. <strong>En effet, nous constatons<\/strong>\u00a0:<\/p>\n<ul>\n<li><strong>un manque d\u2019informations et de connaissances sur le VIH<\/strong> : beaucoup de personnes ne sont pas suffisamment inform\u00e9es sur les modes de transmission et sur les diff\u00e9rentes options de pr\u00e9vention combin\u00e9e du VIH, ce qui peut entra\u00eener des comportements \u00e0 risques et limiter leurs capacit\u00e9s \u00e0 prendre des d\u00e9cisions \u00e9clair\u00e9es. Il est essentiel ici que les informations et les programmes de pr\u00e9vention soit adapt\u00e9s aux besoins des publics cibles (linguistiquement, culturellement,\u2026). Dans ce contexte, l\u2019\u00c9ducation \u00e0 la Vie Relationnelle, Affective et Sexuelle joue un r\u00f4le important pour sensibiliser les jeunes et les pr\u00e9parer \u00e0 leur vie sexuelle pr\u00e9sente et future ;<\/li>\n<li><strong>la stigmatisation et la discrimination li\u00e9es au VIH et \u00e0 la sexualit\u00e9 peuvent d\u00e9courager les individus \u00e0 rechercher des services de pr\u00e9vention et \u00e0 vouloir connaitre leur statut s\u00e9rologique<\/strong>. La peur d\u2019\u00eatre jug\u00e9.e ou rejet\u00e9.e par la soci\u00e9t\u00e9 peut \u00eatre une barri\u00e8re significative. Pourtant une personne vivant avec le VIH, qui est sous traitement et qui a une charge virale ind\u00e9tectable, ne transmet plus le VIH ;<\/li>\n<li><strong>des freins financiers \u00e0 l\u2019acc\u00e8s \u00e0 ces outils de pr\u00e9vention<\/strong> :\n<ul>\n<li>\n<p align=\"justify\"><span lang=\"fr-BE\">m\u00eame si quelques mutuelles permettent le remboursement de pr\u00e9servatifs sur une ann\u00e9e, ceci n\u2019est pas suffisant\u00a0;<\/span><\/p>\n<\/li>\n<li>\n<p align=\"justify\"><span lang=\"fr-BE\">les centres de d\u00e9pistages anonymes et gratuits sont peu nombreux\u00a0; <\/span><\/p>\n<\/li>\n<li>\n<p align=\"justify\"><span lang=\"fr-BE\">l<\/span><span lang=\"fr-BE\">es traitements PrEP et PEP sont rembours\u00e9s mais des barri\u00e8res financi\u00e8res sont pr\u00e9sentes, particuli\u00e8rement pour les personnes sans couverture m\u00e9dicale, rendant leur acc\u00e8s difficile.<\/span><\/p>\n<\/li>\n<\/ul>\n<\/li>\n<\/ul>\n<p><strong>La Plateforme Pr\u00e9vention Sida s\u2019engage donc dans un travail quotidien de pr\u00e9vention et d\u2019information, via des strat\u00e9gies de communication ou des approches communautaires de proximit\u00e9 dans les lieux de vie des publics cibles afin de distribuer pr\u00e8s de 1.000.000 de pr\u00e9servatifs par an, de faciliter l\u2019<a href=\"https:\/\/www.preventionsida.org\/fr\/depistage\/centres-de-depistage\/\">acc\u00e8s au d\u00e9pistage rapide et gratuit du VIH<\/a>. Mais aussi en faisant du plaidoyer pour une r\u00e9duction de ces barri\u00e8res afin de favoriser au maximum un acc\u00e8s universel aux informations et aux outils de pr\u00e9vention combin\u00e9e du VIH. <\/strong>\u00bb<\/p><\/blockquote>\n","background_color":true},{"acf_fc_layout":"imagefull","image":9126,"text":""},{"acf_fc_layout":"doubleblock","content_block_left":"<p><img loading=\"lazy\" decoding=\"async\" class=\"size-full wp-image-5136 aligncenter\" src=\"https:\/\/preventionsida.org\/wp-content\/uploads\/2019\/11\/sciensano_logo_225w_1.png\" alt=\"\" width=\"225\" height=\"52\" \/><\/p>\n","background_color_left":false,"content_block_right":"<p><img loading=\"lazy\" decoding=\"async\" class=\"size-medium wp-image-4974 aligncenter\" src=\"https:\/\/preventionsida.org\/wp-content\/uploads\/2019\/11\/PPS_SSP_logo-1-300x108.png\" alt=\"\" width=\"300\" height=\"108\" srcset=\"https:\/\/preventionsida.org\/wp-content\/uploads\/2019\/11\/PPS_SSP_logo-1-300x108.png 300w, https:\/\/preventionsida.org\/wp-content\/uploads\/2019\/11\/PPS_SSP_logo-1-500x179.png 500w, https:\/\/preventionsida.org\/wp-content\/uploads\/2019\/11\/PPS_SSP_logo-1.png 530w\" sizes=\"auto, (max-width: 300px) 100vw, 300px\" \/><\/p>\n","background_color_right":false},{"acf_fc_layout":"textfull","text":"<p><a class=\"btn-center\" href=\"https:\/\/doi.org\/10.25608\/eznc-r584\">voir le rapport complet<\/a><\/p>\n<h2>Contact<\/h2>\n<p>Thierry Martin &#8211; Directeur de la Plateforme Pr\u00e9vention Sida<br \/>\n0476\/630631 &#8211; 02\/7337299<\/p>\n","background_color":false}]},"_links":{"self":[{"href":"https:\/\/preventionsida.org\/fr\/wp-json\/wp\/v2\/pages\/9862","targetHints":{"allow":["GET"]}}],"collection":[{"href":"https:\/\/preventionsida.org\/fr\/wp-json\/wp\/v2\/pages"}],"about":[{"href":"https:\/\/preventionsida.org\/fr\/wp-json\/wp\/v2\/types\/page"}],"author":[{"embeddable":true,"href":"https:\/\/preventionsida.org\/fr\/wp-json\/wp\/v2\/users\/2"}],"replies":[{"embeddable":true,"href":"https:\/\/preventionsida.org\/fr\/wp-json\/wp\/v2\/comments?post=9862"}],"version-history":[{"count":34,"href":"https:\/\/preventionsida.org\/fr\/wp-json\/wp\/v2\/pages\/9862\/revisions"}],"predecessor-version":[{"id":13328,"href":"https:\/\/preventionsida.org\/fr\/wp-json\/wp\/v2\/pages\/9862\/revisions\/13328"}],"wp:attachment":[{"href":"https:\/\/preventionsida.org\/fr\/wp-json\/wp\/v2\/media?parent=9862"}],"curies":[{"name":"wp","href":"https:\/\/api.w.org\/{rel}","templated":true}]}}