{"id":967,"date":"2019-09-18T10:39:38","date_gmt":"2019-09-18T08:39:38","guid":{"rendered":"https:\/\/preventionsida.org\/?page_id=967"},"modified":"2024-04-24T13:08:49","modified_gmt":"2024-04-24T11:08:49","slug":"les-traitements-contre-le-vih","status":"publish","type":"page","link":"https:\/\/preventionsida.org\/fr\/traitement\/vih\/les-traitements-contre-le-vih\/","title":{"rendered":"Les traitements contre le VIH"},"content":{"rendered":"","protected":false},"excerpt":{"rendered":"","protected":false},"author":1,"featured_media":0,"parent":3598,"menu_order":0,"comment_status":"closed","ping_status":"closed","template":"","meta":{"_acf_changed":false,"footnotes":""},"class_list":["post-967","page","type-page","status-publish","hentry"],"acf":{"sidebar":211,"contenu_flexible":[{"acf_fc_layout":"doubleblock","content_block_left":"<p>Le <a href=\"#\"><strong>traitement<\/strong><\/a> de l&rsquo;infection par le <a href=\"https:\/\/preventionsida.org\/fr\/vih\/le-vih-cest-quoi\/\"><strong>VIH<\/strong><\/a> repose sur l&rsquo;utilisation de m\u00e9dicaments connus sous le nom de <strong>m\u00e9dicaments antir\u00e9troviraux<\/strong>.<\/p>\n<p>Les m\u00e9dicaments antir\u00e9troviraux agissent en <strong>bloquant la multiplication du VIH<\/strong>. Un\u00b7e patient\u00b7e s\u00e9ropositif\u00b7ve qui ne prends pas de m\u00e9dicaments antir\u00e9troviraux peut avoir une charge virale \u00e9lev\u00e9e, cela veut dire qu\u2019elle a beaucoup (plusieurs milliers, voire plusieurs millions) de copies de virus par millilitre de sang. <strong>L&rsquo;objectif du traitement antir\u00e9troviral est de rendre la charge virale la plus faible possible<\/strong> : c\u2019est ce qu&rsquo;on appelle la<a href=\"https:\/\/preventionsida.org\/fr\/vih\/la-charge-virale-cest-quoi\/\"><strong> charge virale ind\u00e9tectable<\/strong><\/a>. La charge virale est ind\u00e9tectable quand la quantit\u00e9 de virus dans le sang est tellement faible qu\u2019elle n\u2019est plus mesurable lors des tests sanguins (avec les techniques de laboratoire actuelles).<\/p>\n","background_color_left":false,"content_block_right":"<p>Gr\u00e2ce \u00e0 l&rsquo;efficacit\u00e9 des traitements et \u00e0 condition bien s\u00fbr qu\u2019il soit bien suivi, la grande majorit\u00e9 des patient\u00b7es trait\u00e9\u00b7es ont une charge virale ind\u00e9tectable. Les avantages de ces am\u00e9liorations sont bien s\u00fbr tr\u00e8s importants : <strong>d&rsquo;une part, l&rsquo;infection n&rsquo;\u00e9volue plus, la personne est en meilleure sant\u00e9, et d\u2019autre part, le virus ne peut plus \u00eatre transmis lors de relations sexuelles m\u00eame si elles ne sont pas prot\u00e9g\u00e9es<\/strong>. Bien entendu,<strong> il y a toujours un risque pour les autres<a href=\"https:\/\/preventionsida.org\/fr\/ist\/les-ist-cest-quoi\/\"> infections sexuellement transmissibles<\/a> si le <a href=\"https:\/\/preventionsida.org\/fr\/protection\/le-preservatif\/\">pr\u00e9servatif<\/a> n\u2019est pas utilis\u00e9.<\/strong> Enfin, les traitements permettent \u00e9galement de donner naissance \u00e0 des enfants s\u00e9ron\u00e9gatifs.<\/p>\n<p>Les traitements antir\u00e9troviraux se sont \u00e9galement consid\u00e9rablement simplifi\u00e9s puisque, aujourd&rsquo;hui, la majorit\u00e9 des patient\u00b7es peuvent \u00eatre trait\u00e9\u00b7es avec 1 \u00e0 3 pilule(s)\/jour en une seule prise. Il existe \u00e9galement un <a href=\"https:\/\/www.vivreaveclevih.org\/fr\/je-vis-avec-le-vih\/le-traitement-anti-vih-par-injection\/\"><strong>traitement par injection<\/strong><\/a> \u00e0 prendre une fois tous les 2 mois. Le chemin parcouru par rapport aux traitements tr\u00e8s compliqu\u00e9s du pass\u00e9 est donc consid\u00e9rable.<\/p>\n","background_color_right":false},{"acf_fc_layout":"imagefull","image":968,"text":""},{"acf_fc_layout":"textfull","text":"<p>Les traitements antir\u00e9troviraux se sont \u00e9galement consid\u00e9rablement simplifi\u00e9s puisque, aujourd&rsquo;hui, la majorit\u00e9 des patient\u00b7es peuvent \u00eatre trait\u00e9\u00b7es avec 1 \u00e0 3 pilules\/jour en une seule prise. Le chemin parcouru par rapport aux traitements tr\u00e8s compliqu\u00e9s du pass\u00e9 est donc consid\u00e9rable.<\/p>\n<h2>Comment fonctionnent les traitements\u00a0?<\/h2>\n<p><strong>Le VIH infecte principalement les cellules du syst\u00e8me immunitaire (notre syst\u00e8me de d\u00e9fense) appel\u00e9es lymphocytes CD4.<\/strong> Pendant les premi\u00e8res ann\u00e9es de l\u2019infection par le VIH et en l\u2019absence de traitement, le nombre de cellules CD4 chute progressivement et le syst\u00e8me immunitaire s\u2019affaiblit. Il devient alors incapable de lutter contre les infections et vous pourriez alors d\u00e9velopper des maladies\u00a0: c\u2019est le stade <a href=\"\/fr\/vih\/le-vih-cest-quoi\/\"><strong>sida<\/strong><\/a>.<\/p>\n<p>Les traitements agissent de diverses fa\u00e7ons en fonction des mol\u00e9cules qu\u2019ils contiennent.<\/p>\n","background_color":false},{"acf_fc_layout":"textfull","text":"<h2 style=\"text-align: left;\">Le traitement emp\u00eache le virus d\u2019entrer dans la cellule CD4<\/h2>\n","background_color":false},{"acf_fc_layout":"imagefull","image":976,"text":""},{"acf_fc_layout":"textfull","text":"<h2 style=\"text-align: left;\">Le traitement emp\u00eache le virus de se multiplier dans la cellule CD4<\/h2>\n","background_color":false},{"acf_fc_layout":"imagefull","image":978,"text":""},{"acf_fc_layout":"textfull","text":"<h2 style=\"text-align: left;\">Le traitement emp\u00eache le virus de sortir de la cellule et d\u2019infecter d\u2019autres cellules CD4<\/h2>\n","background_color":false},{"acf_fc_layout":"imagefull","image":972,"text":""},{"acf_fc_layout":"textfull","text":"<h2 style=\"text-align: left;\">Le traitement endort le virus. Une fois le virus endormi, vous ne pouvez plus transmettre le VIH lors de relations sexuelles<\/h2>\n","background_color":false},{"acf_fc_layout":"imagefull","image":974,"text":""},{"acf_fc_layout":"video","video_id":"zr4v6LBEDD8"}]},"_links":{"self":[{"href":"https:\/\/preventionsida.org\/fr\/wp-json\/wp\/v2\/pages\/967","targetHints":{"allow":["GET"]}}],"collection":[{"href":"https:\/\/preventionsida.org\/fr\/wp-json\/wp\/v2\/pages"}],"about":[{"href":"https:\/\/preventionsida.org\/fr\/wp-json\/wp\/v2\/types\/page"}],"author":[{"embeddable":true,"href":"https:\/\/preventionsida.org\/fr\/wp-json\/wp\/v2\/users\/1"}],"replies":[{"embeddable":true,"href":"https:\/\/preventionsida.org\/fr\/wp-json\/wp\/v2\/comments?post=967"}],"version-history":[{"count":18,"href":"https:\/\/preventionsida.org\/fr\/wp-json\/wp\/v2\/pages\/967\/revisions"}],"predecessor-version":[{"id":13709,"href":"https:\/\/preventionsida.org\/fr\/wp-json\/wp\/v2\/pages\/967\/revisions\/13709"}],"up":[{"embeddable":true,"href":"https:\/\/preventionsida.org\/fr\/wp-json\/wp\/v2\/pages\/3598"}],"wp:attachment":[{"href":"https:\/\/preventionsida.org\/fr\/wp-json\/wp\/v2\/media?parent=967"}],"curies":[{"name":"wp","href":"https:\/\/api.w.org\/{rel}","templated":true}]}}