{"id":949,"date":"2019-09-18T10:03:37","date_gmt":"2019-09-18T08:03:37","guid":{"rendered":"https:\/\/preventionsida.org\/?page_id=949"},"modified":"2023-02-15T12:47:06","modified_gmt":"2023-02-15T11:47:06","slug":"les-autotests-du-vih","status":"publish","type":"page","link":"https:\/\/preventionsida.org\/fr\/depistage\/les-autotests-du-vih\/","title":{"rendered":"Les autotests du VIH \/ Die HIV-selbsttests"},"content":{"rendered":"","protected":false},"excerpt":{"rendered":"","protected":false},"author":1,"featured_media":0,"parent":30,"menu_order":0,"comment_status":"closed","ping_status":"closed","template":"","meta":{"_acf_changed":false,"footnotes":""},"class_list":["post-949","page","type-page","status-publish","hentry"],"acf":{"sidebar":211,"contenu_flexible":[{"acf_fc_layout":"textfull","text":"<p><a class=\"btn\" href=\"#hiv-allemand\">Text in Deutsch<\/a><\/p>\n","background_color":false},{"acf_fc_layout":"doubleblock","content_block_left":"<h2>Les autotests , qu\u2019est-ce que c\u2019est ?<\/h2>\n<p>Les autotests sont disponibles depuis fin novembre 2016 dans les pharmacies en Belgique au prix de 30 euros environ. Un autotest permet d\u2019<strong>effectuer un d\u00e9pistage par soi-m\u00eame<\/strong>, \u00e0 la maison ou ailleurs, sans l\u2019aide d\u2019un professionnel de la sant\u00e9.<\/p>\n<p>A partir d\u2019un peu de sang (ou de salive) et avec quelques manipulations assez simples, l\u2019autotest r\u00e9v\u00e8le en quelques minutes la pr\u00e9sence ou non des anticorps sp\u00e9cifiques produits par le corps (= les d\u00e9fenses naturelles du corps) en cas d\u2019infection par le VIH. L\u2019autotest est \u00e0 usage unique et ses composants ne peuvent donc jamais resservir.<\/p>\n","background_color_left":false,"content_block_right":"<h3>Il existe 2 types d\u2019autotests :<\/h3>\n<ul>\n<li>Les\u00a0<strong>autotests \u00ab sanguins<\/strong>\u00bb qui n\u00e9cessitent le pr\u00e9l\u00e8vement d\u2019une goutte de sang (au bout du doigt). A l\u2019heure<br \/>\nactuelle, les seuls disponibles en Belgique sont ceux de la firme AAZ.<\/li>\n<li>Les\u00a0<strong>autotests \u00ab salivaires \u00bb <\/strong>qui n\u00e9cessitent le pr\u00e9l\u00e8vement d\u2019un \u00e9chantillon de salive pour fonctionner. A l\u2019heure actuelle, ceux-ci ne sont pas disponibles en Belgique.<\/li>\n<\/ul>\n<p>De mani\u00e8re g\u00e9n\u00e9rale, les autotests \u00ab sanguins \u00bb pr\u00e9sentent une performance plus \u00e9lev\u00e9e que les autotests \u00ab salivaires \u00bb, c\u2019est-\u00e0-dire que les autotests\u00a0sanguins sont plus fiables que ceux utilisant de la salive.<\/p>\n","background_color_right":true},{"acf_fc_layout":"video","video_id":"fth_2tphihA"},{"acf_fc_layout":"textfull","text":"<h2>Le mode d\u2019emploi de l\u2019autotest du VIH<\/h2>\n<h3>Avant l&rsquo;achat<\/h3>\n<p>V\u00e9rifiez que l\u2019autotest comporte bien le marquage CE. Ce marquage prouve qu\u2019il est agr\u00e9\u00e9 par un pays d\u2019Europe et r\u00e9pond donc aux standards\u00a0de qualit\u00e9 impos\u00e9s dans l\u2019espace europ\u00e9en pour ce produit.<\/p>\n<p>Assurez-vous qu\u2019un mode d\u2019emploi, clair et compr\u00e9hensible accompagne l\u2019autotest. Si vous avez des questions, vous pouvez <strong><a href=\"\/fr\/contacts-utiles\/associations-sida-ist-sante\/\">contacter une association de pr\u00e9vention du VIH\/sida<\/a><\/strong>.<\/p>\n","background_color":false},{"acf_fc_layout":"text2cols","background_color":false,"title":"","col_left":"<h3>Avant le test<\/h3>\n<p><strong>Il est essentiel de vous pr\u00e9parer au fait que dans quelques minutes vous aurez un r\u00e9sultat de d\u00e9pistage du VIH<\/strong>.<\/p>\n<p>Envisagez d\u2019abord vers quel centre m\u00e9dicalis\u00e9 vous pouvez aller si votre autotest est r\u00e9actif (<a href=\"\/fr\/contacts-utiles\/depistage\/\"><strong>Centre de d\u00e9pistage<\/strong><\/a>\u00a0,\u00a0<a href=\"\/fr\/contacts-utiles\/se-soigner\/\"><strong>Centre de r\u00e9f\u00e9rence VIH<\/strong><\/a>).<\/p>\n","col_right":"<p>V\u00e9rifiez que votre derni\u00e8re\u00a0<strong><a href=\"\/fr\/ai-je-pris-un-risque-detre-infecte-e-par-une-ist-le-vih\/\">prise de risque<\/a><\/strong>\u00a0remonte \u00e0 trois mois au minimum. Si la prise de risque date de moins de 3 mois, il est recommand\u00e9 de se rendre dans un centre de d\u00e9pistage et d\u2019y faire alors un test \u00ab classique \u00bb (test\u00a0Elisa 4<sup>\u00e8me<\/sup>\u00a0g\u00e9n\u00e9ration). D\u00e8s 6 semaines apr\u00e8s la prise de risque, les r\u00e9sultats d\u2019un test Elisa de 4<sup>\u00e8me<\/sup>\u00a0g\u00e9n\u00e9ration sont totalement\u00a0fiables.<\/p>\n"},{"acf_fc_layout":"doubleblock","content_block_left":"<p><strong>Pour une prise de risque qui date de moins de 72h, il est possible aujourd\u2019hui d\u2019avoir un traitement d\u2019urgence pr\u00e9ventif qui peut r\u00e9duire fortement les risques de contamination par le\u00a0VIH\/sida.<\/strong><\/p>\n<p>Ce traitement se nomme le <strong>Traitement Post-Exposition ou TPE<\/strong>.<\/p>\n","background_color_left":true,"content_block_right":"<p>Si vous \u00eates dans cette situation, il est urgent de vous rendre\u00a0dans un Centre de r\u00e9f\u00e9rence sida (ou aux urgences d\u2019un h\u00f4pital rattach\u00e9 \u00e0 un Centre de r\u00e9f\u00e9rence sida, durant le week-end et les soir\u00e9es) afin de pouvoir commencer \u00e0 prendre ce\u00a0traitement. Plus d\u2019infos sur le TPE <a href=\"https:\/\/preventionsida.org\/fr\/vih\/que-faire-si-vous-avez-pris-un-risque\/\"><strong>ici<\/strong><\/a>.<\/p>\n<p><strong>Un d\u00e9pistage ne peut vous \u00eatre impos\u00e9. L\u2019usage de l\u2019autotest doit \u00eatre libre et r\u00e9alis\u00e9 sans contrainte ni <\/strong><strong>obligation.<\/strong><\/p>\n","background_color_right":false},{"acf_fc_layout":"video","video_id":"zXq0qa4JeQ8"},{"acf_fc_layout":"imagefull","image":957,"text":""},{"acf_fc_layout":"textfull","text":"<h3>Apr\u00e8s le test<\/h3>\n<ul>\n<li>Si votre autotest est <strong>n\u00e9gatif<\/strong>, vous \u00eates s\u00e9ron\u00e9gatif\u00b7ve. Attention, ce r\u00e9sultat est fiable uniquement si vous avez bien attendu 3 mois apr\u00e8s votre derni\u00e8re prise de risque pour faire ce test de d\u00e9pistage. Si vous n\u2019avez pas attendu ces 3 mois, ce r\u00e9sultat n\u2019est pas fiable \u00e0 100 %.<\/li>\n<li>Si votre autotest est<strong> positif (r\u00e9actif)<\/strong>, vous \u00eates probablement s\u00e9ropositif\u00b7ve. Dans ce cas, il est l\u2019important de consulter un m\u00e9decin au plus vite et de lui expliquer que vous venez d\u2019obtenir un r\u00e9sultat d\u2019autotest VIH positif. Vous devrez alors faire un test de confirmation pour v\u00e9rifier le r\u00e9sultat de l\u2019autotest. En attendant, il est important que vous utilisiez des pr\u00e9servatifs lors de relations sexuelles pour vous prot\u00e9ger des autres <a href=\"https:\/\/preventionsida.org\/fr\/ist\/les-ist-cest-quoi\/\"><strong>IST<\/strong><\/a> et de prot\u00e9ger votre\u00b7vos partenaire\u00b7s.<\/li>\n<\/ul>\n","background_color":true},{"acf_fc_layout":"textfull","text":"<hr id=\"hiv-allemand\" \/>\n<p>&nbsp;<\/p>\n<h1>Die HIV-selbsttests<\/h1>\n<h2>Warum man einen HIV-test machen sollte ?<\/h2>\n<p>Das Bed\u00fcrfnis einen Test zu machen kann an verschiedenen Momenten Ihres Lebens auftreten:<\/p>\n<ul>\n<li>nach dem Eingehen eines Risikos (ungesch\u00fctzter Geschlechtsverkehr, Zerrei\u00dfen des Kondoms, Teilen einer Spritze oder infizierten Materials);<\/li>\n<li>wenn <strong>man erfahren m\u00f6chte<\/strong>, wo man in Bezug auf HIV steht, Bilanz ziehen m\u00f6chte: zum Beispiel, wenn man in einer festen Beziehung ist und keine Kondome<br \/>\nmehr benutzen m\u00f6chte;<\/li>\n<li>wenn man <strong>sich beruhigen m\u00f6chte<\/strong>;<\/li>\n<li>wenn <strong>eine Schwangerschaft in Betracht gezogen wird<\/strong>.<\/li>\n<\/ul>\n<p>Manchmal ist es der Arzt selbst, der Ihnen einen Test vorschl\u00e4gt. Dies ist oft der Fall bei schwangeren Frauen oder kurz vor einem chirurgischen Eingriff.<\/p>\n<p>&nbsp;<\/p>\n","background_color":false},{"acf_fc_layout":"doubleblock","content_block_left":"<h2>Wann man den Test machen sollte.<\/h2>\n<p>Die meisten der angebotenen Tests geh\u00f6ren der\u00a0<strong>4. Generation<\/strong>\u00a0an und erm\u00f6glichen die Erkennung des Virus mit Sicherheit\u00a06 Wochen nach dem Eingehen eines\u00a0Risikos. In manchen F\u00e4llen kann man den Test bereits 3 Wochen nach dem Eingehen eines Risikos machen, aber aufgrund des geringeren Sicherheitsgrades wird\u00a0ein weiterer Test <strong>6 Wochen nach dem Eingehen eines Risikos<\/strong> ben\u00f6tigt, um ein sicheres Ergebnis zu erhalten.<\/p>\n","background_color_left":false,"content_block_right":"<h2>Und der Schnelltest?<\/h2>\n<p>Gegenw\u00e4rtig existieren\u00a0<strong>HIV-Tests mit schnellen Ergebnissen<\/strong>, die HIV-Schnelltestgenannt werden. Ihr Vorteil ist, dass sie bereits nach ein paar<br \/>\nMinuten ein Ergebnis liefern. Bei diesen Tests wird ein wenig Blut von der Fingerspitze abgenommen.<\/p>\n<p>Damit ein Ergebnis zuverl\u00e4ssig sein kann,\u00a0<strong>m\u00fcssen 3 Monate nach dem letzten Eingehen eines Risikos vergangen sein<\/strong>.<\/p>\n<p>Wenn das\u00a0<strong>Ergebnis reaktiv ist<\/strong>, muss dieses von einem klassischen Bluttest zum Nachweis von HIV best\u00e4tigt werden (durch eine Blutabnahme).<\/p>\n<p>Wenn das\u00a0<strong>Ergebnis nicht reaktiv ist<\/strong>, ist dieses zuverl\u00e4ssig (solange die Durchf\u00fchrungsbedingungen des Tests eingehalten wurden).<\/p>\n","background_color_right":false},{"acf_fc_layout":"doubleblock","content_block_left":"<h2>Die HIV-selbsttests in Belgien<\/h2>\n<p>Die Selbsttests sind ab Ende November 2016 in den Apotheken in Belgien erh\u00e4ltlich. Sein Preis\u00a0: etwa 30\u20ac.<\/p>\n<p>Ein Selbsttest erm\u00f6glicht es<strong>, selbst einen Test durchzuf\u00fchren<\/strong>, zuhause oder anderswo, ohne die Hilfe von medizinischem Fachpersonal.<br \/>\nMithilfe von einem bisschen Blut (oder Speichel) und einigen ziemlich einfachen Handgriffen, weist der Selbsttest in ein paar Minuten nach, ob spezifische\u00a0Antik\u00f6rper, die im Falle einer Infektion mit dem AIDS-Virus HIV gebildet werden, vorhanden sind oder nicht. Der Selbsttest ist zum einmaligen Gebrauch\u00a0bestimmt und seine Bestandteile k\u00f6nnen demnach niemals wiederverwendet werden.<\/p>\n","background_color_left":false,"content_block_right":"<h3>Es gibt 2 Arten von Selbsttests :<\/h3>\n<ul>\n<li>Die \u00ab\u00a0<strong>Blut<\/strong>-\u00bb Selbsttests, bei denen die Abnahme eines Tropfen Bluts (an der Fingerspitze) ben\u00f6tigt wird. Zum gegebenen Zeitpunkt sind<br \/>\ndie einzigen in Belgien erh\u00e4ltlichen Blut-Selbsttests die der Firma AAZ.<\/li>\n<li>Die \u201e<strong>Speichel<\/strong>-\u201c Selbsttests, bei denen die Abnahme einer Speichelprobe ben\u00f6tigt wird. Zum gegebenen Zeitpunkt sind diese nicht in<br \/>\nBelgien erh\u00e4ltlich.<\/li>\n<\/ul>\n<p>Im Allgemeinen sind die \u201eBlut-\u201c Selbsttests leistungsf\u00e4higer als die \u201eSpeichel-\u201c Selbsttests, das hei\u00dft dass die Blut-Selbsttests verl\u00e4sslicher sind als jene, die Speichel ben\u00f6tigen.<\/p>\n","background_color_right":true},{"acf_fc_layout":"video","video_id":"fth_2tphihA"},{"acf_fc_layout":"textfull","text":"<h2>Gebrauchsanweisung des selbsttests<\/h2>\n<h3>Vor dem kauf<\/h3>\n<p>\u00dcberpr\u00fcfen Sie, ob der Selbsttest\u00a0<strong>die CE-Kennzeichnung<\/strong>\u00a0tr\u00e4gt. Diese Kennzeichnung beweist, dass er von einem europ\u00e4ischen Land zugelassen ist und damit dem im europ\u00e4ischen Raum vorgeschriebenen Qualit\u00e4tsstandard f\u00fcr dieses Produkt entspricht.<\/p>\n<p>Vergewissern Sie sich, dass eine\u00a0<strong>klare und verst\u00e4ndliche Gebrauchsanweisung dem\u00a0Selbsttest<\/strong>\u00a0<strong>beiliegt<\/strong>. Wenn Sie Fragen haben, begeben Sie sich bitte auf die Seite \u00ab <a href=\"\/fr\/contacts-utiles\/associations-sida-ist-sante\/\"><strong>Kontakt<\/strong><\/a> \u00bb der Rubrik Selbsttest um dort die gew\u00fcnschte telefonische Hilfeleistung zu bekommen.<\/p>\n","background_color":false},{"acf_fc_layout":"text2cols","background_color":false,"title":"","col_left":"<h3>Vor dem test<\/h3>\n<p><strong>Es ist wichtig, dass Sie sich auf die Tatsache vorbereiten, dass Ihnen in einigen Minuten das Ergebnis eines HIV-Tests vorliegen wird.<\/strong><\/p>\n<p>Erw\u00e4gen Sie zuerst, an welche medizinische Einrichtung Sie sich wenden k\u00f6nnen\u00a0<strong>falls Ihr\u00a0Selbsttest<\/strong>\u00a0<strong>reaktiv ist<\/strong> (<a href=\"\/fr\/contacts-utiles\/depistage\/\"><strong>Testzentrum<\/strong><\/a> , <a href=\"\/fr\/contacts-utiles\/se-soigner\/\"><strong>AIDS-Referenzzentrum<\/strong><\/a>).<\/p>\n","col_right":"<p>Vergewissern Sie sich, dass das\u00a0<strong>letzte Mal, dass Sie\u00a0<u>ein Risiko eingegangen sind<\/u>\u00a0mindestens drei Monate her ist<\/strong>. Wenn dieses Risiko weniger als 3 Monate her ist, wird dazu geraten, ein Testzentrum aufzusuchen und dort einen \u00ab\u00a0klassischen\u00a0\u00bb Test (Elisa Test Generation 4) durchzuf\u00fchren. Schon ab 6 Wochen nach dem Eingehen eines Risikos sind die Ergebnisse eines Elisa Tests Generation 4 vollkommen zuverl\u00e4ssig.<\/p>\n"},{"acf_fc_layout":"doubleblock","content_block_left":"<p><strong>Wenn das Eingehen eines Risikos weniger als 72 Stunden her ist<\/strong>, ist es heutzutage m\u00f6glich, eine\u00a0<strong>pr\u00e4ventive Notbehandlung<\/strong>\u00a0zu bekommen, die die Risiken einer Ansteckung mit HIV\/AIDS stark verringern kann.<\/p>\n<p>Diese Behandlung hei\u00dft\u00a0<strong>Postexpositionsprophylaxe\u00a0<\/strong>oder\u00a0<strong>PEP<\/strong><strong>.<\/strong><\/p>\n","background_color_left":true,"content_block_right":"<p><strong>Sollten Sie in dieser Situation sein, m\u00fcssen Sie sich dringend in ein AIDS-Referenzzentrum<\/strong>\u00a0(oder in die Notaufnahme eines Krankenhauses, das zu einem AIDS-Referenzzentrum geh\u00f6rt (am Wochenende und am Abend))\u00a0<strong>begeben<\/strong>, damit Sie die Behandlung beginnen k\u00f6nnen. F\u00fcr weitere Informationen zu diesem Thema, <a href=\"https:\/\/preventionsida.org\/fr\/vih\/que-faire-si-vous-avez-pris-un-risque\/\"><strong>begeben Sie sich bitte auf den folgenden Link unserer Website, der dieser Art des Schutzes gewidmet ist<\/strong><\/a>.<\/p>\n<p><strong>Sie k\u00f6nnen nicht zu einem Test gezwungen werden. Die Nutzung des\u00a0<\/strong><strong>Selbsttests muss aus freiem Willen erfolgen<\/strong><strong>\u00a0und ohne Zwang und ohne Verpflichtung durchgef\u00fchrt werden.<\/strong><\/p>\n","background_color_right":false},{"acf_fc_layout":"video","video_id":"zXq0qa4JeQ8"},{"acf_fc_layout":"imagefull","image":957,"text":""},{"acf_fc_layout":"text2cols","background_color":false,"title":"Nicht reaktives ergebnis des selbsttests?","col_left":"<p>Ein negatives Ergebnis bedeutet, dass Sie HIV-negativ sind,\u00a0<strong>aber nur wenn<\/strong>:<\/p>\n<ul>\n<li>das letzte Eingehen eines Risikos mehr als 3 Monate her ist<\/li>\n<li>der Kontrollstrich auf dem Ergebnisstreifen wirklich erschienen ist (und damit zeigt, dass Sie den Selbsttest richtig benutzt haben).<\/li>\n<\/ul>\n<p><strong>Ein nicht reaktives Ergebnis bedeutet, dass Sie nicht mit HIV infiziert worden sind, aber das bedeutet nicht, dass Sie \u201eimmunisiert\u201c sind; dasselbe Eingehen eines Risikos kann beim n\u00e4chsten Mal eine Ansteckung ausl\u00f6sen.\u00a0<\/strong>Es ist also wichtig eine Bilanz in Sachen \u00dcbertragungsweise zu ziehen und bei riskantem Geschlechtsverkehr weiterhin Kondome zu benutzen.<\/p>\n","col_right":"<p>Schlussendlich,\u00a0<strong>Sch\u00fctzen Sie sich beim Geschlechtsverkehr<\/strong>: der Selbsttest ist kein Schutz vor einer m\u00f6glichen Ansteckung in der Zukunft.<\/p>\n<p><strong>Sollte das Ergebnis nicht lesbar sein,\u00a0<\/strong>k\u00f6nnen Sie daraus keine Schlussfolgerungen \u00fcber Ihren Zustand ziehen: ein Manipulations-, Fabrikations- oder Konservierungsfehler kann, unter anderem, einen Test unlesbar machen\u2026<\/p>\n<p>Egal aus welchem Grund der Test unlesbar ist, m\u00fcssen Sie einen neuen Test machen um Informationen \u00fcber ihren Status zu bekommen.\u00a0<strong>Vorsicht<\/strong>, der Selbsttest ist f\u00fcr den<strong>\u00a0einmaligen Gebrauch<\/strong>\u00a0gedacht, Sie k\u00f6nnen dasselbe Set nicht zweimal verwenden.<\/p>\n"},{"acf_fc_layout":"textfull","text":"<h2>Reaktives ergebnis des selbsttests?<\/h2>\n<p><strong>Das Ergebnis des Tests ist nur 3 Monate nach dem Eingehen eines Risikos zuverl\u00e4ssig.<\/strong><\/p>\n<p><strong>Jegliches reaktives Ergebnis des Selbsttests muss daher von einem \u201eklassischen\u201c Bluttest (Elisa Test Generation 4) best\u00e4tigt werden.<\/strong>\u00a0Um einen Best\u00e4tigungstest zu machen, muss man sich mit einem AIDS-Referenzzentrum\u00a0in Verbindung setzen. In der Zwischenzeit, achten Sie darauf sich und Ihren\/Ihre Partner bei jeglichem weiteren Geschlechtsverkehr zu sch\u00fctzen (mithilfe von Kondomen, Latext\u00fcchern, \u2026).<\/p>\n<p>&nbsp;<\/p>\n","background_color":false},{"acf_fc_layout":"text2cols","background_color":false,"title":"","col_left":"<p><strong>Die Ank\u00fcndigung eines positiven Testergebnisses ist ein schwieriges Ereignis, vor allem wenn es sich um HIV handelt<\/strong>. Unterst\u00fctzung und Gespr\u00e4che mit Vertrauenspersonen k\u00f6nnen eine gro\u00dfe Hilfe darstellen. Bestimmte Verb\u00e4nde des Kampfes gegen sexuell \u00fcbertragbare Erkrankungen\/AIDS oder die AIDS-Referenzzentren bieten verschiedene Beratungsdienste im Falle eines positiven Ergebnisses an.\u00a0<strong>In jedem Fall ist es wichtig, medizinische Versorgung in Anspruch zu nehmen.<\/strong>\u00a0Sie k\u00f6nnen Ratschl\u00e4ge \u00fcber die verschiedenen Pr\u00e4ventionsstrategien erhalten um zu vermeiden, den Virus an weitere Personen zu \u00fcbertragen.<\/p>\n<p>Der Arzt wird Ihnen die Vorteile einer schnellstm\u00f6glich beginnenden Behandlung erkl\u00e4ren, unter Ber\u00fccksichtigung Ihrer pers\u00f6nlichen Situation. Sobald die Behandlung begonnen hat, ist es wichtig die Medikamente ohne Unterbrechung und laut Indikation des Arztes einzunehmen. Weitere Informationen zu diesem Thema finden Sie in der Brosch\u00fcre \u201e<a href=\"https:\/\/preventionsida.org\/fr\/vivre-avec-le-vih-nouvelle-edition-2020\/\"><strong>Mit HIV leben<\/strong><\/a>\u201c<\/p>\n","col_right":"<p><strong>Sollte das Ergebnis nicht lesbar sein,\u00a0<\/strong>k\u00f6nnen Sie daraus keine Schlussfolgerungen \u00fcber Ihren Zustand ziehen: ein Manipulations-, Fabrikations- oder Konservierungsfehler kann, unter anderem, einen Test unlesbar machen\u2026<\/p>\n<p>Egal aus welchem Grund der Test unlesbar ist, m\u00fcssen Sie einen neuen Test machen um Informationen \u00fcber Ihren Status zu bekommen.\u00a0<strong>Vorsicht<\/strong>, der\u00a0<strong>Selbsttest\u00a0<\/strong>ist f\u00fcr den\u00a0<strong>einmaligen Gebrauch<\/strong>\u00a0gedacht, Sie k\u00f6nnen dasselbe Set nicht zweimal verwenden.<\/p>\n<p>Schlussendlich,\u00a0<strong>Sch\u00fctzen Sie sich beim Geschlechtsverkehr<\/strong>: der\u00a0<strong>Selbsttest\u00a0<\/strong>ist kein Schutz vor einer m\u00f6glichen Ansteckung in der Zukunft.<\/p>\n"}]},"_links":{"self":[{"href":"https:\/\/preventionsida.org\/fr\/wp-json\/wp\/v2\/pages\/949","targetHints":{"allow":["GET"]}}],"collection":[{"href":"https:\/\/preventionsida.org\/fr\/wp-json\/wp\/v2\/pages"}],"about":[{"href":"https:\/\/preventionsida.org\/fr\/wp-json\/wp\/v2\/types\/page"}],"author":[{"embeddable":true,"href":"https:\/\/preventionsida.org\/fr\/wp-json\/wp\/v2\/users\/1"}],"replies":[{"embeddable":true,"href":"https:\/\/preventionsida.org\/fr\/wp-json\/wp\/v2\/comments?post=949"}],"version-history":[{"count":34,"href":"https:\/\/preventionsida.org\/fr\/wp-json\/wp\/v2\/pages\/949\/revisions"}],"predecessor-version":[{"id":11398,"href":"https:\/\/preventionsida.org\/fr\/wp-json\/wp\/v2\/pages\/949\/revisions\/11398"}],"up":[{"embeddable":true,"href":"https:\/\/preventionsida.org\/fr\/wp-json\/wp\/v2\/pages\/30"}],"wp:attachment":[{"href":"https:\/\/preventionsida.org\/fr\/wp-json\/wp\/v2\/media?parent=949"}],"curies":[{"name":"wp","href":"https:\/\/api.w.org\/{rel}","templated":true}]}}