{"id":9392,"date":"2021-09-21T11:47:36","date_gmt":"2021-09-21T09:47:36","guid":{"rendered":"https:\/\/preventionsida.org\/?page_id=9392"},"modified":"2024-09-13T11:53:53","modified_gmt":"2024-09-13T09:53:53","slug":"evenements-termines","status":"publish","type":"page","link":"https:\/\/preventionsida.org\/fr\/evenements-termines\/","title":{"rendered":"\u00c9v\u00e9nements termin\u00e9s"},"content":{"rendered":"<p>Tous les \u00e9v\u00e8nements pass\u00e9s se trouvent sur cette page.<\/p>\n<p><a class=\"btn\" href=\"https:\/\/preventionsida.org\/fr\/agenda\/\">Voir tous les \u00e9v\u00e9nements \u00e0 venir<\/a><\/p>\n","protected":false},"excerpt":{"rendered":"<p>Tous les \u00e9v\u00e8nements pass\u00e9s se trouvent sur cette page. Voir tous les \u00e9v\u00e9nements \u00e0 venir<\/p>\n","protected":false},"author":1,"featured_media":0,"parent":0,"menu_order":0,"comment_status":"closed","ping_status":"closed","template":"plugin-page-past-events.php","meta":{"_acf_changed":false,"footnotes":""},"class_list":["post-9392","page","type-page","status-publish","hentry"],"acf":{"sidebar":false},"_links":{"self":[{"href":"https:\/\/preventionsida.org\/fr\/wp-json\/wp\/v2\/pages\/9392","targetHints":{"allow":["GET"]}}],"collection":[{"href":"https:\/\/preventionsida.org\/fr\/wp-json\/wp\/v2\/pages"}],"about":[{"href":"https:\/\/preventionsida.org\/fr\/wp-json\/wp\/v2\/types\/page"}],"author":[{"embeddable":true,"href":"https:\/\/preventionsida.org\/fr\/wp-json\/wp\/v2\/users\/1"}],"replies":[{"embeddable":true,"href":"https:\/\/preventionsida.org\/fr\/wp-json\/wp\/v2\/comments?post=9392"}],"version-history":[{"count":4,"href":"https:\/\/preventionsida.org\/fr\/wp-json\/wp\/v2\/pages\/9392\/revisions"}],"predecessor-version":[{"id":14727,"href":"https:\/\/preventionsida.org\/fr\/wp-json\/wp\/v2\/pages\/9392\/revisions\/14727"}],"wp:attachment":[{"href":"https:\/\/preventionsida.org\/fr\/wp-json\/wp\/v2\/media?parent=9392"}],"curies":[{"name":"wp","href":"https:\/\/api.w.org\/{rel}","templated":true}]}}