{"id":9388,"date":"2021-09-21T11:46:03","date_gmt":"2021-09-21T09:46:03","guid":{"rendered":"https:\/\/preventionsida.org\/?page_id=9388"},"modified":"2022-04-12T10:09:30","modified_gmt":"2022-04-12T08:09:30","slug":"agenda","status":"publish","type":"page","link":"https:\/\/preventionsida.org\/fr\/agenda\/","title":{"rendered":"Agenda"},"content":{"rendered":"<p>Retrouvez tous les \u00e9v\u00e8nements et les activit\u00e9s organis\u00e9s par la Plateforme Pr\u00e9vention Sida !<\/p>\n<p><a class=\"btn\" href=\"https:\/\/preventionsida.org\/fr\/evenements-termines\/\">Voir tous les \u00e9v\u00e9nements passs\u00e9s<\/a><\/p>\n","protected":false},"excerpt":{"rendered":"<p>Retrouvez tous les \u00e9v\u00e8nements et les activit\u00e9s organis\u00e9s par la Plateforme Pr\u00e9vention Sida ! Voir tous les \u00e9v\u00e9nements passs\u00e9s<\/p>\n","protected":false},"author":1,"featured_media":0,"parent":0,"menu_order":0,"comment_status":"closed","ping_status":"closed","template":"plugin-page-events.php","meta":{"_acf_changed":false,"footnotes":""},"class_list":["post-9388","page","type-page","status-publish","hentry"],"acf":{"sidebar":false},"_links":{"self":[{"href":"https:\/\/preventionsida.org\/fr\/wp-json\/wp\/v2\/pages\/9388","targetHints":{"allow":["GET"]}}],"collection":[{"href":"https:\/\/preventionsida.org\/fr\/wp-json\/wp\/v2\/pages"}],"about":[{"href":"https:\/\/preventionsida.org\/fr\/wp-json\/wp\/v2\/types\/page"}],"author":[{"embeddable":true,"href":"https:\/\/preventionsida.org\/fr\/wp-json\/wp\/v2\/users\/1"}],"replies":[{"embeddable":true,"href":"https:\/\/preventionsida.org\/fr\/wp-json\/wp\/v2\/comments?post=9388"}],"version-history":[{"count":4,"href":"https:\/\/preventionsida.org\/fr\/wp-json\/wp\/v2\/pages\/9388\/revisions"}],"predecessor-version":[{"id":10338,"href":"https:\/\/preventionsida.org\/fr\/wp-json\/wp\/v2\/pages\/9388\/revisions\/10338"}],"wp:attachment":[{"href":"https:\/\/preventionsida.org\/fr\/wp-json\/wp\/v2\/media?parent=9388"}],"curies":[{"name":"wp","href":"https:\/\/api.w.org\/{rel}","templated":true}]}}