{"id":930,"date":"2019-09-18T09:51:00","date_gmt":"2019-09-18T07:51:00","guid":{"rendered":"https:\/\/preventionsida.org\/?page_id=930"},"modified":"2025-02-24T11:35:58","modified_gmt":"2025-02-24T10:35:58","slug":"le-depistage-des-ist","status":"publish","type":"page","link":"https:\/\/preventionsida.org\/fr\/depistage\/le-depistage-des-ist\/","title":{"rendered":"Le d\u00e9pistage des IST"},"content":{"rendered":"","protected":false},"excerpt":{"rendered":"","protected":false},"author":1,"featured_media":0,"parent":30,"menu_order":0,"comment_status":"closed","ping_status":"closed","template":"","meta":{"_acf_changed":false,"footnotes":""},"class_list":["post-930","page","type-page","status-publish","hentry"],"acf":{"sidebar":211,"contenu_flexible":[{"acf_fc_layout":"textfull","text":"<h2>O\u00f9 puis-je faire un d\u00e9pistage\u00a0?<\/h2>\n<p><strong>Vous pouvez vous faire d\u00e9pister\u00a0:<\/strong><\/p>\n<ul>\n<li>Chez un m\u00e9decin\u00a0;<\/li>\n<li>Dans un centre de d\u00e9pistage\u00a0;<\/li>\n<li>Dans un centre de planning familial\u00a0;<\/li>\n<li>Dans une maison m\u00e9dicale\u00a0;<\/li>\n<li>\u2026.<\/li>\n<\/ul>\n","background_color":false},{"acf_fc_layout":"textfull","text":"<div class=\"tools\">\n<div class=\"fake-a\">\n<div class=\"tools-content\">\n<div class=\"roundPicto\">\n<div class=\"hp-picto\">\n<div id=\"picto-location\" class=\"pictoMoving\" data-anim=\"location\"><\/div>\n<\/div>\n<\/div>\n<p>&nbsp;<\/p>\n<h3><\/h3>\n<h3 style=\"text-align: center;\"><span style=\"color: #ffffff;\">Tu souhaites trouver un autre lieu de d\u00e9pistage \u00e0 Bruxelles et en Wallonie ?<\/span><\/h3>\n<form class=\"AVAST_PAM_nonloginform\" accept-charset=\"UTF-8\" action=\"https:\/\/www.cool-and-safe.org\/fr\/depistage\/centres-de-depistage\/\" method=\"post\">\n<div class=\"input-wrapper\" style=\"text-align: center;\"><input class=\"form-control\" name=\"q\" type=\"text\" value=\"\" placeholder=\"Lieu, code postal\" \/><input id=\"edit-field-submit\" class=\"submit\" name=\"op\" type=\"submit\" value=\"Chercher\" \/><\/div>\n<\/form>\n<\/div>\n<\/div>\n<\/div>\n","background_color":false},{"acf_fc_layout":"textfull","text":"<h2>Quand faire un d\u00e9pistage ?<\/h2>\n<ul>\n<li>Apr\u00e8s une <strong>prise de risque<\/strong> pour savoir si vous avez \u00e9t\u00e9 infect\u00e9\u00b7e. Pour bien \u00e9valuer une prise de risque, il est important de bien conna\u00eetre <strong>les modes de transmission des IST. <\/strong>\u00c0 titre indicatif, vous pouvez consulter le tableau ci-dessous.<\/li>\n<li>Lorsque vous \u00eates en couple stable et\u00a0<strong>que vous souhaitez arr\u00eater le pr\u00e9servatif\u00a0<\/strong><\/li>\n<li>Lorsqu\u2019une grossesse est envisag\u00e9e.<br \/>\nToutefois en cas de grossesse, le d\u00e9pistage de certaines IST pourra \u00eatre demand\u00e9 par votre m\u00e9decin au cours de votre suivi (H\u00e9patite B et C, Syphilis, Chlamydia, VIH).<\/li>\n<\/ul>\n","background_color":false},{"acf_fc_layout":"imagefull","image":false,"text":""},{"acf_fc_layout":"text2cols","background_color":false,"title":"Comment faire un d\u00e9pistage\u00a0?","col_left":"<p>Le d\u00e9pistage des IST peut se faire de <strong>4 mani\u00e8res<\/strong> :<\/p>\n<ul>\n<li>Une <strong>prise de sang<\/strong><\/li>\n<li>Un <strong>frottis vaginal<\/strong> chez la femme (pr\u00e9l\u00e8vement m\u00e9dical sans douleur d\u2019un liquide ou de cellules de l\u2019organisme en vue d\u2019un examen microscopique) ou un <strong>pr\u00e9l\u00e8vement ur\u00e9tral<\/strong> chez l&rsquo;homme (pr\u00e9l\u00e8vement au niveau du canal servant \u00e0 l\u2019\u00e9coulement de l\u2019urine et du sperme)<\/li>\n<li>Un <strong>pr\u00e9l\u00e8vement urinaire<\/strong><\/li>\n<li>Parfois les <strong>sympt\u00f4mes apparents<\/strong> suffiront \u00e0 diagnostiquer l&rsquo;infection.<\/li>\n<\/ul>\n","col_right":"<p>En cas de prise de risque, il est n\u00e9cessaire de se faire d\u00e9pister r\u00e9guli\u00e8rement car la plupart des IST sont <strong>asymptomatiques, cela veut dire qu\u2019il n\u2019y a souvent pas de signe visible de l\u2019infection<\/strong>. Un <strong>d\u00e9pistage pr\u00e9coce<\/strong> permet une prise en charge m\u00e9dicale rapide qui permettra une <strong>gu\u00e9rison<\/strong> pour la majorit\u00e9 des IST. Cela vous permet d\u2019adapter votre comportement, pour \u00e9viter de contaminer votre\/vos partenaire\u00b7s. <strong>En fonction de l\u2019IST, il est parfois recommand\u00e9 de traiter syst\u00e9matiquement votre\/vos partenaire\u00b7s.<\/strong><\/p>\n"},{"acf_fc_layout":"toggle","tog_title":"R\u00e9ponses \u00e0 vos questions sur les IST :","tog_items":[{"tog_item_title":"POURQUOI ME FAIRE D\u00c9PISTER POUR LES IST ? ","tog_item_texte":"<ul>\n<li>Tu peux \u00eatre infect\u00e9.e par une IST sans que cela se voie et donc sans le savoir. En effet, <strong>les IST sont souvent asymptomatiques<\/strong>, c\u2019est-\u00e0-dire sans signe visible de l\u2019infection. Le d\u00e9pistage est donc le seul moyen fiable de savoir si tu as \u00e9t\u00e9 infect\u00e9.e par une IST.<\/li>\n<li>Savoir que tu es infect\u00e9\u00b7e par une IST te permet non seulement d\u2019adapter ton comportement pour <strong>ne pas transmettre l\u2019infection<\/strong> \u00e0 d\u2019autres personnes, mais aussi de <strong>b\u00e9n\u00e9ficier de traitements<\/strong> qui te permettront de gu\u00e9rir de la plupart des IST.<\/li>\n<li>Plus t\u00f4t les IST sont d\u00e9pist\u00e9es, mieux <strong>elles peuvent \u00eatre soign\u00e9es.<\/strong><\/li>\n<li>Te d\u00e9pister te permet de <strong>faire le point<\/strong> sur ton \u00e9tat de sant\u00e9 sexuelle.<\/li>\n<li>Si lors d\u2019un d\u00e9pistage, toi et ton\/ta partenaire avez la confirmation que vous n\u2019avez pas d\u2019IST, vous pouvez <strong>arr\u00eater l\u2019utilisation du pr\u00e9servatif en toute s\u00e9curit\u00e9<\/strong> si vous \u00eates dans une relation exclusive. Dans ce cas, et si vous \u00eates dans une relation h\u00e9t\u00e9rosexuelle, veillez \u00e0 utiliser un autre moyen de contraception si vous ne d\u00e9sirez pas avoir d\u2019enfant<\/li>\n<\/ul>\n"},{"tog_item_title":"QUAND FAIRE UN D\u00c9PISTAGE DES IST  ? ","tog_item_texte":"<ul>\n<li>Apr\u00e8s une <strong>prise de risque<\/strong>, pour savoir si tu as \u00e9t\u00e9 infect\u00e9\u00b7e. Il ne sert \u00e0 rien d\u2019aller faire un d\u00e9pistage des IST le lendemain d\u2019une prise de risque. En effet, il faut un certain temps apr\u00e8s la prise de risque pour que les tests puissent d\u00e9tecter une possible infection. S\u2019il n\u2019y a pas de sympt\u00f4me visible, on recommande donc d\u2019attendre <strong>6 semaines apr\u00e8s la prise de risque<\/strong> pour faire un d\u00e9pistage complet des IST. Pendant ce d\u00e9lai d\u2019attente, il est capital d\u2019utiliser un pr\u00e9servatif lors de relations sexuelles pour \u00e9viter de transmettre une \u00e9ventuelle IST.<br \/>\nSois vigilant\u00b7e, ce n\u2019est pas toujours facile de savoir si on a pris un risque d\u2019\u00eatre infect\u00e9\u00b7e par une IST. En effet, chaque IST a des modes de transmission diff\u00e9rents, ce n\u2019est donc pas simple de s\u2019y retrouver. Prendre un risque, c\u2019est entre autres, avoir des rapports sexuels non prot\u00e9g\u00e9s (avec ou sans p\u00e9n\u00e9tration). Pour rappel, le fait de conna\u00eetre son\/sa\/ses partenaire.s n\u2019est pas un gage de protection contre les IST.<\/li>\n<li>En cas de <strong>signes \u00e9vocateurs<\/strong> d\u2019une IST (d\u00e9mangeaisons, br\u00fblures, rougeurs \u2026)<\/li>\n<li>Lorsque tu souhaites <strong>faire le point sur ta sant\u00e9 sexuelle<\/strong><\/li>\n<li>Lorsque tu es en couple exclusif et que <strong>vous souhaitez tous\u00b7tes les deux arr\u00eater le pr\u00e9servatif<\/strong><\/li>\n<li>Lorsqu\u2019une <strong>grossesse<\/strong> est envisag\u00e9e<\/li>\n<\/ul>\n"},{"tog_item_title":"QUE FAIRE EN CAS DE R\u00c9SULTAT POSITIF ? ","tog_item_texte":"<p>Il est tr\u00e8s important de <strong>suivre ton traitement<\/strong> selon les indications du\/de la m\u00e9decin. Dans certains cas, le\/la m\u00e9decin pourra te demander de faire des examens compl\u00e9mentaires ou de refaire un test de d\u00e9pistage un peu plus tard pour surveiller l\u2019\u00e9volution de l\u2019infection. Il est tr\u00e8s important de respecter ce suivi m\u00e9dical et de continuer \u00e0 utiliser un pr\u00e9servatif selon les indications du\/de la m\u00e9decin.<\/p>\n<p>Attention,<strong> \u00eatre infect\u00e9\u00b7e par une IST peut augmenter le risque d\u2019infection par une autre IST<\/strong>. En effet, les IST fragilisent les muqueuses qui deviennent alors une plus grande \u00ab porte d\u2019entr\u00e9e \u00bb pour les autres IST et pour le VIH.<\/p>\n<p>Si tu as \u00e9t\u00e9 infect\u00e9\u00b7e par une IST, il est important d\u2019en <strong>informer ton\/ta\/tes partenaire\u00b7s<\/strong>. Ce n\u2019est pas quelque chose de facile \u00e0 dire, mais c\u2019est essentiel pour qu\u2019il\u00b7s\/elle\u00b7s puisse\u00b7nt aussi se faire d\u00e9pister et soigner en cas de r\u00e9sultat positif et ainsi arr\u00eater la propagation de l\u2019infection. Au besoin, le\/la m\u00e9decin ou l\u2019association ayant d\u00e9pist\u00e9 l\u2019IST pourra t\u2019aider \u00e0 pr\u00e9venir ton\/ta\/tes partenaire\u00b7s de mani\u00e8re anonyme. Tu peux aussi simplement leur t\u00e9l\u00e9phoner ou leur envoyer un mail ou un SMS. Il n\u2019y a pas de honte \u00e0 dire que tu as une IST. Au contraire, en parler aux personnes concern\u00e9es, c\u2019est se montrer responsable et digne de confiance pour garantir une bonne sant\u00e9 sexuelle \u00e0 chacun.<\/p>\n"},{"tog_item_title":"COMBIEN CELA CO\u00dbTE ? ","tog_item_texte":"<p>Lors d\u2019un d\u00e9pistage en milieu m\u00e9dical, il faut, en g\u00e9n\u00e9ral, payer une partie de la visite chez le\/la m\u00e9decin et une partie des frais de laboratoire pour l\u2019analyse des pr\u00e9l\u00e8vements. Le prix exact d\u00e9pend du nombre de tests de d\u00e9pistage des IST effectu\u00e9s. La mutuelle prendra en charge une partie de ces frais.<\/p>\n<p><strong>Tu es jeune et tu n\u2019as pas ta propre mutuelle?<\/strong> Alors tu es couvert par la mutuelle de tes parents. Dans les centres de planning familial, la consultation chez le\/la m\u00e9decin co\u00fbtera maximum 6\u20ac (et +\/- 25\u20ac sans mutuelle). Pour les frais de laboratoire, n\u2019h\u00e9site pas \u00e0 questionner le centre par rapport au prix de la facture et \u00e0 en parler si tu souhaites garder l\u2019anonymat (par exemple, que la facture n\u2019arrive pas entre les mains de tes parents). Dans tous les cas, le co\u00fbt d\u2019un d\u00e9pistage ne doit pas t\u2019emp\u00eacher de consulter un.e m\u00e9decin. Les professionnel\u00b7les de la sant\u00e9 pourront t\u2019aider \u00e0 trouver des solutions. N\u2019h\u00e9site pas \u00e0 en parler avec eux.<\/p>\n<p style=\"text-align: center;\"><strong><span style=\"color: #66c6b7;\">Il existe des possibilit\u00e9s de d\u00e9pistage gratuit pour le VIH et pour certaines IST dans certains centres et associations. <\/span><\/strong><\/p>\n"},{"tog_item_title":"ET SI JE NE ME D\u00c9PISTE PAS ? ","tog_item_texte":"<p>Tu risques de <strong>transmettre une IST<\/strong> \u00e0 ton\/ta\/tes partenaire\u00b7s sans le savoir et l\u2019infection va continuer de se propager.<\/p>\n<p>Une IST non d\u00e9pist\u00e9e et donc non soign\u00e9e peut avoir <strong>des cons\u00e9quences graves<\/strong>. Tu peux , par exemple, d\u00e9velopper un cancer ou avoir des probl\u00e8mes d\u2019infertilit\u00e9.<\/p>\n"}]},{"acf_fc_layout":"textfull","text":"<p><strong>Tableau r\u00e9capitulatif du d\u00e9pistage des IST :<\/strong><\/p>\n<table>\n<thead>\n<tr>\n<th><\/th>\n<th>Prise de sang<\/th>\n<th>Possibilit\u00e9 de Test Rapide (TROD)<\/th>\n<th>Pr\u00e9l\u00e8vement ur\u00e9tral\/vaginal ou frottis<\/th>\n<th>Pr\u00e9l\u00e8vement urinaire<\/th>\n<th>Pr\u00e9sence de sympt\u00f4mes<\/th>\n<\/tr>\n<\/thead>\n<tbody>\n<tr>\n<td><a href=\"https:\/\/preventionsida.org\/fr\/vih\/le-vih-cest-quoi\/\"><strong>VIH<\/strong><\/a><\/td>\n<td style=\"text-align: center;\"><strong>X<\/strong><\/td>\n<td style=\"text-align: center;\"><strong>X<\/strong><\/td>\n<td><\/td>\n<td><\/td>\n<td><\/td>\n<\/tr>\n<tr>\n<td><a href=\"https:\/\/preventionsida.org\/fr\/ist\/les-hepatites-b-et-c\/\"><strong>H\u00e9patite B<\/strong><\/a><\/td>\n<td style=\"text-align: center;\"><strong>X<\/strong><\/td>\n<td><\/td>\n<td><\/td>\n<td><\/td>\n<td><\/td>\n<\/tr>\n<tr>\n<td><a href=\"https:\/\/preventionsida.org\/fr\/ist\/les-hepatites-b-et-c\/\"><strong>H\u00e9patite C<\/strong><\/a><\/td>\n<td style=\"text-align: center;\"><strong>X<\/strong><\/td>\n<td style=\"text-align: center;\"><strong>X<\/strong><\/td>\n<td><\/td>\n<td><\/td>\n<td><\/td>\n<\/tr>\n<tr>\n<td><a href=\"https:\/\/preventionsida.org\/fr\/ist\/lherpes-genital\/\"><strong>Herp\u00e8s g\u00e9nital<\/strong><\/a><\/td>\n<td style=\"text-align: center;\"><strong>X<\/strong><\/td>\n<td><\/td>\n<td style=\"text-align: center;\"><strong>X<\/strong><\/td>\n<td><\/td>\n<td style=\"text-align: center;\"><strong>X<\/strong><\/td>\n<\/tr>\n<tr>\n<td><a href=\"https:\/\/preventionsida.org\/fr\/ist\/lhpv\/\"><strong>Human Papilloma Virus (HPV)<\/strong><\/a><\/td>\n<td><\/td>\n<td><\/td>\n<td style=\"text-align: center;\"><strong>X<\/strong><\/td>\n<td><\/td>\n<td style=\"text-align: center;\"><strong>X<\/strong><\/td>\n<\/tr>\n<tr>\n<td><a href=\"https:\/\/preventionsida.org\/fr\/ist\/la-chlamydia\/\"><strong>Chlamydia<\/strong><\/a><\/td>\n<td><\/td>\n<td><\/td>\n<td style=\"text-align: center;\"><strong>X<\/strong><\/td>\n<td style=\"text-align: center;\"><strong>X<\/strong><\/td>\n<td><\/td>\n<\/tr>\n<tr>\n<td><a href=\"https:\/\/preventionsida.org\/fr\/ist\/la-gonorrhee\/\"><strong>Gonorrh\u00e9e<\/strong><\/a><\/td>\n<td><\/td>\n<td><\/td>\n<td style=\"text-align: center;\"><strong>X<\/strong><\/td>\n<td style=\"text-align: center;\"><strong>X<\/strong><\/td>\n<td><\/td>\n<\/tr>\n<tr>\n<td><a href=\"https:\/\/preventionsida.org\/fr\/ist\/la-syphilis\/\"><strong>Syphilis<\/strong><\/a><\/td>\n<td style=\"text-align: center;\"><strong>X<\/strong><\/td>\n<td style=\"text-align: center;\"><strong>X<\/strong><\/td>\n<td><\/td>\n<td><\/td>\n<td style=\"text-align: center;\"><strong>X<\/strong><\/td>\n<\/tr>\n<\/tbody>\n<\/table>\n<p>&nbsp;<\/p>\n<blockquote>\n<p style=\"text-align: center;\">Pour trouver un centre de d\u00e9pistage plus proche de chez vous, utilisez notre<strong><a href=\"https:\/\/preventionsida.org\/fr\/centres-de-depistage\/\"> moteur de recherche<\/a><\/strong><\/p>\n<\/blockquote>\n","background_color":false}]},"_links":{"self":[{"href":"https:\/\/preventionsida.org\/fr\/wp-json\/wp\/v2\/pages\/930","targetHints":{"allow":["GET"]}}],"collection":[{"href":"https:\/\/preventionsida.org\/fr\/wp-json\/wp\/v2\/pages"}],"about":[{"href":"https:\/\/preventionsida.org\/fr\/wp-json\/wp\/v2\/types\/page"}],"author":[{"embeddable":true,"href":"https:\/\/preventionsida.org\/fr\/wp-json\/wp\/v2\/users\/1"}],"replies":[{"embeddable":true,"href":"https:\/\/preventionsida.org\/fr\/wp-json\/wp\/v2\/comments?post=930"}],"version-history":[{"count":34,"href":"https:\/\/preventionsida.org\/fr\/wp-json\/wp\/v2\/pages\/930\/revisions"}],"predecessor-version":[{"id":15347,"href":"https:\/\/preventionsida.org\/fr\/wp-json\/wp\/v2\/pages\/930\/revisions\/15347"}],"up":[{"embeddable":true,"href":"https:\/\/preventionsida.org\/fr\/wp-json\/wp\/v2\/pages\/30"}],"wp:attachment":[{"href":"https:\/\/preventionsida.org\/fr\/wp-json\/wp\/v2\/media?parent=930"}],"curies":[{"name":"wp","href":"https:\/\/api.w.org\/{rel}","templated":true}]}}