{"id":913,"date":"2019-09-18T09:15:50","date_gmt":"2019-09-18T07:15:50","guid":{"rendered":"https:\/\/preventionsida.org\/?page_id=913"},"modified":"2026-03-05T16:52:05","modified_gmt":"2026-03-05T15:52:05","slug":"le-depistage-du-vih-pourquoi-et-comment","status":"publish","type":"page","link":"https:\/\/preventionsida.org\/fr\/depistage\/le-depistage-du-vih-pourquoi-et-comment\/","title":{"rendered":"Le d\u00e9pistage du VIH, pourquoi et comment ?"},"content":{"rendered":"","protected":false},"excerpt":{"rendered":"","protected":false},"author":1,"featured_media":0,"parent":30,"menu_order":0,"comment_status":"closed","ping_status":"closed","template":"","meta":{"_acf_changed":false,"footnotes":""},"class_list":["post-913","page","type-page","status-publish","hentry"],"acf":{"sidebar":211,"contenu_flexible":[{"acf_fc_layout":"textfull","text":"<h2>Quand et pourquoi faire un d\u00e9pistage\u00a0?<\/h2>\n<ul>\n<li>Suite \u00e0 une\u00a0<strong>prise de risque <\/strong>(rapport sexuel non prot\u00e9g\u00e9, d\u00e9chirement du pr\u00e9servatif, partage d\u2019une seringue ou de mat\u00e9riel d\u2019injection infect\u00e9). Attention, pour<strong> une prise de risque <\/strong><strong>ayant eu lieu il y a<\/strong><strong> moins de 72h, il est possible d\u2019avoir un traitement d\u2019urgence pr\u00e9ventif qui peut r\u00e9duire fortement les risques de contamination par le\u00a0VIH.<\/strong> Ce traitement se nomme le <a href=\"https:\/\/preventionsida.org\/fr\/vih\/que-faire-si-vous-avez-pris-un-risque\/\"><strong>Traitement Post-Exposition ou TPE<\/strong>.<\/a><\/li>\n<li>Lorsque vous \u00eates en couple stable et\u00a0<strong>que vous souhaitez arr\u00eater le pr\u00e9servatif\u00a0<\/strong><\/li>\n<li>Lorsqu\u2019une<strong> grossesse est envisag\u00e9e\u00a0<\/strong><\/li>\n<li>Lorsque <strong>le m\u00e9decin le propose<\/strong>; c\u2019est souvent le cas pour les femmes enceintes ou juste avant une op\u00e9ration chirurgicale<\/li>\n<li><strong>Pour savoir<\/strong> si vous avez \u00e9t\u00e9 en contact au cours de votre vie avec le VIH<\/li>\n<li>Pour\u00a0<strong>se rassurer<\/strong><\/li>\n<\/ul>\n<p>&nbsp;<\/p>\n<p>NB : Pour qu&rsquo;un test de d\u00e9pistage du VIH soit fiable \u00e0 100%, il <strong>faut attendre un certain d\u00e9lai qui varie en fonction du type de d\u00e9pistage<\/strong>. Dans l\u2019attente de ce d\u00e9lai pour r\u00e9aliser votre test, il est <strong>recommand\u00e9 d\u2019utiliser un pr\u00e9servatif lors de tout rapport sexuel<\/strong>, car en cas d\u2019infection par le VIH, la personne peut d\u00e9j\u00e0 contaminer son.sa partenaire dans les jours suivant l\u2019infection.<\/p>\n<p><img loading=\"lazy\" decoding=\"async\" class=\"aligncenter size-full wp-image-7417\" src=\"https:\/\/preventionsida.org\/wp-content\/uploads\/2020\/09\/lignedutemps_quand.png\" alt=\"\" width=\"1681\" height=\"613\" srcset=\"https:\/\/preventionsida.org\/wp-content\/uploads\/2020\/09\/lignedutemps_quand.png 1681w, https:\/\/preventionsida.org\/wp-content\/uploads\/2020\/09\/lignedutemps_quand-300x109.png 300w, https:\/\/preventionsida.org\/wp-content\/uploads\/2020\/09\/lignedutemps_quand-1024x373.png 1024w, https:\/\/preventionsida.org\/wp-content\/uploads\/2020\/09\/lignedutemps_quand-768x280.png 768w, https:\/\/preventionsida.org\/wp-content\/uploads\/2020\/09\/lignedutemps_quand-1536x560.png 1536w, https:\/\/preventionsida.org\/wp-content\/uploads\/2020\/09\/lignedutemps_quand-500x182.png 500w\" sizes=\"auto, (max-width: 1681px) 100vw, 1681px\" \/><\/p>\n<p>&nbsp;<\/p>\n<p>&nbsp;<\/p>\n<p>&nbsp;<\/p>\n<h2>Il est important de savoir si on a le VIH pour commencer le plus t\u00f4t possible un traitement afin de\u00a0:<\/h2>\n<ul>\n<li>diminuer les effets du virus sur sa sant\u00e9<\/li>\n<li>augmenter son esp\u00e9rance de vie et am\u00e9liorer sa qualit\u00e9 de vie<\/li>\n<li>diminuer la quantit\u00e9 de VIH dans son sang jusqu\u2019\u00e0 ce qu\u2019il soit <a href=\"https:\/\/preventionsida.org\/fr\/protection\/indetectable-intransmissible-ou-ii\/\"><strong>ind\u00e9tectable<\/strong> <\/a>et rendre ainsi le virus <a href=\"https:\/\/preventionsida.org\/fr\/protection\/indetectable-intransmissible-ou-ii\/\"><strong>intransmissible<\/strong><\/a><\/li>\n<\/ul>\n","background_color":false},{"acf_fc_layout":"doubleblock","content_block_left":"<h2>Le d\u00e9pistage, c\u2019est quoi ?<\/h2>\n<p>Il sert \u00e0\u00a0<strong>d\u00e9tecter la pr\u00e9sence d\u2019anticorps anti-VIH<\/strong> dans l\u2019organisme. Les anticorps servent \u00e0 d\u00e9fendre l\u2019organisme contre l\u2019infection. La pr\u00e9sence de ces anticorps traduit le fait que le VIH est pr\u00e9sent dans votre corps.<\/p>\n","background_color_left":false,"content_block_right":"<ul>\n<li>Si le test d\u00e9tecte la pr\u00e9sence d\u2019anticorps, il est <strong>positif<\/strong> et vous \u00eates infect\u00e9.e le VIH<\/li>\n<li>Si le test ne d\u00e9tecte pas d\u2019anticorps, il est <strong>n\u00e9gatif<\/strong> et vous n\u2019\u00eates pas infect\u00e9.e par le VIH<\/li>\n<\/ul>\n","background_color_right":true},{"acf_fc_layout":"textfull","text":"<p>Les anticorps n\u2019apparaissent pas directement dans le sang lorsque l\u2019on est infect\u00e9\u00b7e par le VIH. En effet, il faut un certain laps de temps et c\u2019est pour cela qu\u2019il faut attendre plusieurs semaines (6 ou 12 semaines en fonction du type de d\u00e9pistage) pour faire le test apr\u00e8s une prise de risque.<\/p>\n","background_color":false},{"acf_fc_layout":"textfull","text":"<h2>Comment faire un d\u00e9pistage\u00a0?<\/h2>\n<p>Il existe<strong>\u00a03 types<\/strong> de d\u00e9pistage.<\/p>\n<p><strong>Soyez vigilant\u00b7e<\/strong> car il y a un d\u00e9lai d\u2019attente n\u00e9cessaire entre la prise de risque et le test de d\u00e9pistage pour avoir un r\u00e9sultat fiable \u00e0 100%. Ces d\u00e9lais varient selon le type de d\u00e9pistage que vous faites (voir tableau ci-dessous).<\/p>\n","background_color":true},{"acf_fc_layout":"imagetext","image":1777,"text":"<h3>1. Test de d\u00e9pistage classique<\/h3>\n<p>Il s\u2019agit d\u2019un test r\u00e9alis\u00e9 par une prise de sang.<\/p>\n","background_color":false,"link_image":""},{"acf_fc_layout":"imagetext","image":false,"text":"<h3>2. Test Rapide \u00e0 Orientation Diagnostique (TROD)<\/h3>\n<p>Il s\u2019agit d\u2019un test r\u00e9alis\u00e9 avec de la salive ou une goutte de sang, avec un r\u00e9sultat en quelques minutes. En cas de r\u00e9sultat positif, il est obligatoire de le confirmer par un test classique.<\/p>\n","background_color":false,"link_image":""},{"acf_fc_layout":"imagefull","image":919,"text":""},{"acf_fc_layout":"imagetext","image":1946,"text":"<h3>3. Autotest<\/h3>\n<p>Il s\u2019agit d\u2019un TROD vendu en pharmacie que vous pouvez r\u00e9aliser vous-m\u00eame \u00e0 partir d\u2019une goutte de sang. En cas de r\u00e9sultat positif, il est aussi obligatoire de le confirmer par un test classique par prise de sang.<\/p>\n<p><img loading=\"lazy\" decoding=\"async\" class=\"alignnone wp-image-921\" src=\"https:\/\/preventionsida.org\/wp-content\/uploads\/2019\/09\/autotest-173x300.jpg\" alt=\"autotest\" width=\"147\" height=\"255\" srcset=\"https:\/\/preventionsida.org\/wp-content\/uploads\/2019\/09\/autotest-173x300.jpg 173w, https:\/\/preventionsida.org\/wp-content\/uploads\/2019\/09\/autotest.jpg 518w\" sizes=\"auto, (max-width: 147px) 100vw, 147px\" \/><\/p>\n","background_color":false,"link_image":""},{"acf_fc_layout":"toggle","tog_title":"TABLEAU RECAPITULATIF","tog_items":[{"tog_item_title":"Test de d\u00e9pistage classique","tog_item_texte":"<h4>O\u00f9 ?<\/h4>\n<ul>\n<li>Dans certains Centres de r\u00e9f\u00e9rence VIH<\/li>\n<li>Dans des centres de d\u00e9pistage (Centre Elisa, Help Center,\u2026)<\/li>\n<li>A l\u2019h\u00f4pital<\/li>\n<li>Chez un\u00b7e m\u00e9decin<\/li>\n<li>Dans un centre de planning familial<\/li>\n<li>Dans une maison m\u00e9dicale,\u2026<\/li>\n<\/ul>\n<h4>Comment ?<\/h4>\n<ul>\n<li>Prise de sang<\/li>\n<\/ul>\n<h4>Quand ?<\/h4>\n<ul>\n<li>6 semaines apr\u00e8s la derni\u00e8re prise de risque<\/li>\n<\/ul>\n<h4>R\u00e9ception des r\u00e9sultats<\/h4>\n<ul>\n<li>Environ une semaine apr\u00e8s le test<\/li>\n<\/ul>\n<h4>Prix<\/h4>\n<ul>\n<li>Entre 0 et 50\u20ac<\/li>\n<\/ul>\n<p>&nbsp;<\/p>\n"},{"tog_item_title":"Test Rapide \u00e0 Orientation Diagnostique (TROD)\t","tog_item_texte":"<h4>O\u00f9 ?<\/h4>\n<ul>\n<li>Dans certains Centres de r\u00e9f\u00e9rence VIH<\/li>\n<li>Dans des centres de d\u00e9pistage (Centre Elisa, Help Center,\u2026)<\/li>\n<li>\u00a0Dans certaines associations<\/li>\n<li>Via le projet\u00a0<strong><a href=\"https:\/\/www.cool-and-safe.org\/fr\/depistage\/le-depistage-avec-action-test\/\">ACTION TEST<\/a><\/strong><\/li>\n<\/ul>\n<h4>Comment ?<\/h4>\n<ul>\n<li>Pr\u00e9l\u00e8vement d\u2019une goutte de sang au bout du doigt ou de salive (peu courant en Belgique)<\/li>\n<\/ul>\n<h4>Quand ?<\/h4>\n<ul>\n<li>3 mois apr\u00e8s la derni\u00e8re prise de risque<\/li>\n<\/ul>\n<h4>R\u00e9ception des r\u00e9sultats<\/h4>\n<ul>\n<li>Sang : 1 minute apr\u00e8s le pr\u00e9l\u00e8vement<\/li>\n<li>Salive\u00a0: environ 20 minute apr\u00e8s le pr\u00e9l\u00e8vement<\/li>\n<\/ul>\n<h4>Prix<\/h4>\n<ul>\n<li>Propos\u00e9 gratuitement par les associations<\/li>\n<\/ul>\n<p>&nbsp;<\/p>\n"},{"tog_item_title":"Autotest","tog_item_texte":"<h4>O\u00f9 ?<\/h4>\n<ul>\n<li>Disponible en pharmacie et \u00e0 faire chez soi<\/li>\n<\/ul>\n<h4>Comment ?<\/h4>\n<ul>\n<li>Pr\u00e9l\u00e8vement, \u00e0 faire soi-m\u00eame, d\u2019une goutte de sang au bout de son doigt<\/li>\n<\/ul>\n<h4>Quand ?<\/h4>\n<ul>\n<li>3 mois apr\u00e8s la derni\u00e8re prise de risque<\/li>\n<\/ul>\n<h4>R\u00e9ception des r\u00e9sultats<\/h4>\n<ul>\n<li>Quelques minutes apr\u00e8s le pr\u00e9l\u00e8vement<\/li>\n<\/ul>\n<h4>Prix<\/h4>\n<ul>\n<li>Environ 30 \u20ac<\/li>\n<\/ul>\n<p>&nbsp;<\/p>\n"}]},{"acf_fc_layout":"doubleblock","content_block_left":"<h2>En savoir plus\u00a0:<\/h2>\n<ul>\n<li>Pendant la\u00a0<strong>p\u00e9riode d\u2019attente<\/strong>, entre la prise de risque et le d\u00e9pistage, il est important de bien\u00a0<strong>penser \u00e0 vous prot\u00e9ger<\/strong>. Si vous avez \u00e9t\u00e9 infect\u00e9\u00b7e par le virus,\u00a0<strong>le risque de le transmettre est encore plus fort pendant cette p\u00e9riode<\/strong>.<\/li>\n<li>Le d\u00e9pistage ne peut pas \u00eatre impos\u00e9 et doit se faire avec l\u2019accord de la personne. Les r\u00e9sultats sont\u00a0<strong>confidentiels <\/strong>et tenus au secret professionnel.<\/li>\n<li>Il est \u00e9galement important de se faire d\u00e9pister pour\u00a0<strong>les autres IST<\/strong>. N\u2019h\u00e9sitez pas de le demander lors de votre d\u00e9pistage du VIH.<\/li>\n<\/ul>\n","background_color_left":false,"content_block_right":"<p><strong>Le d\u00e9pistage est le seul moyen de savoir si vous avez \u00e9t\u00e9 infect\u00e9\u00b7e. Plus t\u00f4t vous \u00eatres d\u00e9pist\u00e9\u00b7e, plus t\u00f4t vous serez mis\u00b7e sous traitement et meilleures seront votre esp\u00e9rance et votre qualit\u00e9 de vie.<\/strong><\/p>\n","background_color_right":true}]},"_links":{"self":[{"href":"https:\/\/preventionsida.org\/fr\/wp-json\/wp\/v2\/pages\/913","targetHints":{"allow":["GET"]}}],"collection":[{"href":"https:\/\/preventionsida.org\/fr\/wp-json\/wp\/v2\/pages"}],"about":[{"href":"https:\/\/preventionsida.org\/fr\/wp-json\/wp\/v2\/types\/page"}],"author":[{"embeddable":true,"href":"https:\/\/preventionsida.org\/fr\/wp-json\/wp\/v2\/users\/1"}],"replies":[{"embeddable":true,"href":"https:\/\/preventionsida.org\/fr\/wp-json\/wp\/v2\/comments?post=913"}],"version-history":[{"count":30,"href":"https:\/\/preventionsida.org\/fr\/wp-json\/wp\/v2\/pages\/913\/revisions"}],"predecessor-version":[{"id":16581,"href":"https:\/\/preventionsida.org\/fr\/wp-json\/wp\/v2\/pages\/913\/revisions\/16581"}],"up":[{"embeddable":true,"href":"https:\/\/preventionsida.org\/fr\/wp-json\/wp\/v2\/pages\/30"}],"wp:attachment":[{"href":"https:\/\/preventionsida.org\/fr\/wp-json\/wp\/v2\/media?parent=913"}],"curies":[{"name":"wp","href":"https:\/\/api.w.org\/{rel}","templated":true}]}}