{"id":871,"date":"2019-09-17T16:39:17","date_gmt":"2019-09-17T14:39:17","guid":{"rendered":"https:\/\/preventionsida.org\/?page_id=871"},"modified":"2022-08-03T10:42:35","modified_gmt":"2022-08-03T08:42:35","slug":"se-faire-vacciner-contre-certaines-ist","status":"publish","type":"page","link":"https:\/\/preventionsida.org\/fr\/protection\/se-faire-vacciner-contre-certaines-ist\/","title":{"rendered":"Se faire vacciner contre certaines IST"},"content":{"rendered":"","protected":false},"excerpt":{"rendered":"","protected":false},"author":1,"featured_media":0,"parent":25,"menu_order":0,"comment_status":"closed","ping_status":"closed","template":"","meta":{"_acf_changed":false,"footnotes":""},"class_list":["post-871","page","type-page","status-publish","hentry"],"acf":{"sidebar":211,"contenu_flexible":[{"acf_fc_layout":"doubleblock","content_block_left":"<p>Certaines infections sexuellement transmissibles peuvent \u00eatre \u00e9vit\u00e9es gr\u00e2ce \u00e0 des vaccins. On peut ainsi se prot\u00e9ger efficacement contre les h\u00e9patites A et B. Les principaux papillomavirus (HPV) peuvent \u00e9galement \u00eatre combattus gr\u00e2ce \u00e0 des vaccins.<\/p>\n","background_color_left":false,"content_block_right":"<ul>\n<li><strong>Pour le vaccin contre les h\u00e9patites A et B :<\/strong>\u00a0il s\u2019agit de 3 ou 4 injections qui peuvent se faire chez son\u00b7sa m\u00e9decin g\u00e9n\u00e9raliste. Il est gratuit pour les enfants et les adolescents.<\/li>\n<li><strong>Pour le vaccin contre le <a href=\"https:\/\/preventionsida.org\/fr\/ist\/lhpv\/\">HPV<\/a> :<\/strong> retrouver toutes les informations d\u00e9taill\u00e9es <strong><a href=\"https:\/\/preventionsida.org\/fr\/ist\/lhpv\/\">ici<\/a><\/strong><\/li>\n<\/ul>\n","background_color_right":true},{"acf_fc_layout":"imagetext","image":1943,"text":"<p><strong>Par contre, il n\u2019existe toujours pas de vaccin contre le VIH. On n\u2019en gu\u00e9rit toujours pas.<\/strong><\/p>\n<p>Les chercheurs travaillent beaucoup non seulement pour trouver un vaccin contre le VIH mais aussi pour la cr\u00e9ation de m\u00e9dicaments pour en gu\u00e9rir. N\u00e9anmoins, les personnes vivant avec le VIH b\u00e9n\u00e9ficient d\u00e9j\u00e0 des progr\u00e8s de la recherche m\u00e9dicale et scientifique. En effet, des \u00e9tudes et des essais ont permis de fabriquer des m\u00e9dicaments plus faciles \u00e0 prendre, mieux tol\u00e9r\u00e9s et ainsi am\u00e9liorer la sant\u00e9 et la qualit\u00e9 de vie des patient\u00b7es. Actuellement, les recherches continuent et progressent vers un monde sans VIH.<\/p>\n","background_color":false,"link_image":""}]},"_links":{"self":[{"href":"https:\/\/preventionsida.org\/fr\/wp-json\/wp\/v2\/pages\/871","targetHints":{"allow":["GET"]}}],"collection":[{"href":"https:\/\/preventionsida.org\/fr\/wp-json\/wp\/v2\/pages"}],"about":[{"href":"https:\/\/preventionsida.org\/fr\/wp-json\/wp\/v2\/types\/page"}],"author":[{"embeddable":true,"href":"https:\/\/preventionsida.org\/fr\/wp-json\/wp\/v2\/users\/1"}],"replies":[{"embeddable":true,"href":"https:\/\/preventionsida.org\/fr\/wp-json\/wp\/v2\/comments?post=871"}],"version-history":[{"count":11,"href":"https:\/\/preventionsida.org\/fr\/wp-json\/wp\/v2\/pages\/871\/revisions"}],"predecessor-version":[{"id":10661,"href":"https:\/\/preventionsida.org\/fr\/wp-json\/wp\/v2\/pages\/871\/revisions\/10661"}],"up":[{"embeddable":true,"href":"https:\/\/preventionsida.org\/fr\/wp-json\/wp\/v2\/pages\/25"}],"wp:attachment":[{"href":"https:\/\/preventionsida.org\/fr\/wp-json\/wp\/v2\/media?parent=871"}],"curies":[{"name":"wp","href":"https:\/\/api.w.org\/{rel}","templated":true}]}}