{"id":866,"date":"2019-09-17T16:36:50","date_gmt":"2019-09-17T14:36:50","guid":{"rendered":"https:\/\/preventionsida.org\/?page_id=866"},"modified":"2026-02-02T09:24:19","modified_gmt":"2026-02-02T08:24:19","slug":"la-prep","status":"publish","type":"page","link":"https:\/\/preventionsida.org\/fr\/protection\/la-prep\/","title":{"rendered":"La PrEP : le traitement pr\u00e9ventif pour les personnes tr\u00e8s expos\u00e9es au VIH"},"content":{"rendered":"","protected":false},"excerpt":{"rendered":"","protected":false},"author":1,"featured_media":0,"parent":25,"menu_order":0,"comment_status":"closed","ping_status":"closed","template":"","meta":{"_acf_changed":false,"footnotes":""},"class_list":["post-866","page","type-page","status-publish","hentry"],"acf":{"sidebar":211,"contenu_flexible":[{"acf_fc_layout":"textfull","text":"<h2>La PrEP, comment \u00e7a fonctionne\u00a0?<\/h2>\n<p>La PrEP emp\u00eache le virus du VIH de se d\u00e9velopper et de se fixer d\u00e8s son entr\u00e9e dans le corps. Ce qui emp\u00eache le virus de survivre et permet \u00e0 la personne de rester s\u00e9ron\u00e9gative.<\/p>\n<p align=\"center\"><iframe loading=\"lazy\" title=\"YouTube video player\" src=\"https:\/\/www.youtube.com\/embed\/ruN8oUc2W_A\" width=\"560\" height=\"315\" frameborder=\"0\" allowfullscreen=\"allowfullscreen\"><\/iframe><\/p>\n<p>&nbsp;<\/p>\n<h2>La PrEP, c\u2019est pour qui\u00a0?<\/h2>\n<p>La PrEP est prescrite uniquement aux personnes s\u00e9ron\u00e9gatives de plus de 18 ans qui prennent r\u00e9guli\u00e8rement des risques par rapport au VIH.<\/p>\n","background_color":false},{"acf_fc_layout":"imagefull","image":3883,"text":""},{"acf_fc_layout":"doubleblock","content_block_left":"<h3>Plus particuli\u00e8rement\u00a0:<\/h3>\n<ul>\n<li>Les hommes qui ont des rapports sexuels avec des hommes<\/li>\n<li>Les travailleuses ou travailleurs du sexe et leurs partenaires<\/li>\n<li>Les personnes qui viennent de pays dans lesquels il y a beaucoup de personnes infect\u00e9es par le VIH et leurs partenaires<\/li>\n<li>Les partenaires des personnes vivant avec le VIH qui n\u2019ont pas atteint une <strong><a href=\"https:\/\/preventionsida.org\/fr\/vih\/la-charge-virale-cest-quoi\/\">charge virale ind\u00e9tectable<\/a><\/strong><\/li>\n<li>Les personnes qui consomment des drogues par injection (avec \u00e9change de seringue)<\/li>\n<\/ul>\n","background_color_left":true,"content_block_right":"<h3>Et qui ont\u00a0:<\/h3>\n<ul>\n<li>Soit eu des relations sexuelles sans pr\u00e9servatifs<\/li>\n<li>Soit eu plusieurs partenaires diff\u00e9rents<\/li>\n<li>Soit eu plusieurs fois des IST<\/li>\n<li>Soit eu recours au TPE (traitement d\u2019urgence)<\/li>\n<li>Soit consomm\u00e9 des substances lors de rapports sexuels<\/li>\n<\/ul>\n","background_color_right":false},{"acf_fc_layout":"text2cols","background_color":false,"title":"La PrEP, comment \u00e7a se prend ?","col_left":"<p>Il existe plusieurs fa\u00e7ons de prendre la PrEP.<\/p>\n<ul>\n<li><strong>La PrEP en continu :<\/strong> il s\u2019agit de prendre 1 comprim\u00e9 tous les jours \u00e0 la m\u00eame heure pendant une certaine p\u00e9riode. Plus de d\u00e9tails <a href=\"http:\/\/myprep.be\/?page_id=50\" target=\"_blank\" rel=\"noopener\"><strong>MyPrEP.be<\/strong>.<\/a><img loading=\"lazy\" decoding=\"async\" class=\"aligncenter wp-image-8651 size-large\" src=\"https:\/\/preventionsida.org\/wp-content\/uploads\/2021\/04\/PrEP-en-continu_V3-1024x421.png\" alt=\"\" width=\"640\" height=\"263\" srcset=\"https:\/\/preventionsida.org\/wp-content\/uploads\/2021\/04\/PrEP-en-continu_V3-1024x421.png 1024w, https:\/\/preventionsida.org\/wp-content\/uploads\/2021\/04\/PrEP-en-continu_V3-300x123.png 300w, https:\/\/preventionsida.org\/wp-content\/uploads\/2021\/04\/PrEP-en-continu_V3-768x316.png 768w, https:\/\/preventionsida.org\/wp-content\/uploads\/2021\/04\/PrEP-en-continu_V3-1536x632.png 1536w, https:\/\/preventionsida.org\/wp-content\/uploads\/2021\/04\/PrEP-en-continu_V3-2048x843.png 2048w, https:\/\/preventionsida.org\/wp-content\/uploads\/2021\/04\/PrEP-en-continu_V3-500x206.png 500w\" sizes=\"auto, (max-width: 640px) 100vw, 640px\" \/><\/li>\n<li><strong>La PrEP \u00e0 la demande (uniquement pour les hommes) :<\/strong> il s\u2019agit de prendre deux comprim\u00e9s minimum 2h et maximum 24h avant le rapport sexuel et puis de reprendre un comprim\u00e9 le lendemain \u00e0 la m\u00eame heure et un deuxi\u00e8me 24h apr\u00e8s. Plus de d\u00e9tails <a href=\"http:\/\/myprep.be\/?page_id=50\" target=\"_blank\" rel=\"noopener\"><strong>MyPrEP.be<\/strong>.<\/a><img loading=\"lazy\" decoding=\"async\" class=\"aligncenter wp-image-8653 size-medium\" src=\"https:\/\/preventionsida.org\/wp-content\/uploads\/2021\/04\/PrEP-a-la-demande_v2-300x217.png\" alt=\"\" width=\"300\" height=\"217\" srcset=\"https:\/\/preventionsida.org\/wp-content\/uploads\/2021\/04\/PrEP-a-la-demande_v2-300x217.png 300w, https:\/\/preventionsida.org\/wp-content\/uploads\/2021\/04\/PrEP-a-la-demande_v2-1024x739.png 1024w, https:\/\/preventionsida.org\/wp-content\/uploads\/2021\/04\/PrEP-a-la-demande_v2-768x554.png 768w, https:\/\/preventionsida.org\/wp-content\/uploads\/2021\/04\/PrEP-a-la-demande_v2-500x361.png 500w, https:\/\/preventionsida.org\/wp-content\/uploads\/2021\/04\/PrEP-a-la-demande_v2.png 1338w\" sizes=\"auto, (max-width: 300px) 100vw, 300px\" \/><\/li>\n<\/ul>\n","col_right":"<p>Lors de l\u2019utilisation de la PrEP, <strong>un suivi m\u00e9dical est important<\/strong> pour v\u00e9rifier\u00a0:<\/p>\n<ul>\n<li>qu\u2019il n\u2019y a pas de contamination au VIH<\/li>\n<li>la pr\u00e9sence d\u2019IST pour les traiter<\/li>\n<li>le fonctionnement des reins<\/li>\n<li>et que l\u2019utilisateur\u00b7trice n\u2019a pas de question et respecte bien les sch\u00e9mas de prise des comprim\u00e9s<\/li>\n<\/ul>\n"},{"acf_fc_layout":"textfull","text":"<h2>La PrEP, quel suivi ?<\/h2>\n<p><img loading=\"lazy\" decoding=\"async\" class=\"wp-image-8655 size-full aligncenter\" src=\"https:\/\/preventionsida.org\/wp-content\/uploads\/2021\/04\/lignedutemps.png\" alt=\"\" width=\"4382\" height=\"805\" srcset=\"https:\/\/preventionsida.org\/wp-content\/uploads\/2021\/04\/lignedutemps.png 4382w, https:\/\/preventionsida.org\/wp-content\/uploads\/2021\/04\/lignedutemps-300x55.png 300w, https:\/\/preventionsida.org\/wp-content\/uploads\/2021\/04\/lignedutemps-1024x188.png 1024w, https:\/\/preventionsida.org\/wp-content\/uploads\/2021\/04\/lignedutemps-768x141.png 768w, https:\/\/preventionsida.org\/wp-content\/uploads\/2021\/04\/lignedutemps-1536x282.png 1536w, https:\/\/preventionsida.org\/wp-content\/uploads\/2021\/04\/lignedutemps-2048x376.png 2048w, https:\/\/preventionsida.org\/wp-content\/uploads\/2021\/04\/lignedutemps-500x92.png 500w\" sizes=\"auto, (max-width: 4382px) 100vw, 4382px\" \/><\/p>\n","background_color":false},{"acf_fc_layout":"textfull","text":"<h2>La PrEP, combien \u00e7a co\u00fbte\u00a0?<\/h2>\n<p>La PrEP peut uniquement \u00eatre <strong>prescrite<\/strong> par un m\u00e9decin attach\u00e9 \u00e0 un <strong>Centre de r\u00e9f\u00e9rence VIH<\/strong> apr\u00e8s une consultation m\u00e9dicale. Si la personne rempli les crit\u00e8res de remboursement (voir La PrEP, c\u2019est pour qui\u00a0?), la PrEP est <strong>rembours\u00e9e<\/strong>.<\/p>\n","background_color":false},{"acf_fc_layout":"tabs","exp_title":"O\u00f9 se rendre pour commencer un suivi PrEP?","exp_items":[{"exp_item_title":"<p>Bruxelles<\/p>\n","exp_item_texte":"<ul>\n<li><strong>H\u00f4pital Erasme (H\u00f4pital de jour 1er \u00e9tage-route 936) :<\/strong><br \/>\n<em>RDV au<\/em> 02\/555.74.84 (option 2 pour parler \u00e0 l&rsquo;\u00e9quipe)<br \/>\n<em>RDV possible et pr\u00e9f\u00e9r\u00e9 par email :\u00a0<\/em><a href=\"mailto:prevention@erasme.ulb.ac.be\" target=\"_blank\" rel=\"noopener noreferrer\">prevention@erasme.ulb.ac.be<\/a><br \/>\nRoute de Lennik, 808<br \/>\n1070 Anderlecht<\/li>\n<li><strong>Polyclinique du Lothier :<\/strong><br \/>\n<em>RDV au<\/em> 02\/555.74.84<em> (lundi apr\u00e8s-midi et jeudi apr\u00e8s-midi)<\/em><br \/>\nBoulevard Baudouin, 27<br \/>\n1000 Bruxelles<\/li>\n<li><strong>Cliniques Saint-Luc :<\/strong><br \/>\n<em>Sans RDV le lundi de 15h30 \u00e0 17h30 et le mercredi de 11h \u00e0 13h<\/em><br \/>\n<em>Renseignements au<\/em> 02\/764.21.56<br \/>\nAvenue Hippocrate, 10<br \/>\n1200 Woluwe-Saint-Lambert<\/li>\n<li><strong>Centre MIA :<br \/>\n<\/strong><em>Sur RDV au <\/em>02\/535.31.77 ou via <strong><a class=\"defaultMailLink\" href=\"http:\/\/contactmia.be\/\" target=\"_blank\" rel=\"noopener noreferrer\" data-ik=\"ik-secure\">contactmia.be<\/a><\/strong><br \/>\nRue Haute, 290<br \/>\n1000 Bruxelles<\/li>\n<li><strong>UZ Brussel :<\/strong><br \/>\n<em>RDV au<\/em> 02\/477.60.01<br \/>\nAvenue du Laerbeek, 101<br \/>\n1090 Jette<\/li>\n<\/ul>\n"},{"exp_item_title":"<p>Brabant Wallon<\/p>\n","exp_item_texte":"<ul>\n<li><strong>Polyclinique de Nivelles :<\/strong><br \/>\n<em>Un jeudi par mois, prendre RDV au<\/em> 02\/555.74.84<br \/>\nRue des Conceptionnistes, 3<br \/>\n1400 Nivelles<\/li>\n<li><strong>Polyclinique de Louvain-La-Neuve :<\/strong><br \/>\n<em>Chaque 4<sup>e<\/sup> mardi du mois<\/em><br \/>\n<em>Prendre RDV avec le Dr Leila Belkhir au<\/em> 010\/23.25.70<br \/>\nRue du trait\u00e9 de Rome, 5<br \/>\n1348 Louvain-La-Neuve<\/li>\n<li><strong>Clinique Saint-Pierre ASBL :<\/strong><br \/>\n<em>Prendre RDV avec le Dr Marot au<\/em> 010\/43.73.70<br \/>\nAvenue Reine Fabiola, 9<br \/>\n1340 Ottignies<\/li>\n<\/ul>\n"},{"exp_item_title":"<p>Namur<\/p>\n","exp_item_texte":"<ul>\n<li><strong>CHU Mont Godinne :<\/strong><br \/>\n<em>RDV au<\/em> 081\/42.38.00<br \/>\nAvenue Gaston Th\u00e9rasse, 1<br \/>\n5530 Yvoir<\/li>\n<\/ul>\n"},{"exp_item_title":"<p>Li\u00e8ge<\/p>\n","exp_item_texte":"<ul>\n<li><strong>CHU de Li\u00e8ge &#8211; Polyclinique du Br\u00fcll :<\/strong><br \/>\n<em>RDV au<\/em> 043\/23.31.90<br \/>\nQuai Godefroid Kurth, 45<br \/>\n4020 Li\u00e8ge<\/li>\n<\/ul>\n"},{"exp_item_title":"<p>Luxembourg<\/p>\n","exp_item_texte":"<ul>\n<li><strong>H\u00f4pital d&rsquo;Arlon :<\/strong><br \/>\n<em>Prendre RDV avec le Dr Pascal Pierre au<\/em> 063\/23.13.86<br \/>\nRue des D\u00e9port\u00e9s, 137<br \/>\n6700 Arlon<\/li>\n<li><strong>H\u00f4pital de Libramont :<\/strong><br \/>\n<em>Prendre RDV avec le Dr Pascal Pierre au<\/em> 063\/23.13.86<br \/>\nAvenue de Houffalize 35,<br \/>\n6800 Libramont-Chevigny<\/li>\n<\/ul>\n"},{"exp_item_title":"<p>Hainaut<\/p>\n","exp_item_texte":"<ul>\n<li><strong>CHU Charleroi :<\/strong><br \/>\n<em>RDV au<\/em> 071\/92.23.07<br \/>\nChauss\u00e9e de Bruxelles, 140<br \/>\n6042 Charleroi<\/li>\n<li><strong>CHU HELORA :<\/strong><br \/>\n<em>RDV au<\/em> 065\/41.41.41<br \/>\nBoulevard John Fitzgerald Kennedy, 2<br \/>\n7000 Mons<\/li>\n<\/ul>\n"},{"exp_item_title":"<p>Tournai &amp; Mouscron<\/p>\n","exp_item_texte":"<ul>\n<li><strong>Centre Hospitalier Dron de Tourcoing :<\/strong><br \/>\n<em>Prendre RDV au<\/em> +33 320 69 46 05<br \/>\nRue du Pr\u00e9sident Coty, 155<br \/>\n59208 Tourcoing<br \/>\n<strong>Uniquement pour les personnes r\u00e9sidant \u00e0 Mouscron\/Courtrai<\/strong><\/li>\n<\/ul>\n"}]},{"acf_fc_layout":"textfull","text":"<p><strong>La PrEP est un moyen suppl\u00e9mentaire de se prot\u00e9ger contre le VIH pour un certain nombre de personnes. <\/strong><\/p>\n<p><strong>La PrEP semble \u00eatre fait pour vous, renseignez-vous aupr\u00e8s de notre association ou d\u2019un Centres de r\u00e9f\u00e9rence VIH pour avoir plus d\u2019information ou consultez le site <a href=\"http:\/\/myprep.be\/\" target=\"_blank\" rel=\"noopener\">http:\/\/myprep.be\/<\/a><\/strong><\/p>\n<p><strong>D\u00e9couvrez \u00e9galement le <a href=\"https:\/\/preventionsida.org\/fr\/ressources\/la-prep-une-nouvelle-methode-de-prevention-du-vih-une-campagne-participative-a-lattention-du-public-afro-latino-caribeen\/\">Projet PrEP de la Plateforme Pr\u00e9vention Sida, \u00e0 destination des personnes afro-latino-carib\u00e9ennes<\/a>.<\/strong><\/p>\n","background_color":true}]},"_links":{"self":[{"href":"https:\/\/preventionsida.org\/fr\/wp-json\/wp\/v2\/pages\/866","targetHints":{"allow":["GET"]}}],"collection":[{"href":"https:\/\/preventionsida.org\/fr\/wp-json\/wp\/v2\/pages"}],"about":[{"href":"https:\/\/preventionsida.org\/fr\/wp-json\/wp\/v2\/types\/page"}],"author":[{"embeddable":true,"href":"https:\/\/preventionsida.org\/fr\/wp-json\/wp\/v2\/users\/1"}],"replies":[{"embeddable":true,"href":"https:\/\/preventionsida.org\/fr\/wp-json\/wp\/v2\/comments?post=866"}],"version-history":[{"count":35,"href":"https:\/\/preventionsida.org\/fr\/wp-json\/wp\/v2\/pages\/866\/revisions"}],"predecessor-version":[{"id":16468,"href":"https:\/\/preventionsida.org\/fr\/wp-json\/wp\/v2\/pages\/866\/revisions\/16468"}],"up":[{"embeddable":true,"href":"https:\/\/preventionsida.org\/fr\/wp-json\/wp\/v2\/pages\/25"}],"wp:attachment":[{"href":"https:\/\/preventionsida.org\/fr\/wp-json\/wp\/v2\/media?parent=866"}],"curies":[{"name":"wp","href":"https:\/\/api.w.org\/{rel}","templated":true}]}}