{"id":849,"date":"2019-09-17T16:10:18","date_gmt":"2019-09-17T14:10:18","guid":{"rendered":"https:\/\/preventionsida.org\/?page_id=849"},"modified":"2025-02-24T11:35:08","modified_gmt":"2025-02-24T10:35:08","slug":"indetectable-intransmissible-ou-ii","status":"publish","type":"page","link":"https:\/\/preventionsida.org\/fr\/protection\/indetectable-intransmissible-ou-ii\/","title":{"rendered":"\u00abInd\u00e9tectable = Intransmissible\u00bb ou \u00ab i=i \u00bb"},"content":{"rendered":"","protected":false},"excerpt":{"rendered":"","protected":false},"author":1,"featured_media":0,"parent":25,"menu_order":0,"comment_status":"closed","ping_status":"closed","template":"","meta":{"_acf_changed":false,"footnotes":""},"class_list":["post-849","page","type-page","status-publish","hentry"],"acf":{"sidebar":211,"contenu_flexible":[{"acf_fc_layout":"imagefull","image":850,"text":""},{"acf_fc_layout":"textfull","text":"<h2>\u201cind\u00e9tectable = intransmissible\u201d, \u00e7a veut dire quoi ?<\/h2>\n<p>Cela veut dire qu\u2019<strong>une personne s\u00e9ropositive qui a une charge virale ind\u00e9tectable gr\u00e2ce \u00e0 son traitement peut avoir des relations sexuelles avec son\u00b7sa partenaire sans pr\u00e9servatif sans aucun risque de transmettre le VIH<\/strong>, quelles que soient les pratiques (rapports vaginaux, anaux, oraux). Elle peut donc aussi\u00a0<strong>avoir des enfants s\u00e9ron\u00e9gatifs de mani\u00e8re naturelle<\/strong>\u00a0(sans assistance m\u00e9dicale) et donner naissance \u00e0 des enfants s\u00e9ron\u00e9gatifs.<\/p>\n<blockquote>\n<ul>\n<li>Ne plus avoir peur de transmettre le VIH lors des rapports sexuels, avoir une vie sexuelle satisfaisante, faire des projet de vie ou de famille : \u00e7a change tout\u00a0!<\/li>\n<li>Attention, la charge virale ind\u00e9tectable emp\u00eache la <strong><a href=\"\/fr\/traitement\/vih\/les-traitements-contre-le-vih\/\">transmission du VIH<\/a><\/strong> uniquement, elle n\u2019emp\u00eache pas la <strong><a href=\"\/fr\/ist\/les-ist-cest-quoi\/\">transmission d\u2019autres IST<\/a><\/strong>.<\/li>\n<\/ul>\n<\/blockquote>\n","background_color":false},{"acf_fc_layout":"imagetext","image":1929,"text":"<h2>La charge virale, c\u2019est quoi ?<\/h2>\n<p>La charge virale, c\u2019est <strong>la quantit\u00e9 de virus VIH qu\u2019il y\u2019a dans le sang d\u2019une personne s\u00e9ropositive.<\/strong><\/p>\n<p>&nbsp;<\/p>\n<h2>La charge virale ind\u00e9tectable, c\u2019est quoi ?<\/h2>\n<p>On parle de charge virale ind\u00e9tectable lorsque, gr\u00e2ce au <a href=\"https:\/\/preventionsida.org\/fr\/traitement\/\"><strong>traitement<\/strong><\/a> pris par la personne s\u00e9ropositive, <strong>la quantit\u00e9 de VIH est tellement faible <\/strong><em>(nombre de copies du virus inf\u00e9rieur \u00e0 20),<\/em><strong>\u00a0qu\u2019elle ne peut plus \u00eatre d\u00e9tect\u00e9e au laboratoire<\/strong> gr\u00e2ce aux techniques actuelles. Quand la charge virale est ind\u00e9tectable, <strong>alors le VIH ne peut plus \u00eatre transmis lors de relations sexuelles, m\u00eame sans pr\u00e9servatif. <\/strong><\/p>\n","background_color":false,"link_image":""},{"acf_fc_layout":"video","video_id":"cXgO2QuJsZc"},{"acf_fc_layout":"video","video_id":"ZQDOzM-I8Ys"},{"acf_fc_layout":"textfull","text":"<h2>Comment savoir si la charge virale est ind\u00e9tectable?<\/h2>\n<p>La seule mani\u00e8re de le savoir, c\u2019est de <strong>faire r\u00e9guli\u00e8rement une prise de sang afin de mesurer la quantit\u00e9 de virus VIH. <\/strong>Concr\u00e8tement il s\u2019agit de mesurer le nombre de copies du virus dans un millilitre de sang (c\u2019est la r\u00e9plication (multiplication) du virus). Le virus dans le sang d\u2019une <strong>personne r\u00e9cemment infect\u00e9e et non trait\u00e9e peut atteindre des centaines de milliers de copies<\/strong>. En revanche le virus dans le sang de la personne \u00e0 <strong>la charge virale ind\u00e9tectable est en dessous de 20 copies.<\/strong><\/p>\n","background_color":false},{"acf_fc_layout":"imagefull","image":862,"text":""},{"acf_fc_layout":"textfull","text":"<h2>Attention\u00a0!<\/h2>\n<p><strong>Avoir une charge virale ind\u00e9tectable ne veut pas dire que la personne est gu\u00e9rie.<\/strong> Le virus est toujours pr\u00e9sent dans le corps. La personne devra continuer \u00e0 suivre son traitement correctement. Sans cela la charge virale peut remonter (\u00eatre d\u00e9tectable) avec risque de <strong><a href=\"\/fr\/traitement\/vih\/les-traitements-contre-le-vih\/\">transmission du VIH<\/a><\/strong>.<\/p>\n<p>La charge virale d\u2019une personne sous traitement <strong>peut aussi redevenir d\u00e9tectable<\/strong>\u00a0:<\/p>\n<ul>\n<li>Si la personne est infect\u00e9e par une autre IST,<\/li>\n<li>Si le traitement n\u2019est plus efficace face au virus.<\/li>\n<\/ul>\n","background_color":true}]},"_links":{"self":[{"href":"https:\/\/preventionsida.org\/fr\/wp-json\/wp\/v2\/pages\/849","targetHints":{"allow":["GET"]}}],"collection":[{"href":"https:\/\/preventionsida.org\/fr\/wp-json\/wp\/v2\/pages"}],"about":[{"href":"https:\/\/preventionsida.org\/fr\/wp-json\/wp\/v2\/types\/page"}],"author":[{"embeddable":true,"href":"https:\/\/preventionsida.org\/fr\/wp-json\/wp\/v2\/users\/1"}],"replies":[{"embeddable":true,"href":"https:\/\/preventionsida.org\/fr\/wp-json\/wp\/v2\/comments?post=849"}],"version-history":[{"count":23,"href":"https:\/\/preventionsida.org\/fr\/wp-json\/wp\/v2\/pages\/849\/revisions"}],"predecessor-version":[{"id":15344,"href":"https:\/\/preventionsida.org\/fr\/wp-json\/wp\/v2\/pages\/849\/revisions\/15344"}],"up":[{"embeddable":true,"href":"https:\/\/preventionsida.org\/fr\/wp-json\/wp\/v2\/pages\/25"}],"wp:attachment":[{"href":"https:\/\/preventionsida.org\/fr\/wp-json\/wp\/v2\/media?parent=849"}],"curies":[{"name":"wp","href":"https:\/\/api.w.org\/{rel}","templated":true}]}}