{"id":836,"date":"2019-09-17T16:03:14","date_gmt":"2019-09-17T14:03:14","guid":{"rendered":"https:\/\/preventionsida.org\/?page_id=836"},"modified":"2025-02-24T11:34:54","modified_gmt":"2025-02-24T10:34:54","slug":"le-carre-de-latex","status":"publish","type":"page","link":"https:\/\/preventionsida.org\/fr\/protection\/le-carre-de-latex\/","title":{"rendered":"Le carr\u00e9 de latex"},"content":{"rendered":"","protected":false},"excerpt":{"rendered":"","protected":false},"author":1,"featured_media":0,"parent":25,"menu_order":0,"comment_status":"closed","ping_status":"closed","template":"","meta":{"_acf_changed":false,"footnotes":""},"class_list":["post-836","page","type-page","status-publish","hentry"],"acf":{"sidebar":211,"contenu_flexible":[{"acf_fc_layout":"imagetext","image":1921,"text":"<p>Le carr\u00e9 de latex est utilis\u00e9 pour \u00e9viter le contact entre la vulve\/le vagin ou l\u2019anus et la bouche. Il est donc utilis\u00e9 pour les cunnilingus et les anulingus.<\/p>\n<p>Il est facile de s\u2019en fabriquer un en d\u00e9coupant un pr\u00e9servatif dans sa longueur et en le d\u00e9roulant. On peut aussi en acheter dans les sex-shops. Certains ont des go\u00fbts fruit\u00e9s.<\/p>\n<p>&nbsp;<\/p>\n<h2>Cr\u00e9er un carr\u00e9 de latex<\/h2>\n<p><img loading=\"lazy\" decoding=\"async\" class=\"alignnone size-full wp-image-841\" src=\"https:\/\/preventionsida.org\/wp-content\/uploads\/2019\/09\/creer-un-carre-de-latex.png\" alt=\"creer un carre de latex\" width=\"151\" height=\"100\" srcset=\"https:\/\/preventionsida.org\/wp-content\/uploads\/2019\/09\/creer-un-carre-de-latex.png 151w, https:\/\/preventionsida.org\/wp-content\/uploads\/2019\/09\/creer-un-carre-de-latex-150x100.png 150w\" sizes=\"auto, (max-width: 151px) 100vw, 151px\" \/><\/p>\n","background_color":false,"link_image":""},{"acf_fc_layout":"textfull","text":"\n<div class=\"wpcf7 no-js\" id=\"wpcf7-f11570-o1\" lang=\"fr-FR\" dir=\"ltr\" data-wpcf7-id=\"11570\">\n<div class=\"screen-reader-response\"><p role=\"status\" aria-live=\"polite\" aria-atomic=\"true\"><\/p> <ul><\/ul><\/div>\n<form action=\"\/fr\/wp-json\/wp\/v2\/pages\/836#wpcf7-f11570-o1\" method=\"post\" class=\"wpcf7-form init\" aria-label=\"Formulaire de contact\" novalidate=\"novalidate\" data-status=\"init\">\n<fieldset class=\"hidden-fields-container\"><input type=\"hidden\" name=\"_wpcf7\" value=\"11570\" \/><input type=\"hidden\" name=\"_wpcf7_version\" value=\"6.1.3\" \/><input type=\"hidden\" name=\"_wpcf7_locale\" value=\"fr_FR\" \/><input type=\"hidden\" name=\"_wpcf7_unit_tag\" value=\"wpcf7-f11570-o1\" \/><input type=\"hidden\" name=\"_wpcf7_container_post\" value=\"0\" \/><input type=\"hidden\" name=\"_wpcf7_posted_data_hash\" value=\"\" \/><input type=\"hidden\" name=\"_wpcf7_recaptcha_response\" value=\"\" \/>\n<\/fieldset>\n<h2>Commandez votre pr\u00e9servatif pour en faire un carr\u00e9 de latex !\n<\/h2>\n<div>\n\t<p>La Plateforme Pr\u00e9vention Sida peut vous envoyer gratuitement quelques pr\u00e9servatifs chez vous. Cette offre est uniquement valable pour des envois en Belgique car la Plateforme Pr\u00e9vention Sida est une ASBL belge ayant une mission sur le territoire de la Communaut\u00e9 fran\u00e7aise de Belgique. Notre mission n\u2019est donc pas internationale.\n\t<\/p>\n<\/div>\n<p><label>Votre nom (obligatoire)<br \/>\n<span class=\"wpcf7-form-control-wrap\" data-name=\"your-name\"><input size=\"40\" maxlength=\"400\" class=\"wpcf7-form-control wpcf7-text wpcf7-validates-as-required\" autocomplete=\"family-name\" aria-required=\"true\" aria-invalid=\"false\" value=\"\" type=\"text\" name=\"your-name\" \/><\/span> <\/label>\n<\/p>\n<p><label>Votre pr\u00e9nom (obligatoire)<br \/>\n<span class=\"wpcf7-form-control-wrap\" data-name=\"your-firstname\"><input size=\"40\" maxlength=\"400\" class=\"wpcf7-form-control wpcf7-text wpcf7-validates-as-required\" autocomplete=\"given-name\" aria-required=\"true\" aria-invalid=\"false\" value=\"\" type=\"text\" name=\"your-firstname\" \/><\/span> <\/label>\n<\/p>\n<p><label>Votre adresse de messagerie (obligatoire)<br \/>\n<span class=\"wpcf7-form-control-wrap\" data-name=\"your-email\"><input size=\"40\" maxlength=\"400\" class=\"wpcf7-form-control wpcf7-email wpcf7-validates-as-required wpcf7-text wpcf7-validates-as-email\" aria-required=\"true\" aria-invalid=\"false\" value=\"\" type=\"email\" name=\"your-email\" \/><\/span> <\/label>\n<\/p>\n<p><label>Rue\/num\u00e9ro (obligatoire)<br \/>\n<span class=\"wpcf7-form-control-wrap\" data-name=\"your-street\"><input size=\"40\" maxlength=\"400\" class=\"wpcf7-form-control wpcf7-text wpcf7-validates-as-required\" aria-required=\"true\" aria-invalid=\"false\" value=\"\" type=\"text\" name=\"your-street\" \/><\/span> <\/label>\n<\/p>\n<p><label>Code postal (obligatoire)<br \/>\n<span class=\"wpcf7-form-control-wrap\" data-name=\"your-postcode\"><input size=\"40\" maxlength=\"400\" class=\"wpcf7-form-control wpcf7-text wpcf7-validates-as-required\" aria-required=\"true\" aria-invalid=\"false\" value=\"\" type=\"text\" name=\"your-postcode\" \/><\/span> <\/label>\n<\/p>\n<p><label>Ville (obligatoire)<br \/>\n<span class=\"wpcf7-form-control-wrap\" data-name=\"your-city\"><input size=\"40\" maxlength=\"400\" class=\"wpcf7-form-control wpcf7-text wpcf7-validates-as-required\" aria-required=\"true\" aria-invalid=\"false\" value=\"\" type=\"text\" name=\"your-city\" \/><\/span> <\/label>\n<\/p>\n<p><span class=\"wpcf7-form-control-wrap\" data-name=\"acceptance-856\"><span class=\"wpcf7-form-control wpcf7-acceptance\"><span class=\"wpcf7-list-item\"><label><input type=\"checkbox\" name=\"acceptance-856\" value=\"1\" aria-invalid=\"false\" \/><span class=\"wpcf7-list-item-label\">Je ne suis pas un robot<\/span><\/label><\/span><\/span><\/span>\n<\/p>\n<p><label><span class=\"wpcf7-form-control-wrap\" data-name=\"mailchimp\"><span class=\"wpcf7-form-control wpcf7-checkbox\"><span class=\"wpcf7-list-item first last\"><input type=\"checkbox\" name=\"mailchimp[]\" value=\"Oui, je veux recevoir le Safe Sex News par email\" \/><span class=\"wpcf7-list-item-label\">Oui, je veux recevoir le Safe Sex News par email<\/span><\/span><\/span><\/span><\/label>\n<\/p>\n<p><span class=\"wpcf7-form-control-wrap\" data-name=\"acceptance-gdpr\"><span class=\"wpcf7-form-control wpcf7-acceptance\"><span class=\"wpcf7-list-item\"><label><input type=\"checkbox\" name=\"acceptance-gdpr\" value=\"1\" aria-invalid=\"false\" \/><span class=\"wpcf7-list-item-label\">J'accepte la <a href=\"https:\/\/preventionsida.org\/fr\/conditions-generales-utilisation\/\" target=\"_blank\">politique de confidentialit\u00e9<\/a> de l'asbl Plate-Forme Pr\u00e9vention Sida.*<\/span><\/label><\/span><\/span><\/span>\n<\/p>\n<p><span id=\"wpcf7-69d5ba5363b86-wrapper\" class=\"wpcf7-form-control-wrap custom-website-wrap\" style=\"display:none !important; visibility:hidden !important;\"><label for=\"wpcf7-69d5ba5363b86-field\" class=\"hp-message\">Veuillez laisser ce champ vide.<\/label><input id=\"wpcf7-69d5ba5363b86-field\"  class=\"wpcf7-form-control wpcf7-text\" type=\"text\" name=\"custom-website\" value=\"\" size=\"40\" tabindex=\"-1\" autocomplete=\"new-password\" \/><\/span><br \/>\n<input class=\"wpcf7-form-control wpcf7-submit has-spinner\" type=\"submit\" value=\"Envoyer\" \/>\n<\/p><div class=\"wpcf7-response-output\" aria-hidden=\"true\"><\/div>\n<\/form>\n<\/div>\n\n","background_color":true}]},"_links":{"self":[{"href":"https:\/\/preventionsida.org\/fr\/wp-json\/wp\/v2\/pages\/836","targetHints":{"allow":["GET"]}}],"collection":[{"href":"https:\/\/preventionsida.org\/fr\/wp-json\/wp\/v2\/pages"}],"about":[{"href":"https:\/\/preventionsida.org\/fr\/wp-json\/wp\/v2\/types\/page"}],"author":[{"embeddable":true,"href":"https:\/\/preventionsida.org\/fr\/wp-json\/wp\/v2\/users\/1"}],"replies":[{"embeddable":true,"href":"https:\/\/preventionsida.org\/fr\/wp-json\/wp\/v2\/comments?post=836"}],"version-history":[{"count":16,"href":"https:\/\/preventionsida.org\/fr\/wp-json\/wp\/v2\/pages\/836\/revisions"}],"predecessor-version":[{"id":15343,"href":"https:\/\/preventionsida.org\/fr\/wp-json\/wp\/v2\/pages\/836\/revisions\/15343"}],"up":[{"embeddable":true,"href":"https:\/\/preventionsida.org\/fr\/wp-json\/wp\/v2\/pages\/25"}],"wp:attachment":[{"href":"https:\/\/preventionsida.org\/fr\/wp-json\/wp\/v2\/media?parent=836"}],"curies":[{"name":"wp","href":"https:\/\/api.w.org\/{rel}","templated":true}]}}