{"id":820,"date":"2019-09-17T15:42:47","date_gmt":"2019-09-17T13:42:47","guid":{"rendered":"https:\/\/preventionsida.org\/?page_id=820"},"modified":"2025-05-21T13:32:04","modified_gmt":"2025-05-21T11:32:04","slug":"le-preservatif","status":"publish","type":"page","link":"https:\/\/preventionsida.org\/fr\/protection\/le-preservatif\/","title":{"rendered":"Le pr\u00e9servatif : pour se prot\u00e9ger contre les IST et le VIH"},"content":{"rendered":"","protected":false},"excerpt":{"rendered":"","protected":false},"author":1,"featured_media":0,"parent":25,"menu_order":0,"comment_status":"closed","ping_status":"closed","template":"","meta":{"_acf_changed":false,"footnotes":""},"class_list":["post-820","page","type-page","status-publish","hentry"],"acf":{"sidebar":211,"contenu_flexible":[{"acf_fc_layout":"textfull","text":"<p>Le pr\u00e9servatif (externe ou interne) est <strong>l\u2019outil le plus utilis\u00e9 et le plus accessible <\/strong>pour se prot\u00e9ger et prot\u00e9ger son\u00b7sa\u00b7ses partenaire\u00b7s contre le <a href=\"https:\/\/preventionsida.org\/fr\/vih\/le-vih-cest-quoi\/\"><strong>VIH<\/strong><\/a> et les <a href=\"https:\/\/preventionsida.org\/fr\/ist\/les-ist-cest-quoi\/\"><strong>IST<\/strong><\/a>.<\/p>\n<p>Pour que la protection soit efficace, il faut bien suivre le mode d\u2019emploi. <strong>Une mauvaise utilisation du pr\u00e9servatif peut causer des d\u00e9chirements ou des glissements pendant le rapport sexuel.<\/strong> La protection contre le VIH et les IST n\u2019est alors plus assur\u00e9e.<\/p>\n","background_color":false},{"acf_fc_layout":"textfull","text":"\n<div class=\"wpcf7 no-js\" id=\"wpcf7-f1735-o1\" lang=\"fr-FR\" dir=\"ltr\" data-wpcf7-id=\"1735\">\n<div class=\"screen-reader-response\"><p role=\"status\" aria-live=\"polite\" aria-atomic=\"true\"><\/p> <ul><\/ul><\/div>\n<form action=\"\/fr\/wp-json\/wp\/v2\/pages\/820#wpcf7-f1735-o1\" method=\"post\" class=\"wpcf7-form init\" aria-label=\"Formulaire de contact\" novalidate=\"novalidate\" data-status=\"init\">\n<fieldset class=\"hidden-fields-container\"><input type=\"hidden\" name=\"_wpcf7\" value=\"1735\" \/><input type=\"hidden\" name=\"_wpcf7_version\" value=\"6.1.3\" \/><input type=\"hidden\" name=\"_wpcf7_locale\" value=\"fr_FR\" \/><input type=\"hidden\" name=\"_wpcf7_unit_tag\" value=\"wpcf7-f1735-o1\" \/><input type=\"hidden\" name=\"_wpcf7_container_post\" value=\"0\" \/><input type=\"hidden\" name=\"_wpcf7_posted_data_hash\" value=\"\" \/><input type=\"hidden\" name=\"_wpcf7_recaptcha_response\" value=\"\" \/>\n<\/fieldset>\n<h2>Commandez vos pr\u00e9servatifs gratuitement\n<\/h2>\n<div>\n\t<p>La Plateforme Pr\u00e9vention Sida peut vous envoyer gratuitement quelques pr\u00e9servatifs chez vous. Cette offre est uniquement valable pour des envois en Belgique car la Plateforme Pr\u00e9vention Sida est une ASBL belge ayant une mission sur le territoire de la Communaut\u00e9 fran\u00e7aise de Belgique. Notre mission n\u2019est donc pas internationale.\n\t<\/p>\n<\/div>\n<p><label>Votre nom (obligatoire)<br \/>\n<span class=\"wpcf7-form-control-wrap\" data-name=\"your-name\"><input size=\"40\" maxlength=\"400\" class=\"wpcf7-form-control wpcf7-text wpcf7-validates-as-required\" autocomplete=\"family-name\" aria-required=\"true\" aria-invalid=\"false\" value=\"\" type=\"text\" name=\"your-name\" \/><\/span> <\/label>\n<\/p>\n<p><label>Votre pr\u00e9nom (obligatoire)<br \/>\n<span class=\"wpcf7-form-control-wrap\" data-name=\"your-firstname\"><input size=\"40\" maxlength=\"400\" class=\"wpcf7-form-control wpcf7-text wpcf7-validates-as-required\" autocomplete=\"given-name\" aria-required=\"true\" aria-invalid=\"false\" value=\"\" type=\"text\" name=\"your-firstname\" \/><\/span> <\/label>\n<\/p>\n<p><label>Votre adresse de messagerie (obligatoire)<br \/>\n<span class=\"wpcf7-form-control-wrap\" data-name=\"your-email\"><input size=\"40\" maxlength=\"400\" class=\"wpcf7-form-control wpcf7-email wpcf7-validates-as-required wpcf7-text wpcf7-validates-as-email\" aria-required=\"true\" aria-invalid=\"false\" value=\"\" type=\"email\" name=\"your-email\" \/><\/span> <\/label>\n<\/p>\n<p><label>Rue\/num\u00e9ro (obligatoire)<br \/>\n<span class=\"wpcf7-form-control-wrap\" data-name=\"your-street\"><input size=\"40\" maxlength=\"400\" class=\"wpcf7-form-control wpcf7-text wpcf7-validates-as-required\" aria-required=\"true\" aria-invalid=\"false\" value=\"\" type=\"text\" name=\"your-street\" \/><\/span> <\/label>\n<\/p>\n<p><label>Code postal (obligatoire)<br \/>\n<span class=\"wpcf7-form-control-wrap\" data-name=\"your-postcode\"><input size=\"40\" maxlength=\"400\" class=\"wpcf7-form-control wpcf7-text wpcf7-validates-as-required\" aria-required=\"true\" aria-invalid=\"false\" value=\"\" type=\"text\" name=\"your-postcode\" \/><\/span> <\/label>\n<\/p>\n<p><label>Ville (obligatoire)<br \/>\n<span class=\"wpcf7-form-control-wrap\" data-name=\"your-city\"><input size=\"40\" maxlength=\"400\" class=\"wpcf7-form-control wpcf7-text wpcf7-validates-as-required\" aria-required=\"true\" aria-invalid=\"false\" value=\"\" type=\"text\" name=\"your-city\" \/><\/span> <\/label>\n<\/p>\n<p><span class=\"wpcf7-form-control-wrap\" data-name=\"acceptance-856\"><span class=\"wpcf7-form-control wpcf7-acceptance\"><span class=\"wpcf7-list-item\"><label><input type=\"checkbox\" name=\"acceptance-856\" value=\"1\" aria-invalid=\"false\" \/><span class=\"wpcf7-list-item-label\">Je ne suis pas un robot<\/span><\/label><\/span><\/span><\/span>\n<\/p>\n<p><label><span class=\"wpcf7-form-control-wrap\" data-name=\"mailchimp\"><span class=\"wpcf7-form-control wpcf7-checkbox\"><span class=\"wpcf7-list-item first last\"><input type=\"checkbox\" name=\"mailchimp[]\" value=\"Oui, je veux recevoir le Safe Sex News par email\" \/><span class=\"wpcf7-list-item-label\">Oui, je veux recevoir le Safe Sex News par email<\/span><\/span><\/span><\/span><\/label>\n<\/p>\n<p><span class=\"wpcf7-form-control-wrap\" data-name=\"acceptance-gdpr\"><span class=\"wpcf7-form-control wpcf7-acceptance\"><span class=\"wpcf7-list-item\"><label><input type=\"checkbox\" name=\"acceptance-gdpr\" value=\"1\" aria-invalid=\"false\" \/><span class=\"wpcf7-list-item-label\">J'accepte la <a href=\"https:\/\/preventionsida.org\/fr\/conditions-generales-utilisation\/\" target=\"_blank\">politique de confidentialit\u00e9<\/a> de l'asbl Plateforme Pr\u00e9vention Sida.*<\/span><\/label><\/span><\/span><\/span>\n<\/p>\n<p><span id=\"wpcf7-69dc262e277ea-wrapper\" class=\"wpcf7-form-control-wrap custom-website-wrap\" style=\"display:none !important; visibility:hidden !important;\"><label for=\"wpcf7-69dc262e277ea-field\" class=\"hp-message\">Veuillez laisser ce champ vide.<\/label><input id=\"wpcf7-69dc262e277ea-field\"  class=\"wpcf7-form-control wpcf7-text\" type=\"text\" name=\"custom-website\" value=\"\" size=\"40\" tabindex=\"-1\" autocomplete=\"new-password\" \/><\/span><br \/>\n<input class=\"wpcf7-form-control wpcf7-submit has-spinner\" type=\"submit\" value=\"Envoyer\" \/>\n<\/p><div class=\"wpcf7-response-output\" aria-hidden=\"true\"><\/div>\n<\/form>\n<\/div>\n\n","background_color":true},{"acf_fc_layout":"textfull","text":"<h3>Trucs &amp; astuces pour une bonne utilisation du pr\u00e9servatif<\/h3>\n<ul>\n<li>Pour chaque rapport sexuel, utilisez un <strong>nouveau pr\u00e9servatif<\/strong>.<\/li>\n<li>Il ne sert \u00e0 rien de mettre 2 pr\u00e9servatifs \u00e0 la fois.<\/li>\n<li>Certaines personnes sont <strong>allergiques au latex<\/strong>. Pour elles, il existe des pr\u00e9servatifs sans latex. Demandez \u00e0 votre pharmacien.<\/li>\n<li>La plupart des \u00ab\u00a0accidents de capotes\u00a0\u00bb sont dus \u00e0 une mauvaise utilisation : <strong>entra\u00eenez-vous en solo ou \u00e0 deux avant de passer \u00e0 la pratique<\/strong>.<\/li>\n<li>Vous pouvez <strong>acheter des pr\u00e9servatifs<\/strong> \u00e0 la pharmacie, dans les sex-shops ou en grande surface. Des pr\u00e9servatifs gratuits ou bons march\u00e9s sont \u00e9galement disponibles dans certaines associations de pr\u00e9vention du VIH et dans les Centres de Planning Familial. <strong>Certaines mutuelles remboursent une partie des frais lors d&rsquo;achat de pr\u00e9servatifs<\/strong>. Plus d&rsquo;informations <strong><a href=\"https:\/\/www.univers-sante.be\/remboursement-preservatifs-mutuelle\/\">ici<\/a><\/strong><\/li>\n<li>Les pr\u00e9servatifs doivent \u00eatre <strong>conserv\u00e9s dans un\u00a0<\/strong><strong>endroit sec<\/strong><strong>,<\/strong><strong>\u00a0\u00e0 l\u2019abri de la chaleur et de la lumi\u00e8re<\/strong><strong>.<\/strong><strong> Conserver un pr\u00e9servatif dans un portefeuille ou dans une poche risque de l\u2019ab\u00eemer car il sera compress\u00e9.<\/strong><\/li>\n<\/ul>\n","background_color":false},{"acf_fc_layout":"imagetext","image":1914,"text":"<h2>Le pr\u00e9servatif externe (masculin)<\/h2>\n<p>Il est le plus r\u00e9pandu. Il ressemble \u00e0 un doigt en caoutchouc tr\u00e8s fin qui sert \u00e0 recueillir le sperme. Il faut le mettre avant tout rapport sexuel. <strong>Ne mettez pas le pr\u00e9servatif au dernier moment car le liquide <\/strong>s\u00e9minal (liquide transparent qui appara\u00eet lors de l\u2019excitation) peut transmettre le VIH et les IST.<\/p>\n<p>Pensez aussi \u00e0 v\u00e9rifier la date de p\u00e9remption figurant sur l\u2019emballage ! Sachez aussi que l\u2019\u2019inscription \u00ab CE \u00bb sur l\u2019emballage assure une garantie de qualit\u00e9 du pr\u00e9servatif qui r\u00e9pond aux normes europ\u00e9ennes.<\/p>\n","background_color":false,"link_image":""},{"acf_fc_layout":"imagefull","image":823,"text":""},{"acf_fc_layout":"textfull","text":"<ol>\n<li>D\u00e9chirer doucement l\u2019emballage pour ne pas ab\u00eemer le pr\u00e9servatif.<\/li>\n<li>Poser le pr\u00e9servatif sur l\u2019extr\u00e9mit\u00e9 du p\u00e9nis en \u00e9rection.<\/li>\n<li>Pincer d\u00e9licatement le petit r\u00e9servoir entre deux doigts pour en chasser l\u2019air.<\/li>\n<li>D\u00e9rouler-le doucement sur le p\u00e9nis en \u00e9rection (attention \u00e0 le d\u00e9rouler dans le bon sens).<\/li>\n<li>Imm\u00e9diatement apr\u00e8s l\u2019\u00e9jaculation, la personne avec un p\u00e9nis doit se retirer en retenant le pr\u00e9servatif \u00e0 la base du sexe pour ne pas le perdre.<\/li>\n<li>Fermer le pr\u00e9servatif en le nouant et le jeter dans une poubelle.<\/li>\n<\/ol>\n","background_color":false},{"acf_fc_layout":"imagetext","image":1917,"text":"<h2>Le pr\u00e9servatif interne (f\u00e9minin)<\/h2>\n<p>Peu connu et peu utilis\u00e9, le pr\u00e9servatif interne (f\u00e9minin) offre aussi une protection efficace contre le VIH et les IST. Il se met \u00e0 l&rsquo;int\u00e9rieur du vagin et peut \u00eatre plac\u00e9 plusieurs heures avant le rapport sexuel. Fabriqu\u00e9 en polyur\u00e9thane ou en nitrile, le pr\u00e9servatif interne constitue une alternative pour les personnes allergiques au latex. <strong>Pensez \u00e0 v\u00e9rifier la date d\u2019expiration du pr\u00e9servatif figurant sur l\u2019emballage !<\/strong><\/p>\n","background_color":false,"link_image":""},{"acf_fc_layout":"imagefull","image":829,"text":""},{"acf_fc_layout":"textfull","text":"<ol>\n<li>Se mettre en position confortable: couch\u00e9e, assise ou debout avec un pied pos\u00e9 sur une chaise.<\/li>\n<li>Au niveau de la fl\u00e8che, d\u00e9chirer l\u2019emballage vers le bas et retirer le pr\u00e9servatif interne du paquet avec pr\u00e9caution. Ne pas utiliser pas de couteau ou ciseaux qui pourraient endommager le pr\u00e9servatif.<\/li>\n<li>S\u2019assurer que l\u2019anneau interne se trouve au fond du pr\u00e9servatif. Tenir le pr\u00e9servatif par cet anneau en le pressant entre le pouce et l\u2019index.<\/li>\n<li>Sans le rel\u00e2cher, ins\u00e9rer l\u2019anneau dans le vagin et pousser-le aussi loin que possible.<br \/>\nLorsque le pr\u00e9servatif est en place, l\u2019anneau externe doit se trouver \u00e0 l\u2019ext\u00e9rieur du vagin. Il recouvre les organes g\u00e9nitaux externes. Le pr\u00e9servatif f\u00e9minin n\u2019est pas difficile \u00e0 mettre, on s\u2019y habitue au bout de 3-4 essais. Il convient aussi bien aux jeunes qu\u2019aux personnes ayant de l\u2019exp\u00e9rience.<\/li>\n<li>Ne jetez pas le pr\u00e9servatif dans les toilettes mais remettez-le dans sa pochette pour le jeter dans la poubelle.<\/li>\n<\/ol>\n","background_color":false},{"acf_fc_layout":"video","video_id":"HQQFmrXepO8"},{"acf_fc_layout":"text2cols","background_color":false,"title":"Le lubrifiant facilite le rapport sexuel","col_left":"<p>Le lubrifiant facilite les rapports sexuels vaginaux et anaux,\u00a0<strong>diminue le risque de rupture du pr\u00e9servatif et, de mani\u00e8re g\u00e9n\u00e9rale, r\u00e9duit les risques d&rsquo;irritation<\/strong>.\u00a0Il est donc particuli\u00e8rement recommand\u00e9 en cas de rapports anaux ou de s\u00e9cheresse vaginale. Il permet \u00e9galement d&rsquo;augmenter le confort de la relation.<\/p>\n","col_right":"<p>Il convient d&rsquo;en mettre en quantit\u00e9 suffisante \u00e0 l&rsquo;ext\u00e9rieur du pr\u00e9servatif externe, mais aussi sur le vagin ou sur l&rsquo;anus.\u00a0Seul un lubrifiant \u00e0 base d&rsquo;eau est\u00a0sans\u00a0risque :\u00a0<strong>tout corps gras (vaseline, savon, beurre, huile solaire, &#8230;) est \u00e0 \u00e9viter<\/strong>, car il fragilise le pr\u00e9servatif qui risque alors de se d\u00e9chirer.<\/p>\n"},{"acf_fc_layout":"textfull","text":"<h2>Et pour les fellations\u00a0aussi ?<\/h2>\n<p>Peu de gens ont le r\u00e9flexe d\u2019utiliser un pr\u00e9servatif externe pour la fellation. Pourtant, m\u00eame si le risque de transmission pour le VIH est plus faible, la contamination est possible via la pr\u00e9sence de liquide pr\u00e9-\u00e9jaculatoire ou de sperme dans la bouche. Il est \u00e9galement possible de transmettre d\u2019autres IST via la fellation. Pensez \u00e0 choisir des pr\u00e9servatifs aux go\u00fbts fruit\u00e9s !<\/p>\n","background_color":false},{"acf_fc_layout":"text2cols","background_color":false,"title":"Arr\u00eater l\u2019utilisation du pr\u00e9servatif : en parler et d\u00e9cider dans le couple.","col_left":"<p>Quand on a une relation stable et r\u00e9guli\u00e8re avec le\u00b7la m\u00eame partenaire, il arrive un moment o\u00f9 on pense \u00e0 arr\u00eater d\u2019utiliser des pr\u00e9servatifs. Les deux partenaires doivent alors r\u00e9aliser un test de <a href=\"https:\/\/preventionsida.org\/fr\/contacts-utiles\/depistage\/\">d\u00e9pistage<\/a> pour le VIH et pour les IST.<\/p>\n<p>Si les\u00a0r\u00e9sultats sont n\u00e9gatifs pour les deux partenaires, ils\u00b7elles peuvent\u00a0alors arr\u00eater le pr\u00e9servatif sans risquer une infection. <strong>Il faut toutefois continuer de se prot\u00e9ger d\u2019une grossesse non d\u00e9sir\u00e9e en ayant recours \u00e0 un moyen de contraception.<\/strong><\/p>\n<p>Si l\u2019un\u00b7e des deux partenaires a\u00a0un <strong>r\u00e9sultat positif pour une IST<\/strong>, il\u00b7elle devra se faire soigner. La plupart des IST se soignent tr\u00e8s bien. L\u2019arr\u00eat du pr\u00e9servatif dans le couple pourra \u00e0 nouveau \u00eatre envisag\u00e9 quand le partenaire sera compl\u00e8tement gu\u00e9ri.<\/p>\n","col_right":"<p>Si l\u2019un\u00b7e des deux partenaires a\u00a0un\u00a0r\u00e9sultat <strong>positif pour le VIH<\/strong>, il\u00b7elle pourra imm\u00e9diatement \u00eatre pris\u00b7e\u00a0en charge et recevoir des <a href=\"\/fr\/traitement\/vih\/les-traitements-contre-le-vih\/\"><strong>traitements<\/strong><\/a> ad\u00e9quats. Dans un premier temps, l\u2019utilisation du pr\u00e9servatif sera recommand\u00e9e. Dans un deuxi\u00e8me temps, si le\u00b7la partenaire s\u00e9ropositif\u00b7ve atteint une charge virale ind\u00e9tectable, et moyennant l\u2019accord de son\u00b7sa partenaire, l\u2019arr\u00eat du pr\u00e9servatif pourra \u00eatre envisag\u00e9. Il est capital d\u2019en parler avec le\u00b7la m\u00e9decin sp\u00e9cialiste du VIH. Plus d&rsquo;info ? Voir <strong><a href=\"https:\/\/preventionsida.org\/fr\/protection\/indetectable-intransmissible-ou-ii\/\">Ind\u00e9tectable = Intransmissible<\/a><\/strong><\/p>\n"},{"acf_fc_layout":"imagefull","image":833,"text":""},{"acf_fc_layout":"textfull","text":"<p style=\"text-align: center;\"><iframe loading=\"lazy\" title=\"YouTube video player\" src=\"https:\/\/www.youtube.com\/embed\/1lNGQObfLEk\" width=\"560\" height=\"315\" frameborder=\"0\" allowfullscreen=\"allowfullscreen\"><\/iframe><\/p>\n","background_color":true}]},"_links":{"self":[{"href":"https:\/\/preventionsida.org\/fr\/wp-json\/wp\/v2\/pages\/820","targetHints":{"allow":["GET"]}}],"collection":[{"href":"https:\/\/preventionsida.org\/fr\/wp-json\/wp\/v2\/pages"}],"about":[{"href":"https:\/\/preventionsida.org\/fr\/wp-json\/wp\/v2\/types\/page"}],"author":[{"embeddable":true,"href":"https:\/\/preventionsida.org\/fr\/wp-json\/wp\/v2\/users\/1"}],"replies":[{"embeddable":true,"href":"https:\/\/preventionsida.org\/fr\/wp-json\/wp\/v2\/comments?post=820"}],"version-history":[{"count":53,"href":"https:\/\/preventionsida.org\/fr\/wp-json\/wp\/v2\/pages\/820\/revisions"}],"predecessor-version":[{"id":15638,"href":"https:\/\/preventionsida.org\/fr\/wp-json\/wp\/v2\/pages\/820\/revisions\/15638"}],"up":[{"embeddable":true,"href":"https:\/\/preventionsida.org\/fr\/wp-json\/wp\/v2\/pages\/25"}],"wp:attachment":[{"href":"https:\/\/preventionsida.org\/fr\/wp-json\/wp\/v2\/media?parent=820"}],"curies":[{"name":"wp","href":"https:\/\/api.w.org\/{rel}","templated":true}]}}