{"id":8012,"date":"2020-11-25T15:23:37","date_gmt":"2020-11-25T14:23:37","guid":{"rendered":"https:\/\/preventionsida.org\/?page_id=8012"},"modified":"2020-11-26T11:02:45","modified_gmt":"2020-11-26T10:02:45","slug":"les-chiffres-du-vih-sida-en-belgique-situation-au-31-12-2019","status":"publish","type":"page","link":"https:\/\/preventionsida.org\/fr\/les-chiffres-du-vih-sida-en-belgique-situation-au-31-12-2019\/","title":{"rendered":"Les chiffres du VIH\/sida en Belgique \u2013 situation au 31\/12\/2019 \u00a9 Sciensano"},"content":{"rendered":"","protected":false},"excerpt":{"rendered":"","protected":false},"author":2,"featured_media":0,"parent":0,"menu_order":0,"comment_status":"closed","ping_status":"closed","template":"","meta":{"_acf_changed":false,"footnotes":""},"class_list":["post-8012","page","type-page","status-publish","hentry"],"acf":{"sidebar":false,"contenu_flexible":[{"acf_fc_layout":"textfull","text":"<h1 style=\"text-align: center;\"><strong>LE NOMBRE DE NOUVEAUX DIAGNOSTICS DE VIH A ATTEINT UN PLATEAU<\/strong><\/h1>\n<h2 style=\"text-align: center;\"><span style=\"color: #66c6b7;\">\u00a0 La diminution se poursuit pour les hommes ayant des relations sexuelles avec d\u2019autres hommes\u00a0\u00a0<\/span><\/h2>\n<p>En 2019, <span style=\"color: #006f90;\"><strong>923 nouveaux diagnostics de VIH ont \u00e9t\u00e9 r\u00e9alis\u00e9s en Belgique<\/strong><\/span>. Ce qui correspond \u00e0 2,5 nouveaux diagnostics par jour. Ces chiffres sont pr\u00e9sent\u00e9s dans le rapport annuel sur la situation \u00e9pid\u00e9miologique du VIH publi\u00e9 par Sciensano, l&rsquo;Institut belge de la sant\u00e9. Apr\u00e8s une diminution de 28 % du nombre de nouveaux diagnostics entre 2012 et 2018, un plateau semble avoir \u00e9t\u00e9 atteint en 2019, avec une l\u00e9g\u00e8re augmentation de 4 % par rapport \u00e0 2018. Toutefois, la tendance \u00e0 la baisse des ann\u00e9es pr\u00e9c\u00e9dentes se poursuit pour les hommes belges ayant des relations sexuelles avec des hommes. L&rsquo;\u00e9pid\u00e9mie de VIH en Belgique est \u00e9galement de plus en plus diversifi\u00e9e en terme de profils des populations touch\u00e9es.<\/p>\n","background_color":true},{"acf_fc_layout":"textfull","text":"<h2>Les diagnostics de VIH aupr\u00e8s de 2 populations cl\u00e9s<\/h2>\n<p style=\"text-align: left;\">Depuis le d\u00e9but de l&rsquo;\u00e9pid\u00e9mie de VIH en Belgique, 2 populations cl\u00e9s ont \u00e9t\u00e9 particuli\u00e8rement touch\u00e9es :<\/p>\n<ul>\n<li style=\"text-align: left;\"><span style=\"color: #006f90;\"><strong>les hommes ayant des relations sexuelles avec des hommes (HSH), de nationalit\u00e9 belge<\/strong><\/span><\/li>\n<li style=\"text-align: left;\"><span style=\"color: #006f90;\"><strong>les hommes et femmes h\u00e9t\u00e9rosexuels d&rsquo;Afrique subsaharienne.<\/strong><\/span><\/li>\n<\/ul>\n<p>Entre 2012 et 2018, une diminution du nombre de nouveaux diagnostics de VIH a \u00e9t\u00e9 observ\u00e9e dans ces deux populations cl\u00e9s. En 2019, 24 % des nouveaux cas de VIH ont \u00e9t\u00e9 diagnostiqu\u00e9s chez des HSH belges et 24 % chez des h\u00e9t\u00e9rosexuels d&rsquo;Afrique subsaharienne.<\/p>\n","background_color":false},{"acf_fc_layout":"textfull","text":"<blockquote>\n<p style=\"text-align: center;\"><strong><em>\u00ab \u00c9tant donn\u00e9 la tendance \u00e0 la baisse aupr\u00e8s de ces populations principales, on observe que les infections aupr\u00e8s des populations d&rsquo;autres nationalit\u00e9s, tant chez les HSH que chez les h\u00e9t\u00e9rosexuels, deviennent relativement plus importantes. L&rsquo;\u00e9pid\u00e9mie de VIH en Belgique se caract\u00e9rise donc par une plus grande diversit\u00e9. \u00bb<\/em><\/strong><br \/>\nexplique <span style=\"color: #363636;\"><strong>Dominique Van Beckhoven<\/strong><\/span>, chercheuse chez Sciensano.<\/p>\n<\/blockquote>\n","background_color":true},{"acf_fc_layout":"text2cols","background_color":false,"title":"","col_left":"<p><img loading=\"lazy\" decoding=\"async\" class=\"wp-image-8038 size-thumbnail aligncenter\" src=\"https:\/\/preventionsida.org\/wp-content\/uploads\/2020\/11\/gay-01-150x150.png\" alt=\"\" width=\"150\" height=\"150\" \/><\/p>\n<ul>\n<li><strong>Les hommes ayant des relations sexuelles avec des hommes<\/strong><\/li>\n<\/ul>\n<p>En 2019, le nombre de nouveaux diagnostics de VIH chez les HSH a peu chang\u00e9 par rapport \u00e0 2018. La tendance \u00e0 la baisse se poursuit, en particulier chez les HSH belges. Depuis le pic de 2013, le nombre de diagnostics de VIH chez les <span style=\"color: #006f90;\"><strong>HSH de nationalit\u00e9 belge a diminu\u00e9 de 49 %<\/strong><\/span>. En 2019, 51 % des HSH diagnostiqu\u00e9s \u00e9taient belges.<\/p>\n<p>Le nombre de nouveaux diagnostics de VIH chez des<span style=\"color: #006f90;\"><strong> HSH d\u2019une autre nationalit\u00e9 europ\u00e9enne reste stable<\/strong><\/span>. Ces derni\u00e8res ann\u00e9es, cependant, on a constat\u00e9 une <span style=\"color: #006f90;\"><strong>l\u00e9g\u00e8re augmentation<\/strong><\/span> du nombre de diagnostics <span style=\"color: #006f90;\"><strong>chez les HSH provenant de pays non europ\u00e9ens<\/strong><\/span>. En 2019, 12 % des HSH diagnostiqu\u00e9s avaient une nationalit\u00e9 latino-am\u00e9ricaine et 8 % une nationalit\u00e9 asiatique.<\/p>\n","col_right":"<p><img loading=\"lazy\" decoding=\"async\" class=\"aligncenter wp-image-8040 size-thumbnail\" src=\"https:\/\/preventionsida.org\/wp-content\/uploads\/2020\/11\/hetero-01-150x150.png\" alt=\"\" width=\"150\" height=\"150\" \/><\/p>\n<ul>\n<li><strong>Les hommes et les femmes h\u00e9t\u00e9rosexuels<\/strong><\/li>\n<\/ul>\n<p>La baisse du nombre de diagnostics de VIH chez les h\u00e9t\u00e9rosexuels observ\u00e9e depuis 2012 a cess\u00e9. Une <span style=\"color: #006f90;\"><strong>l\u00e9g\u00e8re augmentation<\/strong><\/span> a \u00e9t\u00e9 observ\u00e9e entre 2018 et 2019. Cela refl\u00e8te l&rsquo;\u00e9volution des diagnostics <span style=\"color: #006f90;\"><strong>chez les h\u00e9t\u00e9rosexuels d&rsquo;Afrique subsaharienne<\/strong><\/span> : une diminution de 47 % chez les femmes et de 60 % chez les hommes jusqu&rsquo;en 2018, suivie d&rsquo;un plateau. En 2019, ils repr\u00e9sentaient 48 % des nouveaux diagnostics parmi les h\u00e9t\u00e9rosexuels.<\/p>\n<p>Le nombre de diagnostics chez les <span style=\"color: #006f90;\"><strong>h\u00e9t\u00e9rosexuels de nationalit\u00e9 belge<\/strong><\/span> ou d\u2019autres nationalit\u00e9s europ\u00e9ennes<span style=\"color: #006f90;\"><strong> est rest\u00e9 stable<\/strong><\/span> ces derni\u00e8res ann\u00e9es. En 2019, ils repr\u00e9sentaient respectivement 30 % et 13 % des nouveaux diagnostics chez les h\u00e9t\u00e9rosexuels.<\/p>\n"},{"acf_fc_layout":"textfull","text":"<h2>Les patients VIH en suivi m\u00e9dical<\/h2>\n<p>La prise en charge optimale des personnes vivant avec le VIH n\u00e9cessite un continuum de services tout au long des stades successifs de d\u00e9pistage, de diagnostic, d\u2019entr\u00e9e et r\u00e9tention en soins, de mise sous traitement antir\u00e9troviral et de suppression de la r\u00e9plication virale. Les patients ayant une charge virale supprim\u00e9e ont une \u00e9volution plus favorable et leur probabilit\u00e9 de transmission par voie sexuelle est n\u00e9gligeable, ce qui permet la pr\u00e9vention de nouvelles infections.<\/p>\n<p>En 2018, on estime \u00e0 18 335 le nombre de personnes vivant avec le VIH en Belgique. Parmi elles, 91 % \u00e9taient diagnostiqu\u00e9es, 92 % recevaient un traitement antir\u00e9troviral et 94 % avaient une charge virale ind\u00e9tectable. <span style=\"color: #006f90;\"><strong>La Belgique a ainsi atteint les objectifs mondiaux de l&rsquo;ONUSIDA 90-90-90<\/strong><\/span> et est <span style=\"color: #006f90;\"><strong>en bonne voie pour atteindre les objectifs 95-95-95 pour 2030<\/strong><\/span>.<\/p>\n","background_color":true},{"acf_fc_layout":"textimage","text":"<h2>R\u00e9ponse pr\u00e9ventive<\/h2>\n<p>Aujourd\u2019hui, la Plateforme Pr\u00e9vention Sida tient \u00e0 rappeler que la lutte contre les nouvelles contaminations au VIH s\u2019organise autour de la <span style=\"color: #006f90;\"><strong>pr\u00e9vention combin\u00e9e<\/strong><\/span>, adapt\u00e9e selon la population cl\u00e9. Celle-ci inclut :<\/p>\n<ul>\n<li>l\u2019utilisation du <span style=\"color: #006f90;\"><strong>pr\u00e9servatif<\/strong><\/span><\/li>\n<li>le recours \u00e0 la <strong><span style=\"color: #006f90;\">PrEP<\/span><\/strong> (Prophylaxie pr\u00e9-exposition), qui consiste \u00e0 prendre un m\u00e9dicament anti-VIH avant et apr\u00e8s un rapport sexuel \u00e0 risque.<\/li>\n<li>le <span style=\"color: #006f90;\"><strong>d\u00e9pistage pr\u00e9coce du VIH<\/strong><\/span> apr\u00e8s une prise de risque<\/li>\n<li>la <span style=\"color: #006f90;\"><strong>mise en place imm\u00e9diate d\u2019un traitement<\/strong><\/span> en cas de diagnostic positif, afin que le virus ne puisse plus \u00eatre transmis<\/li>\n<\/ul>\n","image":5133,"background_color":false,"link_image":""},{"acf_fc_layout":"textfull","text":"<p style=\"text-align: center;\">L\u2019\u00e9quation \u00ab <span style=\"color: #006f90;\"><strong>Ind\u00e9tectable = Intransmissible<\/strong><\/span> \u00bb ou \u00ab <span style=\"color: #006f90;\"><strong>I = I<\/strong><\/span> \u00bb : une personne s\u00e9ropositive ayant une <span style=\"color: #006f90;\"><strong>charge virale ind\u00e9tectable gr\u00e2ce \u00e0 son traitement ne transmet plus le VIH<\/strong><\/span>, est centrale au travail pr\u00e9ventif.<\/p>\n<p style=\"text-align: left;\">Elle est essentielle pour les personnes vivant avec le VIH, car elle :<\/p>\n<ul>\n<li><strong>accro\u00eet leur qualit\u00e9 de vie (relation de couple, absence de stress de contaminer son.sa partenaire)<\/strong><\/li>\n<li><strong>participe \u00e0 lutter contre l\u2019exclusion et le rejet qui persistent \u00e0 leur \u00e9gard.<\/strong><\/li>\n<\/ul>\n<p>C\u2019est l\u2019objet de la campagne \u00ab <a href=\"https:\/\/preventionsida.org\/fr\/ressources\/campagne-1er-decembre-2018-2019\/\"><strong>L\u2019exclusion reste une r\u00e9alit\u00e9<\/strong><\/a> \u00bb lanc\u00e9e par la Plateforme Pr\u00e9vention Sida \u00e0 l\u2019occasion de ce 1er d\u00e9cembre.<\/p>\n<p><img loading=\"lazy\" decoding=\"async\" class=\"wp-image-8028 size-medium aligncenter\" src=\"https:\/\/preventionsida.org\/wp-content\/uploads\/2020\/11\/iegali_Plan-de-travail-1-300x197.png\" alt=\"\" width=\"300\" height=\"197\" srcset=\"https:\/\/preventionsida.org\/wp-content\/uploads\/2020\/11\/iegali_Plan-de-travail-1-300x197.png 300w, https:\/\/preventionsida.org\/wp-content\/uploads\/2020\/11\/iegali_Plan-de-travail-1-1024x672.png 1024w, https:\/\/preventionsida.org\/wp-content\/uploads\/2020\/11\/iegali_Plan-de-travail-1-768x504.png 768w, https:\/\/preventionsida.org\/wp-content\/uploads\/2020\/11\/iegali_Plan-de-travail-1-1536x1007.png 1536w, https:\/\/preventionsida.org\/wp-content\/uploads\/2020\/11\/iegali_Plan-de-travail-1-2048x1343.png 2048w, https:\/\/preventionsida.org\/wp-content\/uploads\/2020\/11\/iegali_Plan-de-travail-1-460x300.png 460w, https:\/\/preventionsida.org\/wp-content\/uploads\/2020\/11\/iegali_Plan-de-travail-1-500x328.png 500w\" sizes=\"auto, (max-width: 300px) 100vw, 300px\" \/><\/p>\n","background_color":false},{"acf_fc_layout":"textfull","text":"<blockquote>\n<p style=\"text-align: center;\">Pour <span style=\"color: #363636;\"><strong>Thierry Martin<\/strong><\/span>, directeur de la Plateforme Pr\u00e9vention Sida, <em><strong>\u201cle d\u00e9pistage tardif reste encore trop \u00e9lev\u00e9. Il existe malheureusement encore des freins au d\u00e9pistage ainsi que de nombreuses opportunit\u00e9s<\/strong> <strong>manqu\u00e9es chez certain.es professionnel.les de la sant\u00e9 contribuant \u00e0 un d\u00e9pistage tardif du VIH. Il est donc important que les m\u00e9decins g\u00e9n\u00e9ralistes et autres professionnel.es de la sant\u00e9 abordent la sant\u00e9 sexuelle avec tous les patient.es, m\u00eame avec ceux et celles qui, \u00e0 premi\u00e8re vue, ne semblent pas \u00e0 risques.\u201d<\/strong><\/em><br \/>\nLes autres strat\u00e9gies de d\u00e9pistage (d\u00e9pistage rapide, d\u00e9m\u00e9dicalis\u00e9, diffusion d\u2019autotests notamment) doivent elles aussi \u00eatre renforc\u00e9es, notamment aupr\u00e8s des publics prioritaires.<\/p>\n<\/blockquote>\n","background_color":true},{"acf_fc_layout":"textfull","text":"<p>&nbsp;<\/p>\n<div class=\"tools\">\n<div class=\"fake-a\">\n<div class=\"tools-content\">\n<div class=\"roundPicto\">\n<div class=\"hp-picto\">\n<div id=\"picto-location\" class=\"pictoMoving\" data-anim=\"location\"><\/div>\n<\/div>\n<\/div>\n<p style=\"text-align: center;\">C\u2019est pourquoi, la Plateforme Pr\u00e9vention Sida participe \u00e0 la semaine europ\u00e9enne du d\u00e9pistage du VIH et<strong> invite chacun.e \u00e0 profiter de ce 1er d\u00e9cembre pour faire le point sur sa sant\u00e9 sexuelle et trouver une adresse de d\u00e9pistage du VIH proche de chez soi sur <a href=\"https:\/\/preventionsida.org\/fr\/depistage\/centres-de-depistage\/\">www.preventionsida.org<\/a><\/strong><\/p>\n<form id=\"search-depistage\" class=\"AVAST_PAM_nonloginform\" accept-charset=\"UTF-8\" action=\"https:\/\/preventionsida.org\/fr\/depistage\/centres-de-depistage\/\" method=\"post\"><input id=\"edit-field-submit\" class=\"submit\" name=\"op\" type=\"submit\" value=\"trouver un lieu de d\u00e9pistage\" \/><\/form>\n<\/div>\n<\/div>\n<\/div>\n","background_color":false},{"acf_fc_layout":"textfull","text":"<blockquote>\n<p style=\"text-align: center;\"><strong><em>\u201cLes chiffres relativement rassurants de ces derni\u00e8res ann\u00e9es en termes de diagnostics de VIH ne doivent pas nous \u00e9loigner des efforts de sensibilisation qui restent \u00e0 fournir. Il importe de continuer \u00e0 faire de la pr\u00e9vention vers le plus grand nombre, avec une attention toute particuli\u00e8re pour les publics les plus expos\u00e9s. A ce titre, sensibiliser \u00e0 l\u2019utilisation du pr\u00e9servatif d\u00e8s l\u2019adolescence reste un enjeu majeur \u00bb<\/em><\/strong>, explique <span style=\"color: #363636;\"><strong>Barbara Trachte<\/strong><\/span>, Ministre-Pr\u00e9sidente de la COCOF en charge de la Promotion de la Sant\u00e9<\/p>\n<\/blockquote>\n","background_color":true},{"acf_fc_layout":"textfull","text":"<blockquote>\n<p style=\"text-align: center;\"><span style=\"color: #363636;\"><strong>Franck Vandenbroucke<\/strong><\/span>, ministre de la Sant\u00e9 Publique ajoute :<em><strong> \u201cNous sommes sur la bonne voie afin de stopper compl\u00e8tement la propagation du VIH, gr\u00e2ce au suivi m\u00e9dical de haute qualit\u00e9 des personnes vivant avec le VIH, aux avanc\u00e9es scientifiques et \u00e0 l\u2019implication de diverses organisations telle que la Plateforme Pr\u00e9vention Sida, mais le travail n\u2019est pas termin\u00e9. Les chiffres nous montrent qu\u2019il est toujours possible de s\u2019am\u00e9liorer. Il est important que nous poursuivions nos efforts en terme de pr\u00e9vention, surtout aupr\u00e8s des groupes que nous ne touchons actuellement pas encore de mani\u00e8re optimale. Les campagnes de la Plateforme Pr\u00e9vention Sida apportent une contribution importante \u00e0 cet effet, que nous saluons.\u201d<\/strong><\/em><\/p>\n<\/blockquote>\n","background_color":true},{"acf_fc_layout":"text2cols","background_color":false,"title":"","col_left":"<p><img loading=\"lazy\" decoding=\"async\" class=\"size-full wp-image-5136 aligncenter\" src=\"https:\/\/preventionsida.org\/wp-content\/uploads\/2019\/11\/sciensano_logo_225w_1.png\" alt=\"\" width=\"225\" height=\"52\" \/><\/p>\n","col_right":"<p><img loading=\"lazy\" decoding=\"async\" class=\"size-medium wp-image-4974 aligncenter\" src=\"https:\/\/preventionsida.org\/wp-content\/uploads\/2019\/11\/PPS_SSP_logo-1-300x108.png\" alt=\"\" width=\"300\" height=\"108\" srcset=\"https:\/\/preventionsida.org\/wp-content\/uploads\/2019\/11\/PPS_SSP_logo-1-300x108.png 300w, https:\/\/preventionsida.org\/wp-content\/uploads\/2019\/11\/PPS_SSP_logo-1-500x179.png 500w, https:\/\/preventionsida.org\/wp-content\/uploads\/2019\/11\/PPS_SSP_logo-1.png 530w\" sizes=\"auto, (max-width: 300px) 100vw, 300px\" \/><\/p>\n"},{"acf_fc_layout":"textfull","text":"<p><a class=\"btn-center\" href=\"https:\/\/preventionsida.org\/wp-content\/uploads\/2020\/11\/Rapport_VIH_SIDA_2019_Fr_Embargo.pdf\">Voir le rapport complet<\/a><\/p>\n","background_color":false}]},"_links":{"self":[{"href":"https:\/\/preventionsida.org\/fr\/wp-json\/wp\/v2\/pages\/8012","targetHints":{"allow":["GET"]}}],"collection":[{"href":"https:\/\/preventionsida.org\/fr\/wp-json\/wp\/v2\/pages"}],"about":[{"href":"https:\/\/preventionsida.org\/fr\/wp-json\/wp\/v2\/types\/page"}],"author":[{"embeddable":true,"href":"https:\/\/preventionsida.org\/fr\/wp-json\/wp\/v2\/users\/2"}],"replies":[{"embeddable":true,"href":"https:\/\/preventionsida.org\/fr\/wp-json\/wp\/v2\/comments?post=8012"}],"version-history":[{"count":30,"href":"https:\/\/preventionsida.org\/fr\/wp-json\/wp\/v2\/pages\/8012\/revisions"}],"predecessor-version":[{"id":9880,"href":"https:\/\/preventionsida.org\/fr\/wp-json\/wp\/v2\/pages\/8012\/revisions\/9880"}],"wp:attachment":[{"href":"https:\/\/preventionsida.org\/fr\/wp-json\/wp\/v2\/media?parent=8012"}],"curies":[{"name":"wp","href":"https:\/\/api.w.org\/{rel}","templated":true}]}}