{"id":7362,"date":"2020-09-21T16:31:59","date_gmt":"2020-09-21T14:31:59","guid":{"rendered":"https:\/\/preventionsida.org\/?page_id=7362"},"modified":"2025-05-13T15:07:44","modified_gmt":"2025-05-13T13:07:44","slug":"proteger-son-enfant-durant-la-grossesse","status":"publish","type":"page","link":"https:\/\/preventionsida.org\/fr\/protection\/proteger-son-enfant-durant-la-grossesse\/","title":{"rendered":"Prot\u00e9ger son enfant durant la grossesse"},"content":{"rendered":"","protected":false},"excerpt":{"rendered":"","protected":false},"author":2,"featured_media":0,"parent":25,"menu_order":0,"comment_status":"closed","ping_status":"closed","template":"","meta":{"_acf_changed":false,"footnotes":""},"class_list":["post-7362","page","type-page","status-publish","hentry"],"acf":{"sidebar":false,"contenu_flexible":[{"acf_fc_layout":"textfull","text":"<h4>CONCEVOIR UN ENFANT SEROPONEGATIF LORSQU\u2019ON EST PORTEUSE DU VIH EST AUJOURD\u2019HUI POSSIBLE GRACE AUX TRAITEMENTS<\/h4>\n","background_color":false},{"acf_fc_layout":"video","video_id":"cjB_VLqBRQU"},{"acf_fc_layout":"textfull","text":"<h2>Comment prot\u00e9ger son b\u00e9b\u00e9 du VIH durant la grossesse\u00a0?<\/h2>\n<p>Une femme vivant avec le VIH peut transmettre le virus \u00e0 son enfant :<\/p>\n<ul>\n<li>pendant la grossesse,<\/li>\n<li>au cours de l\u2019accouchement,<\/li>\n<li>lors de l\u2019allaitement.<\/li>\n<\/ul>\n<p>En l\u2019absence de traitement, le <strong>risque de transmission<\/strong> du VIH d\u2019une m\u00e8re \u00e0 son b\u00e9b\u00e9 se situe entre 15-30%.<\/p>\n<p>Aujourd\u2019hui avec <strong>la mise en place d\u2019un traitement<\/strong>, ce risque passe \u00e0 <strong>moins de 1%.<\/strong><\/p>\n<p>Il est donc important de faire un test de d\u00e9pistage du VIH lors de la grossesse, afin de b\u00e9n\u00e9ficier d\u2019un traitement en cas de r\u00e9sultat positif et ainsi r\u00e9duire le risque de transmission \u00e0 son b\u00e9b\u00e9.<strong>\u00a0En Belgique ce test est r\u00e9alis\u00e9 lors du suivi de votre grossesse. N\u2019h\u00e9sitez pas \u00e0 en parler avec votre m\u00e9decin ou sage-femme.<\/strong><\/p>\n","background_color":false},{"acf_fc_layout":"textimage","text":"<h2>Prot\u00e9ger votre b\u00e9b\u00e9 au cours de la grossesse<\/h2>\n<ul>\n<li><strong><span style=\"color: #006f90;\">Lorsque le VIH est d\u00e9couvert avant la grossesse<\/span><\/strong><\/li>\n<\/ul>\n<p>Les traitements anti-VIH donn\u00e9s \u00e0 la maman permettront d\u2019avoir une <a href=\"https:\/\/preventionsida.org\/fr\/vih\/la-charge-virale-cest-quoi\/\"><strong>charge virale ind\u00e9tectable<\/strong><\/a> (CVI).<\/p>\n<p>Une fois que la charge virale est atteinte, le risque de transmission du VIH \u00e0 son b\u00e9b\u00e9 est quasi nul tout au long de la grossesse et durant l\u2019accouchement.<\/p>\n<ul>\n<li><strong><span style=\"color: #006f90;\">Lorsque le VIH est d\u00e9couvert pendant la grossesse<\/span><\/strong><\/li>\n<\/ul>\n<p>Des m\u00e9dicaments anti-VIH (Anti R\u00e9tro Viraux &#8211; ARV) seront donn\u00e9s \u00e0 la maman durant toute la grossesse et pendant l\u2019accouchement pour r\u00e9duire le risque de transmission au b\u00e9b\u00e9. Le b\u00e9b\u00e9 recevra \u00e9galement \u00e0 la naissance une dose d\u2019ARV pour minimiser le risque de transmission.<\/p>\n<p><strong>Dans les 2 cas, le b\u00e9b\u00e9 recevra un traitement<\/strong> durant une courte dur\u00e9e apr\u00e8s la naissance pour minimiser d\u2019avantage le risque de transmission et b\u00e9n\u00e9ficiera d\u2019un suivi durant les premiers mois de vie.<\/p>\n","image":7366,"background_color":false,"link_image":""},{"acf_fc_layout":"imagetext","image":7369,"text":"<h2>Est-il possible d\u2019accoucher par voie basse si je suis s\u00e9ropositive\u00a0?<\/h2>\n<p>Si la m\u00e8re au cours de la grossesse est en <strong>charge virale ind\u00e9tectable, l\u2019accouchement par voie basse reste possible.<\/strong><\/p>\n<p>Le choix de l\u2019accouchement par <strong>voie basse<\/strong> ou <strong>c\u00e9sarienne<\/strong> va d\u00e9pendre de la charge virale. En g\u00e9n\u00e9rale lorsque la <strong>charge virale est d\u00e9tectable donc \u00e9lev\u00e9e, la c\u00e9sarienne sera la plus recommand\u00e9.<\/strong><\/p>\n<h2><\/h2>\n<h2>Puis-je allaiter mon b\u00e9b\u00e9 si je suis porteuse du VIH ?<\/h2>\n<p>L\u2019allaitement maternel est envisageable lorsque la maman est sous traitement.<\/p>\n<p><strong>Parlez-en \u00e0 votre m\u00e9decin<\/strong><\/p>\n","background_color":false,"link_image":""}]},"_links":{"self":[{"href":"https:\/\/preventionsida.org\/fr\/wp-json\/wp\/v2\/pages\/7362","targetHints":{"allow":["GET"]}}],"collection":[{"href":"https:\/\/preventionsida.org\/fr\/wp-json\/wp\/v2\/pages"}],"about":[{"href":"https:\/\/preventionsida.org\/fr\/wp-json\/wp\/v2\/types\/page"}],"author":[{"embeddable":true,"href":"https:\/\/preventionsida.org\/fr\/wp-json\/wp\/v2\/users\/2"}],"replies":[{"embeddable":true,"href":"https:\/\/preventionsida.org\/fr\/wp-json\/wp\/v2\/comments?post=7362"}],"version-history":[{"count":9,"href":"https:\/\/preventionsida.org\/fr\/wp-json\/wp\/v2\/pages\/7362\/revisions"}],"predecessor-version":[{"id":15596,"href":"https:\/\/preventionsida.org\/fr\/wp-json\/wp\/v2\/pages\/7362\/revisions\/15596"}],"up":[{"embeddable":true,"href":"https:\/\/preventionsida.org\/fr\/wp-json\/wp\/v2\/pages\/25"}],"wp:attachment":[{"href":"https:\/\/preventionsida.org\/fr\/wp-json\/wp\/v2\/media?parent=7362"}],"curies":[{"name":"wp","href":"https:\/\/api.w.org\/{rel}","templated":true}]}}