{"id":7,"date":"2019-08-26T09:15:25","date_gmt":"2019-08-26T07:15:25","guid":{"rendered":"https:\/\/preventionsida.org\/terms-and-conditions\/"},"modified":"2019-11-06T13:51:45","modified_gmt":"2019-11-06T12:51:45","slug":"conditions-generales-utilisation","status":"publish","type":"page","link":"https:\/\/preventionsida.org\/fr\/conditions-generales-utilisation\/","title":{"rendered":"Conditions G\u00e9n\u00e9rales d&rsquo;Utilisation"},"content":{"rendered":"<h2>Propri\u00e9taire du site<\/h2>\n<p><strong>Plate-Forme Pr\u00e9vention Sida<\/strong><br \/>\n<a href=\"http:\/\/www.preventionsida.org\/\" target=\"_blank\" rel=\"noopener noreferrer\">www.preventionsida.org<\/a><br \/>\n<a href=\"mailto:info@preventionsida.org\">info@preventionsida.org<\/a><\/p>\n<p>02\/733.72.99<br \/>\nPlace de la Vieille Halle aux Bl\u00e9s, 29<br \/>\n1000 Bruxelles<\/p>\n<h2>Propri\u00e9t\u00e9 intellectuelle &amp; marques d\u00e9pos\u00e9es<\/h2>\n<p>Website: \u00a9 <strong>Plate-Forme Pr\u00e9vention Sida asbl<\/strong>, tous droits r\u00e9serv\u00e9s.<\/p>\n<p>L&rsquo;ensemble de ce site rel\u00e8ve des l\u00e9gislations en vigueur sur les droits d&rsquo;auteur et de la propri\u00e9t\u00e9 intellectuelle. Tous les textes, illustrations ou autres contenus sont prot\u00e9g\u00e9s par un droit de reproduction.<\/p>\n<h2>R\u00e9alisation &amp; h\u00e9bergement<\/h2>\n<p><strong>Globule Bleu SPRL<\/strong><br \/>\nContent management (gestion de contenu) &#8211; Logiciel d&rsquo;e-commerce et d&rsquo;e-business &#8211; Package d&rsquo;e-commerce, Business to Customers et Business to Business &#8211; D\u00e9veloppement Web et Intranet &#8211; D\u00e9veloppement sur mesure &#8211; Agence marketing &#8211; Offline marketing.<br \/>\nQuai Mativa, 62<br \/>\n4020 Li\u00e8ge<br \/>\nTVA : BE0475155191<br \/>\nMail : <a href=\"mailto:info@globulebleu.com\" target=\"_blank\" rel=\"noopener noreferrer\">info@globulebleu.com<\/a><br \/>\nSite : <a href=\"https:\/\/www.globulebleu.com\" target=\"_blank\" rel=\"noopener noreferrer\">www.globulebleu.com<\/a><\/p>\n<h2>Web Hosting \/ Datacenter<\/h2>\n<p>L\u2019h\u00e9bergement du site est r\u00e9alis\u00e9 par la soci\u00e9t\u00e9 <strong>OVH<\/strong>.<br \/>\nSAS au capital de 10 069 020 \u20ac<br \/>\nRCS Lille M\u00e9tropole 424 761 419 00045<br \/>\nCode APE 2620Z<br \/>\nN\u00b0 TVA : FR 22 424 761 419<br \/>\nSi\u00e8ge social : 2 rue Kellermann \u2013 59100 Roubaix \u2013 France<br \/>\nTel : +33 899 701 761 \u2013 Fax : +33 3 20 20 09 58<br \/>\nMail : <a href=\"mailto:support@ovh.com\" target=\"_blank\" rel=\"noopener noreferrer\">support@ovh.com<\/a><br \/>\nSite : <a href=\"https:\/\/www.ovh.com\" target=\"_blank\" rel=\"noopener noreferrer\">www.ovh.com<\/a><\/p>\n<h2>Conditions d&rsquo;utilisation<\/h2>\n<h3>Conditions d&rsquo;acc\u00e8s au site<\/h3>\n<p>Toute personne (ci-apr\u00e8s \u00ab\u00a0l&rsquo;utilisateur\u00a0\u00bb) acc\u00e9dant au pr\u00e9sent site (ci-apr\u00e8s \u00ab\u00a0le site\u00a0\u00bb) est pr\u00e9sum\u00e9e avoir accept\u00e9 de fa\u00e7on inconditionnelle l&rsquo;ensemble des dispositions et des conditions d&rsquo;utilisation du site publi\u00e9 par son propri\u00e9taire (ci-apr\u00e8s \u00ab\u00a0l&rsquo;\u00e9diteur\u00a0\u00bb). Le site est accessible \u00e0 tout moment partout dans le monde. L&rsquo;utilisateur qui s&rsquo;y connecte porte seul la responsabilit\u00e9 de se conformer au respect des l\u00e9gislations et r\u00e9glementations en vigueur dans le pays o\u00f9 il r\u00e9side ou de celui d&rsquo;o\u00f9 il se connecte au site.<\/p>\n<h3>Modification des pr\u00e9sentes Conditions d&rsquo;utilisation, comp\u00e9tence et droit applicable<\/h3>\n<p>Les pr\u00e9sentes conditions d&rsquo;utilisation peuvent \u00eatre modifi\u00e9es par l&rsquo;\u00e9diteur \u00e0 tout moment. Les conditions d&rsquo;utilisation applicables \u00e0 toute utilisation du site sont celles disponibles et publi\u00e9es sur le site au moment de sa consultation par l&rsquo;utilisateur. La nullit\u00e9 ou non-validit\u00e9 d&rsquo;une disposition des pr\u00e9sentes conditions d&rsquo;utilisation ne porte pas pr\u00e9judice \u00e0 la validit\u00e9 des autres dispositions des pr\u00e9sentes conditions.<\/p>\n<h3>Clause de non-responsabilit\u00e9<\/h3>\n<p>M\u00eame si toutes les informations du site ont fait l&rsquo;objet d&rsquo;une v\u00e9rification minutieuse, aucune garantie n&rsquo;est donn\u00e9e \u00e0 l&rsquo;utilisateur quant \u00e0 leur exactitude. En aucun cas, l&rsquo;\u00e9diteur ne peut \u00eatre tenu responsable de l&rsquo;exactitude des informations indiqu\u00e9es et il ne peut aucunement garantir que les donn\u00e9es soient compl\u00e8tes, pr\u00e9cises ou actuelles. Toutes les informations sont donn\u00e9es sous r\u00e9serve de modification, d&rsquo;erreur ou d&rsquo;omission.<\/p>\n<p>L&rsquo;\u00e9diteur se d\u00e9gage \u00e9galement de toute responsabilit\u00e9 en ce qui concerne les contenus provenant de sites web \u00e9dit\u00e9s par des tiers vers lesquels le site fait des hyperliens ou \u00e0 partir desquels il re\u00e7oit des hyperliens.<\/p>\n<p>Enfin, l&rsquo;\u00e9diteur d\u00e9cline toute responsabilit\u00e9 et exclut toute garantie en cas d&rsquo;interruption ou mauvais fonctionnement du site. L&rsquo;\u00e9diteur ne pourra pas non plus \u00eatre tenu responsable des dommages directs ou indirects que l&rsquo;utilisateur pourrait subir \u00e0 la suite d&rsquo;un acc\u00e8s au site ou de son utilisation.<\/p>\n<h2>Protection de donn\u00e9es \u00e0 caract\u00e8re personnel et Politique de confidentialit\u00e9<\/h2>\n<h3>Traitement des donn\u00e9es personnelles<\/h3>\n<p>Des donn\u00e9es \u00e0 caract\u00e8re personnel ne pourront \u00eatre recueillies et trait\u00e9es que conform\u00e9ment aux r\u00e8gles relatives aux lois sur la protection des donn\u00e9es.<\/p>\n<p>Dans certains cas, notamment lorsque l&rsquo;utilisateur envoie des donn\u00e9es personnelles en compl\u00e9tant et renvoyant un des formulaires sur le site, il est possible que certaines donn\u00e9es personnelles soient enregistr\u00e9es sur le serveur. L&rsquo;\u00e9diteur traite les informations personnelles re\u00e7ues de l&rsquo;utilisateur exclusivement pour r\u00e9pondre \u00e0 la demande de l&rsquo;utilisateur et pour toute future communication par e-mail qui pourrait r\u00e9sulter d&rsquo;une \u00e9ventuelle relation commerciale entre l&rsquo;utilisateur et l&rsquo;\u00e9diteur.<\/p>\n<p>Les donn\u00e9es personnelles de l&rsquo;utilisateur peuvent \u00eatre enregistr\u00e9es sur le serveur \u00e0 des fins de backup\/logging\/statistiques pour une p\u00e9riode qui ne d\u00e9passera pas 26 mois, apr\u00e8s quoi, elles seront automatiquement supprim\u00e9es.<\/p>\n<p>Les donn\u00e9es personnelles de l&rsquo;utilisateur sont consid\u00e9r\u00e9es comme confidentielles et trait\u00e9es comme telles, elles ne seront donc jamais vendues ou transmises \u00e0 des tiers sans son approbation pr\u00e9alable.<\/p>\n<p>L&rsquo;utilisateur a le droit de consulter, corriger, mettre \u00e0 jour et de demander la suppression de ses donn\u00e9es personnelles \u00e0 tout moment en adressant une demande \u00e9crite \u00e0 cette adresse : Plate-Forme Pr\u00e9vention Sida, Place de la Vieille Halle aux Bl\u00e9s, 29, 1000 Bruxelles, email : info@preventionsida.org<\/p>\n","protected":false},"excerpt":{"rendered":"<p>Propri\u00e9taire du site Plate-Forme Pr\u00e9vention Sida www.preventionsida.org info@preventionsida.org 02\/733.72.99 Place de la Vieille Halle aux Bl\u00e9s, 29 1000 Bruxelles Propri\u00e9t\u00e9 intellectuelle &amp; marques d\u00e9pos\u00e9es Website: \u00a9 Plate-Forme Pr\u00e9vention Sida asbl, tous droits r\u00e9serv\u00e9s. L&rsquo;ensemble de ce site rel\u00e8ve des l\u00e9gislations en vigueur sur les droits d&rsquo;auteur et de la propri\u00e9t\u00e9 intellectuelle. Tous les textes, illustrations ou autres contenus sont prot\u00e9g\u00e9s par un droit de reproduction. R\u00e9alisation &amp; h\u00e9bergement Globule Bleu SPRL Content management (gestion de contenu) &#8211; Logiciel d&rsquo;e-commerce et d&rsquo;e-business &#8211; Package d&rsquo;e-commerce, Business to Customers et Business to Business &#8211; D\u00e9veloppement Web et Intranet &#8211; D\u00e9veloppement sur mesure &#8211; Agence marketing &#8211; Offline marketing. Quai Mativa, 62 4020 Li\u00e8ge TVA : BE0475155191 Mail : info@globulebleu.com Site : www.globulebleu.com Web Hosting \/ Datacenter L\u2019h\u00e9bergement du site est r\u00e9alis\u00e9 par la soci\u00e9t\u00e9 OVH. SAS au capital de 10 069 020 \u20ac RCS Lille M\u00e9tropole 424 761 419 00045 Code APE [&hellip;]<\/p>\n","protected":false},"author":1,"featured_media":0,"parent":0,"menu_order":0,"comment_status":"closed","ping_status":"closed","template":"","meta":{"_acf_changed":false,"footnotes":""},"class_list":["post-7","page","type-page","status-publish","hentry"],"acf":{"sidebar":false,"contenu_flexible":false},"_links":{"self":[{"href":"https:\/\/preventionsida.org\/fr\/wp-json\/wp\/v2\/pages\/7","targetHints":{"allow":["GET"]}}],"collection":[{"href":"https:\/\/preventionsida.org\/fr\/wp-json\/wp\/v2\/pages"}],"about":[{"href":"https:\/\/preventionsida.org\/fr\/wp-json\/wp\/v2\/types\/page"}],"author":[{"embeddable":true,"href":"https:\/\/preventionsida.org\/fr\/wp-json\/wp\/v2\/users\/1"}],"replies":[{"embeddable":true,"href":"https:\/\/preventionsida.org\/fr\/wp-json\/wp\/v2\/comments?post=7"}],"version-history":[{"count":4,"href":"https:\/\/preventionsida.org\/fr\/wp-json\/wp\/v2\/pages\/7\/revisions"}],"predecessor-version":[{"id":15105,"href":"https:\/\/preventionsida.org\/fr\/wp-json\/wp\/v2\/pages\/7\/revisions\/15105"}],"wp:attachment":[{"href":"https:\/\/preventionsida.org\/fr\/wp-json\/wp\/v2\/media?parent=7"}],"curies":[{"name":"wp","href":"https:\/\/api.w.org\/{rel}","templated":true}]}}