{"id":60,"date":"2019-09-02T15:13:10","date_gmt":"2019-09-02T13:13:10","guid":{"rendered":"https:\/\/preventionsida.org\/?page_id=60"},"modified":"2025-05-13T13:33:47","modified_gmt":"2025-05-13T11:33:47","slug":"les-ist-cest-quoi","status":"publish","type":"page","link":"https:\/\/preventionsida.org\/fr\/ist\/les-ist-cest-quoi\/","title":{"rendered":"Les IST c&rsquo;est quoi ?"},"content":{"rendered":"","protected":false},"excerpt":{"rendered":"","protected":false},"author":1,"featured_media":0,"parent":21,"menu_order":0,"comment_status":"closed","ping_status":"closed","template":"","meta":{"_acf_changed":false,"footnotes":""},"class_list":["post-60","page","type-page","status-publish","hentry"],"acf":{"contenu_flexible":[{"acf_fc_layout":"textfull","text":"<p style=\"text-align: left;\">Les IST sont des infections sexuellement transmissibles. Ces infections sont <b>provoqu\u00e9es par des bact\u00e9ries, des virus ou des parasites<\/b>.<\/p>\n<p style=\"text-align: left;\">Les principaux<strong><a href=\"\/fr\/ist\/les-signaux-dalarmes\/\"> sympt\u00f4mes des IST<\/a><\/strong> sont la fi\u00e8vre, des douleurs dans le bas ventre, des \u00e9coulements anormaux au niveau des organes g\u00e9nitaux, des rougeurs des organes g\u00e9nitaux, des \u00e9ruptions cutan\u00e9es, un chancre (petit bouton avec un trou non douloureux)\u2026 Mais attention, <strong>souvent, les IST n\u2019ont pas de sympt\u00f4mes visibles<\/strong> c\u2019est-\u00e0-dire qu\u2019aucun signe ext\u00e9rieur ne montre la pr\u00e9sence de l\u2019infection.<\/p>\n<blockquote>\n<p style=\"text-align: left;\">Vous pouvez donc \u00eatre infect\u00e9\u00b7e par une IST sans le savoir.<\/p>\n<\/blockquote>\n","background_color":false},{"acf_fc_layout":"text2cols","background_color":false,"title":"","col_left":"<p style=\"text-align: left;\">Concr\u00e8tement, les IST se transmettent principalement d\u2019une personne \u00e0 une autre <b>lors de relations sexuelles sans pr\u00e9servatif <\/b>: p\u00e9n\u00e9tration vaginale et anale, fellation, cunnilingus, anulingus, caresse\/masturbation sexe contre sexe, etc&#8230;<\/p>\n<p style=\"text-align: left;\">Un simple contact entre muqueuses peut aussi \u00eatre \u00e0 l\u2019origine d\u2019une infection par une IST. Certaines IST se transmettent aussi lors du baiser et des caresses.<\/p>\n<p style=\"text-align: left;\">Attention, \u00eatre <b>infect\u00e9\u00b7e\u00a0par une IST peut augmenter le risque d\u2019infection par une\u00a0autre IST<\/b>. En effet, les IST fragilisent les muqueuses qui deviennent alors de plus grande \u00ab porte d\u2019entr\u00e9e \u00bb pour les autres IST et pour le VIH.<\/p>\n","col_right":"<p style=\"text-align: left;\" align=\"justify\">Il est pr\u00e9f\u00e9rable d\u2019\u00e9viter d\u2019\u00eatre infect\u00e9\u00b7e par plusieurs IST en m\u00eame temps car cela complique le traitement m\u00e9dical, notamment celui contre le VIH.<\/p>\n<p style=\"text-align: left;\" align=\"justify\">La <b>plupart des IST peuvent \u00eatre gu\u00e9ries <\/b>sans laisser de s\u00e9quelles si elles sont soign\u00e9es \u00e0 temps. Il ne faut pas laisser ces infections sans traitement car non trait\u00e9es, elles peuvent avoir des cons\u00e9quences graves (st\u00e9rilit\u00e9, cancer, etc.). Certaines IST, comme le VIH ou l&rsquo;H\u00e9patite B, peuvent \u00eatre trait\u00e9es sans pour autant \u00eatre gu\u00e9ries. On parle alors de maladies chroniques (qui restent dans le temps).<\/p>\n"},{"acf_fc_layout":"imagefull","image":15591,"text":""},{"acf_fc_layout":"textfull","text":"<p style=\"text-align: left;\" align=\"justify\">Un <a href=\"\/fr\/depistage\/le-depistage-des-ist\/\"><strong>d\u00e9pistage r\u00e9gulier<\/strong><\/a> est donc recommand\u00e9 pour toutes les\u00a0IST si vous changez r\u00e9guli\u00e8rement de partenaire\u00b7s. Cela afin d\u2019assurer au plus vite une prise en charge m\u00e9dicale\u00a0rapide et d\u2019\u00e9viter de transmettre le virus \u00e0 d\u2019autres personnes.<\/p>\n<blockquote>\n<ul>\n<li style=\"text-align: left;\"><b>Plus t\u00f4t les IST sont d\u00e9pist\u00e9es, mieux\u00a0elles peuvent \u00eatre soign\u00e9es<\/b>.<\/li>\n<li style=\"text-align: left;\">Si vous avez \u00e9t\u00e9 infect\u00e9\u00b7e par une IST, <b>informez votre\u00b7vos\u00a0partenaire\u00b7s<\/b> pour qu\u2019il\u00b7s ou elle\u00b7s puisse\u00b7nt \u00eatre trait\u00e9\u00b7e\u00b7s \u00e9galement\u00a0!<\/li>\n<\/ul>\n<\/blockquote>\n","background_color":false},{"acf_fc_layout":"video","video_id":"c1do6CNYIAc"},{"acf_fc_layout":"textfull","text":"<h2 style=\"text-align: left;\">Quelques <a href=\"https:\/\/preventionsida.org\/fr\/ist\/les-chiffres-des-ist\/\">chiffres sur les IST<\/a><\/h2>\n<p style=\"text-align: left;\">En Belgique, presque 2 personnes par jour sont diagnostiqu\u00e9es s\u00e9ropositives au <strong><a href=\"https:\/\/preventionsida.org\/fr\/vih\/\">VIH<\/a>.<\/strong><\/p>\n<ul>\n<li>La <a href=\"https:\/\/preventionsida.org\/fr\/ist\/la-chlamydia\/\"><strong>chlamydia<\/strong> <\/a>est une IST qui concerne principalement les femmes entre 15 et 29 ans.<\/li>\n<li>La <strong><a href=\"https:\/\/preventionsida.org\/fr\/ist\/la-syphilis\/\">syphilis<\/a><\/strong> est observ\u00e9e principalement chez les hommes entre 25 et 59 ans, principalement chez les HSH (hommes ayant des relations sexuelles avec des hommes).<\/li>\n<li>La <strong><a href=\"https:\/\/preventionsida.org\/fr\/ist\/la-gonorrhee\/\">gonorrh\u00e9e<\/a><\/strong> est pr\u00e9sente principalement chez les hommes entre 20 et 39 ans.<\/li>\n<li style=\"text-align: left;\">Les hommes sont presque 2 fois plus touch\u00e9s par <a href=\"https:\/\/preventionsida.org\/fr\/ist\/les-hepatites-b-et-c\/\"><strong>l\u2019h\u00e9patite<\/strong> <strong>C<\/strong><\/a> que les femmes.<\/li>\n<li style=\"text-align: left;\">Environ 700 cas de cancer du col de l&rsquo;ut\u00e9rus sont diagnostiqu\u00e9s chaque ann\u00e9e. Pratiquement la totalit\u00e9 d&rsquo;entre eux sont dus \u00e0 une infection par le <strong><a href=\"https:\/\/preventionsida.org\/fr\/ist\/lhpv\/\">HPV<\/a>.<\/strong><\/li>\n<\/ul>\n","background_color":true}],"sidebar":211},"_links":{"self":[{"href":"https:\/\/preventionsida.org\/fr\/wp-json\/wp\/v2\/pages\/60","targetHints":{"allow":["GET"]}}],"collection":[{"href":"https:\/\/preventionsida.org\/fr\/wp-json\/wp\/v2\/pages"}],"about":[{"href":"https:\/\/preventionsida.org\/fr\/wp-json\/wp\/v2\/types\/page"}],"author":[{"embeddable":true,"href":"https:\/\/preventionsida.org\/fr\/wp-json\/wp\/v2\/users\/1"}],"replies":[{"embeddable":true,"href":"https:\/\/preventionsida.org\/fr\/wp-json\/wp\/v2\/comments?post=60"}],"version-history":[{"count":45,"href":"https:\/\/preventionsida.org\/fr\/wp-json\/wp\/v2\/pages\/60\/revisions"}],"predecessor-version":[{"id":15593,"href":"https:\/\/preventionsida.org\/fr\/wp-json\/wp\/v2\/pages\/60\/revisions\/15593"}],"up":[{"embeddable":true,"href":"https:\/\/preventionsida.org\/fr\/wp-json\/wp\/v2\/pages\/21"}],"wp:attachment":[{"href":"https:\/\/preventionsida.org\/fr\/wp-json\/wp\/v2\/media?parent=60"}],"curies":[{"name":"wp","href":"https:\/\/api.w.org\/{rel}","templated":true}]}}