{"id":5924,"date":"2020-04-28T12:58:40","date_gmt":"2020-04-28T10:58:40","guid":{"rendered":"https:\/\/preventionsida.org\/?page_id=5924"},"modified":"2020-08-24T14:57:05","modified_gmt":"2020-08-24T12:57:05","slug":"autotest-gratuit-du-vih-pour-le-public-afro-latino-caribeen","status":"publish","type":"page","link":"https:\/\/preventionsida.org\/fr\/autotest-gratuit-du-vih-pour-le-public-afro-latino-caribeen\/","title":{"rendered":"Le d\u00e9confinement, c&rsquo;est le moment id\u00e9al pour te d\u00e9pister du\u00a0VIH\u00a0et des\u00a0IST"},"content":{"rendered":"<p><img loading=\"lazy\" decoding=\"async\" class=\"aligncenter wp-image-6019 size-full\" src=\"https:\/\/preventionsida.org\/wp-content\/uploads\/2020\/05\/Slideshow-De\u0301confinement-et-de\u0301pistage-e1590416974907.png\" alt=\"\" width=\"820\" height=\"196\" srcset=\"https:\/\/preventionsida.org\/wp-content\/uploads\/2020\/05\/Slideshow-De\u0301confinement-et-de\u0301pistage-e1590416974907.png 820w, https:\/\/preventionsida.org\/wp-content\/uploads\/2020\/05\/Slideshow-De\u0301confinement-et-de\u0301pistage-e1590416974907-300x72.png 300w, https:\/\/preventionsida.org\/wp-content\/uploads\/2020\/05\/Slideshow-De\u0301confinement-et-de\u0301pistage-e1590416974907-768x184.png 768w, https:\/\/preventionsida.org\/wp-content\/uploads\/2020\/05\/Slideshow-De\u0301confinement-et-de\u0301pistage-e1590416974907-500x120.png 500w\" sizes=\"auto, (max-width: 820px) 100vw, 820px\" \/><\/p>\n","protected":false},"excerpt":{"rendered":"","protected":false},"author":2,"featured_media":0,"parent":0,"menu_order":0,"comment_status":"closed","ping_status":"closed","template":"","meta":{"_acf_changed":false,"footnotes":""},"class_list":["post-5924","page","type-page","status-publish","hentry"],"acf":{"sidebar":false,"contenu_flexible":[{"acf_fc_layout":"textfull","text":"<h3>Quelle que soit votre situation administrative et\/ou de s\u00e9jour, n\u2019h\u00e9sitez pas \u00e0 nous contacter pour un d\u00e9pistage si vous avez pris un risque d\u2019\u00eatre infect\u00e9.e par le VIH ou l&rsquo;h\u00e9patite C.<\/h3>\n<h2>D\u00e9pistage gratuit sur rendez-vous<\/h2>\n<p>Nous vous accueillons en toute s\u00e9curit\u00e9 dans nos bureaux les lundi et mercredi de 12h \u00e0 15h pour faire un <strong>d\u00e9pistage rapide du VIH et\/ou de l&rsquo;h\u00e9patite C<\/strong>. Nos bureaux se trouvent au centre de Bruxelles \u00e0 la Place de la Vielle Halle aux Bl\u00e9s, 28-29 \u00e0 1000 bruxelles . Merci de prendre RDV au <strong>0467 80 78 79<\/strong><\/p>\n<h2>envoi d&rsquo;Autotest VIH chez vous<\/h2>\n<p>Si vous avez pris un risque d\u2018\u00eatre infect\u00e9.e par le VIH, la Plateforme Pr\u00e9vention Sida vous propose de recevoir gratuitement un <strong>Kit d\u2019autotest du VIH <\/strong>\u00e0 r\u00e9aliser vous-m\u00eame chez vous.<\/p>\n<p>L\u2019autotest VIH est un test \u00e0 <strong>r\u00e9aliser vous-m\u00eame \u00e0 partir d\u2019une goutte de sang pr\u00e9lev\u00e9e au bout du doigt<\/strong>. Le r\u00e9sultat est connu en 15 minutes.<\/p>\n<p><strong>Pour recevoir le Kit autotest du VIH :\u00a0<\/strong><\/p>\n<p><strong>1 \/ <a href=\"https:\/\/forms.gle\/EaWT8NcFw1DdNERf7\" target=\"_blank\" rel=\"noopener\">Remplissez ce formulaire<\/a><\/strong><strong> pour nous communiquer vos coordonn\u00e9es ou contactez Tr\u00e9sors au 0467 80 78 79 ou via t.kouadio@preventionsida.org\u00a0<\/strong><\/p>\n<p><a class=\"btn-center\" href=\"https:\/\/forms.gle\/EaWT8NcFw1DdNERf7\" target=\"_blank\" rel=\"noopener\">Compl\u00e9ter le formulaire\u00a0<\/a><\/p>\n<p>2\/ Nous vous contacterons par t\u00e9l\u00e9phone pour faire<strong> un bref entretien t\u00e9l\u00e9phonique<\/strong> afin de faire le point avec vous sur la prise de risque et de s\u2019assurer qu\u2019il est utile de faire un test du VIH. Cet entretien est aussi l\u2019occasion de nous assurer que vous avez toutes les informations n\u00e9cessaires pour r\u00e9aliser en toute s\u00e9curit\u00e9 le test chez vous.<\/p>\n<p>3\/ <strong>Nous vous enverrons le kit d&rsquo;autotest<\/strong> au plus vite chez vous<\/p>\n<p><iframe loading=\"lazy\" title=\"Bien faire son autotest du VIH\" width=\"640\" height=\"360\" src=\"https:\/\/www.youtube.com\/embed\/zXq0qa4JeQ8?start=5&#038;feature=oembed\" frameborder=\"0\" allow=\"accelerometer; autoplay; clipboard-write; encrypted-media; gyroscope; picture-in-picture; web-share\" referrerpolicy=\"strict-origin-when-cross-origin\" allowfullscreen><\/iframe><\/p>\n<p><strong>Attention, un r\u00e9sultat n\u00e9gatif n\u2019est fiable que si vous respectez un d\u00e9lai de 3 mois entre la date de votre prise de risque et la date de votre autotest.<\/strong> EXEMPLE\u00a0: si vous avez pris un risque le 1er octobre, vous pourriez faire votre test le 1er janvier et savoir si vous \u00eates n\u00e9gatif.ve\/positif.ve au VIH.<\/p>\n<p><a class=\"btn-center\" href=\"https:\/\/preventionsida.org\/fr\/depistage\/les-autotests-du-vih\/\" target=\"_blank\" rel=\"noopener\">Plus d&rsquo;infos sur les autotests VIH<\/a><\/p>\n<p>&nbsp;<\/p>\n<p>&nbsp;<\/p>\n","background_color":false}]},"_links":{"self":[{"href":"https:\/\/preventionsida.org\/fr\/wp-json\/wp\/v2\/pages\/5924","targetHints":{"allow":["GET"]}}],"collection":[{"href":"https:\/\/preventionsida.org\/fr\/wp-json\/wp\/v2\/pages"}],"about":[{"href":"https:\/\/preventionsida.org\/fr\/wp-json\/wp\/v2\/types\/page"}],"author":[{"embeddable":true,"href":"https:\/\/preventionsida.org\/fr\/wp-json\/wp\/v2\/users\/2"}],"replies":[{"embeddable":true,"href":"https:\/\/preventionsida.org\/fr\/wp-json\/wp\/v2\/comments?post=5924"}],"version-history":[{"count":19,"href":"https:\/\/preventionsida.org\/fr\/wp-json\/wp\/v2\/pages\/5924\/revisions"}],"predecessor-version":[{"id":6702,"href":"https:\/\/preventionsida.org\/fr\/wp-json\/wp\/v2\/pages\/5924\/revisions\/6702"}],"wp:attachment":[{"href":"https:\/\/preventionsida.org\/fr\/wp-json\/wp\/v2\/media?parent=5924"}],"curies":[{"name":"wp","href":"https:\/\/api.w.org\/{rel}","templated":true}]}}