{"id":5834,"date":"2020-08-24T10:55:05","date_gmt":"2020-08-24T08:55:05","guid":{"rendered":"https:\/\/preventionsida.org\/?page_id=5834"},"modified":"2022-06-16T11:45:44","modified_gmt":"2022-06-16T09:45:44","slug":"tu-as-des-relations-sexuelles-les-ist-te-concernent","status":"publish","type":"page","link":"https:\/\/preventionsida.org\/fr\/tu-as-des-relations-sexuelles-les-ist-te-concernent\/","title":{"rendered":"Tu as des relations sexuelles&#8230; Les IST te concernent!"},"content":{"rendered":"","protected":false},"excerpt":{"rendered":"","protected":false},"author":2,"featured_media":8942,"parent":0,"menu_order":0,"comment_status":"closed","ping_status":"closed","template":"","meta":{"_acf_changed":false,"footnotes":""},"class_list":["post-5834","page","type-page","status-publish","has-post-thumbnail","hentry"],"acf":{"sidebar":false,"contenu_flexible":[{"acf_fc_layout":"textfull","text":"<p><img loading=\"lazy\" decoding=\"async\" class=\"alignnone wp-image-5840 size-full\" src=\"https:\/\/preventionsida.org\/wp-content\/uploads\/2020\/04\/aquandremonte_titre_Plan-de-travail-1.png\" alt=\"\" width=\"5000\" height=\"2167\" srcset=\"https:\/\/preventionsida.org\/wp-content\/uploads\/2020\/04\/aquandremonte_titre_Plan-de-travail-1.png 5000w, https:\/\/preventionsida.org\/wp-content\/uploads\/2020\/04\/aquandremonte_titre_Plan-de-travail-1-300x130.png 300w, https:\/\/preventionsida.org\/wp-content\/uploads\/2020\/04\/aquandremonte_titre_Plan-de-travail-1-1024x444.png 1024w, https:\/\/preventionsida.org\/wp-content\/uploads\/2020\/04\/aquandremonte_titre_Plan-de-travail-1-768x333.png 768w, https:\/\/preventionsida.org\/wp-content\/uploads\/2020\/04\/aquandremonte_titre_Plan-de-travail-1-1536x666.png 1536w, https:\/\/preventionsida.org\/wp-content\/uploads\/2020\/04\/aquandremonte_titre_Plan-de-travail-1-2048x888.png 2048w, https:\/\/preventionsida.org\/wp-content\/uploads\/2020\/04\/aquandremonte_titre_Plan-de-travail-1-500x217.png 500w\" sizes=\"auto, (max-width: 5000px) 100vw, 5000px\" \/><\/p>\n<h3 style=\"text-align: center;\">Faire un test de d\u00e9pistage est le seul moyen fiable pour savoir si tu as \u00e9t\u00e9 infect\u00e9.e par une Infection Sexuellement Transmissible (IST).<\/h3>\n<h3 style=\"text-align: center;\">En effet, si tu as \u00e9t\u00e9 infect\u00e9.e par une IST, cela ne se voit pas n\u00e9cessairement : on dit que les IST sont\u00a0 asymptomatiques, c\u2019est-\u00e0-dire souvent sans sympt\u00f4mes visibles.<\/h3>\n<h3 style=\"text-align: center;\">C\u2019est pourquoi, apr\u00e8s une prise de risque ou simplement pour faire le point sur ta sant\u00e9 sexuelle, il est important de penser \u00e0 faire un d\u00e9pistage pour les IST.<\/h3>\n<div class=\"tools\">\n<div class=\"fake-a\">\n<div class=\"tools-content\">\n<div class=\"roundPicto\">\n<div class=\"hp-picto\">\n<div id=\"picto-location\" class=\"pictoMoving\" data-anim=\"location\"><\/div>\n<\/div>\n<\/div>\n<h2><span style=\"color: #000000;\">\u00a0 <span style=\"color: #006f90;\">Trouve un lieu de d\u00e9pistage proche de chez toi<\/span>\u00a0\u00a0<\/span><\/h2>\n<form id=\"search-depistage\" class=\"AVAST_PAM_nonloginform\" accept-charset=\"UTF-8\" action=\"https:\/\/preventionsida.org\/fr\/depistage\/centres-de-depistage\/\" method=\"post\">\n<div class=\"input-wrapper\">\n<p><input class=\"form-control\" name=\"q\" type=\"text\" value=\"\" placeholder=\"Lieu, code postal\" \/><input id=\"edit-field-submit\" class=\"submit\" name=\"op\" type=\"submit\" value=\"Chercher\" \/><\/p>\n<\/div>\n<\/form>\n<\/div>\n<\/div>\n<\/div>\n","background_color":false},{"acf_fc_layout":"video","video_id":"McjXvlh9un8"},{"acf_fc_layout":"toggle","tog_title":"Les r\u00e9ponses \u00e0 tes questions sur le d\u00e9pistage des IST","tog_items":[{"tog_item_title":"LES (INFECTIONS SEXUELLEMENT TRANSMISSIBLE) IST C\u2019EST QUOI ?","tog_item_texte":"<p>Les IST sont des infections <strong>provoqu\u00e9es par des bact\u00e9ries, des virus ou des parasites<\/strong>. Les plus courantes sont la chlamydia, la gonorrh\u00e9e, la syphilis, le papillomavirus (HPV), l\u2019herp\u00e8s g\u00e9nital, les h\u00e9patites B et C et le VIH\/sida.<\/p>\n<p>Les IST se transmettent d\u2019une personne \u00e0 une autre principalement <strong>lors de relations et\/ou contacts sexuels sans pr\u00e9servatif<\/strong>\u00a0: p\u00e9n\u00e9tration vaginale et anale, fellation, cunnilingus, anulingus, caresse\/masturbation sexe contre sexe, etc. Un simple contact entre muqueuses* peut \u00e9galement \u00eatre \u00e0 l\u2019origine d\u2019une infection par une IST. Certaines IST peuvent aussi se transmettre lors du baiser et\/ou lors des caresses sexuelles avec la bouche, le sexe ou les mains. M\u00eame s\u2019il reste la meilleure protection contre les IST, le pr\u00e9servatif ne prot\u00e8ge donc pas \u00e0 100%.<\/p>\n<p><strong>Souvent, les personnes porteuses d\u2019une IST n\u2019ont pas de sympt\u00f4me visible<\/strong>, c\u2019est \u00e0-dire qu\u2019aucun signe ext\u00e9rieur ne montre la pr\u00e9sence de l\u2019infection. Tu peux donc \u00eatre infect\u00e9\u00b7e par une IST sans le savoir. Parfois des sympt\u00f4mes tels que des \u00e9coulements anormaux par le vagin, le p\u00e9nis ou l\u2019anus, des rougeurs, des d\u00e9mangeaisons, des boutons ou des verrues au niveau\u00a0des organes sexuels ou de l\u2019anus, des sensations de br\u00fblure en urinant, etc. peuvent appara\u00eetre. La pr\u00e9sence d\u2019un seul de ces sympt\u00f4mes doit t\u2019amener \u00e0 consulter\u00a0un\u00b7e m\u00e9decin !<\/p>\n<p><strong>La\u00a0plupart des IST peuvent \u00eatre gu\u00e9ries<\/strong>,\u00a0mais certaines, comme le VIH, l\u2019h\u00e9patite B ou l\u2019herp\u00e8s g\u00e9nital, peuvent \u00eatre trait\u00e9es sans pour autant \u00eatre gu\u00e9ries. On parle alors de maladies chroniques (qui restent dans le temps).<\/p>\n<p style=\"text-align: center;\"><strong><span style=\"color: #66c6b7;\">Les IST touchent tout le monde. Toute personne ayant des relations sexuelles peut avoir une IST, quel que soit son \u00e2ge ou son orientation sexuelle. Il n\u2019y a pas de honte \u00e0 avoir une IST. En effet, le risque z\u00e9ro n\u2019existe pas, mais il est possible de r\u00e9duire les risque en se prot\u00e9geant.<\/span><\/strong><\/p>\n<p><strong>* Muqueuses<\/strong> : membranes qui tapissent certaines cavit\u00e9s du corps (bouche, anus, gland, vagin, \u0153il, \u2026). Plus fines, fragiles et perm\u00e9ables que la peau, elles sont continuellement humect\u00e9es par un liquide appel\u00e9 \u00ab mucus \u00bb.<\/p>\n"},{"tog_item_title":"POURQUOI ME FAIRE D\u00c9PISTER POUR LES IST ? ","tog_item_texte":"<ul>\n<li>Tu peux \u00eatre infect\u00e9.e par une IST sans que cela se voie et donc sans le savoir. En effet, <strong>les IST sont souvent asymptomatiques<\/strong>, c\u2019est-\u00e0-dire sans signe visible de l\u2019infection. Le d\u00e9pistage est donc le seul moyen fiable de savoir si tu as \u00e9t\u00e9 infect\u00e9.e par une IST.<\/li>\n<li>Savoir que tu es infect\u00e9\u00b7e par une IST te permet non seulement d\u2019adapter ton comportement pour <strong>ne pas transmettre l\u2019infection<\/strong> \u00e0 d\u2019autres personnes, mais aussi de <strong>b\u00e9n\u00e9ficier de traitements<\/strong> qui te permettront de gu\u00e9rir de la plupart des IST.<\/li>\n<li>Plus t\u00f4t les IST sont d\u00e9pist\u00e9es, mieux <strong>elles peuvent \u00eatre soign\u00e9es.<\/strong><\/li>\n<li>Te d\u00e9pister te permet de <strong>faire le point<\/strong> sur ton \u00e9tat de sant\u00e9 sexuelle.<\/li>\n<li>Si lors d\u2019un d\u00e9pistage, toi et ton\/ta partenaire avez la confirmation que vous n\u2019avez pas d\u2019IST, vous pouvez <strong>arr\u00eater l\u2019utilisation du pr\u00e9servatif en toute s\u00e9curit\u00e9<\/strong> si vous \u00eates dans une relation exclusive. Dans ce cas, et si vous \u00eates dans une relation h\u00e9t\u00e9rosexuelle, veillez \u00e0 utiliser un autre moyen de contraception si vous ne d\u00e9sirez pas avoir d\u2019enfant<\/li>\n<\/ul>\n"},{"tog_item_title":"O\u00d9 PUIS-JE ME FAIRE D\u00c9PISTER ? ","tog_item_texte":"<ul>\n<li>Soit dans <strong>une structure m\u00e9dicale<\/strong>\u00a0: chez un.e m\u00e9decin, dans un centre de d\u00e9pistage, dans un centre de planning familial, dans une maison m\u00e9dicale,\u2026<\/li>\n<li>Soit dans une <strong>association de pr\u00e9vention<\/strong> : certains services de pr\u00e9vention proposent des d\u00e9pistages rapides, confidentiels et gratuits pour certaines IST, notamment pour le VIH, la syphilis et l\u2019h\u00e9patite C.<\/li>\n<li>Soit <strong>\u00e0 la maison<\/strong>\u00a0: tu peux acheter en pharmacie des autotests du VIH \u00e0 faire toi-m\u00eame seul.e chez toi. Les autotests pour les autres IST ne sont pas actuellement valid\u00e9s en Belgique. Il y a de nombreuses propositions d\u2019autotests sur internet mais ils sont de mauvaise qualit\u00e9.<\/li>\n<\/ul>\n"},{"tog_item_title":"ET SI JE NE ME D\u00c9PISTE PAS ? ","tog_item_texte":"<p>Tu risques de <strong>transmettre une IST<\/strong> \u00e0 ton\/ta\/tes partenaire.s sans le savoir et l\u2019infection va continuer de se propager.<\/p>\n<p>Une IST non d\u00e9pist\u00e9e et donc non soign\u00e9e peut avoir <strong>des cons\u00e9quences graves<\/strong>. Tu peux , par exemple, d\u00e9velopper un cancer ou avoir des probl\u00e8mes d\u2019infertilit\u00e9.<\/p>\n"},{"tog_item_title":"QUAND FAIRE UN D\u00c9PISTAGE DES IST  ? ","tog_item_texte":"<ul>\n<li>Apr\u00e8s une <strong>prise de risque<\/strong>, pour savoir si tu as \u00e9t\u00e9 infect\u00e9\u00b7e. Il ne sert \u00e0 rien d\u2019aller faire un d\u00e9pistage des IST le lendemain d\u2019une prise de risque. En effet, il faut un certain temps apr\u00e8s la prise de risque pour que les tests puissent d\u00e9tecter une possible infection. S\u2019il n\u2019y a pas de sympt\u00f4me visible, on recommande donc d\u2019attendre <strong>6 semaines apr\u00e8s la prise de risque<\/strong> pour faire un d\u00e9pistage complet des IST. Pendant ce d\u00e9lai d\u2019attente, il est capital d\u2019utiliser un pr\u00e9servatif lors de relations sexuelles pour \u00e9viter de transmettre une \u00e9ventuelle IST.<br \/>\nSois vigilant.e, ce n\u2019est pas toujours facile de savoir si on a pris un risque d\u2019\u00eatre infect\u00e9.e par une IST. En effet, chaque IST a des modes de transmission diff\u00e9rents, ce n\u2019est donc pas simple de s\u2019y retrouver. Prendre un risque, c\u2019est entre autres, avoir des rapports sexuels non prot\u00e9g\u00e9s (avec ou sans p\u00e9n\u00e9tration). Pour rappel, le fait de conna\u00eetre son\/sa\/ses partenaire.s n\u2019est pas un gage de protection contre les IST.<\/li>\n<li>En cas de <strong>signes \u00e9vocateurs<\/strong> d\u2019une IST (d\u00e9mangeaisons, br\u00fblures, rougeurs \u2026)<\/li>\n<li>Lorsque tu souhaites <strong>faire le point sur ta sant\u00e9 sexuelle<\/strong><\/li>\n<li>Lorsque tu es en couple exclusif et que <strong>vous souhaitez tous.tes les deux arr\u00eater le pr\u00e9servatif<\/strong><\/li>\n<li>Lorsqu\u2019une <strong>grossesse<\/strong> est envisag\u00e9e<\/li>\n<\/ul>\n"},{"tog_item_title":"COMMENT SE FAIT LE D\u00c9PISTAGE DES IST ? ","tog_item_texte":"<h3>Le d\u00e9pistage des IST peut se faire de diff\u00e9rentes mani\u00e8res en fonction de l\u2019IST recherch\u00e9e :<\/h3>\n<ul>\n<li>Une <strong>prise de sang classique ou un pr\u00e9l\u00e8vement d\u2019une goutte de sang au bout du doigt (TROD)<\/strong><\/li>\n<li>Un <strong>frottis vaginal<\/strong> (pr\u00e9l\u00e8vement m\u00e9dical sans douleur d\u2019un liquide ou de cellules au niveau du vagin et\/ou du col de l\u2019ut\u00e9rus en vue d\u2019un examen microscopique) ou un <strong>pr\u00e9l\u00e8vement d\u2019urine<\/strong>. Dans certains cas, un frottis anal ou de la gorge peut \u00e9galement \u00eatre r\u00e9alis\u00e9.<\/li>\n<li>Parfois un <strong>examen visuel des sympt\u00f4mes apparents<\/strong> suffit \u00e0 diagnostiquer l\u2019infection.<\/li>\n<\/ul>\n<p style=\"text-align: center;\"><strong><span style=\"color: #66c6b7;\">Le d\u00e9pistage est donc un acte m\u00e9dical simple et rapide qui n\u2019est pas douloureux. En fonction du type de d\u00e9pistage r\u00e9alis\u00e9, tu recevras imm\u00e9diatement ton r\u00e9sultat ou bien il faudra attendre plusieurs jours.<\/span><\/strong><\/p>\n"},{"tog_item_title":"QUE FAIRE EN CAS DE R\u00c9SULTAT POSITIF ? ","tog_item_texte":"<p>Il est tr\u00e8s important de <strong>suivre ton traitement<\/strong> selon les indications du\/de la m\u00e9decin. Dans certains cas, le\/la m\u00e9decin pourra te demander de faire des examens compl\u00e9mentaires ou de refaire un test de d\u00e9pistage un peu plus tard pour surveiller l\u2019\u00e9volution de l\u2019infection. Il est tr\u00e8s important de respecter ce suivi m\u00e9dical et de continuer \u00e0 utiliser un pr\u00e9servatif selon les indications du\/de la m\u00e9decin.<\/p>\n<p>Attention,<strong> \u00eatre infect\u00e9\u00b7e par une IST peut augmenter le risque d\u2019infection par une autre IST<\/strong>. En effet, les IST fragilisent les muqueuses qui deviennent alors une plus grande \u00ab porte d\u2019entr\u00e9e \u00bb pour les autres IST et pour le VIH.<\/p>\n<p>Si tu as \u00e9t\u00e9 infect\u00e9\u00b7e par une IST, il est important d\u2019en <strong>informer ton\/ta\/tes partenaire\u00b7s<\/strong>. Ce n\u2019est pas quelque chose de facile \u00e0 dire, mais c\u2019est essentiel pour qu\u2019il.s\/elle.s puisse.nt aussi se faire d\u00e9pister et soigner en cas de r\u00e9sultat positif et ainsi arr\u00eater la propagation de l\u2019infection. Au besoin, le\/la m\u00e9decin ou l\u2019association ayant d\u00e9pist\u00e9 l\u2019IST pourra t\u2019aider \u00e0 pr\u00e9venir ton\/ta\/tes partenaire.s de mani\u00e8re anonyme. Tu peux aussi simplement leur t\u00e9l\u00e9phoner ou leur envoyer un mail ou un SMS. Il n\u2019y a pas de honte \u00e0 dire que tu as une IST. Au contraire, en parler aux personnes concern\u00e9es, c\u2019est se montrer responsable et digne de confiance pour garantir une bonne sant\u00e9 sexuelle \u00e0 chacun.<\/p>\n"},{"tog_item_title":"COMBIEN CELA CO\u00dbTE ? ","tog_item_texte":"<p>Lors d\u2019un d\u00e9pistage en milieu m\u00e9dical, il faut, en g\u00e9n\u00e9ral, payer une partie de la visite chez le\/la m\u00e9decin et une partie des frais de laboratoire pour l\u2019analyse des pr\u00e9l\u00e8vements. Le prix exact d\u00e9pend du nombre de tests de d\u00e9pistage des IST effectu\u00e9s. La mutuelle prendra en charge une partie de ces frais.<\/p>\n<p><strong>Tu es jeune et tu n\u2019as pas ta propre mutuelle?<\/strong> Alors tu es couvert par la mutuelle de tes parents. Dans les centres de planning familial, la consultation chez le\/la m\u00e9decin co\u00fbtera maximum 6\u20ac (et +\/- 25\u20ac sans mutuelle). Pour les frais de laboratoire, n\u2019h\u00e9site pas \u00e0 questionner le centre par rapport au prix de la facture et \u00e0 en parler si tu souhaites garder l\u2019anonymat (par exemple, que la facture n\u2019arrive pas entre les mains de tes parents). Dans tous les cas, le co\u00fbt d\u2019un d\u00e9pistage ne doit pas t\u2019emp\u00eacher de consulter un.e m\u00e9decin. Les professionnel.les de la sant\u00e9 pourront t\u2019aider \u00e0 trouver des solutions. N\u2019h\u00e9site pas \u00e0 en parler avec eux.<\/p>\n<p style=\"text-align: center;\"><strong><span style=\"color: #66c6b7;\">Il existe des possibilit\u00e9s de d\u00e9pistage gratuit pour le VIH et pour certaines IST dans certains centres et associations. <\/span><\/strong><\/p>\n"},{"tog_item_title":"COMMENT ME PROT\u00c9GER DES IST ? ","tog_item_texte":"<p>Le<strong> pr\u00e9servatif externe<\/strong> (masculin) ou interne (f\u00e9minin), est un moyen efficace pour te prot\u00e9ger de la plupart des IST lors de relations sexuelles, notamment lors des p\u00e9n\u00e9trations vaginales et anales qui pr\u00e9sentent des risques \u00e9lev\u00e9s de transmission des IST. Il existe une grande vari\u00e9t\u00e9 de pr\u00e9servatifs permettant de s\u2019adapter au confort de chacun.e (taille, texture, mati\u00e8re, \u2026). Le <strong>pr\u00e9servatif interne<\/strong>, bien que plus cher, prot\u00e8ge tout aussi bien lors des p\u00e9n\u00e9trations vaginales et anales (dans ce cas, enlever l\u2019anneau interne) et peut \u00eatre mis en place \u00e0 l\u2019avance.<\/p>\n<p>Attention, certaines IST exigent une plus grande protection que le pr\u00e9servatif. En effet, les zones infect\u00e9es et contaminantes peuvent parfois ne pas \u00eatre enti\u00e8rement couvertes par le pr\u00e9servatif (dans le cas de l\u2019HPV par exemple). De plus, certaines IST peuvent se transmettent par d\u2019autres voies que les relations sexuelles non prot\u00e9g\u00e9es, notamment lors des pr\u00e9liminaires.<\/p>\n"}]},{"acf_fc_layout":"text2cols","background_color":false,"title":"Informe-toi sur les IST !","col_left":"<p style=\"text-align: center;\"><a class=\"btn\" href=\"https:\/\/preventionsida.org\/fr\/vih\/le-vih-cest-quoi\/\">\u00a0 \u00a0 \u00a0 \u00a0 VIH\u00a0 \u00a0 \u00a0 \u00a0\u00a0<\/a><\/p>\n<p style=\"text-align: center;\"><a class=\"btn\" href=\"https:\/\/preventionsida.org\/fr\/ist\/la-chlamydia\/\">\u00a0CHLAMYDIA\u00a0<\/a><\/p>\n<p style=\"text-align: center;\"><a class=\"btn\" href=\"https:\/\/preventionsida.org\/fr\/ist\/lhpv\/\">\u00a0\u00a0 \u00a0 \u00a0 \u00a0HPV\u00a0 \u00a0 \u00a0 \u00a0<\/a><\/p>\n<p style=\"text-align: center;\"><a class=\"btn\" href=\"https:\/\/preventionsida.org\/fr\/ist\/la-gonorrhee\/\">GONORRH\u00c9E<\/a><\/p>\n","col_right":"<p style=\"text-align: center;\"><a class=\"btn\" href=\"https:\/\/preventionsida.org\/fr\/ist\/les-hepatites-b-et-c\/\">H\u00c9PATITES B ET C<\/a><\/p>\n<p style=\"text-align: center;\"><a class=\"btn\" href=\"https:\/\/preventionsida.org\/fr\/ist\/la-syphilis\/\">\u00a0\u00a0 \u00a0 \u00a0 SYPHILIS\u00a0 \u00a0 \u00a0 \u00a0<\/a><\/p>\n<p style=\"text-align: center;\"><a class=\"btn\" href=\"https:\/\/preventionsida.org\/fr\/ist\/lherpes-genital\/\">HERPES GENITAL<\/a><\/p>\n<p style=\"text-align: center;\"><a class=\"btn\" href=\"https:\/\/preventionsida.org\/fr\/ist\/les-mycoses\/\">\u00a0\u00a0 \u00a0 \u00a0 MYCOSES\u00a0 \u00a0 \u00a0\u00a0\u00a0<\/a><\/p>\n"},{"acf_fc_layout":"textfull","text":"<h2 style=\"text-align: center;\">Pour plus d&rsquo;informations sur cette campagne, visitez notre page d\u00e9di\u00e9e <a href=\"https:\/\/preventionsida.org\/fr\/ressources\/a-quand-remonte-ton-dernier-depistage-ist\/\">ICI<\/a><\/h2>\n<p>&nbsp;<\/p>\n<h2 style=\"text-align: center;\">T\u00c9L\u00c9CHARGEZ LA BROCHURE <a href=\"https:\/\/preventionsida.org\/wp-content\/uploads\/2020\/08\/PPS_brochure_d\u00e9pistageIST2020_bleedvcorrig\u00e9e.pdf\">ICI<\/a><\/h2>\n<p><img loading=\"lazy\" decoding=\"async\" class=\"size-medium wp-image-6371 aligncenter\" src=\"https:\/\/preventionsida.org\/wp-content\/uploads\/2020\/08\/Brochure-d\u00e9pistage-IST-2020-cover-250x300.jpg\" alt=\"\" width=\"250\" height=\"300\" srcset=\"https:\/\/preventionsida.org\/wp-content\/uploads\/2020\/08\/Brochure-d\u00e9pistage-IST-2020-cover-250x300.jpg 250w, https:\/\/preventionsida.org\/wp-content\/uploads\/2020\/08\/Brochure-d\u00e9pistage-IST-2020-cover-853x1024.jpg 853w, https:\/\/preventionsida.org\/wp-content\/uploads\/2020\/08\/Brochure-d\u00e9pistage-IST-2020-cover-768x921.jpg 768w, https:\/\/preventionsida.org\/wp-content\/uploads\/2020\/08\/Brochure-d\u00e9pistage-IST-2020-cover-417x500.jpg 417w, https:\/\/preventionsida.org\/wp-content\/uploads\/2020\/08\/Brochure-d\u00e9pistage-IST-2020-cover.jpg 1181w\" sizes=\"auto, (max-width: 250px) 100vw, 250px\" \/><\/p>\n<p>&nbsp;<\/p>\n","background_color":false},{"acf_fc_layout":"slider","title":"","slider":[{"slide_image":6356},{"slide_image":6355},{"slide_image":6354},{"slide_image":6351},{"slide_image":6353},{"slide_image":6352},{"slide_image":6359},{"slide_image":6357},{"slide_image":6360},{"slide_image":6358}],"nb_items":"3"}]},"_links":{"self":[{"href":"https:\/\/preventionsida.org\/fr\/wp-json\/wp\/v2\/pages\/5834","targetHints":{"allow":["GET"]}}],"collection":[{"href":"https:\/\/preventionsida.org\/fr\/wp-json\/wp\/v2\/pages"}],"about":[{"href":"https:\/\/preventionsida.org\/fr\/wp-json\/wp\/v2\/types\/page"}],"author":[{"embeddable":true,"href":"https:\/\/preventionsida.org\/fr\/wp-json\/wp\/v2\/users\/2"}],"replies":[{"embeddable":true,"href":"https:\/\/preventionsida.org\/fr\/wp-json\/wp\/v2\/comments?post=5834"}],"version-history":[{"count":50,"href":"https:\/\/preventionsida.org\/fr\/wp-json\/wp\/v2\/pages\/5834\/revisions"}],"predecessor-version":[{"id":8985,"href":"https:\/\/preventionsida.org\/fr\/wp-json\/wp\/v2\/pages\/5834\/revisions\/8985"}],"wp:featuredmedia":[{"embeddable":true,"href":"https:\/\/preventionsida.org\/fr\/wp-json\/wp\/v2\/media\/8942"}],"wp:attachment":[{"href":"https:\/\/preventionsida.org\/fr\/wp-json\/wp\/v2\/media?parent=5834"}],"curies":[{"name":"wp","href":"https:\/\/api.w.org\/{rel}","templated":true}]}}