{"id":477,"date":"2019-09-11T17:39:44","date_gmt":"2019-09-11T15:39:44","guid":{"rendered":"https:\/\/preventionsida.org\/?page_id=477"},"modified":"2025-01-31T09:16:50","modified_gmt":"2025-01-31T08:16:50","slug":"les-chiffres-des-ist","status":"publish","type":"page","link":"https:\/\/preventionsida.org\/fr\/ist\/les-chiffres-des-ist\/","title":{"rendered":"Les chiffres des IST"},"content":{"rendered":"","protected":false},"excerpt":{"rendered":"","protected":false},"author":1,"featured_media":0,"parent":21,"menu_order":0,"comment_status":"closed","ping_status":"closed","template":"","meta":{"_acf_changed":false,"footnotes":""},"class_list":["post-477","page","type-page","status-publish","hentry"],"acf":{"sidebar":211,"contenu_flexible":[{"acf_fc_layout":"text2cols","background_color":true,"title":"Les IST, en bref...","col_left":"<ul>\n<li><strong>La <a href=\"https:\/\/preventionsida.org\/fr\/ist\/la-chlamydia\/\">chlamydia<\/a><\/strong> est une IST qui concerne principalement les jeunes femmes entre 15 et 29 ans.<\/li>\n<li><strong>La <a href=\"https:\/\/preventionsida.org\/fr\/ist\/la-syphilis\/\">syphilis<\/a><\/strong> est observ\u00e9e principalement chez les hommes de 20 \u00e0 59 ans.<\/li>\n<li><strong>La <a href=\"https:\/\/preventionsida.org\/fr\/ist\/la-gonorrhee\/\">gonorrh\u00e9e<\/a><\/strong> est pr\u00e9sente principalement chez les hommes entre 20 et 39 ans.<\/li>\n<\/ul>\n","col_right":"<p>Depuis 2002, Sciensano \u2013 l\u2019ex-Institut Scientifique de Sant\u00e9 Publique (ISP)- surveille l\u2019\u00e9volution des IST diagnostiqu\u00e9es en Belgique. L\u2019Institut s\u2019appuie sur les chiffres fournis par un vaste r\u00e9seau de laboratoires d\u2019analyses m\u00e9dicales qui enregistrent les cas d\u2019IST dans les trois r\u00e9gions du pays.<\/p>\n<p><b>Le dernier rapport sur les IST donne la situation \u00e9pid\u00e9miologique jusqu&rsquo;au 31 d\u00e9cembre 2023<\/b>. Vous en trouverez les grandes lignes ci-dessous.<\/p>\n"},{"acf_fc_layout":"textfull","text":"<blockquote><p>Pour t\u00e9l\u00e9charger le rapport complet, cliquez <a href=\"https:\/\/preventionsida.org\/wp-content\/uploads\/2024\/11\/sti_2023_fr_final.pdf\"><strong>ici<\/strong><\/a><strong>.<\/strong><\/p><\/blockquote>\n","background_color":false},{"acf_fc_layout":"textfull","text":"<h2>Toujours plus d&rsquo;IST diagnostiqu\u00e9es<\/h2>\n<p>Les tendances g\u00e9n\u00e9rales pour la chlamydia, la gonorrh\u00e9e et la syphilis en Belgique sont \u00e0 la hausse depuis plusieurs ann\u00e9es, avec une baisse temporaire en 2020 due \u00e0 l&rsquo;\u00e9pid\u00e9mie de COVID-19.<\/p>\n<p>Cette augmentation du nombre d&rsquo;IST est inqui\u00e9tante car elle montre une propagation accrue des infections, et pas uniquement l\u2019augmentation du volume des tests r\u00e9alis\u00e9s. En effet, pour la gonorrh\u00e9e surtout, mais pour la syphilis aussi, l\u2019augmentation du nombre de cas est proportionnellement plus grande que l\u2019augmentation du nombre de tests r\u00e9alis\u00e9s pour ces deux IST.<\/p>\n<p>Bien que la chlamydia, la gonorrh\u00e9e et la syphilis peuvent \u00eatre trait\u00e9es par des antibiotiques, elles peuvent n\u00e9anmoins entra\u00eener de graves complications, telles que des maladies inflammatoires pelviennes et la st\u00e9rilit\u00e9. Il est donc essentiel de continuer la sensibilisation et la pr\u00e9vention notamment aupr\u00e8s des publics plus vuln\u00e9rables, comme les HSH et les jeunes qui entament leur vie sexuelle et affective.<\/p>\n","background_color":false},{"acf_fc_layout":"imagefull","image":15221,"text":""},{"acf_fc_layout":"textfull","text":"<h2>Chlamydia, gonorrh\u00e9e et syphilis en bref<\/h2>\n<p><strong><a href=\"https:\/\/preventionsida.org\/fr\/ist\/la-chlamydia\/\"><u>La chlamydia<\/u><\/a><\/strong>\u00a0est l&rsquo;IST la plus fr\u00e9quemment diagnostiqu\u00e9e en Belgique en 2023, avec un nombre de diagnostics estim\u00e9 \u00e0 218 \/ 100 000 habitants en 2023.<\/p>\n<p>Elle est plus fr\u00e9quemment diagnostiqu\u00e9e chez les femmes jeunes. Par contre, c\u2019est chez les hommes de 20 \u00e0 34 ans que l\u2019augmentation la plus importante est observ\u00e9e au cours des derni\u00e8res ann\u00e9es, ce qui a conduit \u00e0 un nombre \u00e9gal de diagnostics de chlamydia chez les hommes et les femmes en 2023.<\/p>\n<p>Alors que le nombre de tests a l\u00e9g\u00e8rement augment\u00e9 chez les hommes et les femmes, le taux de positivit\u00e9 &#8211; c&rsquo;est-\u00e0-dire la proportion de tests positifs &#8211; est toutefois plus \u00e9lev\u00e9 chez les hommes, illustrant une \u00e9volution diff\u00e9rente entre les deux sexes.<\/p>\n","background_color":false},{"acf_fc_layout":"imagefull","image":15223,"text":""},{"acf_fc_layout":"textfull","text":"<p><a href=\"https:\/\/preventionsida.org\/fr\/ist\/la-gonorrhee\/\"><u><strong>La gonorrh\u00e9e<\/strong><\/u><\/a>\u00a0est la deuxi\u00e8me IST la plus rapport\u00e9e en 2023, avec un nombre de diagnostics estim\u00e9 \u00e0 147 \/ 100 000 habitants en 2023. Entre 2021 et 2023, une tendance \u00e0 la hausse a \u00e9t\u00e9 observ\u00e9e tant chez les hommes que chez les femmes\u00a0: le nombre estim\u00e9 de diagnostics a augment\u00e9 de 100 % chez les hommes et de 97 % chez les femmes.<\/p>\n<p>Le nombre de diagnostics de gonorrh\u00e9e est presque cinq fois plus \u00e9lev\u00e9 chez les hommes que chez les femmes, avec une augmentation plus prononc\u00e9e chez les hommes de 20 \u00e0 39 ans et chez les HSH (hommes ayant des relations sexuelles avec des hommes).<\/p>\n<p>Bien que le nombre de tests n&rsquo;ait que l\u00e9g\u00e8rement augment\u00e9 chez les hommes depuis 2021, leur taux de positivit\u00e9 a connu une augmentation importante, atteignant son niveau le plus \u00e9lev\u00e9 observ\u00e9 jusqu\u2019\u00e0 pr\u00e9sent. L\u2019augmentation du taux de positivit\u00e9 montre que l&rsquo;augmentation n&rsquo;est pas seulement due \u00e0 un nombre croissant de tests, mais \u00e0 une augmentation r\u00e9elle du nombre d&rsquo;infections chez les hommes.<\/p>\n<p>Une augmentation globale des diagnostics de gonorrh\u00e9e a aussi \u00e9t\u00e9 observ\u00e9e chez les femmes, principalement chez les femmes jeunes de 20 \u00e0 39 ans. M\u00eame si l&rsquo;augmentation est moins prononc\u00e9e que chez les hommes, les femmes restent un groupe \u00e0 risque important \u00e9tant donn\u00e9 les complications potentielles au niveau des organes reproducteurs que la gonorrh\u00e9e peut entra\u00eener.<\/p>\n","background_color":false},{"acf_fc_layout":"imagefull","image":15225,"text":""},{"acf_fc_layout":"textfull","text":"<p><a href=\"https:\/\/preventionsida.org\/fr\/ist\/la-syphilis\/\"><u><strong>La syphilis<\/strong><\/u><\/a>\u00a0est l\u2019IST la moins rapport\u00e9e avec 73 \/ 100 000 habitants. Il s&rsquo;agit d&rsquo;une augmentation de 25 % par rapport \u00e0 2022 et de 17 % par rapport \u00e0 2021.<\/p>\n<p>La syphilis continue \u00e0 toucher majoritairement les hommes, avec 7 fois plus de diagnostics chez les hommes que chez les femmes en Belgique en 2023. Une grande partie des diagnostics chez les hommes sont pos\u00e9s chez des HSH.<\/p>\n<p>L&rsquo;\u00e2ge des personnes ayant re\u00e7u un diagnostic de syphilis est g\u00e9n\u00e9ralement plus \u00e9lev\u00e9 que celui des personnes ayant re\u00e7u un diagnostic de gonorrh\u00e9e ou de chlamydia.<\/p>\n","background_color":false},{"acf_fc_layout":"textfull","text":"<p><img loading=\"lazy\" decoding=\"async\" width=\"300\" height=\"169\" class=\"size-medium wp-image-15227 aligncenter\" src=\"https:\/\/preventionsida.org\/wp-content\/uploads\/2025\/01\/IST-figure21-2025-300x169.png\" alt=\"\" srcset=\"https:\/\/preventionsida.org\/wp-content\/uploads\/2025\/01\/IST-figure21-2025-300x169.png 300w, https:\/\/preventionsida.org\/wp-content\/uploads\/2025\/01\/IST-figure21-2025.png 459w\" sizes=\"auto, (max-width: 300px) 100vw, 300px\" \/><\/p>\n<h4>Il existe d&rsquo;autres IST : le VIH\/Sida, les h\u00e9patites B et C, le Papillomavirus (HPV), l&rsquo;herp\u00e8s g\u00e9nital, les mycoses vaginales et la balanite du gland.<br \/>\nElles ne sont pas abord\u00e9es ici mais il est important de s&rsquo;en prot\u00e9ger en ayant recours aux outils de La pr\u00e9vention combin\u00e9e des IST.<\/h4>\n<h4><\/h4>\n","background_color":false},{"acf_fc_layout":"text2cols","background_color":true,"title":"Principaux facteurs de risque","col_left":"<p><strong>La contamination par une IST est principalement li\u00e9e \u00e0 des relations sexuelles sans pr\u00e9servatif. Nous constatons, en effet, via nos actions de terrain une tendance \u00e0 la baise de l&rsquo;utilisation du pr\u00e9servatif qui est pourtant un outil incontournable pour se prot\u00e9ger des IST.<br \/>\n<\/strong><\/p>\n<p>Cette tendance est notamment confirm\u00e9e par la r\u00e9cente\u00a0<a href=\"https:\/\/www.sensoa.be\/sites\/default\/files\/groot-condoomonderzoek-rapport-2024.pdf\"><u><strong>\u00e9tude de SENSOA<\/strong><\/u><\/a>\u00a0sur l\u2019utilisation du pr\u00e9servatif en Flandre.<\/p>\n<p>Les\u00a0<strong>connaissances sur les IST et leur mode de transmission sont \u00e9galement insuffisantes<\/strong>, ce qui peut impliquer une perception erron\u00e9e du risque d\u2019exposition aux IST.<\/p>\n<p>&nbsp;<\/p>\n","col_right":"<p>Par ailleurs, il est important de rappeler que r\u00e9guli\u00e8rement des patient\u00b7es sont diagnostiqu\u00e9\u00b7es porteur\u00b7euses d\u2019une IST alors qu\u2019ils\u00b7elles ne signalaient aucune plainte ni sympt\u00f4me. Les\u00a0<strong>IST se r\u00e9v\u00e8lent donc souvent asymptomatiques.<\/strong><\/p>\n<p><strong>La Plateforme Pr\u00e9vention Sida invite donc les patient\u00b7es \u00e0 demander proactivement un\u00a0<\/strong><a href=\"https:\/\/preventionsida.org\/fr\/depistage\/le-depistage-des-ist\/\"><u><strong>d\u00e9pistage IST<\/strong><\/u><\/a><strong>\u00a0\u00e0 leur m\u00e9decin s\u2019ils\u00b7elles ont des prises de risque ou multiplient les partenaires. Elle pr\u00e9conise \u00e9galement aux m\u00e9decins de proposer spontan\u00e9ment ce test \u00e0 leurs patient\u00b7es \u00e0 risque.<\/strong><\/p>\n<p>Pour la Plateforme Pr\u00e9vention Sida, le d\u00e9pistage est un axe central dans les actions de pr\u00e9vention :<strong>\u00a0savoir si on est infect\u00e9\u00b7e par une IST permet d\u2019adapter ses comportements<\/strong>\u00a0(utiliser un pr\u00e9servatif, se soigner) afin de<strong>\u00a0briser la chaine de contamination<\/strong>\u00a0et ainsi d\u2019\u00e9viter de transmettre une IST.<\/p>\n<p>Il existe aussi des\u00a0<a href=\"https:\/\/preventionsida.org\/fr\/protection\/se-faire-vacciner-contre-certaines-ist\/\"><u><strong>vaccins<\/strong><\/u><\/a>\u00a0pour se prot\u00e9ger contre les souches les plus agressives du HPV et contre les h\u00e9patites A et B.<\/p>\n"}]},"_links":{"self":[{"href":"https:\/\/preventionsida.org\/fr\/wp-json\/wp\/v2\/pages\/477","targetHints":{"allow":["GET"]}}],"collection":[{"href":"https:\/\/preventionsida.org\/fr\/wp-json\/wp\/v2\/pages"}],"about":[{"href":"https:\/\/preventionsida.org\/fr\/wp-json\/wp\/v2\/types\/page"}],"author":[{"embeddable":true,"href":"https:\/\/preventionsida.org\/fr\/wp-json\/wp\/v2\/users\/1"}],"replies":[{"embeddable":true,"href":"https:\/\/preventionsida.org\/fr\/wp-json\/wp\/v2\/comments?post=477"}],"version-history":[{"count":38,"href":"https:\/\/preventionsida.org\/fr\/wp-json\/wp\/v2\/pages\/477\/revisions"}],"predecessor-version":[{"id":15236,"href":"https:\/\/preventionsida.org\/fr\/wp-json\/wp\/v2\/pages\/477\/revisions\/15236"}],"up":[{"embeddable":true,"href":"https:\/\/preventionsida.org\/fr\/wp-json\/wp\/v2\/pages\/21"}],"wp:attachment":[{"href":"https:\/\/preventionsida.org\/fr\/wp-json\/wp\/v2\/media?parent=477"}],"curies":[{"name":"wp","href":"https:\/\/api.w.org\/{rel}","templated":true}]}}