{"id":47,"date":"2019-08-27T16:43:09","date_gmt":"2019-08-27T14:43:09","guid":{"rendered":"https:\/\/preventionsida.org\/?page_id=47"},"modified":"2026-01-14T12:05:42","modified_gmt":"2026-01-14T11:05:42","slug":"nous-soutenir","status":"publish","type":"page","link":"https:\/\/preventionsida.org\/fr\/nous-soutenir\/","title":{"rendered":"Nous soutenir"},"content":{"rendered":"","protected":false},"excerpt":{"rendered":"","protected":false},"author":1,"featured_media":0,"parent":0,"menu_order":0,"comment_status":"closed","ping_status":"closed","template":"","meta":{"_acf_changed":false,"footnotes":""},"class_list":["post-47","page","type-page","status-publish","hentry"],"acf":{"contenu_flexible":[{"acf_fc_layout":"text2cols","background_color":false,"title":"","col_left":"<h2>Devenir b\u00e9n\u00e9vole<\/h2>\n<p>Dans le cadre de ses projets de sant\u00e9 sexuelle \u00e0 destination de divers publics (population g\u00e9n\u00e9rale, jeunes, communaut\u00e9s afro-latino-carib\u00e9ennes, personnes vivant avec le VIH, &#8230;), la Plateforme Pr\u00e9vention<br \/>\nSida est \u00e0 la recherche de b\u00e9n\u00e9voles. Rejoignez-nous !<\/p>\n<p><strong><span style=\"color: #006f90;\">Plusieurs possibilit\u00e9s :<\/span><\/strong><\/p>\n<ul>\n<li>Devenir b\u00e9n\u00e9vole pour nos actions en milieu festif<\/li>\n<li>Devenir b\u00e9n\u00e9vole pour le projet de d\u00e9pistage Action TEST<\/li>\n<li>Devenir accompagnateur\u00b7trice communautaire pour la PrEP<\/li>\n<li>Participer au travail de proximit\u00e9 \u00e0 destination des communaut\u00e9s afro-latino-carib\u00e9ennes<\/li>\n<li>Recevoir un soutien dans la mise en place d\u2019un projet communautaire de sant\u00e9 sexuelle<\/li>\n<\/ul>\n<p><strong><span style=\"color: #006f90;\">Nous vous offrons :<\/span><\/strong><\/p>\n<ul>\n<li>Des s\u00e9ances de formation sur le VIH\/les IST adapt\u00e9es \u00e0 chaque projet<\/li>\n<li>Un remboursement de vos frais de transport<\/li>\n<li>Des moments de convivialit\u00e9<\/li>\n<li>Vos entr\u00e9es lors des actions en milieu festif<\/li>\n<\/ul>\n<p><strong><span style=\"color: #006f90;\">Int\u00e9ress\u00e9e.e?\u00a0<\/span><\/strong><\/p>\n<p>Contactez nous : info@preventionsida.org \/ tel : 02 733 72 99<\/p>\n<p>&nbsp;<\/p>\n","col_right":"<h2>Nous soutenir financi\u00e8rement<\/h2>\n<p>Rien de plus simple, vous pouvez nous soutenir financi\u00e8rement. Chaque don annuel de 40\u20ac ou plus donne droit \u00e0 une attestation fiscale qui vous sera automatiquement envoy\u00e9e au cours des deux premiers mois de l&rsquo;ann\u00e9e suivant le don. <strong><span style=\"color: #006f90;\">Les dons annuels de 40\u20ac ou plus faits en 2026 b\u00e9n\u00e9ficieront d&rsquo;une d\u00e9duction fiscale de 30% du montant de votre don.\u00a0<\/span><\/strong><\/p>\n<p>Le don peut-\u00eatre effectu\u00e9 sur le compte num\u00e9ro BE90 0682 3365 4132 &#8211; BIC : GKCCBEBB ouvert au nom de la Plateforme Pr\u00e9vention Sida avec la <strong>communication suivante : DON + votre num\u00e9ro de registre national<\/strong><\/p>\n<p><em>\u00c0 partir du 1<sup>er<\/sup>\u00a0janvier 2024,\u00a0<strong>le num\u00e9ro de registre national est devenu obligatoire pour obtenir une attestation fiscale<\/strong> qui vous permettra de b\u00e9n\u00e9ficier de la d\u00e9ductibilit\u00e9 dans votre d\u00e9claration d\u2019imp\u00f4ts \u00a0(Obligation SPF Finances \u2013 art 323\/3 CIR92). Pour les particuliers, ce num\u00e9ro se trouve au dos de la carte d\u2019identit\u00e9 belge. Vous devrez obligatoirement l\u2019indiquer lors d\u2019un don via la plateforme en ligne ou dans la rubrique communication lors d\u2019un virement bancaire. Pour les entreprises (personnes morales) il s\u2019agit du num\u00e9ro de la Banque Carrefour des Entreprises (BCE).<\/em><\/p>\n<p>Nous vous remercions vivement pour votre aide et g\u00e9n\u00e9rosit\u00e9.<br \/>\nLa poursuite de nos actions d\u00e9pend de l&rsquo;appui que nous recevons de la part des donateurs priv\u00e9s et des pouvoirs subsidiants.<\/p>\n"},{"acf_fc_layout":"textfull","text":"<h2>Contactez-nous<\/h2>\n\n<div class=\"wpcf7 no-js\" id=\"wpcf7-f4-o1\" lang=\"fr-FR\" dir=\"ltr\" data-wpcf7-id=\"4\">\n<div class=\"screen-reader-response\"><p role=\"status\" aria-live=\"polite\" aria-atomic=\"true\"><\/p> <ul><\/ul><\/div>\n<form action=\"\/fr\/wp-json\/wp\/v2\/pages\/47#wpcf7-f4-o1\" method=\"post\" class=\"wpcf7-form init form-contact\" aria-label=\"Formulaire de contact\" novalidate=\"novalidate\" data-status=\"init\">\n<fieldset class=\"hidden-fields-container\"><input type=\"hidden\" name=\"_wpcf7\" value=\"4\" \/><input type=\"hidden\" name=\"_wpcf7_version\" value=\"6.1.3\" \/><input type=\"hidden\" name=\"_wpcf7_locale\" value=\"fr_FR\" \/><input type=\"hidden\" name=\"_wpcf7_unit_tag\" value=\"wpcf7-f4-o1\" \/><input type=\"hidden\" name=\"_wpcf7_container_post\" value=\"0\" \/><input type=\"hidden\" name=\"_wpcf7_posted_data_hash\" value=\"\" \/><input type=\"hidden\" name=\"_wpcf7_recaptcha_response\" value=\"\" \/>\n<\/fieldset>\n<div class=\"half\">\n\t<p><label> Votre nom (obligatoire)<\/label><span class=\"wpcf7-form-control-wrap\" data-name=\"your-name\"><input size=\"40\" maxlength=\"400\" class=\"wpcf7-form-control wpcf7-text wpcf7-validates-as-required\" autocomplete=\"family-name\" aria-required=\"true\" aria-invalid=\"false\" value=\"\" type=\"text\" name=\"your-name\" \/><\/span>\n\t<\/p>\n<\/div>\n<div class=\"half\">\n\t<p><label> Votre pr\u00e9nom (obligatoire)<\/label><span class=\"wpcf7-form-control-wrap\" data-name=\"your-firstname\"><input size=\"40\" maxlength=\"400\" class=\"wpcf7-form-control wpcf7-text wpcf7-validates-as-required\" autocomplete=\"given-name\" aria-required=\"true\" aria-invalid=\"false\" value=\"\" type=\"text\" name=\"your-firstname\" \/><\/span>\n\t<\/p>\n<\/div>\n<div class=\"half\">\n\t<p><label> Nom du service (asbl, \u00e9cole, etc...)<\/label><span class=\"wpcf7-form-control-wrap\" data-name=\"service-name\"><input size=\"40\" maxlength=\"400\" class=\"wpcf7-form-control wpcf7-text\" aria-invalid=\"false\" value=\"\" type=\"text\" name=\"service-name\" \/><\/span>\n\t<\/p>\n<\/div>\n<div class=\"half\">\n\t<p><label>Votre n\u00b0 de t\u00e9l\u00e9phone:<\/label><span class=\"wpcf7-form-control-wrap\" data-name=\"your-phone\"><input size=\"40\" maxlength=\"400\" class=\"wpcf7-form-control wpcf7-text\" aria-invalid=\"false\" value=\"\" type=\"text\" name=\"your-phone\" \/><\/span>\n\t<\/p>\n<\/div>\n<div>\n\t<p><label> Votre adresse de messagerie (obligatoire)<\/label><span class=\"wpcf7-form-control-wrap\" data-name=\"your-email\"><input size=\"40\" maxlength=\"400\" class=\"wpcf7-form-control wpcf7-email wpcf7-validates-as-required wpcf7-text wpcf7-validates-as-email\" aria-required=\"true\" aria-invalid=\"false\" value=\"\" type=\"email\" name=\"your-email\" \/><\/span>\n\t<\/p>\n<\/div>\n<div>\n\t<p><label>Votre message :<\/label><span class=\"wpcf7-form-control-wrap\" data-name=\"your-message\"><textarea cols=\"40\" rows=\"10\" maxlength=\"2000\" class=\"wpcf7-form-control wpcf7-textarea\" aria-invalid=\"false\" name=\"your-message\"><\/textarea><\/span>\n\t<\/p>\n<\/div>\n<p><label><span class=\"wpcf7-form-control-wrap\" data-name=\"mailchimp\"><span class=\"wpcf7-form-control wpcf7-checkbox\"><span class=\"wpcf7-list-item first last\"><input type=\"checkbox\" name=\"mailchimp[]\" value=\"Oui, je veux recevoir le Safe Sex News par email\" \/><span class=\"wpcf7-list-item-label\">Oui, je veux recevoir le Safe Sex News par email<\/span><\/span><\/span><\/span><\/label>\n<\/p>\n<p><span class=\"wpcf7-form-control-wrap\" data-name=\"acceptance-gdpr\"><span class=\"wpcf7-form-control wpcf7-acceptance\"><span class=\"wpcf7-list-item\"><label><input type=\"checkbox\" name=\"acceptance-gdpr\" value=\"1\" aria-invalid=\"false\" \/><span class=\"wpcf7-list-item-label\">J'accepte la <a href=\"https:\/\/preventionsida.org\/fr\/conditions-generales-utilisation\/\" target=\"_blank\">politique de confidentialit\u00e9<\/a> de l'asbl Plate-Forme Pr\u00e9vention Sida.*<\/span><\/label><\/span><\/span><\/span>\n<\/p>\n<p><span id=\"wpcf7-69de28c96d15b-wrapper\" class=\"wpcf7-form-control-wrap custom-website-wrap\" style=\"display:none !important; visibility:hidden !important;\"><label for=\"wpcf7-69de28c96d15b-field\" class=\"hp-message\">Veuillez laisser ce champ vide.<\/label><input id=\"wpcf7-69de28c96d15b-field\"  class=\"wpcf7-form-control wpcf7-text\" type=\"text\" name=\"custom-website\" value=\"\" size=\"40\" tabindex=\"-1\" autocomplete=\"new-password\" \/><\/span>\n<\/p>\n<p><input class=\"wpcf7-form-control wpcf7-submit has-spinner\" type=\"submit\" value=\"Envoyer\" \/>\n<\/p><div class=\"wpcf7-response-output\" aria-hidden=\"true\"><\/div>\n<\/form>\n<\/div>\n\n","background_color":false}],"sidebar":211},"_links":{"self":[{"href":"https:\/\/preventionsida.org\/fr\/wp-json\/wp\/v2\/pages\/47","targetHints":{"allow":["GET"]}}],"collection":[{"href":"https:\/\/preventionsida.org\/fr\/wp-json\/wp\/v2\/pages"}],"about":[{"href":"https:\/\/preventionsida.org\/fr\/wp-json\/wp\/v2\/types\/page"}],"author":[{"embeddable":true,"href":"https:\/\/preventionsida.org\/fr\/wp-json\/wp\/v2\/users\/1"}],"replies":[{"embeddable":true,"href":"https:\/\/preventionsida.org\/fr\/wp-json\/wp\/v2\/comments?post=47"}],"version-history":[{"count":17,"href":"https:\/\/preventionsida.org\/fr\/wp-json\/wp\/v2\/pages\/47\/revisions"}],"predecessor-version":[{"id":16440,"href":"https:\/\/preventionsida.org\/fr\/wp-json\/wp\/v2\/pages\/47\/revisions\/16440"}],"wp:attachment":[{"href":"https:\/\/preventionsida.org\/fr\/wp-json\/wp\/v2\/media?parent=47"}],"curies":[{"name":"wp","href":"https:\/\/api.w.org\/{rel}","templated":true}]}}