{"id":45,"date":"2019-08-27T16:42:56","date_gmt":"2019-08-27T14:42:56","guid":{"rendered":"https:\/\/preventionsida.org\/?page_id=45"},"modified":"2024-12-19T10:07:29","modified_gmt":"2024-12-19T09:07:29","slug":"nous-contacter","status":"publish","type":"page","link":"https:\/\/preventionsida.org\/fr\/nous-contacter\/","title":{"rendered":"Nous contacter"},"content":{"rendered":"","protected":false},"excerpt":{"rendered":"","protected":false},"author":1,"featured_media":0,"parent":0,"menu_order":0,"comment_status":"closed","ping_status":"closed","template":"","meta":{"_acf_changed":false,"footnotes":""},"class_list":["post-45","page","type-page","status-publish","hentry"],"acf":{"contenu_flexible":[{"acf_fc_layout":"doubleblock","content_block_left":"<p>La Plateforme Pr\u00e9vention Sida est disponible pour toute information ou question relative \u00e0 la th\u00e9matique du VIH et des IST :<\/p>\n<ul>\n<li>Protection<\/li>\n<li>D\u00e9pistage<\/li>\n<li>Traitement<\/li>\n<li>Vivre avec le VIH<\/li>\n<li>Discrimination<\/li>\n<li>Activit\u00e9s<\/li>\n<li>Etc\u2026<\/li>\n<\/ul>\n","background_color_left":false,"content_block_right":"<p>Pour prendre un premier contact avec la Plateforme Pr\u00e9vention Sida, t\u00e9l\u00e9phonez au 02\/733.72.99 ou envoyez un mail \u00e0 <a href=\"mailto:info@preventionsida.org\">info@preventionsida.org<\/a><\/p>\n<p>Vous pouvez \u00e9galement venir \u00e0 la Plateforme Pr\u00e9vention Sida sur rendez-vous. <strong>Nos locaux se situent Place de la vieille halle aux bl\u00e9s 28\/29 \u00e0 1000 Bruxelles.<\/strong><\/p>\n","background_color_right":true},{"acf_fc_layout":"doubleblock","content_block_left":"<h3>STIB<\/h3>\n<ul>\n<li>M\u00e9tros lignes : 1 et 5 Arr\u00eat Gare centrale<\/li>\n<li>Trams\u00a0: 4, 3, 32 arr\u00eat Anneessens<\/li>\n<li>Trams : 92, 93 arr\u00eat Petit sablon<\/li>\n<li>Bus\u00a0: 46 arr\u00eat Anneessens<\/li>\n<li>Bus : 95, 48, 33 arr\u00eat Grand-place<\/li>\n<li>Bus : 29, 66, 71, 63, 65, 86 arr\u00eat Gare centrale<\/li>\n<\/ul>\n","background_color_left":false,"content_block_right":"<h3>SNCB<\/h3>\n<p>Gare de Bruxelles-Central<\/p>\n","background_color_right":false},{"acf_fc_layout":"textfull","text":"<h2>Contactez-nous<\/h2>\n\n<div class=\"wpcf7 no-js\" id=\"wpcf7-f4-o1\" lang=\"fr-FR\" dir=\"ltr\" data-wpcf7-id=\"4\">\n<div class=\"screen-reader-response\"><p role=\"status\" aria-live=\"polite\" aria-atomic=\"true\"><\/p> <ul><\/ul><\/div>\n<form action=\"\/fr\/wp-json\/wp\/v2\/pages\/45#wpcf7-f4-o1\" method=\"post\" class=\"wpcf7-form init form-contact\" aria-label=\"Formulaire de contact\" novalidate=\"novalidate\" data-status=\"init\">\n<fieldset class=\"hidden-fields-container\"><input type=\"hidden\" name=\"_wpcf7\" value=\"4\" \/><input type=\"hidden\" name=\"_wpcf7_version\" value=\"6.1.3\" \/><input type=\"hidden\" name=\"_wpcf7_locale\" value=\"fr_FR\" \/><input type=\"hidden\" name=\"_wpcf7_unit_tag\" value=\"wpcf7-f4-o1\" \/><input type=\"hidden\" name=\"_wpcf7_container_post\" value=\"0\" \/><input type=\"hidden\" name=\"_wpcf7_posted_data_hash\" value=\"\" \/><input type=\"hidden\" name=\"_wpcf7_recaptcha_response\" value=\"\" \/>\n<\/fieldset>\n<div class=\"half\">\n\t<p><label> Votre nom (obligatoire)<\/label><span class=\"wpcf7-form-control-wrap\" data-name=\"your-name\"><input size=\"40\" maxlength=\"400\" class=\"wpcf7-form-control wpcf7-text wpcf7-validates-as-required\" autocomplete=\"family-name\" aria-required=\"true\" aria-invalid=\"false\" value=\"\" type=\"text\" name=\"your-name\" \/><\/span>\n\t<\/p>\n<\/div>\n<div class=\"half\">\n\t<p><label> Votre pr\u00e9nom (obligatoire)<\/label><span class=\"wpcf7-form-control-wrap\" data-name=\"your-firstname\"><input size=\"40\" maxlength=\"400\" class=\"wpcf7-form-control wpcf7-text wpcf7-validates-as-required\" autocomplete=\"given-name\" aria-required=\"true\" aria-invalid=\"false\" value=\"\" type=\"text\" name=\"your-firstname\" \/><\/span>\n\t<\/p>\n<\/div>\n<div class=\"half\">\n\t<p><label> Nom du service (asbl, \u00e9cole, etc...)<\/label><span class=\"wpcf7-form-control-wrap\" data-name=\"service-name\"><input size=\"40\" maxlength=\"400\" class=\"wpcf7-form-control wpcf7-text\" aria-invalid=\"false\" value=\"\" type=\"text\" name=\"service-name\" \/><\/span>\n\t<\/p>\n<\/div>\n<div class=\"half\">\n\t<p><label>Votre n\u00b0 de t\u00e9l\u00e9phone:<\/label><span class=\"wpcf7-form-control-wrap\" data-name=\"your-phone\"><input size=\"40\" maxlength=\"400\" class=\"wpcf7-form-control wpcf7-text\" aria-invalid=\"false\" value=\"\" type=\"text\" name=\"your-phone\" \/><\/span>\n\t<\/p>\n<\/div>\n<div>\n\t<p><label> Votre adresse de messagerie (obligatoire)<\/label><span class=\"wpcf7-form-control-wrap\" data-name=\"your-email\"><input size=\"40\" maxlength=\"400\" class=\"wpcf7-form-control wpcf7-email wpcf7-validates-as-required wpcf7-text wpcf7-validates-as-email\" aria-required=\"true\" aria-invalid=\"false\" value=\"\" type=\"email\" name=\"your-email\" \/><\/span>\n\t<\/p>\n<\/div>\n<div>\n\t<p><label>Votre message :<\/label><span class=\"wpcf7-form-control-wrap\" data-name=\"your-message\"><textarea cols=\"40\" rows=\"10\" maxlength=\"2000\" class=\"wpcf7-form-control wpcf7-textarea\" aria-invalid=\"false\" name=\"your-message\"><\/textarea><\/span>\n\t<\/p>\n<\/div>\n<p><label><span class=\"wpcf7-form-control-wrap\" data-name=\"mailchimp\"><span class=\"wpcf7-form-control wpcf7-checkbox\"><span class=\"wpcf7-list-item first last\"><input type=\"checkbox\" name=\"mailchimp[]\" value=\"Oui, je veux recevoir le Safe Sex News par email\" \/><span class=\"wpcf7-list-item-label\">Oui, je veux recevoir le Safe Sex News par email<\/span><\/span><\/span><\/span><\/label>\n<\/p>\n<p><span class=\"wpcf7-form-control-wrap\" data-name=\"acceptance-gdpr\"><span class=\"wpcf7-form-control wpcf7-acceptance\"><span class=\"wpcf7-list-item\"><label><input type=\"checkbox\" name=\"acceptance-gdpr\" value=\"1\" aria-invalid=\"false\" \/><span class=\"wpcf7-list-item-label\">J'accepte la <a href=\"https:\/\/preventionsida.org\/fr\/conditions-generales-utilisation\/\" target=\"_blank\">politique de confidentialit\u00e9<\/a> de l'asbl Plate-Forme Pr\u00e9vention Sida.*<\/span><\/label><\/span><\/span><\/span>\n<\/p>\n<p><span id=\"wpcf7-69d8c603c36c3-wrapper\" class=\"wpcf7-form-control-wrap custom-website-wrap\" style=\"display:none !important; visibility:hidden !important;\"><label for=\"wpcf7-69d8c603c36c3-field\" class=\"hp-message\">Veuillez laisser ce champ vide.<\/label><input id=\"wpcf7-69d8c603c36c3-field\"  class=\"wpcf7-form-control wpcf7-text\" type=\"text\" name=\"custom-website\" value=\"\" size=\"40\" tabindex=\"-1\" autocomplete=\"new-password\" \/><\/span>\n<\/p>\n<p><input class=\"wpcf7-form-control wpcf7-submit has-spinner\" type=\"submit\" value=\"Envoyer\" \/>\n<\/p><div class=\"wpcf7-response-output\" aria-hidden=\"true\"><\/div>\n<\/form>\n<\/div>\n\n","background_color":false}],"sidebar":211},"_links":{"self":[{"href":"https:\/\/preventionsida.org\/fr\/wp-json\/wp\/v2\/pages\/45","targetHints":{"allow":["GET"]}}],"collection":[{"href":"https:\/\/preventionsida.org\/fr\/wp-json\/wp\/v2\/pages"}],"about":[{"href":"https:\/\/preventionsida.org\/fr\/wp-json\/wp\/v2\/types\/page"}],"author":[{"embeddable":true,"href":"https:\/\/preventionsida.org\/fr\/wp-json\/wp\/v2\/users\/1"}],"replies":[{"embeddable":true,"href":"https:\/\/preventionsida.org\/fr\/wp-json\/wp\/v2\/comments?post=45"}],"version-history":[{"count":10,"href":"https:\/\/preventionsida.org\/fr\/wp-json\/wp\/v2\/pages\/45\/revisions"}],"predecessor-version":[{"id":15094,"href":"https:\/\/preventionsida.org\/fr\/wp-json\/wp\/v2\/pages\/45\/revisions\/15094"}],"wp:attachment":[{"href":"https:\/\/preventionsida.org\/fr\/wp-json\/wp\/v2\/media?parent=45"}],"curies":[{"name":"wp","href":"https:\/\/api.w.org\/{rel}","templated":true}]}}