{"id":4489,"date":"2019-10-25T11:40:11","date_gmt":"2019-10-25T09:40:11","guid":{"rendered":"https:\/\/preventionsida.org\/?page_id=4489"},"modified":"2025-10-27T14:21:15","modified_gmt":"2025-10-27T13:21:15","slug":"tpe-traitement-post-exposition","status":"publish","type":"page","link":"https:\/\/preventionsida.org\/fr\/traitement\/vih\/tpe-traitement-post-exposition\/","title":{"rendered":"TPE- Traitement Post Exposition"},"content":{"rendered":"","protected":false},"excerpt":{"rendered":"","protected":false},"author":1,"featured_media":0,"parent":3598,"menu_order":0,"comment_status":"closed","ping_status":"closed","template":"","meta":{"_acf_changed":false,"footnotes":""},"class_list":["post-4489","page","type-page","status-publish","hentry"],"acf":{"sidebar":211,"contenu_flexible":[{"acf_fc_layout":"textfull","text":"<p><img loading=\"lazy\" decoding=\"async\" class=\"wp-image-787 size-full aligncenter\" src=\"https:\/\/preventionsida.org\/wp-content\/uploads\/2019\/09\/72h_timer-medium.png\" alt=\"72h_timer-medium\" width=\"600\" height=\"224\" srcset=\"https:\/\/preventionsida.org\/wp-content\/uploads\/2019\/09\/72h_timer-medium.png 600w, https:\/\/preventionsida.org\/wp-content\/uploads\/2019\/09\/72h_timer-medium-300x112.png 300w\" sizes=\"auto, (max-width: 600px) 100vw, 600px\" \/><\/p>\n<p><a class=\"btn-center\" href=\"https:\/\/preventionsida.org\/fr\/centres-de-depistage\/\">Trouvez un lieu de d\u00e9pistage proche de chez vous<\/a><\/p>\n","background_color":false},{"acf_fc_layout":"textfull","text":"<h2>Le TPE, c\u2019est quoi ?<\/h2>\n<p>Le <strong>T<\/strong><strong>raitement Post Exposition<\/strong> ou <strong>TPE<\/strong>, est un <strong>traitement d\u2019urgence<\/strong> donn\u00e9 \u00e0 une <strong>personne s\u00e9ron\u00e9gative<\/strong> <strong>apr\u00e8s une prise de risque \u00e9lev\u00e9e<\/strong> par rapport au VIH afin d\u2019\u00e9viter qu\u2019elle soit infect\u00e9e par le virus<strong>.<\/strong><\/p>\n<p><strong>Le TPE doit \u00eatre pris au plus vite apr\u00e8s le risque. Apr\u00e8s 72 heures, il ne sera plus efficace<\/strong>.<\/p>\n<p>Le TPE est une trith\u00e9rapie d\u2019un mois qui permet de <strong>stopper la multiplication du virus,<\/strong> et d\u2019emp\u00eacher qu\u2019il envahisse le corps.<\/p>\n<p>Il s\u2019agit d\u2019un traitement qui doit \u00eatre pris durant 4 semaines avec un suivi m\u00e9dical et des prises de sang r\u00e9parties sur une p\u00e9riode de 3 mois.<\/p>\n","background_color":false},{"acf_fc_layout":"doubleblock","content_block_left":"<h2>Dans quels cas?<\/h2>\n<ul>\n<li>Apr\u00e8s une relation sexuelle \u00e0 risque<\/li>\n<li>Une rupture ou un glissement de pr\u00e9servatif<\/li>\n<li>Un partage de seringue ou de mat\u00e9riel de sniff<\/li>\n<li>Suite \u00e0 l\u2019oubli d\u2019un comprim\u00e9 de <strong><a href=\"https:\/\/preventionsida.org\/fr\/protection\/la-prep\/\">PrEP<\/a><\/strong><\/li>\n<\/ul>\n","background_color_left":false,"content_block_right":"<h2>O\u00f9 le recevoir ?<\/h2>\n<p>Il faut se rendre en journ\u00e9e dans les Centre de r\u00e9f\u00e9rence VIH (voir adresses ci-dessous) et le week-end ou la nuit dans un <strong>service d\u2019urgence<\/strong> rattach\u00e9e \u00e0 un Centre de r\u00e9f\u00e9rence VIH.<\/p>\n","background_color_right":false},{"acf_fc_layout":"textfull","text":"<h2>Attention !<\/h2>\n<p>Ce traitement est <strong>prescrit sous certaines conditions<\/strong> par le\u00b7la m\u00e9decin de la salle d\u2019urgence ou du Centre de r\u00e9f\u00e9rence VIH. La prescription se fait <strong>apr\u00e8s un entretien<\/strong> qui permettra au m\u00e9decin d\u2019\u00e9valuer le risque d\u2019infection par le VIH.<\/p>\n","background_color":true},{"acf_fc_layout":"textfull","text":"<h2>Combien \u00e7a co\u00fbte ?<\/h2>\n<p>Le traitement est <strong>rembours\u00e9 par la mutuelle<\/strong>, mais les consultations et les frais m\u00e9dicaux divers (prise de sang, \u00e9ventuelle prise en charge psychologique, etc.) doivent \u00eatre pay\u00e9 par le\u00b7la patient\u00b7e.<\/p>\n<blockquote>\n<ul>\n<li>Ce traitement doit \u00eatre pris le plus rapidement possible apr\u00e8s la prise de risque, id\u00e9alement dans les 72h. Plus vite le traitement est pris, plus il a des chances d\u2019\u00eatre efficace.<\/li>\n<li>Ce traitement n\u2019est indiqu\u00e9 que pour un risque isol\u00e9 et exceptionnel, non pour des risques r\u00e9p\u00e9t\u00e9s dans le temps.<\/li>\n<\/ul>\n<\/blockquote>\n","background_color":false},{"acf_fc_layout":"text2cols","background_color":false,"title":"Centres de r\u00e9f\u00e9rence VIH","col_left":"<p><a href=\"https:\/\/www.humani.be\/chu-charleroi-chimay\/nos-services-et-disciplines-medicales\/clinique-des-maladies-infectieuses\/centre-de-reference-vih\/\" target=\"_blank\" rel=\"noopener\"><strong>Centre de r\u00e9f\u00e9rence du CHU Charleroi<\/strong><\/a><strong><br \/>\n<\/strong>Chauss\u00e9e de Bruxelles, 140<br \/>\n6042 Lodelinsart<br \/>\n071\/92.23.07<\/p>\n<p><a href=\"http:\/\/www.saintluc.be\/services\/medicaux\/vih\/index.php\" target=\"_blank\" rel=\"noopener\"><strong>Centre de r\u00e9f\u00e9rence de l\u2019UCL H\u00f4pital St-Luc<\/strong><\/a><br \/>\nAvenue Hippocrate, 10<br \/>\n1200 Bruxelles<br \/>\n02\/764.16.02 (urgence) ou 02\/764.19. 02<\/p>\n<p><a href=\"https:\/\/www.stpierre-bru.be\/service\/maladies-infectieuses\/centre-mia\/\" target=\"_blank\" rel=\"noopener\"><strong>CHU St-Pierre \u2013 Site Porte de Hal<\/strong><\/a><strong><br \/>\n<\/strong>322 rue Haute \u00e0 1000 Bruxelles<br \/>\nB\u00e2timent 900 (ancien Cetim)<br \/>\n02\/535.31.77<\/p>\n<p><a href=\"http:\/\/www.chu.ulg.ac.be\/jcms\/c_11118\/centre-de-reference-sida\" target=\"_blank\" rel=\"noopener\"><strong>Centre de r\u00e9f\u00e9rence du CHU de Li\u00e8ge<\/strong><\/a><strong><br \/>\n<\/strong>Quai Godefroid Kurth, 45<br \/>\n4020 Li\u00e8ge (5\u00e8me \u00e9tage)<br \/>\n04\/270.31. 90<\/p>\n<p><a href=\"http:\/\/www.erasme.ulb.ac.be\/page.asp?id=14169&amp;langue=FR\" target=\"_blank\" rel=\"noopener\"><strong>Centre de r\u00e9f\u00e9rence de l\u2019H\u00f4pital Erasme<\/strong><\/a><strong><br \/>\n<\/strong>Route de Lennik, 808<br \/>\n1070 Bruxelles<br \/>\n02\/555.74.84<\/p>\n<p><strong>Centre de r\u00e9f\u00e9rence du CHU Dinant Godinne UCL Namur<br \/>\n<\/strong>Avenue Gaston Th\u00e9rasse, 1<br \/>\n5530 Yvoir<br \/>\nSecr\u00e9tariat : 081\/42.20.81<\/p>\n<p><strong>Centre de r\u00e9f\u00e9rence de l\u2019UZ VUB<br \/>\n<\/strong>UZ Brussel \u2013 Campus Jette<br \/>\nAvenue du Laerbeek, 101<br \/>\n1090 Jette<br \/>\n02\/477.60.01<\/p>\n<p><strong>CHU HELORA<br \/>\n<\/strong>Boulevard Kennedy, 2<br \/>\n7000 Mons<br \/>\n06\/541.41.85<\/p>\n<p><strong>Centre de r\u00e9f\u00e9rence de l\u2019UZ Gent<br \/>\n<\/strong>De Pintelaan, 185 (entr\u00e9e par Corneel Heymanslaan)<br \/>\n9000 Gent<br \/>\n09\/332.23.50<\/p>\n","col_right":"<p><strong>Centre de r\u00e9f\u00e9rence de l\u2019UZ Leuven (Campus Gasthuisberg)<br \/>\n<\/strong>Herestraat, 49<br \/>\n3000 Leuven<br \/>\n016\/34.42.75<\/p>\n<p><a href=\"http:\/\/www.itg.be\/itg\/generalsite\/Default.aspx?L=F&amp;WPID=&amp;miid=\" target=\"_blank\" rel=\"noopener\"><strong>Centre de r\u00e9f\u00e9rence de l\u2019institut de m\u00e9decine tropicale (HIV-SOA Polikliniek)<\/strong><\/a><br \/>\nKronenburgstraat, 43\/3<br \/>\n2000 Antwerpen<br \/>\n03\/247.64.55<\/p>\n<p><strong>Centre de R\u00e9f\u00e9rence de l\u2019UZ Antwerpen (Edegem)<\/strong><br \/>\nWilrijkstraat, 10<br \/>\n2650 Edegem<br \/>\n03\/821.51.53<br \/>\nNuit et weekend : 03\/821.52.50<\/p>\n<p><strong>Centre de R\u00e9f\u00e9rence de l\u2019AZ ZNA Middelheim (Antwerpen)<\/strong><br \/>\nLindendreef, 1<br \/>\n2020 Antwerpen<br \/>\n03\/280.31.11<\/p>\n<p><strong>Centre de R\u00e9f\u00e9rence de l\u2019AZ ZNA Stuivenberg (Antwerpen)<\/strong><br \/>\nLange Beeldekensstraat, 267<br \/>\n2060 Antwerpen<br \/>\n03\/217.71.11<\/p>\n<p><strong><a href=\"https:\/\/www.azsintjan.be\/hiv-referentiecentrum#:~:text=Het%20AZ%20Sint-Jan%20Brugge,psychische%2C%20sociale%20en%20emotionele%20ondersteuning\">Centre de R\u00e9f\u00e9rence de l\u2019AZ Sint-Jan (Brugge)<\/a><br \/>\n<\/strong>Rudderhove, 10<br \/>\n8000 Brugge<br \/>\n050\/45.23.12<\/p>\n<p><strong>Ziekenhuis Oost-Limburg (Campus Andr\u00e9 Dumont)<\/strong><br \/>\nStalenstraat, 2<br \/>\n9600 Genk<br \/>\n089\/32.55.32<br \/>\nVoor afspraak : 050\/45.23.20<br \/>\nHIV-verpleegkundige : 050\/45.23.12<\/p>\n<p><strong>Centre de r\u00e9f\u00e9rence du Jessa Hospital d\u2019Hasselt (Campus Virga Jesse)<\/strong><br \/>\nStadsomvaart, 11<br \/>\n3500 Hasselt<br \/>\n011\/33.55.11<\/p>\n<p><strong>Jan Yperman Ziekenhuis (Ieper)<\/strong><br \/>\nBriekestraat, 12<br \/>\n8900 Ieper<br \/>\n057\/35.71.80<\/p>\n"}]},"_links":{"self":[{"href":"https:\/\/preventionsida.org\/fr\/wp-json\/wp\/v2\/pages\/4489","targetHints":{"allow":["GET"]}}],"collection":[{"href":"https:\/\/preventionsida.org\/fr\/wp-json\/wp\/v2\/pages"}],"about":[{"href":"https:\/\/preventionsida.org\/fr\/wp-json\/wp\/v2\/types\/page"}],"author":[{"embeddable":true,"href":"https:\/\/preventionsida.org\/fr\/wp-json\/wp\/v2\/users\/1"}],"replies":[{"embeddable":true,"href":"https:\/\/preventionsida.org\/fr\/wp-json\/wp\/v2\/comments?post=4489"}],"version-history":[{"count":12,"href":"https:\/\/preventionsida.org\/fr\/wp-json\/wp\/v2\/pages\/4489\/revisions"}],"predecessor-version":[{"id":16047,"href":"https:\/\/preventionsida.org\/fr\/wp-json\/wp\/v2\/pages\/4489\/revisions\/16047"}],"up":[{"embeddable":true,"href":"https:\/\/preventionsida.org\/fr\/wp-json\/wp\/v2\/pages\/3598"}],"wp:attachment":[{"href":"https:\/\/preventionsida.org\/fr\/wp-json\/wp\/v2\/media?parent=4489"}],"curies":[{"name":"wp","href":"https:\/\/api.w.org\/{rel}","templated":true}]}}