{"id":4484,"date":"2019-10-25T11:36:14","date_gmt":"2019-10-25T09:36:14","guid":{"rendered":"https:\/\/preventionsida.org\/?page_id=4484"},"modified":"2020-09-28T17:07:13","modified_gmt":"2020-09-28T15:07:13","slug":"la-prep","status":"publish","type":"page","link":"https:\/\/preventionsida.org\/fr\/traitement\/vih\/la-prep\/","title":{"rendered":"La PrEP : le traitement pr\u00e9ventif pour les personnes tr\u00e8s expos\u00e9es au VIH"},"content":{"rendered":"","protected":false},"excerpt":{"rendered":"","protected":false},"author":1,"featured_media":0,"parent":3598,"menu_order":0,"comment_status":"closed","ping_status":"closed","template":"","meta":{"_acf_changed":false,"footnotes":""},"class_list":["post-4484","page","type-page","status-publish","hentry"],"acf":{"sidebar":211,"contenu_flexible":[{"acf_fc_layout":"textfull","text":"<h2>La PrEP, comment \u00e7a fonctionne ?<\/h2>\n<p>La PrEP emp\u00eache le virus du VIH de se d\u00e9velopper et de se fixer d\u00e8s son entr\u00e9e dans le corps. Ce qui emp\u00eache le virus de survivre et permet \u00e0 la personne de rester s\u00e9ron\u00e9gative.<\/p>\n<p><a class=\"btn-center\" href=\"https:\/\/preventionsida.org\/fr\/prep-et-covid-19\/\">PrEP et COVID 19<\/a><\/p>\n<h2>La PrEP, c\u2019est pour qui ?<\/h2>\n<p>La PrEP est prescrites uniquement aux personnes s\u00e9ron\u00e9gatives de plus de 18 ans qui prennent r\u00e9guli\u00e8rement des risques par rapport au VIH.<\/p>\n","background_color":false},{"acf_fc_layout":"imagefull","image":3883,"text":""},{"acf_fc_layout":"doubleblock","content_block_left":"<h3>Plus particuli\u00e8rement :<\/h3>\n<ul>\n<li>Les hommes qui ont des rapports sexuels avec des hommes<\/li>\n<li>Les travailleuses ou travailleurs du sexe et leurs partenaires<\/li>\n<li>Les personnes qui viennent de pays dans lesquels il y a beaucoup de personnes infect\u00e9es par le VIH et leurs partenaires<\/li>\n<li>Les partenaires des personnes vivant avec le VIH qui n\u2019ont pas atteint une <a href=\"https:\/\/preventionsida.org\/fr\/vih\/la-charge-virale-cest-quoi\/\">charge virale ind\u00e9tectable<\/a><\/li>\n<li>Les personnes qui consomment des drogues par injection (avec \u00e9change de seringue)<\/li>\n<\/ul>\n","background_color_left":true,"content_block_right":"<h3>Et qui ont :<\/h3>\n<ul>\n<li>Soit eu des relations sexuelles sans pr\u00e9servatifs<\/li>\n<li>Soit eu plusieurs partenaires diff\u00e9rents<\/li>\n<li>Soit eu plusieurs fois des IST<\/li>\n<li>Soit eu recours au TPE (traitement d\u2019urgence)<\/li>\n<li>Soit consomm\u00e9 des substances lors de rapports sexuels<\/li>\n<\/ul>\n","background_color_right":false},{"acf_fc_layout":"text2cols","background_color":false,"title":"La PrEP, comment \u00e7a se prend ?","col_left":"<p>Il existe plusieurs fa\u00e7ons de prendre la PrEP.<\/p>\n<ul>\n<li><strong>La PrEP en continu :<\/strong> il s\u2019agit de prendre 1 comprim\u00e9 tous les jours \u00e0 la m\u00eame heure pendant une certaine p\u00e9riode. Plus de d\u00e9tails <a href=\"http:\/\/myprep.be\/?page_id=50\" target=\"_blank\" rel=\"noopener\">MyPrEP.be.<\/a><\/li>\n<li><strong>La PrEP \u00e0 la demande (uniquement pour les hommes) :<\/strong> il s\u2019agit de prendre deux comprim\u00e9s minimum 2h et maximum 24h avant le rapport sexuel et puis de reprendre un comprim\u00e9 le lendemain \u00e0 la m\u00eame heure et un deuxi\u00e8me 24h apr\u00e8s. Plus de d\u00e9tails <a href=\"http:\/\/myprep.be\/?page_id=50\" target=\"_blank\" rel=\"noopener\">MyPrEP.be.<\/a><\/li>\n<\/ul>\n","col_right":"<p>Lors de l\u2019utilisation de la PrEP, <strong>un suivi m\u00e9dical est important<\/strong> pour v\u00e9rifier :<\/p>\n<ul>\n<li>qu\u2019il n\u2019y a pas de contamination au VIH<\/li>\n<li>la pr\u00e9sence d\u2019IST pour les traiter<\/li>\n<li>le fonctionnement des reins<\/li>\n<li>et que l\u2019utilisateur\u00b7trice n\u2019a pas de question et respect bien les sch\u00e9mas de prise des comprim\u00e9s<\/li>\n<\/ul>\n"},{"acf_fc_layout":"textfull","text":"<h2>La PrEP, combien \u00e7a co\u00fbte ?<\/h2>\n<p>La PrEP peut uniquement \u00eatre <strong>prescrite<\/strong> par un m\u00e9decin attach\u00e9 \u00e0 un <strong>Centre de r\u00e9f\u00e9rence VIH<\/strong> apr\u00e8s une consultation m\u00e9dicale. Si la personne rempli les crit\u00e8res de remboursement (voir La PrEP, c\u2019est pour qui ?), la PrEP est <strong>rembours\u00e9e<\/strong>.<\/p>\n","background_color":false},{"acf_fc_layout":"textfull","text":"<p><strong>La PrEP est un moyen suppl\u00e9mentaire de se prot\u00e9ger contre le VIH pour un certain nombre de personnes. <\/strong><\/p>\n<p><strong>La PrEP semble \u00eatre fait pour vous, renseignez-vous aupr\u00e8s de notre association ou d\u2019un Centres de r\u00e9f\u00e9rence VIH pour avoir plus d\u2019information ou consultez le site <a href=\"http:\/\/myprep.be\/\" target=\"_blank\" rel=\"noopener\">http:\/\/myprep.be\/<\/a><\/strong><\/p>\n<p><strong>D\u00e9couvrez \u00e9galement<a href=\"https:\/\/preventionsida.org\/fr\/ressources\/projet-prep-aupres-du-public-afro-latino-caribeen\/\"> le Projet PrEP de la Plateforme Pr\u00e9vention Sida, \u00e0 destination des personnes afro-latino-carib\u00e9ennes.<\/a><\/strong><\/p>\n","background_color":true},{"acf_fc_layout":"imagefull","image":5135,"text":""}]},"_links":{"self":[{"href":"https:\/\/preventionsida.org\/fr\/wp-json\/wp\/v2\/pages\/4484","targetHints":{"allow":["GET"]}}],"collection":[{"href":"https:\/\/preventionsida.org\/fr\/wp-json\/wp\/v2\/pages"}],"about":[{"href":"https:\/\/preventionsida.org\/fr\/wp-json\/wp\/v2\/types\/page"}],"author":[{"embeddable":true,"href":"https:\/\/preventionsida.org\/fr\/wp-json\/wp\/v2\/users\/1"}],"replies":[{"embeddable":true,"href":"https:\/\/preventionsida.org\/fr\/wp-json\/wp\/v2\/comments?post=4484"}],"version-history":[{"count":5,"href":"https:\/\/preventionsida.org\/fr\/wp-json\/wp\/v2\/pages\/4484\/revisions"}],"predecessor-version":[{"id":7444,"href":"https:\/\/preventionsida.org\/fr\/wp-json\/wp\/v2\/pages\/4484\/revisions\/7444"}],"up":[{"embeddable":true,"href":"https:\/\/preventionsida.org\/fr\/wp-json\/wp\/v2\/pages\/3598"}],"wp:attachment":[{"href":"https:\/\/preventionsida.org\/fr\/wp-json\/wp\/v2\/media?parent=4484"}],"curies":[{"name":"wp","href":"https:\/\/api.w.org\/{rel}","templated":true}]}}