{"id":3747,"date":"2019-10-04T15:37:56","date_gmt":"2019-10-04T13:37:56","guid":{"rendered":"https:\/\/preventionsida.org\/?page_id=3747"},"modified":"2022-07-11T14:06:27","modified_gmt":"2022-07-11T12:06:27","slug":"se-proteger-lors-de-consommation-de-drogue","status":"publish","type":"page","link":"https:\/\/preventionsida.org\/fr\/protection\/se-proteger-lors-de-consommation-de-drogue\/","title":{"rendered":"Se prot\u00e9ger lors de consommation de drogue"},"content":{"rendered":"","protected":false},"excerpt":{"rendered":"","protected":false},"author":1,"featured_media":0,"parent":25,"menu_order":0,"comment_status":"closed","ping_status":"closed","template":"","meta":{"_acf_changed":false,"footnotes":""},"class_list":["post-3747","page","type-page","status-publish","hentry"],"acf":{"sidebar":211,"contenu_flexible":[{"acf_fc_layout":"textfull","text":"<p>Le partage de mat\u00e9riel d\u2019injection de drogues (seringue, aiguille, cuiller, filtre, eau, garrot, ..) ainsi que le partage de mat\u00e9riel de sniff ou d\u2019inhalation <strong>sont des pratiques qui comportent un risque d\u2019infection par des virus, des bact\u00e9ries et des champignons<\/strong>.<\/p>\n<p>Lors de ces pratiques, il y a entre autres<strong> un risque d\u2019\u00eatre infect\u00e9\u00b7e par le <a href=\"https:\/\/preventionsida.org\/fr\/vih\/le-vih-cest-quoi\/\">VIH<\/a><\/strong>, mais aussi par les <a href=\"https:\/\/preventionsida.org\/fr\/ist\/les-hepatites-b-et-c\/\"><strong>h\u00e9patites B et C<\/strong><\/a>, ou la <a href=\"https:\/\/preventionsida.org\/fr\/ist\/la-syphilis\/\"><strong>syphilis<\/strong><\/a>. En effet, du sang infect\u00e9 par une de ces IST peut passer d\u2019une personne \u00e0 l\u2019autre lors de ces \u00e9changes.<\/p>\n<p><img loading=\"lazy\" decoding=\"async\" class=\"size-medium wp-image-7454 aligncenter\" src=\"https:\/\/preventionsida.org\/wp-content\/uploads\/2020\/09\/consodrogues_site-300x92.png\" alt=\"\" width=\"300\" height=\"92\" srcset=\"https:\/\/preventionsida.org\/wp-content\/uploads\/2020\/09\/consodrogues_site-300x92.png 300w, https:\/\/preventionsida.org\/wp-content\/uploads\/2020\/09\/consodrogues_site-1024x316.png 1024w, https:\/\/preventionsida.org\/wp-content\/uploads\/2020\/09\/consodrogues_site-768x237.png 768w, https:\/\/preventionsida.org\/wp-content\/uploads\/2020\/09\/consodrogues_site-500x154.png 500w, https:\/\/preventionsida.org\/wp-content\/uploads\/2020\/09\/consodrogues_site.png 1402w\" sizes=\"auto, (max-width: 300px) 100vw, 300px\" \/><\/p>\n","background_color":false},{"acf_fc_layout":"doubleblock","content_block_left":"<p>Soyez donc vigilant\u00b7e et <strong>veillez \u00e0 ne pas partager le mat\u00e9riel d&rsquo;injection<\/strong> &#8211; cela comprend les seringues mais aussi tout le mat\u00e9riel de pr\u00e9paration ou le garrot-, de sniff ou d\u2019inhalation tels que les pailles ou les embouts \u00e0 pipe. <strong>Utilisez donc uniquement votre propre mat\u00e9riel<\/strong>.<\/p>\n","background_color_left":false,"content_block_right":"<p>Pour limiter au maximum les risques de contamination ou les dommages \u00e0 la personne, il est recommand\u00e9 d\u2019utiliser <strong>un mat\u00e9riel st\u00e9rile et \u00e0 usage unique<\/strong> que l\u2019on peut trouver gratuitement dans des lieux sp\u00e9cifiques.<\/p>\n<p><a class=\"btn\" href=\"https:\/\/www.modusvivendi-be.org\/spip.php?article73\" target=\"_blank\" rel=\"noopener\">Voir les adresses et contacts<\/a><\/p>\n","background_color_right":false},{"acf_fc_layout":"textfull","text":"<p>Ce mat\u00e9riel ne <strong>doit pas \u00eatre jet\u00e9 sur la voie publique mais \u00eatre reconditionn\u00e9 dans des boites pr\u00e9vues \u00e0 cet effet<\/strong> afin d\u2019\u00e9viter les transmissions par accident d\u2019exposition.<\/p>\n<p>Sachez qu\u2019une <a href=\"https:\/\/preventionsida.org\/fr\/ist\/les-ist-cest-quoi\/\"><strong>IST<\/strong><\/a> attrap\u00e9e via des rapports sexuels peut \u00eatre ensuite transmise via ce partage de mat\u00e9riel, ou inversement.<\/p>\n","background_color":false},{"acf_fc_layout":"textfull","text":"<p>Pour plus d\u2019information \u00e0 ce sujet, consulter la brochure <a href=\"http:\/\/www.modusvivendi-be.org\/IMG\/pdf\/shooter_propre.pdf\" target=\"_blank\" rel=\"noopener\"><strong>Shooter propre<\/strong><\/a> de Modus Vivendi ou le site de <a href=\"http:\/\/www.infordrogues.be\/\" target=\"_blank\" rel=\"noopener\"><strong>Infor-Drogues<\/strong><\/a>.<\/p>\n","background_color":true}]},"_links":{"self":[{"href":"https:\/\/preventionsida.org\/fr\/wp-json\/wp\/v2\/pages\/3747","targetHints":{"allow":["GET"]}}],"collection":[{"href":"https:\/\/preventionsida.org\/fr\/wp-json\/wp\/v2\/pages"}],"about":[{"href":"https:\/\/preventionsida.org\/fr\/wp-json\/wp\/v2\/types\/page"}],"author":[{"embeddable":true,"href":"https:\/\/preventionsida.org\/fr\/wp-json\/wp\/v2\/users\/1"}],"replies":[{"embeddable":true,"href":"https:\/\/preventionsida.org\/fr\/wp-json\/wp\/v2\/comments?post=3747"}],"version-history":[{"count":5,"href":"https:\/\/preventionsida.org\/fr\/wp-json\/wp\/v2\/pages\/3747\/revisions"}],"predecessor-version":[{"id":10558,"href":"https:\/\/preventionsida.org\/fr\/wp-json\/wp\/v2\/pages\/3747\/revisions\/10558"}],"up":[{"embeddable":true,"href":"https:\/\/preventionsida.org\/fr\/wp-json\/wp\/v2\/pages\/25"}],"wp:attachment":[{"href":"https:\/\/preventionsida.org\/fr\/wp-json\/wp\/v2\/media?parent=3747"}],"curies":[{"name":"wp","href":"https:\/\/api.w.org\/{rel}","templated":true}]}}