{"id":316,"date":"2019-09-11T11:36:10","date_gmt":"2019-09-11T09:36:10","guid":{"rendered":"https:\/\/preventionsida.org\/?page_id=316"},"modified":"2020-09-28T15:04:35","modified_gmt":"2020-09-28T13:04:35","slug":"ai-je-pris-un-risque-detre-infecte-e-par-une-ist-le-vih","status":"publish","type":"page","link":"https:\/\/preventionsida.org\/fr\/depistage\/ai-je-pris-un-risque-detre-infecte-e-par-une-ist-le-vih\/","title":{"rendered":"Ai-je pris un risque d\u2019\u00eatre infect\u00e9.e par une IST \/ le VIH ?"},"content":{"rendered":"<p><span style=\"color: #006f90;\"><strong>Vous vous demandez si vous avez peut-\u00eatre \u00e9t\u00e9 infect\u00e9\u00b7e par le VIH ou par une IST (Infection Sexuellement Transmissible) lors de rapports sex<span style=\"color: #006f90;\">uels?<br \/>\n&#8211;<\/span><\/strong><strong>&gt; FAITES LE TEST<\/strong><\/span><\/p>\n<p>Ce calculateur donne une estimation des risques que vous avez pris pour le VIH et pour des IST selon les connaissances actuelles et en fonction de vos r\u00e9ponses. Il ne remplace ni un d\u00e9pistage, ni un rendez-vous chez un\u00b7e m\u00e9decin. En effet, une rencontre avec un\u00b7e m\u00e9decin permet de poser un diagnostic pr\u00e9cis qui prend en compte tous les aspects de votre situation personnelle. Cet \u00e9valuateur vous donne une \u00e9valuation g\u00e9n\u00e9rale, c\u2019est un indicateur sur votre prise de risque. Son objectif est donc d\u2019orienter, de donner une id\u00e9e globale. En cas de doute, contactez-nous ou contactez un\u00b7e m\u00e9decin.<\/p>\n","protected":false},"excerpt":{"rendered":"<p>Vous vous demandez si vous avez peut-\u00eatre \u00e9t\u00e9 infect\u00e9\u00b7e par le VIH ou par une IST (Infection Sexuellement Transmissible) lors de rapports sexuels? &#8211;&gt; FAITES LE TEST Ce calculateur donne une estimation des risques que vous avez pris pour le VIH et pour des IST selon les connaissances actuelles et en fonction de vos r\u00e9ponses. Il ne remplace ni un d\u00e9pistage, ni un rendez-vous chez un\u00b7e m\u00e9decin. En effet, une rencontre avec un\u00b7e m\u00e9decin permet de poser un diagnostic pr\u00e9cis qui prend en compte tous les aspects de votre situation personnelle. Cet \u00e9valuateur vous donne une \u00e9valuation g\u00e9n\u00e9rale, c\u2019est un indicateur sur votre prise de risque. Son objectif est donc d\u2019orienter, de donner une id\u00e9e globale. En cas de doute, contactez-nous ou contactez un\u00b7e m\u00e9decin.<\/p>\n","protected":false},"author":1,"featured_media":313,"parent":30,"menu_order":0,"comment_status":"closed","ping_status":"closed","template":"","meta":{"_acf_changed":false,"footnotes":""},"class_list":["post-316","page","type-page","status-publish","has-post-thumbnail","hentry"],"acf":{"sidebar":211,"contenu_flexible":[{"acf_fc_layout":"test_risque","footer":"","sang_titre":"","sang_block":[{"sang_block_titre":"Vous cherchez un lieu de d\u00e9pistage ? ","sang_block_text":"Vous pouvez faire un d\u00e9pistage du VIH et des IST  chez votre m\u00e9decin g\u00e9n\u00e9raliste, dans un centre de planning familial, ou dans un centre de d\u00e9pistage.\r\n<br\/><br\/>\r\nVous pouvez utiliser notre moteur de recherche pour trouver un centre de d\u00e9pistage proche de chez vous. \r\n","sang_block_image":"location","sang_block_url":{"title":"Centres de d\u00e9pistage","url":"https:\/\/preventionsida.org\/fr\/depistage\/centres-de-depistage\/","target":""}},{"sang_block_titre":"Vous souhaitez en savoir plus sur les modes de transmission du VIH et des IST ? ","sang_block_text":"Consultez notre tableau r\u00e9capitulatif \r\n\r\n","sang_block_image":"lightbulb","sang_block_url":{"title":"Consultez notre tableau r\u00e9capitulatif ","url":"https:\/\/preventionsida.org\/wp-content\/uploads\/2019\/09\/Tableaumodedetransmission-small.jpg","target":"_blank"}}]}]},"_links":{"self":[{"href":"https:\/\/preventionsida.org\/fr\/wp-json\/wp\/v2\/pages\/316","targetHints":{"allow":["GET"]}}],"collection":[{"href":"https:\/\/preventionsida.org\/fr\/wp-json\/wp\/v2\/pages"}],"about":[{"href":"https:\/\/preventionsida.org\/fr\/wp-json\/wp\/v2\/types\/page"}],"author":[{"embeddable":true,"href":"https:\/\/preventionsida.org\/fr\/wp-json\/wp\/v2\/users\/1"}],"replies":[{"embeddable":true,"href":"https:\/\/preventionsida.org\/fr\/wp-json\/wp\/v2\/comments?post=316"}],"version-history":[{"count":30,"href":"https:\/\/preventionsida.org\/fr\/wp-json\/wp\/v2\/pages\/316\/revisions"}],"predecessor-version":[{"id":7442,"href":"https:\/\/preventionsida.org\/fr\/wp-json\/wp\/v2\/pages\/316\/revisions\/7442"}],"up":[{"embeddable":true,"href":"https:\/\/preventionsida.org\/fr\/wp-json\/wp\/v2\/pages\/30"}],"wp:featuredmedia":[{"embeddable":true,"href":"https:\/\/preventionsida.org\/fr\/wp-json\/wp\/v2\/media\/313"}],"wp:attachment":[{"href":"https:\/\/preventionsida.org\/fr\/wp-json\/wp\/v2\/media?parent=316"}],"curies":[{"name":"wp","href":"https:\/\/api.w.org\/{rel}","templated":true}]}}