{"id":305,"date":"2019-09-11T11:23:10","date_gmt":"2019-09-11T09:23:10","guid":{"rendered":"https:\/\/preventionsida.org\/?page_id=305"},"modified":"2025-11-03T16:53:44","modified_gmt":"2025-11-03T15:53:44","slug":"le-vih-cest-quoi","status":"publish","type":"page","link":"https:\/\/preventionsida.org\/fr\/vih\/le-vih-cest-quoi\/","title":{"rendered":"Le VIH, c&rsquo;est quoi ?"},"content":{"rendered":"","protected":false},"excerpt":{"rendered":"","protected":false},"author":1,"featured_media":0,"parent":23,"menu_order":0,"comment_status":"closed","ping_status":"closed","template":"","meta":{"_acf_changed":false,"footnotes":""},"class_list":["post-305","page","type-page","status-publish","hentry"],"acf":{"sidebar":211,"contenu_flexible":[{"acf_fc_layout":"imagetext","image":16123,"text":"<h2 style=\"text-align: center;\">vivre_avec_le_vih_2025.exe<\/h2>\n<p><a class=\"btn-center\" href=\"https:\/\/preventionsida.org\/fr\/vih-lequizz\/\">RETOUR VERS LE QUIZ<\/a><\/p>\n","background_color":true,"link_image":""},{"acf_fc_layout":"textfull","text":"<p>Le VIH est le <strong>virus de l\u2019immunod\u00e9ficience humaine<\/strong>. C\u2019est une <a href=\"https:\/\/preventionsida.org\/fr\/ist\/les-ist-cest-quoi\/\"><strong>IST<\/strong><\/a>, c\u2019est-\u00e0-dire\u00a0<strong>une infection qui peut se transmettre lors de relations sexuelles<\/strong>\u00a0comme par exemple, <strong><a href=\"https:\/\/preventionsida.org\/fr\/ist\/lherpes-genital\/\">l\u2019herp\u00e8s g\u00e9nital<\/a><\/strong>, la <strong><a href=\"https:\/\/preventionsida.org\/fr\/ist\/la-chlamydia\/\">chlamydia<\/a><\/strong> et la <strong><a href=\"https:\/\/preventionsida.org\/fr\/ist\/la-syphilis\/\">syphilis<\/a><\/strong>.<\/p>\n<p>La particularit\u00e9 du VIH est qu\u2019il s\u2019attaque\u00a0<strong>aux cellules du syst\u00e8me immunitaire, <\/strong>en particulier aux<strong> lymphocytes T CD4<\/strong>. Ce sont des cellules qui prot\u00e8gent le corps contre les attaques des maladies et autres infections.<\/p>\n","background_color":false},{"acf_fc_layout":"multiplecol","multiple_title":"","cols":[{"col_image":1841,"col_title":"cellule CD4 saine","col_content":""},{"col_image":1835,"col_title":"le VIH entre dans la cellule CD4","col_content":""}],"nb_items":""},{"acf_fc_layout":"textfull","text":"<h2>Que veut dire \u00ab \u00catre s\u00e9ropositif\u00b7ve \u00bb ?<\/h2>\n<p>Une personne est s\u00e9ropositive lorsqu\u2019elle\u00a0<strong>a \u00e9t\u00e9 infect\u00e9e par le VIH<\/strong>, c\u2019est-\u00e0-dire que le VIH est entr\u00e9 dans son organisme et a commenc\u00e9 \u00e0 se\u00a0<strong>multiplier<\/strong>.<\/p>\n","background_color":false},{"acf_fc_layout":"multiplecol","multiple_title":"","cols":[{"col_image":1837,"col_title":"le VIH se multiplie dans la cellule CD4","col_content":""},{"col_image":1839,"col_title":"le VIH sort de la cellule CD4","col_content":""},{"col_image":1832,"col_title":"le VIH va infecter d\u2019autre cellule CD4","col_content":""}],"nb_items":""},{"acf_fc_layout":"textfull","text":"<p>\u00c0 partir du moment o\u00f9 le corps d\u2019une personne est en contact avec le VIH, son syst\u00e8me immunitaire (syst\u00e8me de d\u00e9fense de l\u2019organisme) r\u00e9agit en produisant des <strong>anticorps sp\u00e9cifiques<\/strong>. Les anticorps sont des agents de d\u00e9fense de l\u2019organisme qui vont tenter de combattre les virus. Le corps en produit de fa\u00e7on sp\u00e9cifique pour chaque type de virus.<\/p>\n<p>Pour\u00a0<strong>d\u00e9pister l\u2019infection par le VIH<\/strong>, on r\u00e9alise une analyse de sang pour\u00a0<strong>voir si ces anticorps pour le VIH sont pr\u00e9sents dans le sang<\/strong>. Lors de ce d\u00e9pistage, 2 possibilit\u00e9s\u00a0:<\/p>\n<ul>\n<li>Il y a des anticorps \u2192 la personne est infect\u00e9e \u2192 la personne est s\u00e9ropositive<\/li>\n<li>Il n\u2019y a pas d\u2019anticorps \u2192 la personne n\u2019est pas infect\u00e9e \u2192 la personne est s\u00e9ron\u00e9gative<\/li>\n<\/ul>\n<p>Le corps met un certain temps \u00e0 produire les anticorps, c\u2019est pour \u00e7a qu\u2019il existe un <a href=\"\/fr\/depistage\/le-depistage-du-vih-pourquoi-et-comment\/\"><strong>d\u00e9lai d\u2019attente<\/strong><\/a> pour faire un\u00a0<a href=\"\/fr\/depistage\/le-depistage-du-vih-pourquoi-et-comment\/\"><strong>d\u00e9pistage<\/strong><strong> apr\u00e8s une prise de risque<\/strong><\/a>.<\/p>\n<p>Le plus souvent,\u00a0au d\u00e9but de l\u2019infection, <strong>la personne s\u00e9ropositive ne pr\u00e9sente pas de sympt\u00f4me significatif <\/strong>(signe visible de l\u2019infection), mais elle peut cependant transmettre le virus d\u00e8s qu\u2019elle a \u00e9t\u00e9 infect\u00e9e.<\/p>\n<blockquote><p>Une fois qu\u2019une personne est s\u00e9ropositive, elle le reste \u00e0 vie, <strong>m\u00eame sous traitement<\/strong>.<\/p><\/blockquote>\n","background_color":false},{"acf_fc_layout":"multiplecol","multiple_title":"","cols":[{"col_image":694,"col_title":"Personne S\u00e9ron\u00e9gative","col_content":"<p>Personne qui n\u2019est pas infect\u00e9e par le VIH.<\/p>\n"},{"col_image":696,"col_title":"Personne S\u00e9ropositive","col_content":"<p>Personne infect\u00e9e par le VIH. Le VIH est entr\u00e9 dans son corps et se multiplie, mais l\u2019organisme se d\u00e9fend avec des anticorps. La personne est infect\u00e9e mais pas malade.<\/p>\n"},{"col_image":698,"col_title":"Malade du sida","col_content":"<p>Personne s\u00e9ropositive dont le syst\u00e8me immunitaire est fortement affaibli, et qui d\u00e8s lors est atteinte par des maladies opportunistes. La personne est malade.<\/p>\n"}],"nb_items":""},{"acf_fc_layout":"textfull","text":"<h2>Que veut dire s\u00e9roconversion et d\u00e9lai de s\u00e9roconversion\u00a0?<\/h2>\n<p><strong>La s\u00e9roconversion <\/strong>est le moment o\u00f9 les anticorps anti-VIH apparaissent dans le sang d\u2019une personne infect\u00e9e. Les <strong>tests de d\u00e9pistage sont positifs<\/strong> \u00e0 partir de ce moment pr\u00e9cis.<\/p>\n<p><strong>Le d\u00e9lai de s\u00e9roconversion<\/strong> ou \u00ab\u00a0<strong>fen\u00eatre s\u00e9rologique\u00a0\u00bb<\/strong>\u00a0est la p\u00e9riode situ\u00e9e entre la contamination par le VIH et l\u2019apparition des anticorps anti-VIH dans le sang de la personne contamin\u00e9e. Les <strong>tests de d\u00e9pistage s\u00e9rologique sont n\u00e9gatifs<\/strong> durant cette p\u00e9riode.<\/p>\n<p>&nbsp;<\/p>\n<h2>C\u2019est quoi \u00eatre \u00ab malade du SIDA \u00bb ?<\/h2>\n<p>Une personne infect\u00e9e par le VIH est dite \u00ab\u00a0malade du SIDA\u00a0\u00bb lorsque son\u00a0<strong>syst\u00e8me immunitaire commence \u00e0 s\u2019affaiblir<\/strong>\u00a0de plus en plus et qu\u2019il\u00a0<strong>ne r\u00e9ussit plus \u00e0 prot\u00e9ger<\/strong>\u00a0cette personne contre les maladies et autres infections. C\u2019est \u00e0 ce moment-l\u00e0, qu\u2019apparaissent\u00a0<strong>les maladies opportunistes<\/strong>. Les maladies opportunistes sont des maladies qui profitent que l\u2019organisme soit sans d\u00e9fense pour l\u2019attaquer. On retrouve souvent parmi ces maladies\u00a0: des cancers, la pneumonie, la tuberculose \u2026<\/p>\n<p>Aujourd\u2019hui, si elles prennent bien leur traitement, les personnes infect\u00e9es par le VIH restent s\u00e9ropositives et ne tombent jamais malade du sida. Les\u00a0<strong>m\u00e9dicaments permettent de stopper l\u2019\u00e9volution du VIH et son impact sur le corps.<\/strong><\/p>\n<p>Ce qui offre une meilleure qualit\u00e9 de vie aux personnes s\u00e9ropositives. Par contre, les m\u00e9dicaments ne permettent pas de se d\u00e9barrasser du virus totalement. Du coup, la personne reste s\u00e9ropositive.<\/p>\n<blockquote><p>En Belgique , l\u2019infection au VIH est consid\u00e9r\u00e9e comme une maladie chronique\u00a0: c\u2019est-\u00e0-dire une maladie dont on ne peut pas gu\u00e9rir totalement et pour laquelle on doit suivre un traitement \u00e0 vie.<\/p><\/blockquote>\n","background_color":false},{"acf_fc_layout":"video","video_id":"4Oqbx5q9k9E"}]},"_links":{"self":[{"href":"https:\/\/preventionsida.org\/fr\/wp-json\/wp\/v2\/pages\/305","targetHints":{"allow":["GET"]}}],"collection":[{"href":"https:\/\/preventionsida.org\/fr\/wp-json\/wp\/v2\/pages"}],"about":[{"href":"https:\/\/preventionsida.org\/fr\/wp-json\/wp\/v2\/types\/page"}],"author":[{"embeddable":true,"href":"https:\/\/preventionsida.org\/fr\/wp-json\/wp\/v2\/users\/1"}],"replies":[{"embeddable":true,"href":"https:\/\/preventionsida.org\/fr\/wp-json\/wp\/v2\/comments?post=305"}],"version-history":[{"count":15,"href":"https:\/\/preventionsida.org\/fr\/wp-json\/wp\/v2\/pages\/305\/revisions"}],"predecessor-version":[{"id":16158,"href":"https:\/\/preventionsida.org\/fr\/wp-json\/wp\/v2\/pages\/305\/revisions\/16158"}],"up":[{"embeddable":true,"href":"https:\/\/preventionsida.org\/fr\/wp-json\/wp\/v2\/pages\/23"}],"wp:attachment":[{"href":"https:\/\/preventionsida.org\/fr\/wp-json\/wp\/v2\/media?parent=305"}],"curies":[{"name":"wp","href":"https:\/\/api.w.org\/{rel}","templated":true}]}}