{"id":297,"date":"2019-09-11T11:20:04","date_gmt":"2019-09-11T09:20:04","guid":{"rendered":"https:\/\/preventionsida.org\/?page_id=297"},"modified":"2020-02-26T12:29:23","modified_gmt":"2020-02-26T11:29:23","slug":"les-chiffres-du-vih-sida","status":"publish","type":"page","link":"https:\/\/preventionsida.org\/fr\/vih\/les-chiffres-du-vih-sida\/","title":{"rendered":"Les chiffres du VIH\/sida en Belgique \u2013 situation au 31\/12\/2018"},"content":{"rendered":"","protected":false},"excerpt":{"rendered":"","protected":false},"author":1,"featured_media":0,"parent":23,"menu_order":0,"comment_status":"closed","ping_status":"closed","template":"","meta":{"_acf_changed":false,"footnotes":""},"class_list":["post-297","page","type-page","status-publish","hentry"],"acf":{"sidebar":211,"contenu_flexible":[{"acf_fc_layout":"textfull","text":"<h1 style=\"text-align: center;\">MOINS DE DIAGNOSTICS DE VIH MAIS LE VIH TOUCHE UN PUBLIC PLUS DIVERS<\/h1>\n<h2 class=\"western\" style=\"text-align: center;\">L\u2019utilisation de la PrEP donne un boost \u00e0 la pr\u00e9vention du VIH<\/h2>\n<p>En 2018, le nombre de nouveaux diagnostics de VIH a baiss\u00e9 de 2% par rapport \u00e0 2017. Sciensano, l\u2019institut belge de la sant\u00e9, a enregistr\u00e9 <strong>882 diagnostiques de VIH en 2018<\/strong>, ce qui correspond \u00e0 une moyenne de 2,4 nouveaux diagnostics par jour. Ces chiffres donnent \u00e0 penser que l\u2019utilisation de la Prophylaxie pr\u00e9-exposition ou PrEP (c\u2019est-\u00e0-dire le traitement pr\u00e9ventif des personnes n\u2019ayant pas de VIH mais qui courent un risque \u00e9lev\u00e9 de contamination) contribue d\u2019une mani\u00e8re positive \u00e0 la pr\u00e9vention du VIH et \u00e0 la baisse du nombre de cas. Alors que le nombre de diagnostics baisse dans les groupes traditionnellement touch\u00e9s, apparaissent d\u2019autres groupes dont les programmes de pr\u00e9vention doivent tenir compte.<\/p>\n<p><img loading=\"lazy\" decoding=\"async\" class=\" wp-image-5113 aligncenter\" src=\"https:\/\/preventionsida.org\/wp-content\/uploads\/2019\/11\/graphiquepg17-300x176.png\" alt=\"\" width=\"343\" height=\"201\" \/><\/p>\n","background_color":true},{"acf_fc_layout":"textimage","text":"<h4>Le nombre de diagnostics de VIH continue de baisser<\/h4>\n<p>Selon Sciensano, en 2018, le nombre de nouveaux diagnostics de VIH a continu\u00e9 de <strong>baisser<\/strong> pour la 5<sup>e<\/sup> ann\u00e9e cons\u00e9cutive, <strong>m\u00eame si le nombre total de nouveaux diagnostics reste \u00e9lev\u00e9<\/strong>. La <strong>Plateforme Pr\u00e9vention Sida<\/strong> r\u00e9agit <strong>positivement mais prudemment<\/strong> aux chiffres et r\u00e9fl\u00e9chit \u00e9galement \u00e0 l\u2019avenir. La <strong>pr\u00e9vention combin\u00e9e<\/strong> est de toute mani\u00e8re la solution. Cette pr\u00e9vention combin\u00e9e prend plusieurs aspects<em>\u00a0:<\/em><\/p>\n<ul>\n<li><span style=\"color: #006f90;\"><strong>sensibiliser \u00e0 l\u2019utilisation du pr\u00e9servatif et de la <a href=\"https:\/\/preventionsida.org\/fr\/traitement\/vih\/la-prep\/\">PrEP<\/a><\/strong>\u00a0;<\/span><\/li>\n<li><span style=\"color: #006f90;\"><strong>inciter \u00e0 se faire d\u00e9pister rapidement apr\u00e8s un risque\u00a0<\/strong><\/span><\/li>\n<li><span style=\"color: #006f90;\"><strong>traiter imm\u00e9diatement les personnes ayant le VIH en cas de diagnostic positif (afin que le virus ne puisse plus \u00eatre transmis).<\/strong><\/span><\/li>\n<\/ul>\n<p>La combinaison de tous ces \u00e9l\u00e9ments fonctionne, comme l\u2019attestent les chiffres.<\/p>\n","image":5133,"background_color":false,"link_image":""},{"acf_fc_layout":"textfull","text":"<blockquote><p><strong>La Ministre de la Sant\u00e9 publique Maggie De Block<\/strong>: \u201c<em>Le VIH est une affection tr\u00e8s grave qui a des cons\u00e9quences \u00e0 vie pour le patient. En 2017, j\u2019ai d\u00e9cid\u00e9 de rembourser <\/em><em><strong>l\u2019utilisation pr\u00e9ventive des antir\u00e9troviraux<\/strong><\/em> <em><strong>afin de faire baisser le nombre de nouvelles infections<\/strong><\/em><em>. Et cela semble fonctionner: de moins en moins de personnes attrapent une infection VIH. Ce sont bien entendu de tr\u00e8s bonnes nouvelles mais nous n\u2019avons pas encore atteint notre but. <\/em><em><strong>Nous devons continuer \u00e0 investir dans la pr\u00e9vention et dans les traitements afin de faire encore reculer la maladie<\/strong><\/em><em>.\u00a0\u00bb<\/em><\/p><\/blockquote>\n","background_color":true},{"acf_fc_layout":"textfull","text":"<blockquote><p>\u00ab\u00a0<em>Si nous devons nous r\u00e9jouir de la diminution manifeste du nombre de nouveaux diagnostics de VIH, il est \u00e9galement de notre devoir de continuer \u00e0 sensibiliser le plus grand nombre aux risques encourus, avec une attention toute particuli\u00e8re pour les publics les plus expos\u00e9s. Ce travail de pr\u00e9vention doit se poursuivre dans le cadre d\u2019un prochain Plan national VIH ambitieux que j\u2019appelle de mes v\u0153ux<\/em>\u00a0\u00bb, <strong>ajoute Barbara Trachte, ministre bruxelloise en charge de la Promotion de la Sant\u00e9 \u00e0 la COCOF.<\/strong><\/p><\/blockquote>\n","background_color":false},{"acf_fc_layout":"textfull","text":"<blockquote><p><strong>Christie Morreale, ministre wallonne de la Sant\u00e9 ajoute<\/strong>\u00a0: \u00ab\u00a0<em>Les derniers chiffres de diagnostic du VIH sont <strong>encourageants<\/strong> car ils indiquent une nouvelle diminution du nombre de cas d\u00e9tect\u00e9s par jour en Belgique. Ces r\u00e9sultats sont le <strong>fruit du travail men\u00e9 par l\u2019ensemble des op\u00e9rateurs de terrain soutenu par les pouvoirs publics<\/strong>. Ceci \u00e9tant, nous devons maintenir le cap pour, \u00e0 terme, endiguer cette maladie qui frappe encore trop aujourd\u2019hui. En Wallonie, l\u2019action se poursuit. Cette ann\u00e9e, pr\u00e8s d\u20191.500.000 euros ont \u00e9t\u00e9 d\u00e9gag\u00e9s pour lutter contre le VIH et soutenir les personnes atteintes de ce virus. Il est par ailleurs important de <strong>continuer \u00e0 articuler les multiples actions de pr\u00e9vention<\/strong> avec les projets de sensibilisation, \u00e0 travers l\u2019EVRAS notamment. Enfin, le plan national VIH initi\u00e9 par Laurette Onkelinx et qui arrive \u00e0 son terme cette ann\u00e9e, doit \u00eatre reconduit avec des ambitions actualis\u00e9es. A cet \u00e9gard, le Plan Promotion et Pr\u00e9vention Sant\u00e9 en Wallonie Horizon 2030 d\u00e9finit d\u00e9j\u00e0 les objectifs de notre r\u00e9gion en la mati\u00e8re<\/em>\u00a0\u00bb.<\/p><\/blockquote>\n","background_color":true},{"acf_fc_layout":"textimage","text":"<h4>L\u2019utilisation de la PrEP est une valeur ajout\u00e9e dans la pr\u00e9vention du VIH<\/h4>\n<p>La PrEP, la pilule de pr\u00e9vention du VIH, compl\u00e8te l\u2019offre de pr\u00e9vention en Belgique. \u201c<em>La PrEP contribue \u00e0 la r\u00e9duction du nombre de diagnostics en renfor\u00e7ant l\u2019effet des autres moyens de pr\u00e9vention du VIH. L\u2019utilisation du <\/em><em><strong>pr\u00e9servatif<\/strong><\/em><em>, des <\/em><em><strong>tests<\/strong><\/em><em> r\u00e9guliers, un <\/em><em><strong>traitement pr\u00e9coce <\/strong><\/em><em>apr\u00e8s diagnostic pour tous les patients infect\u00e9s et des <\/em><em><strong>campagnes cibl\u00e9es<\/strong><\/em><em> restent de la plus grande importance. La diminution du nombre de diagnostics chez les hommes belges ayant des rapports sexuels avec d\u2019autres hommes est le r\u00e9sultat d\u2019efforts consentis depuis des ann\u00e9es en mati\u00e8re de pr\u00e9vention combin\u00e9e et la PrEP repr\u00e9sente un boost suppl\u00e9mentaire pour cette pr\u00e9vention\u00a0\u00bb, <\/em>compl\u00e8te Andr\u00e9 Sasse<em>, <\/em>Scientifique chez Sciensano<em>. <\/em><\/p>\n<p>Entre le 1er juin 2017 et le 31 d\u00e9cembre 2018, <strong>2.412 personnes <\/strong>ont commenc\u00e9 pour la premi\u00e8re fois un traitement PrEP. Quelque 100 nouvelles personnes commen\u00e7ant ce traitement sont venues s\u2019ajouter chaque mois. 99% \u00e9taient des hommes ayant des rapports sexuels avec d\u2019autres hommes.<\/p>\n","image":5135,"background_color":false,"link_image":""},{"acf_fc_layout":"textfull","text":"<h4>Les diagnostics concernent un public plus divers<\/h4>\n<p>La r\u00e9duction des diagnostics VIH se poursuit chez les deux populations les plus touch\u00e9es, \u00e0 savoir\u00a0:<\/p>\n<ul>\n<li><strong><span style=\"color: #006f90;\">les hommes qui ont des rapports sexuels avec d\u2019autres hommes, de nationalit\u00e9 belge et<\/span><\/strong><\/li>\n<li><strong><span style=\"color: #006f90;\">les hommes et femmes h\u00e9t\u00e9rosexuels originaires d\u2019Afrique subsaharienne.<\/span><\/strong><\/li>\n<\/ul>\n<p>Tant chez les HSH que chez les h\u00e9t\u00e9rosexuels, la r\u00e9partition des nationalit\u00e9s a sensiblement \u00e9volu\u00e9 avec le temps. Le nombre de diagnostics chez les h\u00e9t\u00e9rosexuels originaires d\u2019Afrique subsaharienne diminue progressivement\u00a0; en revanche, on n\u2019observe aucune diminution du nombre de diagnostics VIH dans les autres populations h\u00e9t\u00e9rosexuelles. Chez les hommes ayant des rapports sexuels avec d\u2019autres hommes (HSH), la part des <strong>non-Belges<\/strong> est devenue aussi importante que celle des Belges. <em>\u00ab\u00a0L\u2019\u00e9pid\u00e9mie VIH en Belgique touche diff\u00e9rentes populations et <\/em><em><strong>se diversifie donc un peu plus<\/strong><\/em><em> chaque ann\u00e9e\u00a0\u00bb, <\/em>explique Andr\u00e9 Sasse, scientifique chez Sciensano<em>. \u00ab C\u2019est principalement chez les HSH de <\/em><em><strong>pays non europ\u00e9ens<\/strong><\/em><em> que le nombre de diagnostics augmente encore en Belgique\u00a0: en 2018, 13% des hommes ayant des rapports sexuels avec d\u2019autres hommes avaient une nationalit\u00e9 latino-am\u00e9ricaine et 10% une nationalit\u00e9 asiatique.\u00a0\u00bb<\/em><\/p>\n","background_color":true},{"acf_fc_layout":"textfull","text":"<h4>Programmes de pr\u00e9vention adapt\u00e9s<\/h4>\n<p>Si nous voulons ma\u00eetriser l\u2019<strong>\u00e9pid\u00e9mie<\/strong>, nous devons veiller \u00e0 ce que toutes les populations touch\u00e9es puissent elles aussi se faire tester et traiter. Les programmes de pr\u00e9vention devront donc veiller \u00e0 atteindre une plus grande vari\u00e9t\u00e9 de populations.\u00a0\u201c<em>Etant donn\u00e9 qu\u2019en Belgique, le VIH touche <\/em><em><strong>diff\u00e9rentes populations<\/strong><\/em><em>, le <\/em><em><strong>d\u00e9fi<\/strong><\/em><em> consiste \u00e0 <\/em><em><strong>diversifier<\/strong><\/em><em> les messages des campagnes et les strat\u00e9gies de pr\u00e9vention et de test et \u00e0 les <\/em><em><strong>adapter en fonction des diff\u00e9rents besoins<\/strong><\/em>\u00a0\u00bb, explique Andr\u00e9 Sasse.<\/p>\n<p><strong>La Plateforme Pr\u00e9vention Sida<\/strong> ajoute que le d\u00e9pistage tardif chez les non-Belges reste important et l\u2019utilisation de la PrEP est extr\u00eamement faible parmi ce m\u00eame public. \u00ab\u00a0<em>Cela d\u00e9montre l\u2019importance d\u2019augmenter l\u2019acc\u00e8s pour tous aux diff\u00e9rents outils de la pr\u00e9vention\u00a0<\/em>\u00bb explique Thierry Martin, directeur de la Plateforme Pr\u00e9vention Sida. \u00ab\u00a0<em>Notamment en favorisant l\u2019accessibilit\u00e9 et la gratuit\u00e9 des pr\u00e9servatifs, en \u00e9largissant l\u2019offre de d\u00e9pistage d\u00e9m\u00e9dicalis\u00e9 et en travaillant sur les freins afin de d\u00e9pister les personnes vivant avec le VIH qui ignorent leur statut, en faisant la promotion de la PrEP et en luttant pour un acc\u00e8s pour tous \u00e0 la pr\u00e9vention et aux soins\u00a0\u00bb<\/em>.<\/p>\n<p>La Plateforme Pr\u00e9vention Sida rappelle que pour que tous ces outils soient efficaces, il faut \u00e9galement continuer de lutter contre les discriminations dont sont encore victimes les personnes vivant avec le VIH et favoriser le dialogue autour de la question du VIH et de la promotion de la sant\u00e9 sexuelle aupr\u00e8s des diff\u00e9rents publics.<\/p>\n<p>Selon la Plateforme Pr\u00e9vention Sida, <strong>le Plan VIH 2014-2019 a \u00e9t\u00e9 un outil pr\u00e9cieux dans la lutte contre le VIH en Belgique<\/strong> et il est \u00e0 l\u2019origine de nombreuses d\u00e9cisions politiques en faveur de la mise en place des diff\u00e9rentes strat\u00e9gies d\u2019action ayant impact\u00e9 positivement l\u2019\u00e9volution de l\u2019\u00e9pid\u00e9mie (exemples\u00a0: remboursement de la PrEP, l\u00e9galisation du d\u00e9pistage d\u00e9m\u00e9dicalis\u00e9 et d\u00e9centralis\u00e9 du VIH, remboursement des traitements ind\u00e9pendamment de la charge virale et CD4). Cela d\u00e9montre l\u2019importance de croiser les constats de terrain, l\u2019analyse des donn\u00e9es statistiques, les besoins des publics et de les traduire en strat\u00e9gies d\u2019action soutenues par les d\u00e9cideurs politiques. Il nous semble donc primordial que les autorit\u00e9s politiques f\u00e9d\u00e9rales et r\u00e9gionales soutiennent la reconduction du Plan pour les cinq prochaines ann\u00e9es, afin de continuer \u00e0 faire diminuer le nombre de nouveaux diagnostics de VIH dans les ann\u00e9es \u00e0 venir.<\/p>\n","background_color":false},{"acf_fc_layout":"text2cols","background_color":false,"title":"","col_left":"<p><img loading=\"lazy\" decoding=\"async\" class=\"size-full wp-image-5136 aligncenter\" src=\"https:\/\/preventionsida.org\/wp-content\/uploads\/2019\/11\/sciensano_logo_225w_1.png\" alt=\"\" width=\"225\" height=\"52\" \/><\/p>\n","col_right":"<p><img loading=\"lazy\" decoding=\"async\" class=\"size-medium wp-image-4974 aligncenter\" src=\"https:\/\/preventionsida.org\/wp-content\/uploads\/2019\/11\/PPS_SSP_logo-1-300x108.png\" alt=\"\" width=\"300\" height=\"108\" srcset=\"https:\/\/preventionsida.org\/wp-content\/uploads\/2019\/11\/PPS_SSP_logo-1-300x108.png 300w, https:\/\/preventionsida.org\/wp-content\/uploads\/2019\/11\/PPS_SSP_logo-1-500x179.png 500w, https:\/\/preventionsida.org\/wp-content\/uploads\/2019\/11\/PPS_SSP_logo-1.png 530w\" sizes=\"auto, (max-width: 300px) 100vw, 300px\" \/><\/p>\n"},{"acf_fc_layout":"textfull","text":"<p><a class=\"btn-center\" href=\"https:\/\/www.sciensano.be\/fr\/biblio\/epidemiologie-du-sida-et-de-linfection-a-vih-en-belgique-situation-au-31-decembre-2018\">Voir le rapport vih complet<\/a><\/p>\n","background_color":false}]},"_links":{"self":[{"href":"https:\/\/preventionsida.org\/fr\/wp-json\/wp\/v2\/pages\/297","targetHints":{"allow":["GET"]}}],"collection":[{"href":"https:\/\/preventionsida.org\/fr\/wp-json\/wp\/v2\/pages"}],"about":[{"href":"https:\/\/preventionsida.org\/fr\/wp-json\/wp\/v2\/types\/page"}],"author":[{"embeddable":true,"href":"https:\/\/preventionsida.org\/fr\/wp-json\/wp\/v2\/users\/1"}],"replies":[{"embeddable":true,"href":"https:\/\/preventionsida.org\/fr\/wp-json\/wp\/v2\/comments?post=297"}],"version-history":[{"count":16,"href":"https:\/\/preventionsida.org\/fr\/wp-json\/wp\/v2\/pages\/297\/revisions"}],"predecessor-version":[{"id":5573,"href":"https:\/\/preventionsida.org\/fr\/wp-json\/wp\/v2\/pages\/297\/revisions\/5573"}],"up":[{"embeddable":true,"href":"https:\/\/preventionsida.org\/fr\/wp-json\/wp\/v2\/pages\/23"}],"wp:attachment":[{"href":"https:\/\/preventionsida.org\/fr\/wp-json\/wp\/v2\/media?parent=297"}],"curies":[{"name":"wp","href":"https:\/\/api.w.org\/{rel}","templated":true}]}}