{"id":295,"date":"2019-09-11T11:19:50","date_gmt":"2019-09-11T09:19:50","guid":{"rendered":"https:\/\/preventionsida.org\/?page_id=295"},"modified":"2023-02-15T11:04:00","modified_gmt":"2023-02-15T10:04:00","slug":"la-prevention-combinee-cest-quoi","status":"publish","type":"page","link":"https:\/\/preventionsida.org\/fr\/vih\/la-prevention-combinee-cest-quoi\/","title":{"rendered":"La pr\u00e9vention combin\u00e9e, c&rsquo;est quoi ?"},"content":{"rendered":"","protected":false},"excerpt":{"rendered":"","protected":false},"author":1,"featured_media":0,"parent":23,"menu_order":0,"comment_status":"closed","ping_status":"closed","template":"","meta":{"_acf_changed":false,"footnotes":""},"class_list":["post-295","page","type-page","status-publish","hentry"],"acf":{"sidebar":211,"contenu_flexible":[{"acf_fc_layout":"textimage","text":"<p>La <strong>pr\u00e9vention combin\u00e9e<\/strong> est une strat\u00e9gie de lutte contre le VIH et les autres IST (Infections Sexuellement Transmissibles). Mais de quoi s\u2019agit-il ?<\/p>\n<p>C\u2019est la possibilit\u00e9 de\u00a0combiner\u00a0<strong>plusieurs outils de pr\u00e9vention<\/strong>\u00a0en fonction de sa situation, de ses besoins, de ses pratiques ou de son mode de vie.<\/p>\n<p>La sexualit\u00e9 est une affaire tr\u00e8s personnelle, avec des pratiques et des d\u00e9sirs qui varient d\u2019une personne \u00e0 l\u2019autre. D\u2019o\u00f9 l\u2019int\u00e9r\u00eat de la pr\u00e9vention combin\u00e9e qui\u00a0<strong>\u00e9largit le choix<\/strong>\u00a0des strat\u00e9gies de pr\u00e9vention.\u00a0<strong>A chacun de faire le bon choix<\/strong>.<\/p>\n<p>Car <strong>si le pr\u00e9servatif reste un moyen incontournable pour se prot\u00e9ger, le d\u00e9pistage et les traitements jouent aussi un r\u00f4le capital dans la pr\u00e9vention du VIH\u00a0et des IST,<\/strong>\u00a0et pr\u00e9sentent de nombreux avantages.<\/p>\n","image":810,"background_color":false,"link_image":""},{"acf_fc_layout":"text2cols","background_color":false,"title":"La pr\u00e9vention combin\u00e9e repose sur trois grandes strat\u00e9gies\u00a0:","col_left":"<h3>1. L\u2019utilisation des <a href=\"https:\/\/preventionsida.org\/fr\/protection\/le-preservatif\/\">pr\u00e9servatifs<\/a><\/h3>\n<h3>2. Le recours au <a href=\"https:\/\/preventionsida.org\/fr\/depistage\/le-depistage-du-vih-pourquoi-et-comment\/\">d\u00e9pistage<\/a><\/h3>\n<p>Connaitre son statut s\u00e9rologique, c\u2019est savoir si on est s\u00e9ropositif\u00b7ve (infect\u00e9\u00b7e\u00a0par le VIH) ou s\u00e9ron\u00e9gatif\u00b7ve (non infect\u00e9\u00b7e par le VIH). La connaissance de son statut s\u00e9rologique est essentielle.<br \/>\nAu niveau individuel, cela permet de <strong>prendre un traitement le plus t\u00f4t possible si l\u2019on est porteur\u00b7euse du VIH et de conserver une esp\u00e9rance et une qualit\u00e9 de vie \u00e9quivalentes \u00e0 celles de n\u2019importe qui<\/strong>.<br \/>\nD\u2019un point de vue collectif, cela permet de <strong>r\u00e9duire le nombre d\u2019infections par le VIH car une personne se sachant porteuse du VIH va adapter ses pratiques pour emp\u00eacher la transmission du virus<\/strong>.<\/p>\n","col_right":"<h3>3. Les avanc\u00e9es des\u00a0traitements\u00a0: <a href=\"https:\/\/preventionsida.org\/fr\/protection\/indetectable-intransmissible-ou-ii\/\">i=i<\/a>, <a href=\"https:\/\/preventionsida.org\/fr\/protection\/la-prep\/\">PrEP<\/a>, <a href=\"\/fr\/vih\/que-faire-si-vous-avez-pris-un-risque\/\">TPE<\/a>.<\/h3>\n<p>Si le traitement est bien pris, la personne s\u00e9ropositive obtiendra une<strong>\u00a0<a href=\"https:\/\/preventionsida.org\/fr\/vih\/la-charge-virale-cest-quoi\/\">charge virale ind\u00e9tectable<\/a><\/strong>, c&rsquo;est-\u00e0-dire qu&rsquo;il n\u2019y a presque plus de virus dans son\u00a0organisme et elle ne peut donc plus transmettre le virus, que ce soit lors de relations sexuelles\u00a0 ou de la m\u00e8re \u00e0 l&rsquo;enfant pendant la grossesse ou l\u2019accouchement\u00a0: on parle de<strong><a href=\"https:\/\/preventionsida.org\/fr\/protection\/indetectable-intransmissible-ou-ii\/\"> ind\u00e9tectable = intransmissible<\/a><\/strong>, ou de i=i<\/p>\n"},{"acf_fc_layout":"textfull","text":"<p>De plus, ces traitements, utilis\u00e9s de mani\u00e8re pr\u00e9ventive, permettent\u00a0<strong>aux personnes s\u00e9ron\u00e9gatives<\/strong>\u00a0d\u2019\u00e9viter d\u2019\u00eatre infect\u00e9es par le VIH m\u00eame si elles sont en contact avec le virus\u00a0: c\u2019est ce qu\u2019on appelle la <a href=\"https:\/\/preventionsida.org\/fr\/protection\/la-prep\/\"><strong>PrEP<\/strong><\/a>.<\/p>\n<p>Enfin, il est possible de recevoir un <strong>traitement d\u2019urgence apr\u00e8s une exposition au VIH<\/strong> afin d\u2019\u00e9viter l\u2019infection : c\u2019est le <a href=\"\/fr\/vih\/que-faire-si-vous-avez-pris-un-risque\/\"><strong>TPE<\/strong><\/a>.<\/p>\n","background_color":false},{"acf_fc_layout":"textfull","text":"<p><strong>Pour les <a href=\"https:\/\/preventionsida.org\/fr\/ist\/les-ist-cest-quoi\/\">IST<\/a> aussi<\/strong>, l\u2019utilisation combin\u00e9e du pr\u00e9servatif, du d\u00e9pistage et du traitement permet de pr\u00e9venir l\u2019infection de son\u00b7sa\u00b7ses partenaire\u00b7s.<\/p>\n<blockquote><p>La pr\u00e9vention combin\u00e9e : une bo\u00eete \u00e0 outils.<br \/>\nA chacun d\u2019utiliser la\u00b7les strat\u00e9gie\u00b7s adapt\u00e9e\u00b7s \u00e0 ses besoins.<\/p><\/blockquote>\n","background_color":false},{"acf_fc_layout":"video","video_id":"2yft0D4eGKo"}]},"_links":{"self":[{"href":"https:\/\/preventionsida.org\/fr\/wp-json\/wp\/v2\/pages\/295","targetHints":{"allow":["GET"]}}],"collection":[{"href":"https:\/\/preventionsida.org\/fr\/wp-json\/wp\/v2\/pages"}],"about":[{"href":"https:\/\/preventionsida.org\/fr\/wp-json\/wp\/v2\/types\/page"}],"author":[{"embeddable":true,"href":"https:\/\/preventionsida.org\/fr\/wp-json\/wp\/v2\/users\/1"}],"replies":[{"embeddable":true,"href":"https:\/\/preventionsida.org\/fr\/wp-json\/wp\/v2\/comments?post=295"}],"version-history":[{"count":21,"href":"https:\/\/preventionsida.org\/fr\/wp-json\/wp\/v2\/pages\/295\/revisions"}],"predecessor-version":[{"id":11383,"href":"https:\/\/preventionsida.org\/fr\/wp-json\/wp\/v2\/pages\/295\/revisions\/11383"}],"up":[{"embeddable":true,"href":"https:\/\/preventionsida.org\/fr\/wp-json\/wp\/v2\/pages\/23"}],"wp:attachment":[{"href":"https:\/\/preventionsida.org\/fr\/wp-json\/wp\/v2\/media?parent=295"}],"curies":[{"name":"wp","href":"https:\/\/api.w.org\/{rel}","templated":true}]}}