{"id":293,"date":"2019-09-11T11:19:34","date_gmt":"2019-09-11T09:19:34","guid":{"rendered":"https:\/\/preventionsida.org\/?page_id=293"},"modified":"2025-10-02T12:34:52","modified_gmt":"2025-10-02T10:34:52","slug":"la-charge-virale-cest-quoi","status":"publish","type":"page","link":"https:\/\/preventionsida.org\/fr\/vih\/la-charge-virale-cest-quoi\/","title":{"rendered":"La charge virale ind\u00e9tectable, c&rsquo;est quoi ?"},"content":{"rendered":"","protected":false},"excerpt":{"rendered":"","protected":false},"author":1,"featured_media":0,"parent":23,"menu_order":0,"comment_status":"closed","ping_status":"closed","template":"","meta":{"_acf_changed":false,"footnotes":""},"class_list":["post-293","page","type-page","status-publish","hentry"],"acf":{"sidebar":211,"contenu_flexible":[{"acf_fc_layout":"textfull","text":"<p>La charge virale, c\u2019est la\u00a0<strong>quantit\u00e9 de VIH qu\u2019il y a dans le sang<\/strong>\u00a0d\u2019une personne s\u00e9ropositive.<\/p>\n<p>Quand le VIH entre dans le corps, il se multiplie pour attaquer de plus en plus le syst\u00e8me immunitaire (le syst\u00e8me de d\u00e9fense du corps). Plus le virus se multiplie, \u00a0plus il y a de virus dans le corps : on dit alors que la charge virale est \u00e9lev\u00e9e.<\/p>\n","background_color":false},{"acf_fc_layout":"textfull","text":"<h2>Comment se mesure la charge virale ?<\/h2>\n<p>Pour mesurer la charge virale d\u2019une personne s\u00e9ropositive, il faut faire une prise de sang. On calcule ensuite la charge virale en mesurant le nombre de copies du virus qu&rsquo;il y a dans 1 ml de sang. Chez une personne s\u00e9ropositive qui a une charge virale \u00e9lev\u00e9e, le nombre de copies de virus par millilitre de sang peut \u00eatre de plusieurs millions.<\/p>\n<blockquote><p><strong>Plus la charge virale d\u2019une personne s\u00e9ropositive est \u00e9lev\u00e9e, plus le risque de transmission du VIH est \u00e9lev\u00e9<\/strong>, et inversement, si la charge virale d\u2019une personne s\u00e9ropositive est basse, le risque de transmission du VIH est r\u00e9duit.<\/p><\/blockquote>\n","background_color":false},{"acf_fc_layout":"imagefull","image":4372,"text":""},{"acf_fc_layout":"textfull","text":"<h2>Comment diminuer la charge virale ?<\/h2>\n<p>En prenant un traitement anti-VIH qui emp\u00eache le VIH de se multiplier, bloque son \u00e9volution et\u00a0<strong>r\u00e9duit donc la charge virale<\/strong>. Il est important de bien prendre le traitement et donc de <strong>bien respecter les indications donn\u00e9es par le m\u00e9decin sp\u00e9cialiste<\/strong>, \u00e0 savoir\u00a0: les doses prescrites, les horaires, \u00e0 prendre avec ou sans repas. Il faut en g\u00e9n\u00e9ral <strong>6 mois<\/strong> pour que la charge virale devienne ind\u00e9tectable.<\/p>\n<h2><\/h2>\n","background_color":false},{"acf_fc_layout":"imagefull","image":4375,"text":""},{"acf_fc_layout":"imagetext","image":4409,"text":"<h2>Et la charge virale ind\u00e9tectable, c&rsquo;est quoi ?<\/h2>\n<p>C\u2019est quand la quantit\u00e9 de VIH pr\u00e9sent dans le sang d\u2019une personne s\u00e9ropositive est tr\u00e8s basse. En effet, en bloquant la multiplication du VIH dans le corps, <strong>le traitement anti VIH va r\u00e9duire la quantit\u00e9 de virus <\/strong>jusqu\u2019\u00e0 ce qu\u2019on ne puisse plus d\u00e9tecter le virus dans le sang avec les appareils de laboratoire actuel (20 ou 50 copies de virus par millilitres de sang &#8211; 1 copie = 1 virus). <strong>On dit alors que la charge virale est ind\u00e9tectable.<\/strong><\/p>\n<p>Attention, cela ne veut pas dire qu\u2019il n\u2019y a plus de virus dans le corps et que la personne est gu\u00e9rie. Le virus est toujours pr\u00e9sent mais en tr\u00e8s faible quantit\u00e9, ce qui permet de diminuer l\u2019impact du virus sur le corps. Avoir une charge virale ind\u00e9tectable permet non seulement de vivre mieux et plus longtemps mais aussi d\u2019emp\u00eacher la transmission du VIH lors de relations sexuelles (m\u00eame sans pr\u00e9servatif)<\/p>\n<p><a class=\"btn-center\" href=\"https:\/\/preventionsida.org\/fr\/protection\/indetectable-intransmissible-ou-ii\/\">Plus d&rsquo;info sur ind\u00e9tectable = intransmissible<\/a><\/p>\n","background_color":false,"link_image":""}]},"_links":{"self":[{"href":"https:\/\/preventionsida.org\/fr\/wp-json\/wp\/v2\/pages\/293","targetHints":{"allow":["GET"]}}],"collection":[{"href":"https:\/\/preventionsida.org\/fr\/wp-json\/wp\/v2\/pages"}],"about":[{"href":"https:\/\/preventionsida.org\/fr\/wp-json\/wp\/v2\/types\/page"}],"author":[{"embeddable":true,"href":"https:\/\/preventionsida.org\/fr\/wp-json\/wp\/v2\/users\/1"}],"replies":[{"embeddable":true,"href":"https:\/\/preventionsida.org\/fr\/wp-json\/wp\/v2\/comments?post=293"}],"version-history":[{"count":34,"href":"https:\/\/preventionsida.org\/fr\/wp-json\/wp\/v2\/pages\/293\/revisions"}],"predecessor-version":[{"id":16012,"href":"https:\/\/preventionsida.org\/fr\/wp-json\/wp\/v2\/pages\/293\/revisions\/16012"}],"up":[{"embeddable":true,"href":"https:\/\/preventionsida.org\/fr\/wp-json\/wp\/v2\/pages\/23"}],"wp:attachment":[{"href":"https:\/\/preventionsida.org\/fr\/wp-json\/wp\/v2\/media?parent=293"}],"curies":[{"name":"wp","href":"https:\/\/api.w.org\/{rel}","templated":true}]}}