{"id":289,"date":"2019-09-11T11:19:05","date_gmt":"2019-09-11T09:19:05","guid":{"rendered":"https:\/\/preventionsida.org\/?page_id=289"},"modified":"2023-02-15T10:23:38","modified_gmt":"2023-02-15T09:23:38","slug":"quels-sont-les-symptomes-du-vih","status":"publish","type":"page","link":"https:\/\/preventionsida.org\/fr\/vih\/quels-sont-les-symptomes-du-vih\/","title":{"rendered":"Quels sont les sympt\u00f4mes du VIH ?"},"content":{"rendered":"","protected":false},"excerpt":{"rendered":"","protected":false},"author":1,"featured_media":0,"parent":23,"menu_order":0,"comment_status":"closed","ping_status":"closed","template":"","meta":{"_acf_changed":false,"footnotes":""},"class_list":["post-289","page","type-page","status-publish","hentry"],"acf":{"sidebar":211,"contenu_flexible":[{"acf_fc_layout":"textfull","text":"<p><strong>Souvent, une personne infect\u00e9e par le <a href=\"\/fr\/depistage\/le-depistage-du-vih-pourquoi-et-comment\/\">VIH<\/a> n\u2019a aucun sympt\u00f4me visible<\/strong> pendant plusieurs ann\u00e9es. Cette absence de sympt\u00f4mes ne veut pas dire que le virus n\u2019est pas pr\u00e9sent et actif dans le corps de la personne. En effet, <strong>d\u00e8s qu\u2019il est entr\u00e9 dans l\u2019organisme, le VIH commence \u00e0 se multiplier et \u00e0 envahir toutes les parties du corps<\/strong>.<\/p>\n<blockquote><p>L\u2019apparition de sympt\u00f4mes n\u2019est pas automatique<\/p><\/blockquote>\n<p>&nbsp;<\/p>\n","background_color":false},{"acf_fc_layout":"text2cols","background_color":false,"title":"","col_left":"<p><strong><img loading=\"lazy\" decoding=\"async\" class=\"size-full wp-image-772 aligncenter\" src=\"https:\/\/preventionsida.org\/wp-content\/uploads\/2019\/09\/illu-etat-grippal-page-site-les-signes-du-sida-small.png\" alt=\"Etat gripal\" width=\"150\" height=\"175\" \/><\/strong><\/p>\n<p>Dans les semaines qui suivent la contamination par le VIH, <strong>certaines personnes s\u00e9ropositives peuvent d\u00e9velopper des sympt\u00f4mes<\/strong>. C\u2019est le stade de la primo-infection. Il s\u2019agit de sympt\u00f4mes\u00a0<strong>faisant penser \u00e0 une grippe<\/strong>: fi\u00e8vre, grande fatigue, malaise. Il peut aussi s\u2019agir \u00e9ventuellement de ganglions gonfl\u00e9s, d\u2019\u00e9ruption cutan\u00e9e, d\u2019ulc\u00e9rations de la bouche ou des muqueuses g\u00e9nitales. Ces signes visibles peuvent \u00eatre provoqu\u00e9s par d\u2019autres infections.<strong> On ne peut donc pas les mettre en lien direct et certain avec une infection au VIH.<\/strong><\/p>\n","col_right":"<p><strong><img loading=\"lazy\" decoding=\"async\" class=\"size-full wp-image-768 aligncenter\" src=\"https:\/\/preventionsida.org\/wp-content\/uploads\/2019\/09\/illu-pas-de-symptome-page-site-les-signes-du-sida-small.png\" alt=\"Pas de symptomes\" width=\"150\" height=\"170\" \/><\/strong><\/p>\n<p><strong>Apr\u00e8s quelques semaines, ces\u00a0sympt\u00f4mes disparaissent mais le <a href=\"https:\/\/preventionsida.org\/fr\/vih\/le-vih-cest-quoi\/\">VIH<\/a> est toujours pr\u00e9sent dans le corps\u00a0!<\/strong> <strong>Sans traitement m\u00e9dical, le VIH va continuer \u00e0 se d\u00e9velopper<\/strong> et \u00e0 envahir toutes les parties du corps. Il va ainsi continuer \u00e0 d\u00e9truire lentement le syst\u00e8me immunitaire (le syst\u00e8me de d\u00e9fense du corps).<\/p>\n"},{"acf_fc_layout":"imagefull","image":3791,"text":""},{"acf_fc_layout":"textfull","text":"<p>Au d\u00e9but de l\u2019infection, m\u00eame sans m\u00e9dicament, le corps r\u00e9ussit \u00e0 garder le contr\u00f4le sur le virus. Mais\u00a0<strong>apr\u00e8s un certain temps, le VIH prend le dessus sur le syst\u00e8me immunitaire qui est de plus en plus affaibli<\/strong>. A ce moment-l\u00e0, les d\u00e9fenses immunitaires de la personne s\u00e9ropositive ont \u00e9t\u00e9 tellement ab\u00eem\u00e9es par le VIH qu\u2019elles ne sont plus en quantit\u00e9 suffisante pour la prot\u00e9ger contre les maladies ext\u00e9rieures.\u00a0<strong>C\u2019est le stade de la \u00ab maladie du sida \u00bb.\u00a0<\/strong><\/p>\n","background_color":false},{"acf_fc_layout":"text2cols","background_color":false,"title":"","col_left":"<p><img loading=\"lazy\" decoding=\"async\" class=\"size-full wp-image-770 aligncenter\" src=\"https:\/\/preventionsida.org\/wp-content\/uploads\/2019\/09\/illu-seule-certitude-d\u00e9pistage-page-site-les-signes-du-sida-small.png\" alt=\"Seule certitude : le d\u00e9pistage\" width=\"150\" height=\"193\" \/><\/p>\n<p>Arriv\u00e9e \u00e0 ce stade de l\u2019infection, la personne s\u00e9ropositive va commencer \u00e0 souffrir de <strong>maladies dites opportunistes\u00a0<\/strong>: pneumonies, certains cancers ou affections neurologiques. C\u2019est lors de l\u2019apparition de ces maladies chez la personne infect\u00e9e par le <a href=\"\/fr\/depistage\/le-depistage-du-vih-pourquoi-et-comment\/\"><strong>VIH<\/strong><\/a> que l\u2019on dit qu\u2019elle est \u00ab\u00a0<strong>malade du sida<\/strong>\u00a0\u00bb. \u00a0Sans traitement m\u00e9dical contre le VIH pour restaurer le syst\u00e8me immunitaire, <strong>ces infections opportunistes peuvent \u00eatre mortelles<\/strong>, d\u2019o\u00f9 l\u2019importance du d\u00e9pistage du VIH pour savoir si l\u2019on est infect\u00e9 et de la mise sous traitement pour la personne s\u00e9ropositive.<\/p>\n","col_right":"<blockquote>\n<ul>\n<li>Il est quasi impossible de rep\u00e9rer l\u2019infection au VIH \u00e0 partir de sympt\u00f4mes.<\/li>\n<li>On ne peut pas non plus deviner si une personne est porteuse du VIH juste \u00e0 son apparence.<\/li>\n<li>Le seul moyen de savoir avec certitude si vous \u00eates infect\u00e9\u00b7e par le VIH ou pas est de faire un d\u00e9pistage en respectant le d\u00e9lai d\u2019attente (6 semaines pour une prise de sang classique, 3 mois pour un auto-test ou un test rapide).<\/li>\n<\/ul>\n<\/blockquote>\n"},{"acf_fc_layout":"video","video_id":"4Oqbx5q9k9E"}]},"_links":{"self":[{"href":"https:\/\/preventionsida.org\/fr\/wp-json\/wp\/v2\/pages\/289","targetHints":{"allow":["GET"]}}],"collection":[{"href":"https:\/\/preventionsida.org\/fr\/wp-json\/wp\/v2\/pages"}],"about":[{"href":"https:\/\/preventionsida.org\/fr\/wp-json\/wp\/v2\/types\/page"}],"author":[{"embeddable":true,"href":"https:\/\/preventionsida.org\/fr\/wp-json\/wp\/v2\/users\/1"}],"replies":[{"embeddable":true,"href":"https:\/\/preventionsida.org\/fr\/wp-json\/wp\/v2\/comments?post=289"}],"version-history":[{"count":28,"href":"https:\/\/preventionsida.org\/fr\/wp-json\/wp\/v2\/pages\/289\/revisions"}],"predecessor-version":[{"id":8993,"href":"https:\/\/preventionsida.org\/fr\/wp-json\/wp\/v2\/pages\/289\/revisions\/8993"}],"up":[{"embeddable":true,"href":"https:\/\/preventionsida.org\/fr\/wp-json\/wp\/v2\/pages\/23"}],"wp:attachment":[{"href":"https:\/\/preventionsida.org\/fr\/wp-json\/wp\/v2\/media?parent=289"}],"curies":[{"name":"wp","href":"https:\/\/api.w.org\/{rel}","templated":true}]}}