{"id":286,"date":"2019-09-11T11:18:29","date_gmt":"2019-09-11T09:18:29","guid":{"rendered":"https:\/\/preventionsida.org\/?page_id=286"},"modified":"2023-02-15T10:59:02","modified_gmt":"2023-02-15T09:59:02","slug":"comment-se-transmet-le-vih","status":"publish","type":"page","link":"https:\/\/preventionsida.org\/fr\/vih\/comment-se-transmet-le-vih\/","title":{"rendered":"Comment se transmet le VIH ?"},"content":{"rendered":"","protected":false},"excerpt":{"rendered":"","protected":false},"author":1,"featured_media":0,"parent":23,"menu_order":0,"comment_status":"closed","ping_status":"closed","template":"","meta":{"_acf_changed":false,"footnotes":""},"class_list":["post-286","page","type-page","status-publish","hentry"],"acf":{"sidebar":211,"contenu_flexible":[{"acf_fc_layout":"textimage","text":"<p>Le <strong>VIH<\/strong>, le virus du sida, est <strong>pr\u00e9sent<\/strong> dans tous les <strong>liquides<\/strong> biologiques <strong>de l\u2019organisme<\/strong> des personnes vivant avec le VIH. Mais tous les liquides du corps humain n\u2019ont pas le m\u00eame pouvoir de transmission.<\/p>\n<ul>\n<li>Le virus est en quantit\u00e9 trop faible dans la salive, la sueur, les larmes, les vomissures ou l\u2019urine pour \u00eatre transmis.<\/li>\n<li>Par contre, le <strong>sang<\/strong>, le <strong>sperme<\/strong>, le <strong>liquide s\u00e9minal<\/strong> (liquide transparent qui s\u2019\u00e9coule au d\u00e9but de l\u2019\u00e9rection), les <strong>s\u00e9cr\u00e9tions vaginales<\/strong>, le <strong>liquide anal (rectal)<\/strong> et le <strong>lait maternel<\/strong> peuvent transmettre le VIH.<\/li>\n<\/ul>\n<p>&nbsp;<\/p>\n<p>Il existe <strong>trois modes de transmission<\/strong> du VIH :<\/p>\n","image":701,"background_color":false,"link_image":""},{"acf_fc_layout":"multiplecol","multiple_title":"1. Transmission par voie sexuelle","cols":[{"col_image":7425,"col_title":"P\u00e9n\u00e9tration vaginale","col_content":""},{"col_image":7426,"col_title":"P\u00e9n\u00e9tration anale ","col_content":""},{"col_image":7427,"col_title":"Cunnilingus avec pr\u00e9sence de sang ","col_content":""}],"nb_items":""},{"acf_fc_layout":"textfull","text":"<p><img loading=\"lazy\" decoding=\"async\" class=\"wp-image-10369 size-large aligncenter\" src=\"https:\/\/preventionsida.org\/wp-content\/uploads\/2022\/04\/tableau-VIH-1-724x1024.png\" alt=\"\" width=\"640\" height=\"905\" srcset=\"https:\/\/preventionsida.org\/wp-content\/uploads\/2022\/04\/tableau-VIH-1-724x1024.png 724w, https:\/\/preventionsida.org\/wp-content\/uploads\/2022\/04\/tableau-VIH-1-212x300.png 212w, https:\/\/preventionsida.org\/wp-content\/uploads\/2022\/04\/tableau-VIH-1-768x1086.png 768w, https:\/\/preventionsida.org\/wp-content\/uploads\/2022\/04\/tableau-VIH-1-1086x1536.png 1086w, https:\/\/preventionsida.org\/wp-content\/uploads\/2022\/04\/tableau-VIH-1-1448x2048.png 1448w, https:\/\/preventionsida.org\/wp-content\/uploads\/2022\/04\/tableau-VIH-1-353x500.png 353w\" sizes=\"auto, (max-width: 640px) 100vw, 640px\" \/><\/p>\n","background_color":false},{"acf_fc_layout":"imagetext","image":7428,"text":"<h4>Fellation: risque ou pas risque?<\/h4>\n<p>Il n\u2019y a pas de risque pour la personne qui re\u00e7oit une fellation. La personne qui donne une fellation peut \u00eatre infect\u00e9e par le VIH car il y a une pr\u00e9sence de <strong>liquide s\u00e9minal<\/strong> (liquide qui appara\u00eet pendant l\u2019excitation). Le risque augmente lorsqu\u2019il y a <strong>\u00e9jaculation dans la bouche<\/strong>, le<strong> sperme \u00e9tant un liquide plus contaminant<\/strong> que le liquide s\u00e9minal.<br \/>\n<strong>Le risque vient de micro-l\u00e9sions dans la bouche qui sont des \u00ab portes d\u2019entr\u00e9e \u00bb pour le virus.<\/strong><br \/>\n<strong>Exemples :<\/strong> petites plaies, abc\u00e8s, boutons de fi\u00e8vre sur les l\u00e8vres, etc\u2026<\/p>\n<p>Si vous pratiquez des fellations non prot\u00e9g\u00e9es, m\u00eame sans \u00e9jaculation, avec diff\u00e9rents partenaires, vous multipliez donc les risques d\u2019une transmission par fellation.<\/p>\n<p>Pour \u00e9viter tout risque, le meilleur moyen est donc d\u2018utiliser <a href=\"https:\/\/preventionsida.org\/fr\/protection\/le-preservatif\/\"><strong>un pr\u00e9servatif<\/strong><\/a>. Il existe des pr\u00e9servatifs aromatis\u00e9s! Dans le cas d\u2019une fellation sans pr\u00e9servatif, il est d\u00e9conseill\u00e9 de se brosser les dents avant ou apr\u00e8s une fellation, il est \u00e9galement d\u00e9conseill\u00e9 de boire de l\u2019alcool (irritation des gencives).<\/p>\n<p>D\u2019autres <a href=\"https:\/\/preventionsida.org\/fr\/ist\/le-vih-sida-cest-quoi\/\">IST <\/a>sont, pour leur part, <strong>tr\u00e8s facilement transmissibles lors d\u2019une fellation<\/strong>. C\u2019est le cas de l\u2019herp\u00e8s, la gonorrh\u00e9e, le HPV, la chlamydia, l\u2019h\u00e9patite B et la syphilis.<\/p>\n<blockquote><p><strong>Rappel<\/strong> : contrairement au liquide s\u00e9minal et au sperme,<strong> la salive n\u2019est pas un liquide contaminant !<br \/>\n<\/strong><\/p><\/blockquote>\n","background_color":false,"link_image":""},{"acf_fc_layout":"textimage","text":"<h2>2. Transmission par contact direct avec du sang<\/h2>\n<p>Il existe un risque de transmission :<\/p>\n<ul>\n<li>Lors du partage de seringues et\/ou d\u2019autre mat\u00e9riel (coton, cuill\u00e8re, garrot, eau,\u2026) entre usagers de drogues par voie intraveineuse.<\/li>\n<li>Lors d\u2019une plaie accidentelle survenue, par piq\u00fbre ou par coupure provoqu\u00e9e par du mat\u00e9riel infect\u00e9, essentiellement chez les travailleur.euses de la sant\u00e9 (risque faible).<\/li>\n<li>Lors de la transfusion de sang provenant d\u2019une personne infect\u00e9e par le VIH. Cette situation <strong>a disparu dans nos pays.<\/strong><\/li>\n<\/ul>\n","image":7429,"background_color":false,"link_image":""},{"acf_fc_layout":"imagetext","image":7430,"text":"<h2>3. Transmission pendant la grossesse, l\u2019accouchement ou l\u2019allaitement<\/h2>\n<p>Il y a un risque de contamination de la m\u00e8re s\u00e9ropositive \u00e0 son enfant durant la grossesse (contamination par voie sanguine), l\u2019accouchement (par voie sanguine et par les secr\u00e9tions vaginales) et l\u2019allaitement (par le lait maternel). Heureusement, aujourd\u2019hui, gr\u00e2ce \u00e0 un accompagnement m\u00e9dical adapt\u00e9 et la prise d\u2019un traitement, les m\u00e8res s\u00e9ropositives peuvent donner naissance \u00e0 un enfant non contamin\u00e9.<\/p>\n","background_color":false,"link_image":""},{"acf_fc_layout":"textfull","text":"<h2>Il n\u2019y a pas de transmission :<\/h2>\n<p>Le VIH ne se transmet pas par les<strong> larmes<\/strong><strong>, <\/strong>la<strong> sueur<\/strong><strong>, <\/strong>la<strong> salive<\/strong><strong>, <\/strong>la<strong> toux <\/strong>et les<strong> \u00e9ternuements<\/strong>, par les<strong> piq\u00fbres d\u2019insecte<\/strong> (le virus VIH ne survit pas dans les glandes salivaires du moustique), ni par les <strong>poign\u00e9es de mains<\/strong>, les <strong>baisers<\/strong>, les <strong>massages<\/strong>, ou la <strong>masturbation.<\/strong><\/p>\n","background_color":false},{"acf_fc_layout":"imagefull","image":7432,"text":""},{"acf_fc_layout":"imagetext","image":7433,"text":"<p>Il n\u2019y a pas de risque lorsqu\u2019on dort dans le m\u00eame lit, qu\u2019on partage des v\u00eatements, qu\u2019on boit dans le m\u00eame verre ou qu\u2019on mange dans le m\u00eame plat, ni lors de la baignade, ou par le contact avec la lunette des toilettes.<\/p>\n<p>Par ailleurs, dans les pays industrialis\u00e9s, le risque de contamination par transfusion sanguine est nul car chaque don de sang fait syst\u00e9matiquement l\u2019objet d\u2019un d\u00e9pistage. Il n\u2019y a pas de risque non plus, lors d\u2019un don de sang, puisque le mat\u00e9riel utilis\u00e9 est toujours st\u00e9rile et \u00e0 usage unique.<\/p>\n","background_color":false,"link_image":""},{"acf_fc_layout":"imagetext","image":7434,"text":"<p>Les <strong>soins dentaires<\/strong>, le <strong>piercing<\/strong> et le <strong>tatouage<\/strong> sont \u00e9galement sans risques si les r\u00e8gles d\u2019hygi\u00e8ne sont respect\u00e9es et que le mat\u00e9riel est st\u00e9rile et\/ou \u00e0 usage unique.<\/p>\n","background_color":false,"link_image":""}]},"_links":{"self":[{"href":"https:\/\/preventionsida.org\/fr\/wp-json\/wp\/v2\/pages\/286","targetHints":{"allow":["GET"]}}],"collection":[{"href":"https:\/\/preventionsida.org\/fr\/wp-json\/wp\/v2\/pages"}],"about":[{"href":"https:\/\/preventionsida.org\/fr\/wp-json\/wp\/v2\/types\/page"}],"author":[{"embeddable":true,"href":"https:\/\/preventionsida.org\/fr\/wp-json\/wp\/v2\/users\/1"}],"replies":[{"embeddable":true,"href":"https:\/\/preventionsida.org\/fr\/wp-json\/wp\/v2\/comments?post=286"}],"version-history":[{"count":39,"href":"https:\/\/preventionsida.org\/fr\/wp-json\/wp\/v2\/pages\/286\/revisions"}],"predecessor-version":[{"id":11382,"href":"https:\/\/preventionsida.org\/fr\/wp-json\/wp\/v2\/pages\/286\/revisions\/11382"}],"up":[{"embeddable":true,"href":"https:\/\/preventionsida.org\/fr\/wp-json\/wp\/v2\/pages\/23"}],"wp:attachment":[{"href":"https:\/\/preventionsida.org\/fr\/wp-json\/wp\/v2\/media?parent=286"}],"curies":[{"name":"wp","href":"https:\/\/api.w.org\/{rel}","templated":true}]}}