{"id":277,"date":"2019-09-11T10:22:16","date_gmt":"2019-09-11T08:22:16","guid":{"rendered":"https:\/\/preventionsida.org\/?page_id=277"},"modified":"2023-02-15T11:54:53","modified_gmt":"2023-02-15T10:54:53","slug":"les-mycoses","status":"publish","type":"page","link":"https:\/\/preventionsida.org\/fr\/ist\/les-mycoses\/","title":{"rendered":"Les mycoses vaginales, la balanite du gland"},"content":{"rendered":"","protected":false},"excerpt":{"rendered":"","protected":false},"author":1,"featured_media":0,"parent":21,"menu_order":0,"comment_status":"closed","ping_status":"closed","template":"","meta":{"_acf_changed":false,"footnotes":""},"class_list":["post-277","page","type-page","status-publish","hentry"],"acf":{"sidebar":211,"contenu_flexible":[{"acf_fc_layout":"textfull","text":"<h2>Vaccin<\/h2>\n<p>Non<\/p>\n<h2>Sympt\u00f4mes<\/h2>\n<ul>\n<li><strong>D\u00e9mangeaisons de la vulve (l&rsquo;ensemble des organes g\u00e9nitaux externes de la femme)<\/strong><\/li>\n<li><strong>Pertes vaginales, blanches, \u00e9paisses et cr\u00e9meuses<\/strong><\/li>\n<li><strong>Br\u00fblures<\/strong><\/li>\n<li><strong>Inflammation du gland<\/strong><\/li>\n<\/ul>\n<h2>D\u00e9pistage<\/h2>\n<p>Examen m\u00e9dical et pr\u00e9l\u00e8vement local, frottis (pr\u00e9l\u00e8vement m\u00e9dical)<\/p>\n<h2>Traitement<\/h2>\n<ul>\n<li>M\u00e9dicaments appropri\u00e9s<\/li>\n<li>Cr\u00e8me\u00a0\u00e0\u00a0appliquer sur les muqueuses ou petit \u0153uf en cr\u00e8me\u00a0\u00e0\u00a0introduire par voie vaginale pour les femmes<\/li>\n<\/ul>\n<h2>Modes de transmission sp\u00e9cifiques<\/h2>\n<p>Contacts sexuels (oral, vaginal, anal, p\u00e9nis), caresses sexuelles<br \/>\nLa mycose vaginale n&rsquo;est cependant pas consid\u00e9r\u00e9e comme une IST car elle peut venir d\u2019un d\u00e9s\u00e9quilibre de la flore vaginale<\/p>\n<h2>Mode de protection<\/h2>\n<ul>\n<li><strong><a href=\"https:\/\/preventionsida.org\/fr\/protection\/le-preservatif\/\">Pr\u00e9servatif<\/a><\/strong><\/li>\n<li><strong><a href=\"https:\/\/preventionsida.org\/fr\/protection\/le-carre-de-latex\/\">Carr\u00e9 de latex<\/a><\/strong><\/li>\n<\/ul>\n","background_color":false}]},"_links":{"self":[{"href":"https:\/\/preventionsida.org\/fr\/wp-json\/wp\/v2\/pages\/277","targetHints":{"allow":["GET"]}}],"collection":[{"href":"https:\/\/preventionsida.org\/fr\/wp-json\/wp\/v2\/pages"}],"about":[{"href":"https:\/\/preventionsida.org\/fr\/wp-json\/wp\/v2\/types\/page"}],"author":[{"embeddable":true,"href":"https:\/\/preventionsida.org\/fr\/wp-json\/wp\/v2\/users\/1"}],"replies":[{"embeddable":true,"href":"https:\/\/preventionsida.org\/fr\/wp-json\/wp\/v2\/comments?post=277"}],"version-history":[{"count":9,"href":"https:\/\/preventionsida.org\/fr\/wp-json\/wp\/v2\/pages\/277\/revisions"}],"predecessor-version":[{"id":11392,"href":"https:\/\/preventionsida.org\/fr\/wp-json\/wp\/v2\/pages\/277\/revisions\/11392"}],"up":[{"embeddable":true,"href":"https:\/\/preventionsida.org\/fr\/wp-json\/wp\/v2\/pages\/21"}],"wp:attachment":[{"href":"https:\/\/preventionsida.org\/fr\/wp-json\/wp\/v2\/media?parent=277"}],"curies":[{"name":"wp","href":"https:\/\/api.w.org\/{rel}","templated":true}]}}