{"id":275,"date":"2019-09-11T10:22:02","date_gmt":"2019-09-11T08:22:02","guid":{"rendered":"https:\/\/preventionsida.org\/?page_id=275"},"modified":"2023-02-15T11:54:10","modified_gmt":"2023-02-15T10:54:10","slug":"lherpes-genital","status":"publish","type":"page","link":"https:\/\/preventionsida.org\/fr\/ist\/lherpes-genital\/","title":{"rendered":"L\u2019herp\u00e8s g\u00e9nital"},"content":{"rendered":"","protected":false},"excerpt":{"rendered":"","protected":false},"author":1,"featured_media":0,"parent":21,"menu_order":0,"comment_status":"closed","ping_status":"closed","template":"","meta":{"_acf_changed":false,"footnotes":""},"class_list":["post-275","page","type-page","status-publish","hentry"],"acf":{"sidebar":211,"contenu_flexible":[{"acf_fc_layout":"textimage","text":"<h2>Vaccin<\/h2>\n<p>Non<\/p>\n<p>&nbsp;<\/p>\n<h2>Sympt\u00f4mes<\/h2>\n<p>Ils peuvent appara\u00eetre de 2 \u00e0 20 jours apr\u00e8s la contamination:<\/p>\n<ul>\n<li><strong>V\u00e9sicules (cloches) remplies de liquide puis boutons sur les organes g\u00e9nitaux ou l&rsquo;anus. Douleur souvent importante.<\/strong><\/li>\n<li><strong>Douleurs lorsque l&rsquo;on urine.<\/strong><\/li>\n<li><strong>Les sympt\u00f4mes peuvent appara\u00eetre plusieurs ann\u00e9es apr\u00e8s qu&rsquo;on ait \u00e9t\u00e9 infect\u00e9\u00b7e. Il faut donc vous prot\u00e9ger et prot\u00e9ger votre\u00b7vos ses partenaire\u00b7s apr\u00e8s une prise de risque.<\/strong><\/li>\n<\/ul>\n<p>&nbsp;<\/p>\n<h2>D\u00e9pistage<\/h2>\n<p>Examen m\u00e9dical, frottis (pr\u00e9l\u00e8vement m\u00e9dical) ou prise de sang (s&rsquo;il n&rsquo;y a pas de sympt\u00f4mes)<\/p>\n","image":1817,"background_color":false,"link_image":""},{"acf_fc_layout":"imagetext","image":1819,"text":"<h2>Traitement<\/h2>\n<p>Cr\u00e8mes ou traitements antiviraux appropri\u00e9s qui permettent de soulager et de freiner les r\u00e9cidives, mais pas de gu\u00e9rir. On reste porteur\u00b7euse \u00e0 vie. La maladie \u00e9volue souvent par pouss\u00e9es (provoqu\u00e9es par la fatigue, le stress, l&rsquo;exposition au soleil, l&rsquo;immunod\u00e9pression, &#8230;)<\/p>\n<p>&nbsp;<\/p>\n<h2>Modes de transmission sp\u00e9cifiques<\/h2>\n<ul>\n<li><strong>Rapport sexuel :<\/strong> par contact direct avec les v\u00e9sicules (cloches) pr\u00e9sentes au niveau de la vulve (l&rsquo;ensemble des organes g\u00e9nitaux externes de la femme), du p\u00e9nis ou de l&rsquo;anus ou par les s\u00e9cr\u00e9tions provenant du col ut\u00e9rin, du vagin, de l&rsquo;ur\u00e8tre (canal par lequel sort l\u2019urine de la vessie), de l&rsquo;anus.<\/li>\n<li><strong>Si herp\u00e8s buccal (bouton de fi\u00e8vre) :<\/strong> transmission possible mais peu fr\u00e9quente de la bouche \u00e0 la vulve, au p\u00e9nis ou \u00e0 l&rsquo;anus.<\/li>\n<li><strong>Par transmission de la m\u00e8re \u00e0 l&rsquo;enfant.<\/strong><\/li>\n<\/ul>\n<p>&nbsp;<\/p>\n<h2>Mode de protection<\/h2>\n<ul>\n<li><a href=\"https:\/\/preventionsida.org\/fr\/protection\/le-preservatif\/\"><strong>Pr\u00e9servatif<\/strong><\/a> (protection r\u00e9elle mais pas totale si des boutons d\u2019herp\u00e8s pourraient ne pas \u00eatre couverts par le pr\u00e9servatif )<\/li>\n<li><strong><a href=\"https:\/\/preventionsida.org\/fr\/protection\/le-carre-de-latex\/\">Carr\u00e9 de latex<\/a><\/strong><\/li>\n<\/ul>\n","background_color":false,"link_image":"\/wp-content\/uploads\/2019\/10\/PPS_Outils_LesIST_Flyers_Herp\u00e8s.pdf"}]},"_links":{"self":[{"href":"https:\/\/preventionsida.org\/fr\/wp-json\/wp\/v2\/pages\/275","targetHints":{"allow":["GET"]}}],"collection":[{"href":"https:\/\/preventionsida.org\/fr\/wp-json\/wp\/v2\/pages"}],"about":[{"href":"https:\/\/preventionsida.org\/fr\/wp-json\/wp\/v2\/types\/page"}],"author":[{"embeddable":true,"href":"https:\/\/preventionsida.org\/fr\/wp-json\/wp\/v2\/users\/1"}],"replies":[{"embeddable":true,"href":"https:\/\/preventionsida.org\/fr\/wp-json\/wp\/v2\/comments?post=275"}],"version-history":[{"count":8,"href":"https:\/\/preventionsida.org\/fr\/wp-json\/wp\/v2\/pages\/275\/revisions"}],"predecessor-version":[{"id":11391,"href":"https:\/\/preventionsida.org\/fr\/wp-json\/wp\/v2\/pages\/275\/revisions\/11391"}],"up":[{"embeddable":true,"href":"https:\/\/preventionsida.org\/fr\/wp-json\/wp\/v2\/pages\/21"}],"wp:attachment":[{"href":"https:\/\/preventionsida.org\/fr\/wp-json\/wp\/v2\/media?parent=275"}],"curies":[{"name":"wp","href":"https:\/\/api.w.org\/{rel}","templated":true}]}}