{"id":273,"date":"2019-09-11T10:21:49","date_gmt":"2019-09-11T08:21:49","guid":{"rendered":"https:\/\/preventionsida.org\/?page_id=273"},"modified":"2025-05-21T14:25:30","modified_gmt":"2025-05-21T12:25:30","slug":"la-syphilis","status":"publish","type":"page","link":"https:\/\/preventionsida.org\/fr\/ist\/la-syphilis\/","title":{"rendered":"La syphilis"},"content":{"rendered":"","protected":false},"excerpt":{"rendered":"","protected":false},"author":1,"featured_media":0,"parent":21,"menu_order":0,"comment_status":"closed","ping_status":"closed","template":"","meta":{"_acf_changed":false,"footnotes":""},"class_list":["post-273","page","type-page","status-publish","hentry"],"acf":{"sidebar":211,"contenu_flexible":[{"acf_fc_layout":"textfull","text":"<h2>Vaccin<\/h2>\n<p>Non<\/p>\n<p>&nbsp;<\/p>\n<h2>Sympt\u00f4mes<\/h2>\n<p>La syphilis est une maladie infectieuse et contagieuse caus\u00e9e par une bact\u00e9rie : le tr\u00e9pon\u00e8me p\u00e2le. Vous pouvez avoir la syphilis sans le savoir. En effet, certaines personnes d\u00e9veloppent des sympt\u00f4mes tandis que d\u2019autres n\u2019en ont pas. Sympt\u00f4mes ou non, si vous avez la syphilis vous pouvez la transmettre \u00e0 d\u2019autres personnes et aussi devenir gravement malade.<\/p>\n<p>L\u2019infection se d\u00e9veloppe en trois stades et les sympt\u00f4mes sont diff\u00e9rents \u00e0 chaque stade.<\/p>\n","background_color":false},{"acf_fc_layout":"tabs","exp_title":"","exp_items":[{"exp_item_title":"<p>1er stade<\/p>\n","exp_item_texte":"<h3><strong>Entre 10 et 90 jours apr\u00e8s l\u2019infection.<\/strong><\/h3>\n<p>Apparition possible d\u2019un chancre (petit bouton avec un trou non douloureux) sur la peau ou les muqueuses (p\u00e9nis, gland, testicules, clitoris, vagin, anus, t\u00e9tons, rectum, l\u00e8vres, bouche, gorge).<\/p>\n<p>Le chancre dispara\u00eetra sans traitement apr\u00e8s 3 \u00e0 6 semaines. N\u00e9anmoins, vous continuez d\u2019\u00eatre porteur\u00b7euse de la syphilis et vous pouvez la transmettre. II faut donc vous prot\u00e9ger et prot\u00e9ger votre\u00b7vos partenaire\u00b7s.<\/p>\n"},{"exp_item_title":"<p>2eme stade<\/p>\n","exp_item_texte":"<h3><strong>Il apparait parfois de fa\u00e7on simultan\u00e9e au chancre, mais peut aussi appara\u00eetre plusieurs ann\u00e9es apr\u00e8s le contact infectant.<\/strong><\/h3>\n<p>Eruptions cutan\u00e9es (rougeur sur la poitrine, dos, et de fa\u00e7on caract\u00e9ristique\u00a0: paumes des mains et plantes des pieds, zone g\u00e9nitale). Possibles douleurs articulaires et musculaires, fi\u00e8vre et\/ou perte de cheveux en plaques. Ces sympt\u00f4mes dispara\u00eetront sans traitement mais l\u2019infection est toujours pr\u00e9sente (syphilis latente).<\/p>\n"},{"exp_item_title":"<p>3eme stade<\/p>\n","exp_item_texte":"<h3><strong>De 5 \u00e0 30 ans apr\u00e8s le contact infectant.<\/strong><\/h3>\n<p>L\u00e9sions s\u00e9v\u00e8res des organes vitaux et du syst\u00e8me nerveux (c\u0153ur, cerveau, yeux et os)<\/p>\n"},{"exp_item_title":"<p>Neurosyphilis<\/p>\n","exp_item_texte":"<p>La bact\u00e9rie peut envahir pr\u00e9cocement le syst\u00e8me nerveux central et entra\u00eener une m\u00e9ningite asymptomatique ou c\u00e9phal\u00e9e (inflammation des m\u00e9ninges, les trois membranes qui recouvrent le cerveau et la moelle \u00e9pini\u00e8re), des atteintes oculaires et des atteintes de l\u2019audition. La neurosyphilis est plus fr\u00e9quente chez les personnes vivant avec le VIH.<\/p>\n"}]},{"acf_fc_layout":"textimage","text":"<h2>D\u00e9pistage<\/h2>\n<p>Il existe diff\u00e9rents d\u00e9pistages possible ; en cas de r\u00e9sultat positif un test \u00ab de confirmation \u00bb devra \u00eatre fait.<\/p>\n<ul>\n<li><strong>Test sanguin classique :<\/strong> prise de sang dont le r\u00e9sultat est connu une semaine plus tard<\/li>\n<li><strong>Test sanguin rapide :<\/strong> goutte de sang prise au bout du doigt dont le r\u00e9sultat est connu en quelques minutes<\/li>\n<\/ul>\n<p>Les tests sanguins deviennent positifs entre 15 \u00e0 20 jours apr\u00e8s la contamination, mais un d\u00e9lai de certitude de trois mois est n\u00e9cessaire, entre la derni\u00e8re prise de risque et le test pour affirmer qu\u2019un test n\u00e9gatif signifie l\u2019absence de syphilis avec 100% de fiabilit\u00e9.<\/p>\n<p>&nbsp;<\/p>\n<h2>Traitement<\/h2>\n<p>La syphilis se traite \u00e0 l\u2019aide d\u2019antibiotiques, g\u00e9n\u00e9ralement administr\u00e9s en injections. Le traitement peut s\u2019accompagner de fi\u00e8vre. 6 mois apr\u00e8s le traitement, une analyse sanguine sera n\u00e9cessaire pour confirmer que le traitement a bien agi. Il est tr\u00e8s important de passer les tests de suivi.<\/p>\n","image":10387,"background_color":false,"link_image":""},{"acf_fc_layout":"imagetext","image":15368,"text":"<h2>Modes de transmission sp\u00e9cifiques<\/h2>\n<ul>\n<li>Par contact sexuel (oral, anal, vaginal, p\u00e9nis)<\/li>\n<li>Par contact avec une l\u00e9sion de la peau (le chancre est tr\u00e8s contagieux, les \u00e9ruptions du 2\u00e8me stade sont \u00e9galement contagieuses)<\/li>\n<li>Par le sang (partage de seringues, de mat\u00e9riel de sniff)<\/li>\n<li>Par transmission de la m\u00e8re \u00e0 l&rsquo;enfant<\/li>\n<\/ul>\n<p>&nbsp;<\/p>\n<h2>Mode de protection<\/h2>\n<ul>\n<li><a href=\"https:\/\/preventionsida.org\/fr\/protection\/le-preservatif\/\"><strong>Pr\u00e9servatif<\/strong><\/a> pour les p\u00e9n\u00e9trations (vaginales et anales) et les fellations<\/li>\n<li><a href=\"https:\/\/preventionsida.org\/fr\/protection\/le-carre-de-latex\/\"><strong>Carr\u00e9 de latex<\/strong><\/a> pour le cunnilingus et l\u2019anulingus<\/li>\n<li>Mat\u00e9riel propre en cas d&rsquo;injection ou de sniff<\/li>\n<li>Eviter tout contact avec les l\u00e9sions de la peau au 1er et au 2\u00e8me stade<\/li>\n<\/ul>\n","background_color":false,"link_image":"\/wp-content\/uploads\/2019\/10\/PPS_Outils_LesIST_Flyers_Syphilis.pdf"},{"acf_fc_layout":"video","video_id":"MMokj2phliQ"}]},"_links":{"self":[{"href":"https:\/\/preventionsida.org\/fr\/wp-json\/wp\/v2\/pages\/273","targetHints":{"allow":["GET"]}}],"collection":[{"href":"https:\/\/preventionsida.org\/fr\/wp-json\/wp\/v2\/pages"}],"about":[{"href":"https:\/\/preventionsida.org\/fr\/wp-json\/wp\/v2\/types\/page"}],"author":[{"embeddable":true,"href":"https:\/\/preventionsida.org\/fr\/wp-json\/wp\/v2\/users\/1"}],"replies":[{"embeddable":true,"href":"https:\/\/preventionsida.org\/fr\/wp-json\/wp\/v2\/comments?post=273"}],"version-history":[{"count":10,"href":"https:\/\/preventionsida.org\/fr\/wp-json\/wp\/v2\/pages\/273\/revisions"}],"predecessor-version":[{"id":15642,"href":"https:\/\/preventionsida.org\/fr\/wp-json\/wp\/v2\/pages\/273\/revisions\/15642"}],"up":[{"embeddable":true,"href":"https:\/\/preventionsida.org\/fr\/wp-json\/wp\/v2\/pages\/21"}],"wp:attachment":[{"href":"https:\/\/preventionsida.org\/fr\/wp-json\/wp\/v2\/media?parent=273"}],"curies":[{"name":"wp","href":"https:\/\/api.w.org\/{rel}","templated":true}]}}