{"id":271,"date":"2019-09-11T10:21:38","date_gmt":"2019-09-11T08:21:38","guid":{"rendered":"https:\/\/preventionsida.org\/?page_id=271"},"modified":"2022-04-29T14:50:03","modified_gmt":"2022-04-29T12:50:03","slug":"les-hepatites-b-et-c","status":"publish","type":"page","link":"https:\/\/preventionsida.org\/fr\/ist\/les-hepatites-b-et-c\/","title":{"rendered":"Les h\u00e9patites B et C"},"content":{"rendered":"","protected":false},"excerpt":{"rendered":"","protected":false},"author":1,"featured_media":0,"parent":21,"menu_order":0,"comment_status":"closed","ping_status":"closed","template":"","meta":{"_acf_changed":false,"footnotes":""},"class_list":["post-271","page","type-page","status-publish","hentry"],"acf":{"sidebar":211,"contenu_flexible":[{"acf_fc_layout":"textfull","text":"<h2>Vaccin<\/h2>\n<p>Oui pour l\u2019h\u00e9patite B<\/p>\n<p>&nbsp;<\/p>\n<h2>Sympt\u00f4mes<\/h2>\n<p>Ils peuvent parfois appara\u00eetre entre 2 et 4 mois apr\u00e8s la contamination, c&rsquo;est le stade de l&rsquo;h\u00e9patite aig\u00fce :<\/p>\n<ul>\n<li><strong>Fi\u00e8vre<\/strong><\/li>\n<li><strong>Fatigue<\/strong><\/li>\n<li><strong>Jaunisse <\/strong><\/li>\n<li><strong>Perte d\u2019app\u00e9tit<\/strong><\/li>\n<li><strong>Naus\u00e9es et vomissements<\/strong><\/li>\n<\/ul>\n<p>Ensuite, ils disparaissent, pouvant laisser place \u00e0 une h\u00e9patite chronique (dans pr\u00e8s de 60 \u00e0 80% des cas d&rsquo;infections pour l&rsquo;h\u00e9patite C et dans 5 \u00e0 10% des cas pour l&rsquo;h\u00e9patite B). Non trait\u00e9es, les h\u00e9patites peuvent \u00e9voluer vers un cancer du foie et la cirrhose (maladie du foie caract\u00e9ris\u00e9e par une modification des cellules du foie avec un mauvais fonctionnement).<\/p>\n<p>Les sympt\u00f4mes ne sont pas syst\u00e9matiques ou peuvent passer inaper\u00e7us alors que vous avez \u00e9t\u00e9 infect\u00e9\u00b7e. Il faut donc vous faire d\u00e9pister, vous prot\u00e9ger et prot\u00e9ger votre\u00b7vos partenaire\u00b7s apr\u00e8s une prise de risque.<\/p>\n","background_color":false},{"acf_fc_layout":"textimage","text":"<h2>D\u00e9pistage<\/h2>\n<ul>\n<li><strong>H\u00e9patite B : <\/strong>prise de sang<\/li>\n<li><strong>H\u00e9patite C : <\/strong>prise de sang et d\u00e9pistage \u00e0 r\u00e9sultat rapide<strong>\u00a0<\/strong><\/li>\n<\/ul>\n<p>&nbsp;<\/p>\n<h2>Traitement<\/h2>\n<ul>\n<li><strong>H\u00e9patite B\u00a0: <\/strong>environ 90% des personnes infect\u00e9es vont s&rsquo;en d\u00e9barrasser naturellement (sans traitement) avant le stade de maladie chronique. En cas d&rsquo;h\u00e9patite chronique, il existe des traitements appropri\u00e9s pour inactiver le virus mais la gu\u00e9rison totale est rare. Il existe un vaccin pour une protection \u00e0 vie.<strong>\u00a0<\/strong><\/li>\n<\/ul>\n<p>&nbsp;<\/p>\n<ul>\n<li><strong>H\u00e9patite C : <\/strong>il n&rsquo;existe pas de vaccin \u00e0 l&rsquo;heure actuelle. Un traitement permet la gu\u00e9rison totale, mais n\u2019emp\u00eache pas la r\u00e9infection.<\/li>\n<\/ul>\n","image":10384,"background_color":false,"link_image":""},{"acf_fc_layout":"textfull","text":"<h2>Modes de transmission sp\u00e9cifiques<\/h2>\n<ul>\n<li><strong>H\u00e9patite B :<\/strong> risque tr\u00e8s faible : transmission par la salive (baiser profond, partage de brosse \u00e0 dent) &#8211; risque \u00e9lev\u00e9 : transmission lors de rapports sexuels non prot\u00e9g\u00e9s (p\u00e9n\u00e9tration anale et vaginale, fellation et cunnilingus), transmission par le sang (partage de seringue et de mat\u00e9riel de sniff), mais aussi de la m\u00e8re \u00e0 l&rsquo;enfant.<\/li>\n<li><strong>H\u00e9patite C :<\/strong> virus transmis par le sang. La contamination se fait le plus souvent par le partage de seringue et de mat\u00e9riel de sniff et lors de rapports sexuels avec pr\u00e9sence de sang ou des muqueuses bless\u00e9es, et plus rarement (5% des cas) de la m\u00e8re \u00e0 l&rsquo;enfant. Attention, ce virus reste actif plusieurs jours \u00e0 l&rsquo;air libre, voire plusieurs semaines dans certaines conditions.<\/li>\n<\/ul>\n","background_color":false},{"acf_fc_layout":"imagetext","image":1810,"text":"<h2>Mode de protection<\/h2>\n<ul>\n<li>H\u00e9patite B : <strong><a href=\"https:\/\/preventionsida.org\/fr\/protection\/se-faire-vacciner-contre-certaines-ist\/\">vaccin <\/a><\/strong>(combin\u00e9 \u00e0 celui de l&rsquo;h\u00e9patite A) en 3 voire 4 injections, gratuit pour les enfants et adolescents.Utilisation de mat\u00e9riel propre en cas d&rsquo;injection ou de sniff.<\/li>\n<li><a href=\"https:\/\/preventionsida.org\/fr\/protection\/le-preservatif\/\"><strong>Pr\u00e9servatif<\/strong><\/a><\/li>\n<li><a href=\"https:\/\/preventionsida.org\/fr\/protection\/le-carre-de-latex\/\"><strong>Carr\u00e9 de latex<\/strong><\/a><\/li>\n<li><strong>Ne pas partager le mat\u00e9riel de toilette<\/strong> (brosse \u00e0 dents, rasoir, coupe-ongles). Cette pr\u00e9caution est importante \u00e9tant donn\u00e9 que le virus de l&rsquo;h\u00e9patite, contrairement au VIH, est tr\u00e8s r\u00e9sistant \u00e0 l&rsquo;air libre, jusqu&rsquo;\u00e0 plusieurs semaines.<\/li>\n<\/ul>\n","background_color":false,"link_image":"\/wp-content\/uploads\/2019\/10\/PPS_Outils_LesIST_Flyers_H\u00e9patites.pdf"},{"acf_fc_layout":"textfull","text":"<blockquote><p>L&rsquo;h\u00e9patite A se transmet principalement via l\u2019alimentation, mais aussi via les selles infect\u00e9es, l\u2019anulingus et le doigt\u00e9. Dans la plupart des cas, l\u2019h\u00e9patite A va se gu\u00e9rir toute seule, sans traitement m\u00e9dical. Elle est en augmentation chez les hommes ayant des relations sexuelles avec des hommes.<\/p><\/blockquote>\n","background_color":false},{"acf_fc_layout":"video","video_id":"FZFcis1VyAs"}]},"_links":{"self":[{"href":"https:\/\/preventionsida.org\/fr\/wp-json\/wp\/v2\/pages\/271","targetHints":{"allow":["GET"]}}],"collection":[{"href":"https:\/\/preventionsida.org\/fr\/wp-json\/wp\/v2\/pages"}],"about":[{"href":"https:\/\/preventionsida.org\/fr\/wp-json\/wp\/v2\/types\/page"}],"author":[{"embeddable":true,"href":"https:\/\/preventionsida.org\/fr\/wp-json\/wp\/v2\/users\/1"}],"replies":[{"embeddable":true,"href":"https:\/\/preventionsida.org\/fr\/wp-json\/wp\/v2\/comments?post=271"}],"version-history":[{"count":22,"href":"https:\/\/preventionsida.org\/fr\/wp-json\/wp\/v2\/pages\/271\/revisions"}],"predecessor-version":[{"id":10386,"href":"https:\/\/preventionsida.org\/fr\/wp-json\/wp\/v2\/pages\/271\/revisions\/10386"}],"up":[{"embeddable":true,"href":"https:\/\/preventionsida.org\/fr\/wp-json\/wp\/v2\/pages\/21"}],"wp:attachment":[{"href":"https:\/\/preventionsida.org\/fr\/wp-json\/wp\/v2\/media?parent=271"}],"curies":[{"name":"wp","href":"https:\/\/api.w.org\/{rel}","templated":true}]}}