{"id":269,"date":"2019-09-11T10:21:17","date_gmt":"2019-09-11T08:21:17","guid":{"rendered":"https:\/\/preventionsida.org\/?page_id=269"},"modified":"2025-05-21T14:24:37","modified_gmt":"2025-05-21T12:24:37","slug":"la-gonorrhee","status":"publish","type":"page","link":"https:\/\/preventionsida.org\/fr\/ist\/la-gonorrhee\/","title":{"rendered":"La gonorrh\u00e9e"},"content":{"rendered":"","protected":false},"excerpt":{"rendered":"","protected":false},"author":1,"featured_media":0,"parent":21,"menu_order":0,"comment_status":"closed","ping_status":"closed","template":"","meta":{"_acf_changed":false,"footnotes":""},"class_list":["post-269","page","type-page","status-publish","hentry"],"acf":{"sidebar":211,"contenu_flexible":[{"acf_fc_layout":"textfull","text":"<h2>Vaccin<\/h2>\n<p>Non<\/p>\n<p>&nbsp;<\/p>\n<h2>Sympt\u00f4mes<\/h2>\n<p>Ils peuvent appara\u00eetre entre 2 \u00e0 7 jours apr\u00e8s la contamination :<\/p>\n<ul>\n<li><strong>Br\u00fblures lorsque l&rsquo;on urine<\/strong><\/li>\n<li><strong>\u00c9coulement jaune verd\u00e2tre par le vagin, le p\u00e9nis ou l&rsquo;anus<\/strong><\/li>\n<li><strong>Douleurs au vagin, au m\u00e9at urinaire (extr\u00e9mit\u00e9 du p\u00e9nis par o\u00f9 s\u2019\u00e9coule l\u2019urine), au bas ventre<\/strong><\/li>\n<li><strong>Fi\u00e8vre<\/strong><\/li>\n<\/ul>\n<p>La gonorrh\u00e9e peut \u00e9galement donner une infection de la gorge ou du rectum avec douleur, \u00e9coulement de pus, t\u00e9nesme (tension douloureuse au niveau de l&rsquo;anus et du col de la vessie) et constipation. En cas de non traitement : risque d&rsquo;infection des testicules, de la prostate, de l&rsquo;ut\u00e9rus, des trompes, des ovaires, st\u00e9rilit\u00e9, arthrite (inflammation d&rsquo;une articulation). La co-infection avec la chlamydia est fr\u00e9quente (dans 20 \u00e0 40% des cas).<\/p>\n<p>Les sympt\u00f4mes peuvent ne jamais appara\u00eetre alors qu&rsquo;on a \u00e9t\u00e9 infect\u00e9. II faut donc se prot\u00e9ger et prot\u00e9ger son\u00b7sa\u00b7 ses partenaire\u00b7s apr\u00e8s une prise de risque.<\/p>\n","background_color":false},{"acf_fc_layout":"textimage","text":"<h2>D\u00e9pistage<\/h2>\n<p>Examen m\u00e9dical et frottis (pr\u00e9l\u00e8vement local pour faire un examen au microscope).<br \/>\nPossibilit\u00e9 de d\u00e9pistage sur base d&rsquo;un premier jet urinaire (urine du matin, ne pas avoir urin\u00e9 dans les 2 heures qui pr\u00e9c\u00e8dent).<\/p>\n<p><strong><span style=\"color: #006f90;\">En cas de r\u00e9sultat positif, il est important que votre\u00b7vos partenaire\u00b7s se fasse\u00b7nt \u00e9galement d\u00e9pister.<\/span><\/strong><\/p>\n<h2>Traitement<\/h2>\n<p>Antibiotiques appropri\u00e9s (le traitement ne prot\u00e8ge pas contre une nouvelle infection).<br \/>\nAttention, depuis peu, quelques cas de r\u00e9sistances par rapport \u00e0 ces antibiotiques sont apparus dans certains pays.<\/p>\n","image":10381,"background_color":false,"link_image":"https:\/\/preventionsida.org\/fr\/protection\/se-proteger-lors-de-consommation-de-drogue\/"},{"acf_fc_layout":"imagetext","image":15366,"text":"<h2>Modes de transmission sp\u00e9cifiques<\/h2>\n<p>Contacts sexuels non prot\u00e9g\u00e9s : p\u00e9n\u00e9tration vaginale, anale, fellation, cunnilingus, anulingus, caresses sexuelles.<br \/>\nPar transmission de la m\u00e8re \u00e0 l&rsquo;enfant lors de l&rsquo;accouchement.<\/p>\n<h2>Mode de protection<\/h2>\n<ul>\n<li><a href=\"https:\/\/preventionsida.org\/fr\/protection\/le-preservatif\/\"><strong>Pr\u00e9servatif<\/strong><\/a><\/li>\n<li><a href=\"https:\/\/preventionsida.org\/fr\/protection\/le-carre-de-latex\/\"><strong>Carr\u00e9 de latex<\/strong><\/a><\/li>\n<\/ul>\n","background_color":false,"link_image":"\/wp-content\/uploads\/2019\/10\/PPS_Outils_LesIST_Flyers_Gono.pdf"},{"acf_fc_layout":"video","video_id":"BSqI8Z09PxA"}]},"_links":{"self":[{"href":"https:\/\/preventionsida.org\/fr\/wp-json\/wp\/v2\/pages\/269","targetHints":{"allow":["GET"]}}],"collection":[{"href":"https:\/\/preventionsida.org\/fr\/wp-json\/wp\/v2\/pages"}],"about":[{"href":"https:\/\/preventionsida.org\/fr\/wp-json\/wp\/v2\/types\/page"}],"author":[{"embeddable":true,"href":"https:\/\/preventionsida.org\/fr\/wp-json\/wp\/v2\/users\/1"}],"replies":[{"embeddable":true,"href":"https:\/\/preventionsida.org\/fr\/wp-json\/wp\/v2\/comments?post=269"}],"version-history":[{"count":15,"href":"https:\/\/preventionsida.org\/fr\/wp-json\/wp\/v2\/pages\/269\/revisions"}],"predecessor-version":[{"id":15640,"href":"https:\/\/preventionsida.org\/fr\/wp-json\/wp\/v2\/pages\/269\/revisions\/15640"}],"up":[{"embeddable":true,"href":"https:\/\/preventionsida.org\/fr\/wp-json\/wp\/v2\/pages\/21"}],"wp:attachment":[{"href":"https:\/\/preventionsida.org\/fr\/wp-json\/wp\/v2\/media?parent=269"}],"curies":[{"name":"wp","href":"https:\/\/api.w.org\/{rel}","templated":true}]}}