{"id":16220,"date":"2025-11-18T11:29:27","date_gmt":"2025-11-18T10:29:27","guid":{"rendered":"https:\/\/preventionsida.org\/?page_id=16220"},"modified":"2026-01-13T11:13:31","modified_gmt":"2026-01-13T10:13:31","slug":"les-chiffres-du-vih-sida-en-belgique-situation-au-31-12-2024-sciensano","status":"publish","type":"page","link":"https:\/\/preventionsida.org\/fr\/les-chiffres-du-vih-sida-en-belgique-situation-au-31-12-2024-sciensano\/","title":{"rendered":"Les chiffres du VIH\/sida en Belgique \u2013 situation au 31\/12\/2024 \u00a9 Sciensano"},"content":{"rendered":"","protected":false},"excerpt":{"rendered":"","protected":false},"author":2,"featured_media":0,"parent":0,"menu_order":0,"comment_status":"closed","ping_status":"closed","template":"","meta":{"_acf_changed":false,"footnotes":""},"class_list":["post-16220","page","type-page","status-publish","hentry"],"acf":{"sidebar":false,"contenu_flexible":[{"acf_fc_layout":"textfull","text":"<h1 style=\"text-align: center;\"><strong>LES DIAGNOSTICS DE VIH AUGMENTENT CHEZ LES HOMMES BELGES<\/strong><\/h1>\n<p style=\"text-align: center;\">En 2024, <span style=\"color: #3b6f8d;\"><strong>662 nouveaux diagnostics de VIH ont \u00e9t\u00e9 enregistr\u00e9s en Belgique<\/strong><\/span>, soit 56 nouveaux diagnostics par million d\u2019habitants, ce qui correspond \u00e0 une <span style=\"color: #3b6f8d;\"><strong>moyenne de 1,8 nouveaux diagnostics par jour<\/strong><\/span>.<\/p>\n<p style=\"text-align: center;\">On observe une <span style=\"color: #3b6f8d;\"><strong>hausse des diagnostics en 2024 chez les hommes belges<\/strong><\/span>, tant les hommes ayant des rapports sexuels avec d\u2019autres hommes que les hommes h\u00e9t\u00e9rosexuels.<\/p>\n","background_color":false},{"acf_fc_layout":"text2cols","background_color":false,"title":"","col_left":"<p><img loading=\"lazy\" decoding=\"async\" class=\"wp-image-8038 size-thumbnail aligncenter\" src=\"https:\/\/preventionsida.org\/wp-content\/uploads\/2020\/11\/gay-01-150x150.png\" alt=\"\" width=\"150\" height=\"150\" \/><\/p>\n<h4 style=\"text-align: center;\"><span style=\"color: #006f90;\">Les hommes ayant des relations sexuelles avec des hommes<\/span><\/h4>\n<p>En 2024, <span style=\"color: #3b6f8d;\"><strong>289 hommes ayant des rapports sexuels avec des hommes (HSH) ont \u00e9t\u00e9 diagnostiqu\u00e9s avec le VIH<\/strong><\/span>, soit autant qu\u2019en 2023. Il est \u00e0 noter que le nombre de diagnostics chez les HSH belges a augment\u00e9 de 15\u202f%.<\/p>\n","col_right":"<p><img loading=\"lazy\" decoding=\"async\" class=\"aligncenter wp-image-8040 size-thumbnail\" src=\"https:\/\/preventionsida.org\/wp-content\/uploads\/2020\/11\/hetero-01-150x150.png\" alt=\"\" width=\"150\" height=\"150\" \/><\/p>\n<h4 style=\"text-align: center;\"><span style=\"color: #006f90;\">Les hommes et les femmes h\u00e9t\u00e9rosexuel.les<\/span><\/h4>\n<p>En 2024, <span style=\"color: #3b6f8d;\"><strong>332 nouveaux diagnostics de VIH ont \u00e9t\u00e9 pos\u00e9s chez des personnes h\u00e9t\u00e9rosexuelles<\/strong><\/span>, soit une l\u00e9g\u00e8re augmentation de 3 % par rapport \u00e0 2023. Le nombre de diagnostics est rest\u00e9 stable chez les femmes belges, mais a diminu\u00e9 chez les femmes d\u2019autres nationalit\u00e9s. Chez les hommes, le nombre de diagnostics a augment\u00e9, avec une hausse de 33 % chez les hommes belges.<\/p>\n"},{"acf_fc_layout":"textfull","text":"<p>Les personnes diagnostiqu\u00e9es avec le VIH en Belgique pr\u00e9sentent des profils divers. Cependant, l\u2019\u00e9pid\u00e9mie touche principalement les<span style=\"color: #3b6f8d;\"><strong> HSH belges ainsi que les hommes et femmes h\u00e9t\u00e9rosexuels d\u2019Afrique subsaharienne<\/strong><\/span>.<\/p>\n<p>La <span style=\"color: #3b6f8d;\"><strong>R\u00e9gion de Bruxelles-Capitale reste disproportionnellement affect\u00e9e par l\u2019\u00e9pid\u00e9mie de VIH<\/strong><\/span> : le nombre de diagnostics de VIH par habitant y est presque <span style=\"color: #3b6f8d;\"><strong>trois fois plus \u00e9lev\u00e9 que la moyenne nationale<\/strong><\/span>. Une tendance similaire est \u00e9galement observ\u00e9e pour d\u2019autres infections sexuellement transmissibles.<\/p>\n<p><img loading=\"lazy\" decoding=\"async\" class=\"size-full wp-image-16237 aligncenter\" src=\"https:\/\/preventionsida.org\/wp-content\/uploads\/2025\/11\/belgique-picto-chiffresFichier-1.png\" alt=\"\" width=\"178\" height=\"146\" \/><\/p>\n","background_color":false},{"acf_fc_layout":"textfull","text":"<h2>La pr\u00e9vention reste cruciale<\/h2>\n<p>L\u2019absence de diminution du nombre de diagnostics de VIH montre que le virus continue de se propager malgr\u00e9 la disponibilit\u00e9 d&rsquo;un large panel de strat\u00e9gies de pr\u00e9vention, telles que l&rsquo;utilisation du pr\u00e9servatif, le d\u00e9pistage r\u00e9gulier, le traitement des personnes vivant avec le VIH pour pr\u00e9venir la transmission sexuelle et les traitements pr\u00e9ventifs contre le VIH (PrEP et PEP).<br \/>\nPour freiner la propagation du VIH, il est essentiel que les strat\u00e9gies de pr\u00e9vention soient non seulement disponibles, mais qu\u2019elles soient aussi utilis\u00e9es. Cela implique de tenir compte des obstacles structurels et des d\u00e9terminants sociaux de la sant\u00e9 sexuelle, comme par exemple les normes sociales, la pression du groupe et les conceptions culturelles de la sexualit\u00e9.<\/p>\n","background_color":false},{"acf_fc_layout":"textfull","text":"<h2>Recommandations<\/h2>\n<p>Pour freiner la propagation du VIH, des efforts suppl\u00e9mentaires sont n\u00e9cessaires. Dans le cadre du plan VIH (le cadre politique pour les autorit\u00e9s de sant\u00e9 et les acteurs du VIH) de <span style=\"color: #3b6f8d;\"><strong>nouvelles priorit\u00e9s ont r\u00e9cemment \u00e9t\u00e9 d\u00e9finies<\/strong><\/span>. Celles-ci visent \u00e0 r\u00e9pondre aux <span style=\"color: #3b6f8d;\"><strong>tendances actuelles du VIH afin de ma\u00eetriser efficacement l\u2019\u00e9pid\u00e9mie et d\u2019atteindre les objectifs de l\u2019ONUSIDA<\/strong><\/span>.<\/p>\n<p>Sciensano souligne l\u2019importance d\u2019agir sur plusieurs axes. Il y a un large panel de strat\u00e9gies de pr\u00e9vention disponibles, telles que <span style=\"color: #3b6f8d;\"><strong>l&rsquo;utilisation du pr\u00e9servatif, le d\u00e9pistage r\u00e9gulier, le traitement des personnes vivant avec le VIH pour pr\u00e9venir la transmission sexuelle et les traitements pr\u00e9ventifs contre le VIH (PrEP et PEP)<\/strong><\/span>. Il est n\u00e9anmoins essentiel que les strat\u00e9gies de pr\u00e9vention soient non seulement disponibles, mais qu\u2019elles soient aussi utilis\u00e9es. Cela implique de <span style=\"color: #3b6f8d;\"><strong>tenir compte des obstacles structurels et des d\u00e9terminants sociaux de la sant\u00e9 sexuelle<\/strong><\/span>, comme par exemple les normes sociales, la pression du groupe et les conceptions culturelles de la sexualit\u00e9.<\/p>\n<p>De plus, il est n\u00e9cessaire d\u2019<span style=\"color: #3b6f8d;\"><strong>am\u00e9liorer l\u2019accessibilit\u00e9 et d\u2019optimiser l\u2019offre de la PrEP<\/strong><\/span>, en accordant une attention particuli\u00e8re aux besoins sp\u00e9cifiques de personnes pr\u00e9sentant un risque \u00e9lev\u00e9 de contracter le VIH. Enfin, il est recommand\u00e9 de <span style=\"color: #3b6f8d;\"><strong>mettre en place une strat\u00e9gie de d\u00e9pistage plus intensive dans les zones les plus touch\u00e9es<\/strong><\/span>, telles que Bruxelles, afin de favoriser un diagnostic pr\u00e9coce.<\/p>\n","background_color":false},{"acf_fc_layout":"textfull","text":"<h2>Face \u00e0 la recrudescence des infections au VIH en Belgique, la Plateforme Pr\u00e9vention Sida insiste : il faut agir maintenant pour freiner la tendance<\/h2>\n<p><strong>Face \u00e0 cette recrudescence, il est urgent de renforcer les actions de pr\u00e9vention combin\u00e9e du VIH et notamment :<\/strong><\/p>\n<ul>\n<li>La <span style=\"color: #3b6f8d;\"><strong>promotion du pr\u00e9servatif doit \u00eatre intensifi\u00e9e<\/strong><\/span> aupr\u00e8s de tous les publics, en rappelant qu\u2019il reste l\u2019un des moyens les plus efficaces pour se prot\u00e9ger contre le VIH et les autres infections sexuellement transmissibles (IST). Car les \u00e9tudes le confirment : on constate une baisse inqui\u00e9tante de l\u2019utilisation du pr\u00e9servatif chez les jeunes en Europe. Ceci va de pair avec un renforcement de l\u2019Evras dans tous les milieux de vie;<\/li>\n<li>La<span style=\"color: #3b6f8d;\"><strong> PrEP<\/strong><\/span> (prophylaxie pr\u00e9-exposition), traitement pr\u00e9ventif hautement efficace, <span style=\"color: #3b6f8d;\"><strong>doit \u00eatre promue aupr\u00e8s de nouveaux publics<\/strong><\/span> qui ne sont pas encore suffisamment inform\u00e9s ou concern\u00e9s par cette strat\u00e9gie de pr\u00e9vention.<\/li>\n<li>Les <span style=\"color: #3b6f8d;\"><strong>strat\u00e9gies de d\u00e9pistage doivent \u00e9voluer<\/strong><\/span> afin de permettre d\u2019identifier plus rapidement les personnes vivant avec le VIH qui s\u2019ignorent. Un diagnostic pr\u00e9coce permet non seulement d\u2019initier rapidement un traitement efficace, mais aussi de r\u00e9duire la transmission du virus.<\/li>\n<\/ul>\n<p>Parall\u00e8lement, il est essentiel de lutter contre les fausses id\u00e9es et la d\u00e9sinformation qui entourent encore trop souvent le VIH et qui alimentent encore la peur et l\u2019exclusion. Les progr\u00e8s m\u00e9dicaux permettent aujourd\u2019hui aux personnes vivant avec le VIH de mener une vie normale, et une charge virale ind\u00e9tectable signifie qu\u2019il n\u2019y a aucun risque de transmission par voie sexuelle. <span style=\"color: #3b6f8d;\"><strong>Renforcer la communication et l\u2019\u00e9ducation autour de ces r\u00e9alit\u00e9s est une \u00e9tape cruciale pour combattre la stigmatisation<\/strong><\/span>.<\/p>\n","background_color":true},{"acf_fc_layout":"imagetext","image":16259,"text":"<p>C\u2019est pourquoi, \u00e0 l\u2019occasion de la Journ\u00e9e Mondiale du Sida, la <span style=\"color: #3b6f8d;\"><strong>Plateforme Pr\u00e9vention Sida lance sa campagne \u00ab T\u00e9l\u00e9chargez les faits. Effacez les pr\u00e9jug\u00e9s\u00a0\u00bb<\/strong><\/span>, visant \u00e0 corriger les fausses croyances et lutter contre la s\u00e9rophobie. Inspir\u00e9e du vocabulaire informatique, la campagne joue sur l\u2019id\u00e9e de \u201cmise \u00e0 jour\u201d : quand nos connaissances datent, la solidarit\u00e9 se met \u00e0 bugger. <span style=\"color: #3b6f8d;\"><strong>Une simple mise \u00e0 jour suffit pour relancer le syst\u00e8me et faire reculer les pr\u00e9jug\u00e9s<\/strong><\/span>.<\/p>\n<p>Cette campagne s\u2019adresse \u00e0 toutes les g\u00e9n\u00e9rations : aux jeunes, qui n\u2019ont pas connu les ann\u00e9es sida et ont besoin d\u2019informations fiables, comme aux moins jeunes, qui n\u2019ont pas toujours actualis\u00e9 leurs connaissances.<\/p>\n<p><span style=\"color: #3b6f8d;\"><strong>Informer, pr\u00e9venir, d\u00e9pister, traiter : quatre leviers essentiels pour faire reculer le VIH, aujourd\u2019hui comme toute l\u2019ann\u00e9e<\/strong><\/span>.<\/p>\n","background_color":false,"link_image":""},{"acf_fc_layout":"textfull","text":"<h2>Importance de la surveillance du VIH<\/h2>\n<p>Sciensano surveille de mani\u00e8re continue la situation \u00e9pid\u00e9miologique du VIH en Belgique. Cette surveillance est essentielle pour fournir aux professionnels de la sant\u00e9, aux organismes de pr\u00e9vention, aux d\u00e9cideurs politiques et \u00e0 la population des donn\u00e9es et tendances fiables, et apporte un soutien crucial \u00e0 la pr\u00e9paration des interventions et \u00e0 l\u2019\u00e9laboration des strat\u00e9gies des autorit\u00e9s de sant\u00e9.<\/p>\n<p><a class=\"btn-center\" href=\"https:\/\/www.sciensano.be\/en\/biblio\/epidemiologie-du-vih-en-belgique-situation-au-31-decembre-2024\" target=\"_blank\" rel=\"noopener\">VOIR LE RAPPORT VIH COMPLET<\/a><\/p>\n<p>&nbsp;<\/p>\n<p><a href=\"https:\/\/www.sciensano.be\/fr\"><img loading=\"lazy\" decoding=\"async\" class=\"aligncenter size-full wp-image-5136\" src=\"https:\/\/preventionsida.org\/wp-content\/uploads\/2019\/11\/sciensano_logo_225w_1.png\" alt=\"\" width=\"225\" height=\"52\" \/><\/a><\/p>\n","background_color":false}]},"_links":{"self":[{"href":"https:\/\/preventionsida.org\/fr\/wp-json\/wp\/v2\/pages\/16220","targetHints":{"allow":["GET"]}}],"collection":[{"href":"https:\/\/preventionsida.org\/fr\/wp-json\/wp\/v2\/pages"}],"about":[{"href":"https:\/\/preventionsida.org\/fr\/wp-json\/wp\/v2\/types\/page"}],"author":[{"embeddable":true,"href":"https:\/\/preventionsida.org\/fr\/wp-json\/wp\/v2\/users\/2"}],"replies":[{"embeddable":true,"href":"https:\/\/preventionsida.org\/fr\/wp-json\/wp\/v2\/comments?post=16220"}],"version-history":[{"count":15,"href":"https:\/\/preventionsida.org\/fr\/wp-json\/wp\/v2\/pages\/16220\/revisions"}],"predecessor-version":[{"id":16433,"href":"https:\/\/preventionsida.org\/fr\/wp-json\/wp\/v2\/pages\/16220\/revisions\/16433"}],"wp:attachment":[{"href":"https:\/\/preventionsida.org\/fr\/wp-json\/wp\/v2\/media?parent=16220"}],"curies":[{"name":"wp","href":"https:\/\/api.w.org\/{rel}","templated":true}]}}