{"id":16152,"date":"2025-11-03T16:02:38","date_gmt":"2025-11-03T15:02:38","guid":{"rendered":"https:\/\/preventionsida.org\/?page_id=16152"},"modified":"2025-11-03T16:03:23","modified_gmt":"2025-11-03T15:03:23","slug":"vih-lequizz","status":"publish","type":"page","link":"https:\/\/preventionsida.org\/fr\/vih-lequizz\/","title":{"rendered":"vivre_avec_le_vih_2025.exe"},"content":{"rendered":"<h2>Vos infos sur le VIH sont-elles \u00e0 jour ? Faites le test !<\/h2>\n","protected":false},"excerpt":{"rendered":"<p>Vos infos sur le VIH sont-elles \u00e0 jour ? Faites le test !<\/p>\n","protected":false},"author":1,"featured_media":0,"parent":0,"menu_order":0,"comment_status":"closed","ping_status":"closed","template":"template-page\/vih-quizz.php","meta":{"_acf_changed":false,"footnotes":""},"class_list":["post-16152","page","type-page","status-publish","hentry"],"acf":{"sidebar":false,"trash_btn":"Effacez les pr\u00e9jug\u00e9s","download_btn":"T\u00e9l\u00e9chargez les faits"},"_links":{"self":[{"href":"https:\/\/preventionsida.org\/fr\/wp-json\/wp\/v2\/pages\/16152","targetHints":{"allow":["GET"]}}],"collection":[{"href":"https:\/\/preventionsida.org\/fr\/wp-json\/wp\/v2\/pages"}],"about":[{"href":"https:\/\/preventionsida.org\/fr\/wp-json\/wp\/v2\/types\/page"}],"author":[{"embeddable":true,"href":"https:\/\/preventionsida.org\/fr\/wp-json\/wp\/v2\/users\/1"}],"replies":[{"embeddable":true,"href":"https:\/\/preventionsida.org\/fr\/wp-json\/wp\/v2\/comments?post=16152"}],"version-history":[{"count":2,"href":"https:\/\/preventionsida.org\/fr\/wp-json\/wp\/v2\/pages\/16152\/revisions"}],"predecessor-version":[{"id":16157,"href":"https:\/\/preventionsida.org\/fr\/wp-json\/wp\/v2\/pages\/16152\/revisions\/16157"}],"wp:attachment":[{"href":"https:\/\/preventionsida.org\/fr\/wp-json\/wp\/v2\/media?parent=16152"}],"curies":[{"name":"wp","href":"https:\/\/api.w.org\/{rel}","templated":true}]}}