{"id":15213,"date":"2025-01-29T14:26:29","date_gmt":"2025-01-29T13:26:29","guid":{"rendered":"https:\/\/preventionsida.org\/?page_id=15213"},"modified":"2025-01-29T14:53:11","modified_gmt":"2025-01-29T13:53:11","slug":"ajouter-modifier-les-donnees-dune-structure-de-depistage","status":"publish","type":"page","link":"https:\/\/preventionsida.org\/fr\/ajouter-modifier-les-donnees-dune-structure-de-depistage\/","title":{"rendered":"Ajouter\/modifier les donn\u00e9es d&rsquo;une structure de d\u00e9pistage"},"content":{"rendered":"","protected":false},"excerpt":{"rendered":"","protected":false},"author":2,"featured_media":0,"parent":0,"menu_order":0,"comment_status":"closed","ping_status":"closed","template":"","meta":{"_acf_changed":false,"footnotes":""},"class_list":["post-15213","page","type-page","status-publish","hentry"],"acf":{"sidebar":false,"contenu_flexible":[{"acf_fc_layout":"textfull","text":"<h3>Veuillez compl\u00e9ter le formulaire ci-dessous. Nous ajouterons ou actualiserons au plus vite vos informations.<\/h3>\n\n<div class=\"wpcf7 no-js\" id=\"wpcf7-f15202-o1\" lang=\"fr-FR\" dir=\"ltr\" data-wpcf7-id=\"15202\">\n<div class=\"screen-reader-response\"><p role=\"status\" aria-live=\"polite\" aria-atomic=\"true\"><\/p> <ul><\/ul><\/div>\n<form action=\"\/fr\/wp-json\/wp\/v2\/pages\/15213#wpcf7-f15202-o1\" method=\"post\" class=\"wpcf7-form init\" aria-label=\"Formulaire de contact\" novalidate=\"novalidate\" data-status=\"init\">\n<fieldset class=\"hidden-fields-container\"><input type=\"hidden\" name=\"_wpcf7\" value=\"15202\" \/><input type=\"hidden\" name=\"_wpcf7_version\" value=\"6.1.3\" \/><input type=\"hidden\" name=\"_wpcf7_locale\" value=\"fr_FR\" \/><input type=\"hidden\" name=\"_wpcf7_unit_tag\" value=\"wpcf7-f15202-o1\" \/><input type=\"hidden\" name=\"_wpcf7_container_post\" value=\"0\" \/><input type=\"hidden\" name=\"_wpcf7_posted_data_hash\" value=\"\" \/><input type=\"hidden\" name=\"_wpcf7_recaptcha_response\" value=\"\" \/>\n<\/fieldset>\n<div class=\"wpcf7-response-output\" aria-hidden=\"true\"><\/div>\n<p><label> <b>Votre email :<\/b><br \/>\n<span class=\"wpcf7-form-control-wrap\" data-name=\"your-email\"><input size=\"40\" maxlength=\"400\" class=\"wpcf7-form-control wpcf7-email wpcf7-validates-as-required wpcf7-text wpcf7-validates-as-email\" aria-required=\"true\" aria-invalid=\"false\" placeholder=\"Exemple : contact@exemple.com\" value=\"\" type=\"email\" name=\"your-email\" \/><\/span> <\/label>\n<\/p>\n<p><b>Votre structure est-elle d\u00e9j\u00e0 r\u00e9f\u00e9renc\u00e9e sur notre moteur de recherche ?<\/b><br \/>\n<span class=\"wpcf7-form-control-wrap\" data-name=\"checkbox-already\"><span class=\"wpcf7-form-control wpcf7-checkbox wpcf7-validates-as-required wpcf7-exclusive-checkbox\"><span class=\"wpcf7-list-item first\"><label><input type=\"checkbox\" name=\"checkbox-already\" value=\"Oui\" \/><span class=\"wpcf7-list-item-label\">Oui<\/span><\/label><\/span><span class=\"wpcf7-list-item last\"><label><input type=\"checkbox\" name=\"checkbox-already\" value=\"Non\" \/><span class=\"wpcf7-list-item-label\">Non<\/span><\/label><\/span><\/span><\/span>\n<\/p>\n<p><label> <b>Le nom de votre structure<\/b><br \/>\n<span class=\"wpcf7-form-control-wrap\" data-name=\"your-structurename\"><input size=\"40\" maxlength=\"400\" class=\"wpcf7-form-control wpcf7-text wpcf7-validates-as-required\" aria-required=\"true\" aria-invalid=\"false\" placeholder=\"Nom de votre structure\" value=\"\" type=\"text\" name=\"your-structurename\" \/><\/span> <\/label>\n<\/p>\n<p><b>Quel(s) type(s) de d\u00e9pistage effectuez-vous dans votre structure ? <\/b><br \/>\n<span class=\"wpcf7-form-control-wrap\" data-name=\"checkbox-types\"><span class=\"wpcf7-form-control wpcf7-checkbox wpcf7-validates-as-required\"><span class=\"wpcf7-list-item first\"><label><input type=\"checkbox\" name=\"checkbox-types[]\" value=\"D\u00e9pistage VIH anonyme et gratuit\" \/><span class=\"wpcf7-list-item-label\">D\u00e9pistage VIH anonyme et gratuit<\/span><\/label><\/span><span class=\"wpcf7-list-item\"><label><input type=\"checkbox\" name=\"checkbox-types[]\" value=\"D\u00e9pistage IST complet\" \/><span class=\"wpcf7-list-item-label\">D\u00e9pistage IST complet<\/span><\/label><\/span><span class=\"wpcf7-list-item\"><label><input type=\"checkbox\" name=\"checkbox-types[]\" value=\"D\u00e9pistage rapide du VIH\" \/><span class=\"wpcf7-list-item-label\">D\u00e9pistage rapide du VIH<\/span><\/label><\/span><span class=\"wpcf7-list-item\"><label><input type=\"checkbox\" name=\"checkbox-types[]\" value=\"D\u00e9pistage rapide de l&#039;h\u00e9patite B et C\" \/><span class=\"wpcf7-list-item-label\">D\u00e9pistage rapide de l&#039;h\u00e9patite B et C<\/span><\/label><\/span><span class=\"wpcf7-list-item last\"><label><input type=\"checkbox\" name=\"checkbox-types[]\" value=\"D\u00e9pistage rapide de la syphilis\" \/><span class=\"wpcf7-list-item-label\">D\u00e9pistage rapide de la syphilis<\/span><\/label><\/span><\/span><\/span>\n<\/p>\n<p><b>Les d\u00e9pistages se font-ils avec ou sans rendez-vous ? <\/b><br \/>\n<span class=\"wpcf7-form-control-wrap\" data-name=\"checkbox-rdv\"><span class=\"wpcf7-form-control wpcf7-checkbox wpcf7-validates-as-required\"><span class=\"wpcf7-list-item first\"><label><input type=\"checkbox\" name=\"checkbox-rdv[]\" value=\"Avec rendez-vous\" \/><span class=\"wpcf7-list-item-label\">Avec rendez-vous<\/span><\/label><\/span><span class=\"wpcf7-list-item last\"><label><input type=\"checkbox\" name=\"checkbox-rdv[]\" value=\"Sans rendez-vous\" \/><span class=\"wpcf7-list-item-label\">Sans rendez-vous<\/span><\/label><\/span><\/span><\/span>\n<\/p>\n<p><label> <b>Quels sont les horaires des d\u00e9pistages ?<\/b><br \/>\n<span class=\"wpcf7-form-control-wrap\" data-name=\"text-horaires\"><input size=\"40\" maxlength=\"400\" class=\"wpcf7-form-control wpcf7-text wpcf7-validates-as-required\" aria-required=\"true\" aria-invalid=\"false\" placeholder=\"Exemple : tous les mardis de 13h \u00e0 16h\" value=\"\" type=\"text\" name=\"text-horaires\" \/><\/span> <\/label>\n<\/p>\n<p><label> <b>Quelle est votre adresse ?<\/b> (rue, num\u00e9ro, code postal et ville)<br \/>\n<span class=\"wpcf7-form-control-wrap\" data-name=\"text-adresse\"><input size=\"40\" maxlength=\"400\" class=\"wpcf7-form-control wpcf7-text wpcf7-validates-as-required\" aria-required=\"true\" aria-invalid=\"false\" placeholder=\"Exemple : Rue du Ch\u00eane, 3 1000 Bruxelles\" value=\"\" type=\"text\" name=\"text-adresse\" \/><\/span> <\/label>\n<\/p>\n<p><label> <b>Quel est le num\u00e9ro de t\u00e9l\u00e9phone pour la prise de rendez-vous ?<\/b><br \/>\n<span class=\"wpcf7-form-control-wrap\" data-name=\"tel-numero\"><input size=\"40\" maxlength=\"400\" class=\"wpcf7-form-control wpcf7-tel wpcf7-validates-as-required wpcf7-text wpcf7-validates-as-tel\" aria-required=\"true\" aria-invalid=\"false\" placeholder=\"0470123456\" value=\"\" type=\"tel\" name=\"tel-numero\" \/><\/span> <\/label>\n<\/p>\n<p><label> <b>Autres remarques<\/b> (facultatif)<br \/>\n<span class=\"wpcf7-form-control-wrap\" data-name=\"your-message\"><textarea cols=\"40\" rows=\"10\" maxlength=\"2000\" class=\"wpcf7-form-control wpcf7-textarea\" aria-invalid=\"false\" placeholder=\"Vos remarques...\" name=\"your-message\"><\/textarea><\/span> <\/label>\n<\/p>\n<p><input class=\"wpcf7-form-control wpcf7-submit has-spinner\" type=\"submit\" value=\"Envoyer\" \/>\n<\/p>\n<\/form>\n<\/div>\n\n","background_color":true}]},"_links":{"self":[{"href":"https:\/\/preventionsida.org\/fr\/wp-json\/wp\/v2\/pages\/15213","targetHints":{"allow":["GET"]}}],"collection":[{"href":"https:\/\/preventionsida.org\/fr\/wp-json\/wp\/v2\/pages"}],"about":[{"href":"https:\/\/preventionsida.org\/fr\/wp-json\/wp\/v2\/types\/page"}],"author":[{"embeddable":true,"href":"https:\/\/preventionsida.org\/fr\/wp-json\/wp\/v2\/users\/2"}],"replies":[{"embeddable":true,"href":"https:\/\/preventionsida.org\/fr\/wp-json\/wp\/v2\/comments?post=15213"}],"version-history":[{"count":5,"href":"https:\/\/preventionsida.org\/fr\/wp-json\/wp\/v2\/pages\/15213\/revisions"}],"predecessor-version":[{"id":15218,"href":"https:\/\/preventionsida.org\/fr\/wp-json\/wp\/v2\/pages\/15213\/revisions\/15218"}],"wp:attachment":[{"href":"https:\/\/preventionsida.org\/fr\/wp-json\/wp\/v2\/media?parent=15213"}],"curies":[{"name":"wp","href":"https:\/\/api.w.org\/{rel}","templated":true}]}}