{"id":15,"date":"2019-08-26T09:37:54","date_gmt":"2019-08-26T07:37:54","guid":{"rendered":"https:\/\/preventionsida.org\/?page_id=15"},"modified":"2024-06-19T13:58:30","modified_gmt":"2024-06-19T11:58:30","slug":"accueil","status":"publish","type":"page","link":"https:\/\/preventionsida.org\/fr\/","title":{"rendered":"Accueil"},"content":{"rendered":"","protected":false},"excerpt":{"rendered":"","protected":false},"author":1,"featured_media":0,"parent":0,"menu_order":0,"comment_status":"closed","ping_status":"closed","template":"template-page\/homepage.php","meta":{"_acf_changed":false,"footnotes":""},"class_list":["post-15","page","type-page","status-publish","hentry"],"acf":{"faq_titre":"Questions fr\u00e9quentes","faq_cta":{"title":"Voir toutes les questions","url":"https:\/\/preventionsida.org\/fr\/faq\/","target":""},"faq_image":101,"faq_no_result":"<h3>Vous n\u2019avez pas trouv\u00e9 ce que vous cherchiez ?<\/h3>\n<p>Les professionnel\u00b7les de la Plateforme Pr\u00e9vention Sida sont \u00e0 votre \u00e9coute<\/p>\n","faq_cta_contact":{"title":"Contactez-nous","url":"https:\/\/preventionsida.org\/fr\/nous-contacter\/","target":""},"news_titre":"Actualit\u00e9s","news_lien":{"title":"Voir plus d'actus","url":"https:\/\/preventionsida.org\/fr\/actualite\/?filter=news","target":""},"qui_titre":"Qui sommes-nous ?","qui_texte":"<p>La Plateforme Pr\u00e9vention Sida est une association belge travaillant, en R\u00e9gion Wallonne et en R\u00e9gion Bruxelloise, sur la pr\u00e9vention du VIH\/sida et des autres Infections Sexuellement Transmissibles (IST).<\/p>\n<p>Depuis 20 ans, la Plateforme Pr\u00e9vention Sida a pour mandat la cr\u00e9ation, la r\u00e9alisation et la diffusion des outils et des campagnes de pr\u00e9vention. En 2018 s\u2019est op\u00e9r\u00e9 un changement important avec la fusion avec SidAids Migrants\/SIREAS, le service de pr\u00e9vention des IST\/sida \u00e0 destination des personnes d&rsquo;origines \u00e9trang\u00e8res.<\/p>\n","qui_lien":{"title":"En savoir plus","url":"https:\/\/preventionsida.org\/fr\/nous-connaitre\/","target":""},"qui_don":{"title":"Nous soutenir","url":"https:\/\/preventionsida.org\/fr\/nous-soutenir\/","target":""},"hp_keys_facts":[{"hp_keys_facts_img":"lightbulb","hp_keys_facts_chiffre":"0","hp_keys_facts_text":"risque de transmission du VIH par voie sexuelle lorsque la charge virale est ind\u00e9tectable"},{"hp_keys_facts_img":"people","hp_keys_facts_chiffre":"99%","hp_keys_facts_text":"d'augmentation des cas de gonorrh\u00e9e entre 2019 et 2023 en Belgique"},{"hp_keys_facts_img":"eprouvette","hp_keys_facts_chiffre":"6","hp_keys_facts_text":"semaines d'attente apr\u00e8s une prise de risque pour faire un d\u00e9pistage du VIH par prise de sang"}],"qui_titre_2":"Les chiffres cl\u00e9s","liens":[{"cta_block_titre":"espace pro","cta_block_texte":"Les outils, activit\u00e9s et informations pour parler des IST\/du VIH et de la sant\u00e9 sexuelle avec vos publics","url":"https:\/\/preventionsida.org\/fr\/espace-pro\/","img":"https:\/\/preventionsida.org\/wp-content\/uploads\/2019\/09\/pro.jpg"},{"cta_block_titre":"Cool and Safe","cta_block_texte":"Les activit\u00e9s, outils et informations m\u00e9dicales\/sociales pour les personnes d\u2019origine \u00e9trang\u00e8re vivant en Belgique","url":"https:\/\/www.cool-and-safe.org","img":"https:\/\/preventionsida.org\/wp-content\/uploads\/2019\/09\/migrants.jpg"},{"cta_block_titre":"Vivre avec le vih","cta_block_texte":"Les activit\u00e9s, outils et informations m\u00e9dicales\/sociales pour les personnes s\u00e9ropositives","url":"https:\/\/vivreaveclevih.org","img":"https:\/\/preventionsida.org\/wp-content\/uploads\/2021\/08\/PVVIH1.png"}],"liens_titre":"Vous avez un profil sp\u00e9cifique","sex_title":"Ma sant\u00e9 sexuelle","sex_block":[{"sex_block_titre":"O\u00f9 puis-je faire un <span>d\u00e9pistage<\/span>\u00a0?","sex_block_sous_titre":"\u00e0 Bruxelles et en Wallonie","sex_block_image":"location","sex_block_url":"https:\/\/preventionsida.org\/fr\/depistage\/centres-de-depistage\/"},{"sex_block_titre":"Ai-je pris <span>un risque<\/span>\u00a0d\u2019\u00eatre infect\u00e9.e par une IST \/ le VIH\u00a0?","sex_block_sous_titre":"","sex_block_image":"loupe","sex_block_url":"https:\/\/preventionsida.org\/fr\/ai-je-pris-un-risque-detre-infecte-e-par-une-ist-le-vih\/"},{"sex_block_titre":"Tester mes <span>connaissances<\/span> sur les IST\/VIH","sex_block_sous_titre":"","sex_block_image":"lightbulb","sex_block_url":"https:\/\/preventionsida.org\/fr\/quiz\/"}],"shortcode_instagram":"[instagram-feed feed=1]","shortcode_tiktok":"[sbtt-tiktok feed=1]"},"_links":{"self":[{"href":"https:\/\/preventionsida.org\/fr\/wp-json\/wp\/v2\/pages\/15","targetHints":{"allow":["GET"]}}],"collection":[{"href":"https:\/\/preventionsida.org\/fr\/wp-json\/wp\/v2\/pages"}],"about":[{"href":"https:\/\/preventionsida.org\/fr\/wp-json\/wp\/v2\/types\/page"}],"author":[{"embeddable":true,"href":"https:\/\/preventionsida.org\/fr\/wp-json\/wp\/v2\/users\/1"}],"replies":[{"embeddable":true,"href":"https:\/\/preventionsida.org\/fr\/wp-json\/wp\/v2\/comments?post=15"}],"version-history":[{"count":83,"href":"https:\/\/preventionsida.org\/fr\/wp-json\/wp\/v2\/pages\/15\/revisions"}],"predecessor-version":[{"id":14078,"href":"https:\/\/preventionsida.org\/fr\/wp-json\/wp\/v2\/pages\/15\/revisions\/14078"}],"wp:attachment":[{"href":"https:\/\/preventionsida.org\/fr\/wp-json\/wp\/v2\/media?parent=15"}],"curies":[{"name":"wp","href":"https:\/\/api.w.org\/{rel}","templated":true}]}}