{"id":14722,"date":"2024-09-16T10:25:43","date_gmt":"2024-09-16T08:25:43","guid":{"rendered":"https:\/\/preventionsida.org\/?page_id=14722"},"modified":"2024-11-14T16:53:22","modified_gmt":"2024-11-14T15:53:22","slug":"expo","status":"publish","type":"page","link":"https:\/\/preventionsida.org\/fr\/expo\/","title":{"rendered":"VI(H)VRE, histoire d&rsquo;une lutte : l&rsquo;exposition"},"content":{"rendered":"","protected":false},"excerpt":{"rendered":"","protected":false},"author":2,"featured_media":0,"parent":0,"menu_order":0,"comment_status":"closed","ping_status":"closed","template":"","meta":{"_acf_changed":false,"footnotes":""},"class_list":["post-14722","page","type-page","status-publish","hentry"],"acf":{"sidebar":false,"contenu_flexible":[{"acf_fc_layout":"textfull","text":"<h2><img loading=\"lazy\" decoding=\"async\" class=\"size-medium wp-image-14822 aligncenter\" src=\"https:\/\/preventionsida.org\/wp-content\/uploads\/2024\/10\/miseenavant-logoexpo-v2-300x212.jpg\" alt=\"\" width=\"300\" height=\"212\" srcset=\"https:\/\/preventionsida.org\/wp-content\/uploads\/2024\/10\/miseenavant-logoexpo-v2-300x212.jpg 300w, https:\/\/preventionsida.org\/wp-content\/uploads\/2024\/10\/miseenavant-logoexpo-v2-1024x724.jpg 1024w, https:\/\/preventionsida.org\/wp-content\/uploads\/2024\/10\/miseenavant-logoexpo-v2-768x543.jpg 768w, https:\/\/preventionsida.org\/wp-content\/uploads\/2024\/10\/miseenavant-logoexpo-v2-1536x1086.jpg 1536w, https:\/\/preventionsida.org\/wp-content\/uploads\/2024\/10\/miseenavant-logoexpo-v2-2048x1448.jpg 2048w, https:\/\/preventionsida.org\/wp-content\/uploads\/2024\/10\/miseenavant-logoexpo-v2-500x354.jpg 500w\" sizes=\"auto, (max-width: 300px) 100vw, 300px\" \/><\/h2>\n<h2 style=\"text-align: center;\">Plongez dans 40 ans de mobilisation contre le VIH avec notre grande exposition multim\u00e9dia<\/h2>\n","background_color":false},{"acf_fc_layout":"textfull","text":"<h2 style=\"text-align: left;\"><span style=\"color: #ff0000;\">DU 28 NOVEMBRE AU 8 D\u00c9CEMBRE 2024<\/span><br \/>\n<span style=\"color: #ff0000;\">De 09h \u00e0 22h<\/span><\/h2>\n<p>&nbsp;<\/p>\n<h2 style=\"text-align: right;\"><img loading=\"lazy\" decoding=\"async\" class=\"size-full wp-image-14965 alignright\" style=\"margin-left: 15px;\" src=\"https:\/\/preventionsida.org\/wp-content\/uploads\/2024\/11\/visiteguidee.png\" alt=\"\" width=\"38\" height=\"61\" \/>Visites guid\u00e9es<\/h2>\n<h3 style=\"text-align: right;\"><span style=\"color: #363636;\">Tous les jours \u00e0 14h30<\/span><\/h3>\n<p>&nbsp;<\/p>\n<h2 style=\"text-align: left;\"><img loading=\"lazy\" decoding=\"async\" class=\"size-full wp-image-14967 alignleft\" style=\"margin-right: 15px;\" src=\"https:\/\/preventionsida.org\/wp-content\/uploads\/2024\/11\/pingoogle.png\" alt=\"\" width=\"34\" height=\"61\" \/> La Bourse &#8211; Bruxelles<\/h2>\n<h3 style=\"text-align: left;\"><span style=\"color: #363636;\">Ferm\u00e9 le 02\/12<\/span><\/h3>\n","background_color":true},{"acf_fc_layout":"textfull","text":"<p><strong>\u00c0 l\u2019occasion du 40<sup>\u00e8me<\/sup> anniversaire de la lutte contre le VIH en Belgique, la Plateforme Pr\u00e9vention Sida a le plaisir d\u2019annoncer l\u2019ouverture de l\u2019exposition \u00ab <em><span style=\"color: #ff0000;\">VI(H)VRE<\/span>, <span style=\"color: #66c6b7;\">histoire d\u2019une lutte<\/span><\/em> \u00bb. Cette exposition, qui se tiendra du 28\/11 au 08\/12 \u00e0 la Bourse de Bruxelles, invite le public \u00e0 un voyage immersif \u00e0 travers quatre d\u00e9cennies de combats, de solidarit\u00e9 et de r\u00e9silience face au VIH.<\/strong><\/p>\n<p><strong>\u00ab <em><span style=\"color: #ff0000;\">VI(H)VRE<\/span>, <span style=\"color: #66c6b7;\">histoire d&rsquo;une lutte<\/span><\/em> \u00bb propose une exploration en profondeur de cette lutte au travers de documents d\u2019archives, d\u2019objets embl\u00e9matiques et de t\u00e9moignages poignants. L\u2019exposition se d\u00e9ploie autour de plusieurs espaces th\u00e9matiques, chacun offrant un \u00e9clairage unique sur les diff\u00e9rentes facettes de l\u2019histoire du VIH :<\/strong><\/p>\n<p style=\"text-align: center;\"><img loading=\"lazy\" decoding=\"async\" class=\"size-full wp-image-14837 aligncenter\" src=\"https:\/\/preventionsida.org\/wp-content\/uploads\/2024\/10\/rubanFichier-4.png\" alt=\"\" width=\"58\" height=\"107\" \/>Une <strong>ligne du temps g\u00e9ante<\/strong> reprenant les dates cl\u00e9s de la lutte contre le VIH en Belgique et dans le monde. Ce parcours chronologique offre aux visiteur.euses une vue d\u2019ensemble sur les avanc\u00e9es scientifiques, les moments de mobilisation sociale et les bouleversements politiques li\u00e9s \u00e0 la lutte contre le VIH.<\/p>\n<p style=\"text-align: center;\"><strong><img loading=\"lazy\" decoding=\"async\" class=\"size-full wp-image-14957 aligncenter\" src=\"https:\/\/preventionsida.org\/wp-content\/uploads\/2024\/11\/photo.png\" alt=\"\" width=\"140\" height=\"85\" \/>14 portraits photos et t\u00e9moignages vid\u00e9os<\/strong> puissants de celles et ceux qui ont marqu\u00e9 l\u2019histoire du sida dans notre pays. Des militant.es aux professionnel.les de sant\u00e9 en passant par les personnes vivant avec le VIH, ces r\u00e9cits t\u00e9moignent de leur courage et de leur d\u00e9termination face au virus.<\/p>\n<p style=\"text-align: center;\"><img loading=\"lazy\" decoding=\"async\" class=\"size-full wp-image-14959 aligncenter\" src=\"https:\/\/preventionsida.org\/wp-content\/uploads\/2024\/11\/media.png\" alt=\"\" width=\"91\" height=\"87\" \/>Des <strong>archives m\u00e9dia<\/strong>, pr\u00e9sentant une collection de couvertures de presse, reportages et \u00e9missions autour du VIH et ayant marqu\u00e9 l\u2019opinion publique.<\/p>\n<p style=\"text-align: center;\"><img loading=\"lazy\" decoding=\"async\" class=\"size-full wp-image-14843 aligncenter\" src=\"https:\/\/preventionsida.org\/wp-content\/uploads\/2024\/10\/megaphoneFichier-5.png\" alt=\"\" width=\"99\" height=\"103\" \/>Une <strong>r\u00e9trospective des campagnes de pr\u00e9vention<\/strong> d\u00e9voilant l\u2019\u00e9volution des messages de sensibilisation et des strat\u00e9gies de communication au fil des ann\u00e9es. Ce panorama met en lumi\u00e8re les changements de mentalit\u00e9s et l\u2019impact des actions de pr\u00e9vention.<\/p>\n<p style=\"text-align: center;\"><img loading=\"lazy\" decoding=\"async\" class=\"size-full wp-image-14961 aligncenter\" src=\"https:\/\/preventionsida.org\/wp-content\/uploads\/2024\/11\/coeur.png\" alt=\"\" width=\"83\" height=\"83\" \/>Le <strong>Patchwork des Noms<\/strong>, en hommage aux victimes du sida. Ce m\u00e9morial, constitu\u00e9 de patchworks r\u00e9alis\u00e9s en m\u00e9moire des personnes d\u00e9c\u00e9d\u00e9es, t\u00e9moigne de l\u2019empreinte laiss\u00e9e par la maladie et de la douleur des pertes humaines, tout en c\u00e9l\u00e9brant le souvenir et l\u2019amour. Trois Patchwork r\u00e9alis\u00e9s par des personnes vivant avec le VIH fr\u00e9quentant notre association sont \u00e9galement pr\u00e9sent\u00e9s.<\/p>\n<p style=\"text-align: center;\"><img loading=\"lazy\" decoding=\"async\" class=\"size-full wp-image-14963 aligncenter\" src=\"https:\/\/preventionsida.org\/wp-content\/uploads\/2024\/11\/etoile.png\" alt=\"\" width=\"82\" height=\"94\" \/>Une <strong>galerie d\u2019objets symboliques<\/strong> li\u00e9s au VIH.<\/p>\n<p>&nbsp;<\/p>\n<h2>Une exposition qui interpelle, qui informe et qui rend hommage<\/h2>\n<p>\u00ab <em><strong><span style=\"color: #ff0000;\">VI(H)VRE<\/span>, <span style=\"color: #66c6b7;\">histoire d&rsquo;une lutte<\/span><\/strong><\/em> \u00bb n\u2019est pas seulement une exposition ; c\u2019est <strong>une invitation \u00e0 se souvenir, \u00e0 comprendre et \u00e0 participer \u00e0 un mouvement d&rsquo;espoir et de solidarit\u00e9<\/strong>. Alors que la lutte contre le VIH reste un d\u00e9fi mondial, cette exposition rappelle le chemin parcouru et les progr\u00e8s encore \u00e0 r\u00e9aliser.<\/p>\n<p>\u00c0 travers cette r\u00e9trospective, la Plateforme Pr\u00e9vention Sida souhaite honorer le combat men\u00e9 par les pionniers de la lutte contre le VIH en Belgique et sensibiliser les nouvelles g\u00e9n\u00e9rations. <strong>En revenant sur les avanc\u00e9es m\u00e9dicales, les victoires militantes, et les pertes tragiques<\/strong>, l\u2019exposition \u00ab <em><strong><span style=\"color: #ff0000;\">VI(H)VRE<\/span>, <span style=\"color: #66c6b7;\">histoire d&rsquo;une lutte<\/span><\/strong><\/em> \u00bb souhaite inspirer un engagement renouvel\u00e9 pour l\u2019avenir.<\/p>\n<h3 style=\"text-align: center;\">Rejoignez-nous pour cette r\u00e9trospective \u00e9mouvante, un hommage aux vies perdues, aux progr\u00e8s accomplis et \u00e0 l\u2019espoir d\u2019un monde sans VIH.<\/h3>\n","background_color":false},{"acf_fc_layout":"slider","title":"Avec le soutien de ","slider":[{"slide_image":14862},{"slide_image":14860},{"slide_image":14864},{"slide_image":14866},{"slide_image":14868},{"slide_image":14870},{"slide_image":14872}],"nb_items":"7"}]},"_links":{"self":[{"href":"https:\/\/preventionsida.org\/fr\/wp-json\/wp\/v2\/pages\/14722","targetHints":{"allow":["GET"]}}],"collection":[{"href":"https:\/\/preventionsida.org\/fr\/wp-json\/wp\/v2\/pages"}],"about":[{"href":"https:\/\/preventionsida.org\/fr\/wp-json\/wp\/v2\/types\/page"}],"author":[{"embeddable":true,"href":"https:\/\/preventionsida.org\/fr\/wp-json\/wp\/v2\/users\/2"}],"replies":[{"embeddable":true,"href":"https:\/\/preventionsida.org\/fr\/wp-json\/wp\/v2\/comments?post=14722"}],"version-history":[{"count":10,"href":"https:\/\/preventionsida.org\/fr\/wp-json\/wp\/v2\/pages\/14722\/revisions"}],"predecessor-version":[{"id":14969,"href":"https:\/\/preventionsida.org\/fr\/wp-json\/wp\/v2\/pages\/14722\/revisions\/14969"}],"wp:attachment":[{"href":"https:\/\/preventionsida.org\/fr\/wp-json\/wp\/v2\/media?parent=14722"}],"curies":[{"name":"wp","href":"https:\/\/api.w.org\/{rel}","templated":true}]}}