{"id":1324,"date":"2019-09-19T11:57:23","date_gmt":"2019-09-19T09:57:23","guid":{"rendered":"https:\/\/preventionsida.org\/?page_id=1324"},"modified":"2019-10-28T15:13:15","modified_gmt":"2019-10-28T14:13:15","slug":"activites-pour-les-personnes-vivant-avec-le-vih","status":"publish","type":"page","link":"https:\/\/preventionsida.org\/fr\/traitement\/vih\/vivre-avec-le-vih\/activites-pour-les-personnes-vivant-avec-le-vih\/","title":{"rendered":"Activit\u00e9s pour les personnes vivant avec le VIH"},"content":{"rendered":"","protected":false},"excerpt":{"rendered":"","protected":false},"author":1,"featured_media":0,"parent":993,"menu_order":0,"comment_status":"closed","ping_status":"closed","template":"","meta":{"_acf_changed":false,"footnotes":""},"class_list":["post-1324","page","type-page","status-publish","hentry"],"acf":{"sidebar":211,"contenu_flexible":[{"acf_fc_layout":"textfull","text":"<p>La Plateforme Pr\u00e9vention Sida propose un<strong> programme d\u2019activit\u00e9s de r\u00e9flexion et de convivialit\u00e9 \u00e0 l\u2019attention des personnes vivant avec le VIH<\/strong> (PVVIH) pour <strong>renforcer leurs capacit\u00e9s<\/strong> \u00e0 affronter les diff\u00e9rents d\u00e9fis auxquels elles sont souvent confront\u00e9es (sant\u00e9, isolement, discrimination, stigmatisation, etc.).<\/p>\n","background_color":false},{"acf_fc_layout":"imagefull","image":1331,"text":""},{"acf_fc_layout":"doubleblock","content_block_left":"<h3>Un premier accueil des PVVIH<\/h3>\n<p>Avec ou sans rendez-vous, un accueil vous est propos\u00e9 deux fois par semaine : le mardi de\u00a0<strong>14h \u00e0 16h30 et le jeudi de 10h \u00e0 12h<\/strong>. Cet accueil vous permet d\u2019exposer votre situation, d\u2019\u00eatre \u00e9cout\u00e9\u00b7e en toute confidentialit\u00e9, d\u2019\u00eatre inform\u00e9\u00b7e, d\u2019\u00eatre soutenu\u00b7e et d\u2019\u00eatre orient\u00e9\u00b7e en cas de besoin.<\/p>\n","background_color_left":false,"content_block_right":"<h2>Int\u00e9ress\u00e9\u00b7e par nos activit\u00e9s ?<\/h2>\n<p>Vous pouvez nous contacter librement ou prendre RDV pour plus de d\u00e9tails : <strong>02\/733.72.99<\/strong> \u2013\u00a0<a href=\"mailto:info@preventionsida.org\">info@preventionsida.org<\/a>.<\/p>\n<p>Nous sommes joignables du <strong>lundi au vendredi, de 9h \u00e0 17h30.<\/strong><\/p>\n","background_color_right":true},{"acf_fc_layout":"multiplecol","multiple_title":"","cols":[{"col_image":false,"col_title":"","col_content":"<p><a href=\"https:\/\/preventionsida.org\/fr\/ressources\/espace-mandela\/\"><img loading=\"lazy\" decoding=\"async\" class=\"size-full wp-image-1359 aligncenter\" src=\"https:\/\/preventionsida.org\/wp-content\/uploads\/2019\/09\/logo-mandela-thumb.jpg\" alt=\"Espace Mandela Logo\" width=\"200\" height=\"200\" srcset=\"https:\/\/preventionsida.org\/wp-content\/uploads\/2019\/09\/logo-mandela-thumb.jpg 200w, https:\/\/preventionsida.org\/wp-content\/uploads\/2019\/09\/logo-mandela-thumb-150x150.jpg 150w\" sizes=\"auto, (max-width: 200px) 100vw, 200px\" \/><\/a><\/p>\n<h3 style=\"text-align: center;\">L&rsquo;Espace Mandela<\/h3>\n<p style=\"text-align: center;\">Accompagnement collectif des personnes vivant avec le VIH<\/p>\n<p><a class=\"btn-center\" href=\"https:\/\/preventionsida.org\/fr\/ressources\/espace-mandela\/&quot;\">En savoir plus<\/a><\/p>\n"},{"col_image":false,"col_title":"","col_content":"<p><a href=\"https:\/\/preventionsida.org\/fr\/ressources\/actions-plus\/\"><img loading=\"lazy\" decoding=\"async\" class=\"size-full wp-image-1359 aligncenter\" src=\"https:\/\/preventionsida.org\/wp-content\/uploads\/2019\/09\/logo-actionplus-thumb.jpg\" alt=\"Actions Plus Logo\" width=\"200\" height=\"200\" \/><\/a><\/p>\n<h3 style=\"text-align: center;\">Action Plus<\/h3>\n<p style=\"text-align: center;\">Un groupe de r\u00e9flexion, de communication et d\u2019action sur la s\u00e9ropositivit\u00e9<\/p>\n<p><a class=\"btn-center\" href=\"https:\/\/preventionsida.org\/fr\/ressources\/actions-plus\/\">En savoir plus<\/a><\/p>\n"},{"col_image":false,"col_title":"","col_content":"<p><a href=\"https:\/\/preventionsida.org\/fr\/ressources\/des-espaces-de-discussion\/&quot;\"><img loading=\"lazy\" decoding=\"async\" class=\"size-full wp-image-1359 aligncenter\" src=\"https:\/\/preventionsida.org\/wp-content\/uploads\/2019\/09\/logo-discussion-thumb.jpg\" alt=\"Des espaces de discussion\" width=\"200\" height=\"200\" \/><\/a><\/p>\n<h3 style=\"text-align: center;\">Des espaces de discussion<\/h3>\n<p style=\"text-align: center;\">Les <strong>caf\u00e9s sant\u00e9<\/strong>\u00a0et les journ\u00e9es d\u2019\u00e9tude<\/p>\n<p><a class=\"btn-center\" href=\"https:\/\/preventionsida.org\/fr\/ressources\/des-espaces-de-discussion\/\">En savoir plus<\/a><\/p>\n"}],"nb_items":""}]},"_links":{"self":[{"href":"https:\/\/preventionsida.org\/fr\/wp-json\/wp\/v2\/pages\/1324","targetHints":{"allow":["GET"]}}],"collection":[{"href":"https:\/\/preventionsida.org\/fr\/wp-json\/wp\/v2\/pages"}],"about":[{"href":"https:\/\/preventionsida.org\/fr\/wp-json\/wp\/v2\/types\/page"}],"author":[{"embeddable":true,"href":"https:\/\/preventionsida.org\/fr\/wp-json\/wp\/v2\/users\/1"}],"replies":[{"embeddable":true,"href":"https:\/\/preventionsida.org\/fr\/wp-json\/wp\/v2\/comments?post=1324"}],"version-history":[{"count":19,"href":"https:\/\/preventionsida.org\/fr\/wp-json\/wp\/v2\/pages\/1324\/revisions"}],"predecessor-version":[{"id":2573,"href":"https:\/\/preventionsida.org\/fr\/wp-json\/wp\/v2\/pages\/1324\/revisions\/2573"}],"up":[{"embeddable":true,"href":"https:\/\/preventionsida.org\/fr\/wp-json\/wp\/v2\/pages\/993"}],"wp:attachment":[{"href":"https:\/\/preventionsida.org\/fr\/wp-json\/wp\/v2\/media?parent=1324"}],"curies":[{"name":"wp","href":"https:\/\/api.w.org\/{rel}","templated":true}]}}