{"id":1276,"date":"2019-09-19T11:12:33","date_gmt":"2019-09-19T09:12:33","guid":{"rendered":"https:\/\/preventionsida.org\/?page_id=1276"},"modified":"2019-10-28T15:12:45","modified_gmt":"2019-10-28T14:12:45","slug":"espace-mandela","status":"publish","type":"page","link":"https:\/\/preventionsida.org\/fr\/traitement\/vih\/vivre-avec-le-vih\/activites-pour-les-personnes-vivant-avec-le-vih\/espace-mandela\/","title":{"rendered":"Espace Mandela : accompagnement collectif des PVVIH"},"content":{"rendered":"","protected":false},"excerpt":{"rendered":"","protected":false},"author":1,"featured_media":0,"parent":1324,"menu_order":0,"comment_status":"closed","ping_status":"closed","template":"","meta":{"_acf_changed":false,"footnotes":""},"class_list":["post-1276","page","type-page","status-publish","hentry"],"acf":{"sidebar":211,"contenu_flexible":[{"acf_fc_layout":"imagetext","image":1278,"text":"<p>En tant que personne vivant avec le VIH, l\u2019Espace Mandela vous propose des activit\u00e9s vari\u00e9es.<\/p>\n<p><strong>Les objectifs de ces activit\u00e9s sont :<\/strong><\/p>\n<ul>\n<li>am\u00e9liorer votre qualit\u00e9 de vie, votre bien-\u00eatre et votre sant\u00e9, en apportant des solutions compl\u00e9mentaires aux probl\u00e8mes m\u00e9dicaux et sociaux qui ne peuvent \u00eatre abord\u00e9s ailleurs.<\/li>\n<li>contribuer au renforcement de vos capacit\u00e9s dans la lutte contre la stigmatisation et la <a href=\"https:\/\/preventionsida.org\/fr\/traitement\/vivre-avec-le-vih\/\">discrimination<\/a> dont vous pourriez faire l\u2019objet dans votre environnement de vie et dans les services dont vous pourriez b\u00e9n\u00e9ficier.<\/li>\n<\/ul>\n<p>L\u2019Espace Mandela est un espace d\u2019accueil, de partage, d\u2019\u00e9change, d\u2019information et de renforcement de soi dans un cadre convivial et en toute confidentialit\u00e9.<\/p>\n","background_color":false,"link_image":""},{"acf_fc_layout":"textimage","text":"<h2>Les activit\u00e9s de l\u2019Espace Mandela<\/h2>\n<h3>Education nutritionnelle\u00a0 (1 fois par mois) :<\/h3>\n<p>Moment de rencontre, de convivialit\u00e9 et de partage qui vous permet d\u2019am\u00e9liorer ou de changer vos habitudes ou comportements alimentaires \u00e0 travers des s\u00e9ances d\u2019information nutritionnelle, de d\u00e9couverte de nouveaux produits et de nouvelles recettes.<\/p>\n<h3>S\u00e9jour formation r\u00e9sidentiel\u00a0(1 fois par an)\u00a0:<\/h3>\n<p>Offre aux PVVIH en situation de grande vuln\u00e9rabilit\u00e9 la possibilit\u00e9 de se retrouver dans un lieu d\u00e9di\u00e9 aux \u00e9changes entre pairs et au bien-\u00eatre, dans une confidentialit\u00e9 partag\u00e9e.<\/p>\n","image":1280,"background_color":false,"link_image":""},{"acf_fc_layout":"imagefull","image":1285,"text":""},{"acf_fc_layout":"textimage","text":"<h3>Activit\u00e9s culturelles\u00a0(1 fois par mois)\u00a0:<\/h3>\n<p>Permet de rompre la solitude et l\u2019isolement auxquels sont souvent confront\u00e9\u00b7es certaines PVVIH gr\u00e2ce \u00e0 des sorties culturelles en groupe (avec le soutien de l\u2019Article 27).<\/p>\n<h3>R\u00e9alisations de l\u2019Espace Mandela<\/h3>\n<ul>\n<li>Ensemble on avance<\/li>\n<li><strong>Non au virus de la discrimination dans le milieu m\u00e9dical<\/strong><\/li>\n<li>L\u2019impossible devient possible. Mieux comprendre I=I.<\/li>\n<\/ul>\n<p>Pour plus d\u2019informations, contactez Gr\u00e2ce Ntunzwenimana \u00e0 <a href=\"mailto:g.ntunzenimana@preventionsida.org\">g.ntunzenimana@preventionsida.org<\/a> ou au <strong>0484\/73.50.81<\/strong><\/p>\n","image":1290,"background_color":false,"link_image":""}]},"_links":{"self":[{"href":"https:\/\/preventionsida.org\/fr\/wp-json\/wp\/v2\/pages\/1276","targetHints":{"allow":["GET"]}}],"collection":[{"href":"https:\/\/preventionsida.org\/fr\/wp-json\/wp\/v2\/pages"}],"about":[{"href":"https:\/\/preventionsida.org\/fr\/wp-json\/wp\/v2\/types\/page"}],"author":[{"embeddable":true,"href":"https:\/\/preventionsida.org\/fr\/wp-json\/wp\/v2\/users\/1"}],"replies":[{"embeddable":true,"href":"https:\/\/preventionsida.org\/fr\/wp-json\/wp\/v2\/comments?post=1276"}],"version-history":[{"count":7,"href":"https:\/\/preventionsida.org\/fr\/wp-json\/wp\/v2\/pages\/1276\/revisions"}],"predecessor-version":[{"id":1970,"href":"https:\/\/preventionsida.org\/fr\/wp-json\/wp\/v2\/pages\/1276\/revisions\/1970"}],"up":[{"embeddable":true,"href":"https:\/\/preventionsida.org\/fr\/wp-json\/wp\/v2\/pages\/1324"}],"wp:attachment":[{"href":"https:\/\/preventionsida.org\/fr\/wp-json\/wp\/v2\/media?parent=1276"}],"curies":[{"name":"wp","href":"https:\/\/api.w.org\/{rel}","templated":true}]}}