{"id":1253,"date":"2019-09-19T10:33:54","date_gmt":"2019-09-19T08:33:54","guid":{"rendered":"https:\/\/preventionsida.org\/?page_id=1253"},"modified":"2019-10-28T15:12:31","modified_gmt":"2019-10-28T14:12:31","slug":"les-droits-des-personnes-vivant-avec-le-vih","status":"publish","type":"page","link":"https:\/\/preventionsida.org\/fr\/traitement\/vih\/vivre-avec-le-vih\/les-droits-des-personnes-vivant-avec-le-vih\/","title":{"rendered":"Les droits des personnes vivant avec le VIH"},"content":{"rendered":"","protected":false},"excerpt":{"rendered":"","protected":false},"author":1,"featured_media":0,"parent":993,"menu_order":0,"comment_status":"closed","ping_status":"closed","template":"","meta":{"_acf_changed":false,"footnotes":""},"class_list":["post-1253","page","type-page","status-publish","hentry"],"acf":{"sidebar":211,"contenu_flexible":[{"acf_fc_layout":"textfull","text":"<p><strong>En Belgique, les personnes vivant avec le VIH continuent de faire l\u2019objet de rejet et de discriminations dans tous les domaines de la vie quotidienne. Pourtant, il existe des dispositions l\u00e9gales du droit commun \u00e0 l\u2018encontre de ces discriminations, dont les personnes s\u00e9ropositives ne sont pas toujours au courant ou qu\u2019elles connaissent mal.<\/strong><\/p>\n","background_color":false},{"acf_fc_layout":"textimage","text":"<p>La Plateforme Pr\u00e9vention Sida fait le point avec sa<strong> brochure \u00ab Conna\u00eetre &amp; faire valoir ses droits \u00bb qui propose une information juridique actualis\u00e9e sur les droits des personnes s\u00e9ropositives<\/strong>.\u00a0Elle s\u2019adresse essentiellement aux personnes vivant avec le VIH, mais aussi aux professionnel\u00b7les du secteur et au public en g\u00e9n\u00e9ral.<\/p>\n<p><strong>\u00ab Conna\u00eetre &amp; faire valoir ses droits \u00bb : une brochure indispensable car les discriminations persistent.<\/strong><\/p>\n<p>Cette brochure a pour vocation de fournir un ensemble d\u2019outils permettant de r\u00e9agir face \u00e0 des situations de discrimination en pr\u00e9sentant les lois existantes, mais aussi des contacts d\u2019associations ou d\u2019institutions pouvant aider les personnes concern\u00e9es \u00e0 faire face \u00e0 telle ou telle situation.<\/p>\n<p><strong>R\u00e9alis\u00e9e avec l\u2019aide de plusieurs expert\u00b7es, la brochure offre l\u2019exactitude indispensable en termes de contenu et de r\u00e9f\u00e9rences pour aider les personnes vivant avec le VIH \u00e0 d\u00e9fendre leurs droits.<\/strong>\u00a0Et ce avec des exemples concrets et un ton qui la rendent abordable aux non-sp\u00e9cialistes. Plusieurs t\u00e9moignages illustrent \u00e9galement des cas v\u00e9cus de discrimination.<\/p>\n","image":1255,"background_color":false,"link_image":""},{"acf_fc_layout":"imagetext","image":1257,"text":"<p>La brochure aborde les diff\u00e9rents domaines de la vie :\u00a0<strong>les soins m\u00e9dicaux, la vie professionnelle, la s\u00e9curit\u00e9 sociale et les assurances maladie, les voyages, le recours au CPAS, ou encore la vie en prison et la situation des <a href=\"\/fr\/ressources\/projets-migrants\/\">migrant\u00b7es<\/a><\/strong>. La protection de la vie priv\u00e9e est \u00e9galement largement abord\u00e9e, notamment, en ce qui concerne le secret professionnel des m\u00e9decins, des avocat\u00b7es, des assistants sociaux et assistantes sociales, des enseignant\u00b7es, etc.<\/p>\n","background_color":false,"link_image":""},{"acf_fc_layout":"imagetext","image":1259,"text":"<p><strong>\u00ab Conna\u00eetre &amp; faire valoir ses droits \u00bb r\u00e9pond aussi \u00e0 de nombreuses questions<\/strong>.<\/p>\n<p>Par exemple : que faire et \u00e0 qui m\u2019adresser si je suis victime de discrimination, si le secret professionnel concernant ma s\u00e9ropositivit\u00e9 n\u2019a pas \u00e9t\u00e9 respect\u00e9, si un m\u00e9decin refuse de me soigner ? Aurais-je un probl\u00e8me pour voyager dans certains pays ?<br \/>\nExiste-t-il des pays qui imposent un test VIH avant de d\u00e9livrer un visa ?<br \/>\nQu\u2019entend-on l\u00e9galement par \u00ab\u00a0discrimination\u00a0\u00bb ?<br \/>\nQue faire si l\u2019on me refuse un pr\u00eat ou une assurance ?<br \/>\nComment d\u00e9fendre mes droits par rapport \u00e0 mon actuel\u00b7le ou potentiel\u00b7le employeur\u00b7euse\u00a0?<\/p>\n<p>La brochure fournit l\u2019\u00e9clairage n\u00e9cessaire \u00e0 ce sujet.<\/p>\n","background_color":false,"link_image":""},{"acf_fc_layout":"imagetext","image":1261,"text":"<p>Pour commander cette <strong>brochure<\/strong>, veuillez contacter la Plateforme Pr\u00e9vention Sida par t\u00e9l\u00e9phone (02\/733.72.99) ou par mail \u00e0 <a href=\"mailto:info@preventionsida.org\">info@preventionsida.org<\/a><\/p>\n<p>Pour t\u00e9l\u00e9charger cette brochure, veuillez cliquer\u00a0<a href=\"https:\/\/preventionsida.org\/wp-content\/uploads\/2019\/10\/valoir-ses-droits.pdf\">ici.<\/a><\/p>\n","background_color":false,"link_image":""}]},"_links":{"self":[{"href":"https:\/\/preventionsida.org\/fr\/wp-json\/wp\/v2\/pages\/1253","targetHints":{"allow":["GET"]}}],"collection":[{"href":"https:\/\/preventionsida.org\/fr\/wp-json\/wp\/v2\/pages"}],"about":[{"href":"https:\/\/preventionsida.org\/fr\/wp-json\/wp\/v2\/types\/page"}],"author":[{"embeddable":true,"href":"https:\/\/preventionsida.org\/fr\/wp-json\/wp\/v2\/users\/1"}],"replies":[{"embeddable":true,"href":"https:\/\/preventionsida.org\/fr\/wp-json\/wp\/v2\/comments?post=1253"}],"version-history":[{"count":19,"href":"https:\/\/preventionsida.org\/fr\/wp-json\/wp\/v2\/pages\/1253\/revisions"}],"predecessor-version":[{"id":3868,"href":"https:\/\/preventionsida.org\/fr\/wp-json\/wp\/v2\/pages\/1253\/revisions\/3868"}],"up":[{"embeddable":true,"href":"https:\/\/preventionsida.org\/fr\/wp-json\/wp\/v2\/pages\/993"}],"wp:attachment":[{"href":"https:\/\/preventionsida.org\/fr\/wp-json\/wp\/v2\/media?parent=1253"}],"curies":[{"name":"wp","href":"https:\/\/api.w.org\/{rel}","templated":true}]}}