{"id":12069,"date":"2023-06-15T17:46:33","date_gmt":"2023-06-15T15:46:33","guid":{"rendered":"https:\/\/preventionsida.org\/?page_id=12069"},"modified":"2024-06-19T14:00:35","modified_gmt":"2024-06-19T12:00:35","slug":"reglement-du-concours","status":"publish","type":"page","link":"https:\/\/preventionsida.org\/fr\/concours-affiche-lapin\/reglement-du-concours\/","title":{"rendered":"R\u00e8glement du concours"},"content":{"rendered":"<h2>1. Organisateur du concours<\/h2>\n<p>La Plateforme Pr\u00e9vention Sida asbl<br \/>\nPlace de la Vieille Halle aux Bl\u00e9s 29-28<br \/>\n1000 Bruxelles<\/p>\n<h2>2. Conditions de participation<\/h2>\n<ul>\n<li>Le pr\u00e9sent concours est accessible \u00e0 toute personne physique domicili\u00e9e en Belgique.<\/li>\n<li>Le concours est gratuit.<\/li>\n<li>Le nombre de participant.es est illimit\u00e9.<\/li>\n<li>Le pr\u00e9sent concours est accessible exclusivement via le site de la Plateforme Pr\u00e9vention Sida : www.preventionsida.org\/concours-affiche-lapin<\/li>\n<li>La Plateforme Pr\u00e9vention Sida se r\u00e9serve le droit de supprimer les affiches jug\u00e9es offensantes, discriminatoires ou inappropri\u00e9es sans pr\u00e9venir son.sa concepteur.trice.<\/li>\n<\/ul>\n<h3>Avertissement<\/h3>\n<p>L\u2019organisateur se r\u00e9serve le droit de proc\u00e9der \u00e0 toute v\u00e9rification n\u00e9cessaire en cas de doute sur la qualit\u00e9 des participant.es ou des gagnant.es.<br \/>\nLes participant.es acceptent que les informations saisies dans le formulaire d\u2019inscription vaillent pour preuve de leur identit\u00e9. Si ces informations apparaissent incoh\u00e9rentes ou fantaisistes, elles ne seront pas prises en compte.<\/p>\n<h2>3. P\u00e9riode<\/h2>\n<p>Le pr\u00e9sent concours se d\u00e9roulera du 2 juillet 2024 \u00e0 6h00 au 11 ao\u00fbt 2024 \u00e0 minuit.<\/p>\n<h2>4. D\u00e9roulement du concours<\/h2>\n<p>&#8211; Pour participer au concours, il faut\u00a0:<br \/>\n1\/ Cr\u00e9er une ou plusieurs affiche(s) personnalis\u00e9e(s) sur le site de la plateforme pr\u00e9vention sida via l\u2019url<br \/>\nwww.preventionsida\/concours-affiche-lapin<br \/>\n2\/ envoyer son (ses) affiche(s) personnalis\u00e9e(s) dans la galerie d\u2019affiche du site internet sus mentionn\u00e9.<br \/>\n&#8211; Le concours s\u2019arr\u00eatant le 11 ao\u00fbt 2024 \u00e0 minuit, les participations apr\u00e8s cette date ne seront pas prises en compte pour le<br \/>\nconcours.<\/p>\n<h2>5. Reproduction des affiches et cession des droits patrimoniaux<\/h2>\n<p>Les participant.es au concours autorisent gracieusement la Plateforme Pr\u00e9vention Sida \u00e0 reproduire, modifier et<br \/>\ndiffuser toutes les affiches pr\u00e9sentes dans la Galerie d\u2019affiches de quelque mani\u00e8re et sous quelle forme que ce soit,<br \/>\nqu\u2019elle soit directe ou indirecte, provisoire ou permanente, en tout ou partie.<br \/>\nIls.elles autorisent \u00e9galement la Plateforme Pr\u00e9vention Sida \u00e0 distribuer au public des reproductions de celle-ci. La<br \/>\ncession des droits patrimoniaux entra\u00eene, dans le chef des participant.es, l\u2019interdiction d\u2019utiliser, de vendre ou de<br \/>\nreproduire l\u2019objet du pr\u00e9sent concours \u00e0 des fins commerciales. Ainsi, les participant.es accepteront notamment<br \/>\nque leur(s) affiche(s) soi(en)t reproduite(s) sur diff\u00e9rents supports (affiches, pochettes de pr\u00e9servatif, autocollant,<br \/>\nbrochures, banderoles, flyers, dossiers de presse, banners internet, newsletter, site internet, r\u00e9seaux sociaux de la<br \/>\nPlateforme Pr\u00e9vention Sida). Les participant.es autoriseront, sans limite, la diffusion de leur(s) affiche(s). Les droits<br \/>\npatrimoniaux sont c\u00e9d\u00e9s de mani\u00e8re d\u00e9finitive. Tous les participant.es renoncent donc \u00e0 leurs droits patrimoniaux<br \/>\nsur leur.s affiche.s.<\/p>\n<h2>6. S\u00e9lection des gagnant.es<\/h2>\n<p>-Les cr\u00e9ateurs.trices des 10 \u00ab\u00a0meilleures\u00a0\u00bb affiches seront r\u00e9compens\u00e9s.<br \/>\nLes 10 \u00ab\u00a0meilleures\u00a0\u00bb affiches seront s\u00e9lectionn\u00e9es comme suit\u00a0: un jury compos\u00e9 des travailleurs.euses de la<br \/>\nPlateforme Pr\u00e9sentation Sida s\u00e9lectionnera les 10 affiches jug\u00e9es les meilleures pour parler de pr\u00e9vention du VIH et<br \/>\ndes IST parmi les 20 affiches qui auront r\u00e9colt\u00e9 le plus de like (les petits c\u0153urs sont comptabilit\u00e9s sous chaque<br \/>\naffiche) dans la galerie d\u2019affiches entre le 2 juillet 2024 \u00e0 6h et le 11 ao\u00fbt 2024 \u00e0 minuit.<br \/>\nLes participant.es pourront, s\u2019ils.elles le souhaitent, inviter leurs ami.es \u00e0 voter pour leur.s affiche.s en la\/les<br \/>\npartageant sur leurs r\u00e9seaux sociaux ou par mail. Les personnes qui votent peuvent voter une seule fois pour une<br \/>\nm\u00eame affiche. Ils .elles peuvent voter pour autant d\u2019affiches diff\u00e9rentes qu\u2019ils.elles le souhaitent.<\/p>\n<h2>7. Prix<\/h2>\n<p>&#8211; Le premier prix est un bon de 120euro \u00e0 utiliser sur le site www.levi.com + un appareil photo argentique Ricoh Shotmaster avec un film +<br \/>\nun goodie bag<br \/>\n&#8211; Le deuxi\u00e8me prix est un bon de 120euro \u00e0 utiliser sur le site www.levi.com + un appareil photo Lomography avec un<br \/>\nfilm + un goodie bag<br \/>\n&#8211; La troisi\u00e8me prix est un bon de 120euro \u00e0 utiliser sur le site www.levi.com + un appareil photo jetable + un goodie<br \/>\nbag<br \/>\n&#8211; Le 4 \u00e8me et 5 \u00e8me prix est un Bongo Evasion d\u2019une valeur de 69,90euro + un goodie bag<br \/>\n&#8211; Le 6 \u00e8me au 10 \u00e8me prix est un goodie bag<br \/>\n&#8211; Les prix seront envoy\u00e9s aux gagnant.es :<\/p>\n<p>\u2022 par mail pour les 3 bons de 120 euro sur www.levi.com<br \/>\n\u2022 par la poste pour tous les autres lots d\u00e9crits ci-dessus<\/p>\n<h3>Avertissement<\/h3>\n<p>En aucun cas, ces prix ne pourront \u00eatre \u00e9chang\u00e9s contre d\u2019autres objets. Si le laur\u00e9at\/la laur\u00e9ate ne veut ou ne peut<br \/>\nprendre possession de son prix, il\/elle n\u2019aura droit \u00e0 aucune compensation.<\/p>\n<h2>9. Communication des r\u00e9sultats<\/h2>\n<p>Les r\u00e9sultats seront communiqu\u00e9s aux gagnant.es par mail au plus tard le 30 ao\u00fbt 2024 \u00e0 minuit. Leur adresse<br \/>\npostale leur sera demand\u00e9e afin de leur envoyer leur(s) prix.<\/p>\n<h3>Avertissement<\/h3>\n<p>L\u2019organisateur ne pourra \u00eatre tenu responsable de mauvaises transmissions de donn\u00e9es personnelles sur le<br \/>\nformulaire, menant \u00e0 une mauvaise adresse mail ou \u00e0 une adresse courriel inconnue.<\/p>\n<h2>10. Contestations<\/h2>\n<p>En cas de contestation ou de r\u00e9clamation, pour quelle que raison que ce soit, les demandes devront \u00eatre transmises \u00e0<br \/>\nl\u2019organisateur dans un d\u00e9lai de quinze (15) jours apr\u00e8s la cl\u00f4ture du concours par mail \u00e0 info@preventionsida.org ou<br \/>\npar courrier postal recommand\u00e9.<br \/>\nLe r\u00e8glement ne pr\u00e9voit aucune correspondance \u00e9crite ni t\u00e9l\u00e9phonique concernant l\u2019ex\u00e9cution, l\u2019\u00e9volution ou le<br \/>\nd\u00e9roulement du concours.<\/p>\n<h2>11. Annulation du concours<\/h2>\n<p>L\u2019organisateur se r\u00e9serve le droit d&rsquo;intervenir \u00e0 tout moment et de quelque mani\u00e8re que ce soit, s&rsquo;il l&rsquo;estime<br \/>\nn\u00e9cessaire, pour assurer le bon d\u00e9roulement du concours.<br \/>\nL\u2019organisateur se r\u00e9serve le droit d\u2019\u00e9courter, de diff\u00e9rer, de modifier, de proroger, d\u2019interrompre ou d\u2019annuler le<br \/>\nconcours, sans pr\u00e9avis, en raison de tout \u00e9v\u00e8nement ind\u00e9pendant de sa volont\u00e9 et notamment en cas de<br \/>\ncirconstances constituant un cas de force majeure ou un cas fortuit, sans que sa responsabilit\u00e9 puisse \u00eatre engag\u00e9e.<br \/>\nLe pr\u00e9sent r\u00e8glement peut \u00eatre compl\u00e9t\u00e9 sur d\u00e9cision de l\u2019organisateur ; ces changements en feront int\u00e9gralement<br \/>\npartie. Les d\u00e9cisions de l\u2019organisateur sont toujours irr\u00e9vocables, quelles que soient les circonstances.<\/p>\n<h2>12. Acceptation du pr\u00e9sent r\u00e8glement<\/h2>\n<p>Du fait de leur participation au concours, les participant.es s\u2019engagent \u00e0 se soumettre au pr\u00e9sent r\u00e8glement et aux<br \/>\nd\u00e9cisions de l\u2019organisateur.<br \/>\nLa participation au concours implique l\u2019acceptation pleine et enti\u00e8re sans r\u00e9serve du pr\u00e9sent r\u00e8glement.<br \/>\nToute personne contrevenant \u00e0 l\u2019un ou plusieurs articles sera d\u00e9finitivement exclue du concours et l\u2019organisateur se<br \/>\nr\u00e9serve le droit de refuser l\u2019attribution du prix sans compensation.<\/p>\n<h2>13. Contacts<\/h2>\n<p>Plus d\u2019infos : <a href=\"mailto:info@preventionsida.org\">info@preventionsida.org<\/a>;<br \/>\nSite internet : <a href=\"https:\/\/www.preventionsida.org\">www.preventionsida.org<\/a><br \/>\nFacebook : <a href=\"https:\/\/www.facebook.com\/preventionsida\">www.facebook.com\/preventionsida<\/a><br \/>\nInstagram : <a href=\"https:\/\/www.instagram.com\/prevention_sida\">www.instagram.com\/prevention_sida<\/a><br \/>\nTikTok : <a href=\"https:\/\/www.tiktok.com\/@love_safe_sex\">www.tiktok.com\/@love_safe_sex<\/a><\/p>\n","protected":false},"excerpt":{"rendered":"<p>1. Organisateur du concours La Plateforme Pr\u00e9vention Sida asbl Place de la Vieille Halle aux Bl\u00e9s 29-28 1000 Bruxelles 2. Conditions de participation Le pr\u00e9sent concours est accessible \u00e0 toute personne physique domicili\u00e9e en Belgique. Le concours est gratuit. Le nombre de participant.es est illimit\u00e9. Le pr\u00e9sent concours est accessible exclusivement via le site de la Plateforme Pr\u00e9vention Sida : www.preventionsida.org\/concours-affiche-lapin La Plateforme Pr\u00e9vention Sida se r\u00e9serve le droit de supprimer les affiches jug\u00e9es offensantes, discriminatoires ou inappropri\u00e9es sans pr\u00e9venir son.sa concepteur.trice. Avertissement L\u2019organisateur se r\u00e9serve le droit de proc\u00e9der \u00e0 toute v\u00e9rification n\u00e9cessaire en cas de doute sur la qualit\u00e9 des participant.es ou des gagnant.es. Les participant.es acceptent que les informations saisies dans le formulaire d\u2019inscription vaillent pour preuve de leur identit\u00e9. Si ces informations apparaissent incoh\u00e9rentes ou fantaisistes, elles ne seront pas prises en compte. 3. P\u00e9riode Le pr\u00e9sent concours se d\u00e9roulera du 2 juillet 2024 \u00e0 6h00 [&hellip;]<\/p>\n","protected":false},"author":1,"featured_media":0,"parent":12041,"menu_order":0,"comment_status":"closed","ping_status":"closed","template":"","meta":{"_acf_changed":false,"footnotes":""},"class_list":["post-12069","page","type-page","status-publish","hentry"],"acf":{"sidebar":false,"contenu_flexible":false},"_links":{"self":[{"href":"https:\/\/preventionsida.org\/fr\/wp-json\/wp\/v2\/pages\/12069","targetHints":{"allow":["GET"]}}],"collection":[{"href":"https:\/\/preventionsida.org\/fr\/wp-json\/wp\/v2\/pages"}],"about":[{"href":"https:\/\/preventionsida.org\/fr\/wp-json\/wp\/v2\/types\/page"}],"author":[{"embeddable":true,"href":"https:\/\/preventionsida.org\/fr\/wp-json\/wp\/v2\/users\/1"}],"replies":[{"embeddable":true,"href":"https:\/\/preventionsida.org\/fr\/wp-json\/wp\/v2\/comments?post=12069"}],"version-history":[{"count":11,"href":"https:\/\/preventionsida.org\/fr\/wp-json\/wp\/v2\/pages\/12069\/revisions"}],"predecessor-version":[{"id":14079,"href":"https:\/\/preventionsida.org\/fr\/wp-json\/wp\/v2\/pages\/12069\/revisions\/14079"}],"up":[{"embeddable":true,"href":"https:\/\/preventionsida.org\/fr\/wp-json\/wp\/v2\/pages\/12041"}],"wp:attachment":[{"href":"https:\/\/preventionsida.org\/fr\/wp-json\/wp\/v2\/media?parent=12069"}],"curies":[{"name":"wp","href":"https:\/\/api.w.org\/{rel}","templated":true}]}}