{"id":12042,"date":"2023-06-15T17:28:45","date_gmt":"2023-06-15T15:28:45","guid":{"rendered":"https:\/\/preventionsida.org\/vote-affiche\/"},"modified":"2023-06-20T15:02:27","modified_gmt":"2023-06-20T13:02:27","slug":"lapin","status":"publish","type":"page","link":"https:\/\/preventionsida.org\/fr\/lapin\/","title":{"rendered":"Parlez-en comme vous voulez mais parlez-en : la galerie"},"content":{"rendered":"<p>Et toi, comment parles-tu de la pr\u00e9vention des IST ? Cr\u00e9e ton affiche personnalis\u00e9e avec ta propre mani\u00e8re d&rsquo;en parler !<br \/>\nTu peux voter pour tes affiches pr\u00e9f\u00e9r\u00e9es en cliquant sur le coeur, tu peux aussi les partager sur tes r\u00e9seaux sociaux.<\/p>\n<p><a class=\"btn\" href=\"https:\/\/preventionsida.org\/fr\/concours-affiche-lapin\/\">Je cr\u00e9e mon affiche personnalis\u00e9e<\/a><\/p>\n","protected":false},"excerpt":{"rendered":"<p>Et toi, comment parles-tu de la pr\u00e9vention des IST ? Cr\u00e9e ton affiche personnalis\u00e9e avec ta propre mani\u00e8re d&rsquo;en parler ! Tu peux voter pour tes affiches pr\u00e9f\u00e9r\u00e9es en cliquant sur le coeur, tu peux aussi les partager sur tes r\u00e9seaux sociaux. Je cr\u00e9e mon affiche personnalis\u00e9e<\/p>\n","protected":false},"author":1,"featured_media":0,"parent":0,"menu_order":0,"comment_status":"closed","ping_status":"closed","template":"\/home\/data\/preventionsida.org\/apps\/web\/wp-content\/plugins\/gbl-poster\/templates\/vote.php","meta":{"_acf_changed":false,"footnotes":""},"class_list":["post-12042","page","type-page","status-publish","hentry"],"acf":{"sidebar":false},"_links":{"self":[{"href":"https:\/\/preventionsida.org\/fr\/wp-json\/wp\/v2\/pages\/12042","targetHints":{"allow":["GET"]}}],"collection":[{"href":"https:\/\/preventionsida.org\/fr\/wp-json\/wp\/v2\/pages"}],"about":[{"href":"https:\/\/preventionsida.org\/fr\/wp-json\/wp\/v2\/types\/page"}],"author":[{"embeddable":true,"href":"https:\/\/preventionsida.org\/fr\/wp-json\/wp\/v2\/users\/1"}],"replies":[{"embeddable":true,"href":"https:\/\/preventionsida.org\/fr\/wp-json\/wp\/v2\/comments?post=12042"}],"version-history":[{"count":4,"href":"https:\/\/preventionsida.org\/fr\/wp-json\/wp\/v2\/pages\/12042\/revisions"}],"predecessor-version":[{"id":12075,"href":"https:\/\/preventionsida.org\/fr\/wp-json\/wp\/v2\/pages\/12042\/revisions\/12075"}],"wp:attachment":[{"href":"https:\/\/preventionsida.org\/fr\/wp-json\/wp\/v2\/media?parent=12042"}],"curies":[{"name":"wp","href":"https:\/\/api.w.org\/{rel}","templated":true}]}}