{"id":12041,"date":"2023-06-15T17:28:45","date_gmt":"2023-06-15T15:28:45","guid":{"rendered":"https:\/\/preventionsida.org\/form-affiche\/"},"modified":"2024-08-12T11:41:06","modified_gmt":"2024-08-12T09:41:06","slug":"concours-affiche-lapin","status":"publish","type":"page","link":"https:\/\/preventionsida.org\/fr\/concours-affiche-lapin\/","title":{"rendered":"Parlez-en comme vous voulez mais parlez-en."},"content":{"rendered":"<p>Parler de protection contre les IST avec ton.ta.tes partenaire.s, ce n\u2019est pas toujours facile\u2026 car tu as peur de casser l\u2019ambiance ou bien tu te sens g\u00ean\u00e9.e, \u2026. Pourtant, il peut suffire d\u2019une fois pour \u00eatre infect\u00e9.e par une IST ou par le VIH.<\/p>\n<p>Pour t\u2019encourager \u00e0 ouvrir le dialogue sur les outils de pr\u00e9vention, on a invent\u00e9 des messages cod\u00e9s, humoristique et dynamiques.<\/p>\n<h2>Et toi, comment tu parles de la pr\u00e9vention des IST\/VIH ?<\/h2>\n","protected":false},"excerpt":{"rendered":"<p>Parler de protection contre les IST avec ton.ta.tes partenaire.s, ce n\u2019est pas toujours facile\u2026 car tu as peur de casser l\u2019ambiance ou bien tu te sens g\u00ean\u00e9.e, \u2026. Pourtant, il peut suffire d\u2019une fois pour \u00eatre infect\u00e9.e par une IST ou par le VIH. Pour t\u2019encourager \u00e0 ouvrir le dialogue sur les outils de pr\u00e9vention, on a invent\u00e9 des messages cod\u00e9s, humoristique et dynamiques. Et toi, comment tu parles de la pr\u00e9vention des IST\/VIH ?<\/p>\n","protected":false},"author":1,"featured_media":0,"parent":0,"menu_order":0,"comment_status":"closed","ping_status":"closed","template":"\/home\/data\/preventionsida.org\/apps\/web\/wp-content\/plugins\/gbl-poster\/templates\/form-create.php","meta":{"_acf_changed":false,"footnotes":""},"class_list":["post-12041","page","type-page","status-publish","hentry"],"acf":{"sidebar":false,"p_cta":{"title":"Je cr\u00e9e mon affiche personnalis\u00e9e","url":"#form-poster","target":""},"card_links":{"title":"Bien conna\u00eetre les diff\u00e9rents outils pour te prot\u00e9ger des IST et du VIH t'aidera \u00e0 en parler plus facilement avec ton. ta. tes partenaires. ","links":[{"link":{"title":"Le pr\u00e9servatif","url":"https:\/\/preventionsida.org\/fr\/protection\/le-preservatif\/","target":"_blank"}},{"link":{"title":"Le carr\u00e9 de latex","url":"https:\/\/preventionsida.org\/fr\/protection\/le-carre-de-latex\/","target":"_blank"}},{"link":{"title":"Le d\u00e9pistage","url":"https:\/\/preventionsida.org\/fr\/depistage\/le-depistage-des-ist\/","target":"_blank"}},{"link":{"title":"Le TPE","url":"https:\/\/preventionsida.org\/fr\/traitement\/vih\/tpe-traitement-post-exposition\/","target":"_blank"}},{"link":{"title":"La PrEP","url":"https:\/\/preventionsida.org\/fr\/protection\/la-prep\/","target":"_blank"}},{"link":{"title":"La charge virale ind\u00e9tectable","url":"https:\/\/preventionsida.org\/fr\/protection\/indetectable-intransmissible-ou-ii\/\u00a0\u00a0","target":"_blank"}}]},"p_content_left_col":{"title":"\u00c0 toi d'en parler !","subtitle1":"Cr\u00e9e ton affiche sur le th\u00e8me de la pr\u00e9vention combin\u00e9e :","steps":[{"step":"Le pr\u00e9servatif interne ou externe et le carr\u00e9 de latex"},{"step":"Le d\u00e9pistage du VIH et des IST"}],"subtitle2":"","steps2":[{"step":"La PrEP, le TPE et la charge virale ind\u00e9tectable"}],"subtitle3":"","steps3":false,"text":""},"p_content_right_col":{"cta":{"title":"Voir toutes les affiches et voter !","url":"https:\/\/preventionsida.org\/fr\/lapin\/","target":""},"posters_slides":[{"slide":{"ID":14004,"id":14004,"title":"Affiches-2024-Lapins_galipettes","filename":"Affiches-2024-Lapins_galipettes-scaled.jpg","filesize":332412,"url":"https:\/\/preventionsida.org\/wp-content\/uploads\/2023\/06\/Affiches-2024-Lapins_galipettes-scaled.jpg","link":"https:\/\/preventionsida.org\/fr\/ressources\/affiches-la-prevention-des-ist-et-du-vih-parlez-en-comme-vous-voulez-mais-parlez-en\/affiches-2024-lapins_galipettes\/","alt":"","author":"2","description":"","caption":"","name":"affiches-2024-lapins_galipettes","status":"inherit","uploaded_to":12151,"date":"2024-06-11 11:17:30","modified":"2024-06-11 11:17:30","menu_order":0,"mime_type":"image\/jpeg","type":"image","subtype":"jpeg","icon":"https:\/\/preventionsida.org\/wp-includes\/images\/media\/default.png","width":1810,"height":2560,"sizes":{"thumbnail":"https:\/\/preventionsida.org\/wp-content\/uploads\/2023\/06\/Affiches-2024-Lapins_galipettes-150x150.jpg","thumbnail-width":150,"thumbnail-height":150,"medium":"https:\/\/preventionsida.org\/wp-content\/uploads\/2023\/06\/Affiches-2024-Lapins_galipettes-212x300.jpg","medium-width":212,"medium-height":300,"medium_large":"https:\/\/preventionsida.org\/wp-content\/uploads\/2023\/06\/Affiches-2024-Lapins_galipettes-768x1086.jpg","medium_large-width":640,"medium_large-height":905,"large":"https:\/\/preventionsida.org\/wp-content\/uploads\/2023\/06\/Affiches-2024-Lapins_galipettes-724x1024.jpg","large-width":640,"large-height":905,"1536x1536":"https:\/\/preventionsida.org\/wp-content\/uploads\/2023\/06\/Affiches-2024-Lapins_galipettes-1086x1536.jpg","1536x1536-width":1086,"1536x1536-height":1536,"2048x2048":"https:\/\/preventionsida.org\/wp-content\/uploads\/2023\/06\/Affiches-2024-Lapins_galipettes-1448x2048.jpg","2048x2048-width":1448,"2048x2048-height":2048,"facebook":"https:\/\/preventionsida.org\/wp-content\/uploads\/2023\/06\/Affiches-2024-Lapins_galipettes-560x292.jpg","facebook-width":560,"facebook-height":292,"slider_desktop":"https:\/\/preventionsida.org\/wp-content\/uploads\/2023\/06\/Affiches-2024-Lapins_galipettes-1142x500.jpg","slider_desktop-width":1142,"slider_desktop-height":500,"slider_mobile":"https:\/\/preventionsida.org\/wp-content\/uploads\/2023\/06\/Affiches-2024-Lapins_galipettes-460x300.jpg","slider_mobile-width":460,"slider_mobile-height":300,"affiche":"https:\/\/preventionsida.org\/wp-content\/uploads\/2023\/06\/Affiches-2024-Lapins_galipettes-354x500.jpg","affiche-width":354,"affiche-height":500}}},{"slide":{"ID":14012,"id":14012,"title":"Affiches-2024-Lapins_sucette","filename":"Affiches-2024-Lapins_sucette-scaled.jpg","filesize":280748,"url":"https:\/\/preventionsida.org\/wp-content\/uploads\/2023\/06\/Affiches-2024-Lapins_sucette-scaled.jpg","link":"https:\/\/preventionsida.org\/fr\/ressources\/affiches-la-prevention-des-ist-et-du-vih-parlez-en-comme-vous-voulez-mais-parlez-en\/affiches-2024-lapins_sucette\/","alt":"","author":"2","description":"","caption":"","name":"affiches-2024-lapins_sucette","status":"inherit","uploaded_to":12151,"date":"2024-06-11 11:18:06","modified":"2024-06-11 11:18:06","menu_order":0,"mime_type":"image\/jpeg","type":"image","subtype":"jpeg","icon":"https:\/\/preventionsida.org\/wp-includes\/images\/media\/default.png","width":1810,"height":2560,"sizes":{"thumbnail":"https:\/\/preventionsida.org\/wp-content\/uploads\/2023\/06\/Affiches-2024-Lapins_sucette-150x150.jpg","thumbnail-width":150,"thumbnail-height":150,"medium":"https:\/\/preventionsida.org\/wp-content\/uploads\/2023\/06\/Affiches-2024-Lapins_sucette-212x300.jpg","medium-width":212,"medium-height":300,"medium_large":"https:\/\/preventionsida.org\/wp-content\/uploads\/2023\/06\/Affiches-2024-Lapins_sucette-768x1086.jpg","medium_large-width":640,"medium_large-height":905,"large":"https:\/\/preventionsida.org\/wp-content\/uploads\/2023\/06\/Affiches-2024-Lapins_sucette-724x1024.jpg","large-width":640,"large-height":905,"1536x1536":"https:\/\/preventionsida.org\/wp-content\/uploads\/2023\/06\/Affiches-2024-Lapins_sucette-1086x1536.jpg","1536x1536-width":1086,"1536x1536-height":1536,"2048x2048":"https:\/\/preventionsida.org\/wp-content\/uploads\/2023\/06\/Affiches-2024-Lapins_sucette-1448x2048.jpg","2048x2048-width":1448,"2048x2048-height":2048,"facebook":"https:\/\/preventionsida.org\/wp-content\/uploads\/2023\/06\/Affiches-2024-Lapins_sucette-560x292.jpg","facebook-width":560,"facebook-height":292,"slider_desktop":"https:\/\/preventionsida.org\/wp-content\/uploads\/2023\/06\/Affiches-2024-Lapins_sucette-1142x500.jpg","slider_desktop-width":1142,"slider_desktop-height":500,"slider_mobile":"https:\/\/preventionsida.org\/wp-content\/uploads\/2023\/06\/Affiches-2024-Lapins_sucette-460x300.jpg","slider_mobile-width":460,"slider_mobile-height":300,"affiche":"https:\/\/preventionsida.org\/wp-content\/uploads\/2023\/06\/Affiches-2024-Lapins_sucette-354x500.jpg","affiche-width":354,"affiche-height":500}}},{"slide":{"ID":14014,"id":14014,"title":"Affiches-2024-Lapins_TPE","filename":"Affiches-2024-Lapins_TPE-scaled.jpg","filesize":350713,"url":"https:\/\/preventionsida.org\/wp-content\/uploads\/2023\/06\/Affiches-2024-Lapins_TPE-scaled.jpg","link":"https:\/\/preventionsida.org\/fr\/ressources\/affiches-la-prevention-des-ist-et-du-vih-parlez-en-comme-vous-voulez-mais-parlez-en\/affiches-2024-lapins_tpe\/","alt":"","author":"2","description":"","caption":"","name":"affiches-2024-lapins_tpe","status":"inherit","uploaded_to":12151,"date":"2024-06-11 11:18:17","modified":"2024-06-11 11:18:17","menu_order":0,"mime_type":"image\/jpeg","type":"image","subtype":"jpeg","icon":"https:\/\/preventionsida.org\/wp-includes\/images\/media\/default.png","width":1810,"height":2560,"sizes":{"thumbnail":"https:\/\/preventionsida.org\/wp-content\/uploads\/2023\/06\/Affiches-2024-Lapins_TPE-150x150.jpg","thumbnail-width":150,"thumbnail-height":150,"medium":"https:\/\/preventionsida.org\/wp-content\/uploads\/2023\/06\/Affiches-2024-Lapins_TPE-212x300.jpg","medium-width":212,"medium-height":300,"medium_large":"https:\/\/preventionsida.org\/wp-content\/uploads\/2023\/06\/Affiches-2024-Lapins_TPE-768x1086.jpg","medium_large-width":640,"medium_large-height":905,"large":"https:\/\/preventionsida.org\/wp-content\/uploads\/2023\/06\/Affiches-2024-Lapins_TPE-724x1024.jpg","large-width":640,"large-height":905,"1536x1536":"https:\/\/preventionsida.org\/wp-content\/uploads\/2023\/06\/Affiches-2024-Lapins_TPE-1086x1536.jpg","1536x1536-width":1086,"1536x1536-height":1536,"2048x2048":"https:\/\/preventionsida.org\/wp-content\/uploads\/2023\/06\/Affiches-2024-Lapins_TPE-1448x2048.jpg","2048x2048-width":1448,"2048x2048-height":2048,"facebook":"https:\/\/preventionsida.org\/wp-content\/uploads\/2023\/06\/Affiches-2024-Lapins_TPE-560x292.jpg","facebook-width":560,"facebook-height":292,"slider_desktop":"https:\/\/preventionsida.org\/wp-content\/uploads\/2023\/06\/Affiches-2024-Lapins_TPE-1142x500.jpg","slider_desktop-width":1142,"slider_desktop-height":500,"slider_mobile":"https:\/\/preventionsida.org\/wp-content\/uploads\/2023\/06\/Affiches-2024-Lapins_TPE-460x300.jpg","slider_mobile-width":460,"slider_mobile-height":300,"affiche":"https:\/\/preventionsida.org\/wp-content\/uploads\/2023\/06\/Affiches-2024-Lapins_TPE-354x500.jpg","affiche-width":354,"affiche-height":500}}},{"slide":{"ID":11819,"id":11819,"title":"Affiches-lapins_PrEP","filename":"Affiches-lapins_PrEP-scaled.jpg","filesize":"316040","url":"https:\/\/preventionsida.org\/wp-content\/uploads\/2023\/05\/Affiches-lapins_PrEP-scaled.jpg","link":"https:\/\/preventionsida.org\/fr\/ressources\/la-prevention-des-ist-parlez-en-comme-vous-voulez-mais-parlez-en\/affiches-lapins_prep\/","alt":"","author":"2","description":"","caption":"","name":"affiches-lapins_prep","status":"inherit","uploaded_to":11597,"date":"2023-05-25 09:19:38","modified":"2023-05-26 09:54:49","menu_order":0,"mime_type":"image\/jpeg","type":"image","subtype":"jpeg","icon":"https:\/\/preventionsida.org\/wp-includes\/images\/media\/default.png","width":1810,"height":2560,"sizes":{"thumbnail":"https:\/\/preventionsida.org\/wp-content\/uploads\/2023\/05\/Affiches-lapins_PrEP-150x150.jpg","thumbnail-width":150,"thumbnail-height":150,"medium":"https:\/\/preventionsida.org\/wp-content\/uploads\/2023\/05\/Affiches-lapins_PrEP-212x300.jpg","medium-width":212,"medium-height":300,"medium_large":"https:\/\/preventionsida.org\/wp-content\/uploads\/2023\/05\/Affiches-lapins_PrEP-768x1086.jpg","medium_large-width":640,"medium_large-height":905,"large":"https:\/\/preventionsida.org\/wp-content\/uploads\/2023\/05\/Affiches-lapins_PrEP-724x1024.jpg","large-width":640,"large-height":905,"1536x1536":"https:\/\/preventionsida.org\/wp-content\/uploads\/2023\/05\/Affiches-lapins_PrEP-1086x1536.jpg","1536x1536-width":1086,"1536x1536-height":1536,"2048x2048":"https:\/\/preventionsida.org\/wp-content\/uploads\/2023\/05\/Affiches-lapins_PrEP-1448x2048.jpg","2048x2048-width":1448,"2048x2048-height":2048,"facebook":"https:\/\/preventionsida.org\/wp-content\/uploads\/2023\/05\/Affiches-lapins_PrEP-560x292.jpg","facebook-width":560,"facebook-height":292,"slider_desktop":"https:\/\/preventionsida.org\/wp-content\/uploads\/2023\/05\/Affiches-lapins_PrEP-1142x500.jpg","slider_desktop-width":1142,"slider_desktop-height":500,"slider_mobile":"https:\/\/preventionsida.org\/wp-content\/uploads\/2023\/05\/Affiches-lapins_PrEP-460x300.jpg","slider_mobile-width":460,"slider_mobile-height":300,"affiche":"https:\/\/preventionsida.org\/wp-content\/uploads\/2023\/05\/Affiches-lapins_PrEP-354x500.jpg","affiche-width":354,"affiche-height":500}}}]}},"_links":{"self":[{"href":"https:\/\/preventionsida.org\/fr\/wp-json\/wp\/v2\/pages\/12041","targetHints":{"allow":["GET"]}}],"collection":[{"href":"https:\/\/preventionsida.org\/fr\/wp-json\/wp\/v2\/pages"}],"about":[{"href":"https:\/\/preventionsida.org\/fr\/wp-json\/wp\/v2\/types\/page"}],"author":[{"embeddable":true,"href":"https:\/\/preventionsida.org\/fr\/wp-json\/wp\/v2\/users\/1"}],"replies":[{"embeddable":true,"href":"https:\/\/preventionsida.org\/fr\/wp-json\/wp\/v2\/comments?post=12041"}],"version-history":[{"count":25,"href":"https:\/\/preventionsida.org\/fr\/wp-json\/wp\/v2\/pages\/12041\/revisions"}],"predecessor-version":[{"id":14563,"href":"https:\/\/preventionsida.org\/fr\/wp-json\/wp\/v2\/pages\/12041\/revisions\/14563"}],"wp:attachment":[{"href":"https:\/\/preventionsida.org\/fr\/wp-json\/wp\/v2\/media?parent=12041"}],"curies":[{"name":"wp","href":"https:\/\/api.w.org\/{rel}","templated":true}]}}