{"id":1159,"date":"2019-09-18T15:50:59","date_gmt":"2019-09-18T13:50:59","guid":{"rendered":"https:\/\/preventionsida.org\/?page_id=1159"},"modified":"2025-01-21T15:16:00","modified_gmt":"2025-01-21T14:16:00","slug":"espace-pro","status":"publish","type":"page","link":"https:\/\/preventionsida.org\/fr\/espace-pro\/","title":{"rendered":"Outils"},"content":{"rendered":"<h2>Bienvenue dans les Outils<\/h2>\n<p>Cet espace s\u2019adresse aux professionnel\u00b7les de la sant\u00e9 et \u00e0 toutes et tous les professionnel\u00b7les qui travaillent les questions li\u00e9es au VIH, aux IST et \u00e0 la sant\u00e9 sexuelle de mani\u00e8re globale avec leur\u00b7s public\u00b7s.<\/p>\n<p>Vous y trouverez l\u2019ensemble des outils que la Plateforme Pr\u00e9vention Sida peut mettre \u00e0 votre disposition pour vous aider \u00e0 r\u00e9aliser ce travail de sensibilisation.<\/p>\n<p><strong>Tous nos outils sont gratuits, seuls les frais de port sont \u00e0 votre charge.<\/strong><\/p>\n<p><a class=\"readmore\" href=\"https:\/\/preventionsida.org\/fr\/nous-contacter\/\">N\u2019h\u00e9sitez pas \u00e0 nous contacter pour plus d\u2019informations.<\/a><\/p>\n","protected":false},"excerpt":{"rendered":"<p>Bienvenue dans les Outils Cet espace s\u2019adresse aux professionnel\u00b7les de la sant\u00e9 et \u00e0 toutes et tous les professionnel\u00b7les qui travaillent les questions li\u00e9es au VIH, aux IST et \u00e0 la sant\u00e9 sexuelle de mani\u00e8re globale avec leur\u00b7s public\u00b7s. Vous y trouverez l\u2019ensemble des outils que la Plateforme Pr\u00e9vention Sida peut mettre \u00e0 votre disposition pour vous aider \u00e0 r\u00e9aliser ce travail de sensibilisation. Tous nos outils sont gratuits, seuls les frais de port sont \u00e0 votre charge. N\u2019h\u00e9sitez pas \u00e0 nous contacter pour plus d\u2019informations.<\/p>\n","protected":false},"author":1,"featured_media":4438,"parent":0,"menu_order":0,"comment_status":"closed","ping_status":"closed","template":"template-page\/page-pro.php","meta":{"_acf_changed":false,"footnotes":""},"class_list":["post-1159","page","type-page","status-publish","has-post-thumbnail","hentry"],"acf":{"sidebar":false,"contenu_flexible":false},"_links":{"self":[{"href":"https:\/\/preventionsida.org\/fr\/wp-json\/wp\/v2\/pages\/1159","targetHints":{"allow":["GET"]}}],"collection":[{"href":"https:\/\/preventionsida.org\/fr\/wp-json\/wp\/v2\/pages"}],"about":[{"href":"https:\/\/preventionsida.org\/fr\/wp-json\/wp\/v2\/types\/page"}],"author":[{"embeddable":true,"href":"https:\/\/preventionsida.org\/fr\/wp-json\/wp\/v2\/users\/1"}],"replies":[{"embeddable":true,"href":"https:\/\/preventionsida.org\/fr\/wp-json\/wp\/v2\/comments?post=1159"}],"version-history":[{"count":16,"href":"https:\/\/preventionsida.org\/fr\/wp-json\/wp\/v2\/pages\/1159\/revisions"}],"predecessor-version":[{"id":15188,"href":"https:\/\/preventionsida.org\/fr\/wp-json\/wp\/v2\/pages\/1159\/revisions\/15188"}],"wp:featuredmedia":[{"embeddable":true,"href":"https:\/\/preventionsida.org\/fr\/wp-json\/wp\/v2\/media\/4438"}],"wp:attachment":[{"href":"https:\/\/preventionsida.org\/fr\/wp-json\/wp\/v2\/media?parent=1159"}],"curies":[{"name":"wp","href":"https:\/\/api.w.org\/{rel}","templated":true}]}}