{"id":1067,"date":"2019-09-18T15:00:16","date_gmt":"2019-09-18T13:00:16","guid":{"rendered":"https:\/\/preventionsida.org\/?page_id=1067"},"modified":"2019-10-28T14:34:04","modified_gmt":"2019-10-28T13:34:04","slug":"clps","status":"publish","type":"page","link":"https:\/\/preventionsida.org\/fr\/contacts-utiles\/clps\/","title":{"rendered":"CLPS"},"content":{"rendered":"","protected":false},"excerpt":{"rendered":"","protected":false},"author":1,"featured_media":0,"parent":35,"menu_order":0,"comment_status":"closed","ping_status":"closed","template":"","meta":{"_acf_changed":false,"footnotes":""},"class_list":["post-1067","page","type-page","status-publish","hentry"],"acf":{"sidebar":211,"contenu_flexible":[{"acf_fc_layout":"textfull","text":"<p>Les Centres Locaux de Promotion de la Sant\u00e9 (CLPS)<\/p>\n<p>Les <strong>CLPS<\/strong> sont charg\u00e9s d\u2019organiser la <strong>promotion de la sant\u00e9 <\/strong>dans leur <strong>r\u00e9gion<\/strong>. Les CLPS offrent un accompagnement m\u00e9thodologique aux organismes et aux acteurs de terrain et mettent \u00e0 disposition de la documentation, des formations et des outils adapt\u00e9s.<\/p>\n<p>Les CLPS jouent aussi un r\u00f4le de <strong>relais<\/strong> pour distribuer dans leur r\u00e9gion des <strong>pr\u00e9servatifs<\/strong>\u00a0et <strong>outils<\/strong> mis \u00e0 disposition par la Plateforme Pr\u00e9vention Sida.<\/p>\n","background_color":false},{"acf_fc_layout":"text2cols","background_color":false,"title":"","col_left":"<p><a href=\"http:\/\/www.clps-mons-soignies.be\/\" target=\"_blank\" rel=\"noopener\"><strong>CLPS de Mons-Soignies<\/strong><\/a><br \/>\nRue de la Loi, 30<br \/>\n7100 La Louvi\u00e8re<br \/>\n064\/84.25.25<\/p>\n<p><a href=\"http:\/\/www.clps-lux.be\/\" target=\"_blank\" rel=\"noopener\"><strong>CLPS du Luxembourg<\/strong> <\/a><br \/>\nRue du Luxembourg, 15b<br \/>\n6900 Marche-en-Famenne<br \/>\n084\/31.05.04<\/p>\n<p><a href=\"http:\/\/www.clpsho.be\/fr\/\" target=\"_blank\" rel=\"noopener\"><strong>CLPS du Hainaut occidental<\/strong><\/a><br \/>\nAvenue Van Cutsem, 19<br \/>\n7500 Tournai<br \/>\n069\/22.15.71<\/p>\n<p><a href=\"http:\/\/www.clps-bw.be\/\" target=\"_blank\" rel=\"noopener\"><strong>CLPS du Brabant Wallon<\/strong><\/a><br \/>\nAvenue Einstein, 4<br \/>\n1300 Wavre<br \/>\n010\/62.17.62<\/p>\n<p><a href=\"http:\/\/www.cvps.be\/\" target=\"_blank\" rel=\"noopener\"><strong>CVPS de Verviers<\/strong><\/a><br \/>\nCentre Vervi\u00e9tois de Promotion de la Sant\u00e9<\/p>\n<p>Rue Xhav\u00e9e, 21<br \/>\n4800 Verviers<br \/>\n087\/35.15.03<\/p>\n<p><strong><a href=\"https:\/\/www.clps.be\/\" target=\"_blank\" rel=\"noopener\">CLPS de Li\u00e8ge<\/a><br \/>\n<\/strong>Place de la R\u00e9publique fran\u00e7aise, 1<br \/>\n4000 Li\u00e8ge<br \/>\n04\/279.50.52<\/p>\n","col_right":"<p><a href=\"http:\/\/www.clpsnamur.be\/\" target=\"_blank\" rel=\"noopener\"><strong>CLPS de Namur<\/strong><\/a><br \/>\nBoulevard Cauchy, 16\/18<br \/>\n5000 Namur<br \/>\n081\/75.00.46<\/p>\n<p><a href=\"http:\/\/clps-hw.be\/\" target=\"_blank\" rel=\"noopener\"><strong>CLPS de Huy-Waremme<\/strong><\/a><br \/>\nChauss\u00e9e de Waremme, 139<br \/>\n4500 Waremme<br \/>\n085\/25.34.74<\/p>\n<p><a href=\"http:\/\/www.clpsct.org\/\" target=\"_blank\" rel=\"noopener\"><strong>CLPS de Charleroi-Thuin<\/strong><\/a><br \/>\nAvenue du G\u00e9n\u00e9ral Michel, 1b<br \/>\n6000 Charleroi<br \/>\n071\/33.02.29<\/p>\n<p><a href=\"https:\/\/www.cbps.be\/\" target=\"_blank\" rel=\"noopener\"><strong>CBPS de Bruxelles<\/strong><\/a><br \/>\nCentre Bruxellois de Promotion de la Sant\u00e9<\/p>\n<p>Rue Jourdan, 151<br \/>\n1060 Saint-Gilles<br \/>\n02\/639.66.88<\/p>\n<p><a href=\"https:\/\/questionsante.org\/\" target=\"_blank\" rel=\"noopener\"><strong>Question sant\u00e9<\/strong><\/a><br \/>\nL\u2019asbl Question Sant\u00e9 est un acteur reconnu dans le domaine de la sant\u00e9, en mati\u00e8re d\u2019information, d\u2019\u00e9ducation, d\u2019animation, de gestion de projets et de communication.<\/p>\n<p>Rue du Viaduc, 72<br \/>\n1050 Ixelles<br \/>\n02\/512.41.74<\/p>\n"},{"acf_fc_layout":"textfull","text":"<h3>Antennes :<\/h3>\n<ul>\n<li>Ham-sur-Heure-Nalinnes : 071\/21.88.41<\/li>\n<li>Fleurus : 071\/82.03.91<\/li>\n<li>Aiseau-Presles : 071\/26.06.23<\/li>\n<li>Rance : 060\/41.22.53<\/li>\n<li>Thuin : 071\/59.60.35<\/li>\n<li>Erquelinnes : 071\/55.92.91<\/li>\n<li>Morlanwelz : 064\/43.16.60<\/li>\n<\/ul>\n","background_color":false}]},"_links":{"self":[{"href":"https:\/\/preventionsida.org\/fr\/wp-json\/wp\/v2\/pages\/1067","targetHints":{"allow":["GET"]}}],"collection":[{"href":"https:\/\/preventionsida.org\/fr\/wp-json\/wp\/v2\/pages"}],"about":[{"href":"https:\/\/preventionsida.org\/fr\/wp-json\/wp\/v2\/types\/page"}],"author":[{"embeddable":true,"href":"https:\/\/preventionsida.org\/fr\/wp-json\/wp\/v2\/users\/1"}],"replies":[{"embeddable":true,"href":"https:\/\/preventionsida.org\/fr\/wp-json\/wp\/v2\/comments?post=1067"}],"version-history":[{"count":4,"href":"https:\/\/preventionsida.org\/fr\/wp-json\/wp\/v2\/pages\/1067\/revisions"}],"predecessor-version":[{"id":1172,"href":"https:\/\/preventionsida.org\/fr\/wp-json\/wp\/v2\/pages\/1067\/revisions\/1172"}],"up":[{"embeddable":true,"href":"https:\/\/preventionsida.org\/fr\/wp-json\/wp\/v2\/pages\/35"}],"wp:attachment":[{"href":"https:\/\/preventionsida.org\/fr\/wp-json\/wp\/v2\/media?parent=1067"}],"curies":[{"name":"wp","href":"https:\/\/api.w.org\/{rel}","templated":true}]}}